{"id":6446,"date":"2025-05-19T07:52:15","date_gmt":"2025-05-19T07:52:15","guid":{"rendered":"https:\/\/stem-eshop.gr\/product\/4m-toys-%ce%b5%cf%80%ce%b9%cf%83%cf%84%ce%ae%ce%bc%ce%b7-%ce%ba%ce%b1%cf%84%ce%b1%cf%83%ce%ba%ce%b5%cf%85%ce%b7-%ce%bc%ce%b1%ce%b3%ce%bd%ce%b7%cf%84%ce%b9%ce%ba%ce%b7-%cf%80%cf%85%ce%be%ce%b9\/"},"modified":"2025-05-22T21:13:31","modified_gmt":"2025-05-22T18:13:31","slug":"4m-toys-%ce%b5%cf%80%ce%b9%cf%83%cf%84%ce%ae%ce%bc%ce%b7-%ce%ba%ce%b1%cf%84%ce%b1%cf%83%ce%ba%ce%b5%cf%85%ce%b7-%ce%bc%ce%b1%ce%b3%ce%bd%ce%b7%cf%84%ce%b9%ce%ba%ce%b7-%cf%80%cf%85%ce%be%ce%b9","status":"publish","type":"product","link":"https:\/\/stem-eshop.gr\/ro\/produs\/4m-toys-%ce%b5%cf%80%ce%b9%cf%83%cf%84%ce%ae%ce%bc%ce%b7-%ce%ba%ce%b1%cf%84%ce%b1%cf%83%ce%ba%ce%b5%cf%85%ce%b7-%ce%bc%ce%b1%ce%b3%ce%bd%ce%b7%cf%84%ce%b9%ce%ba%ce%b7-%cf%80%cf%85%ce%be%ce%b9\/","title":{"rendered":"Juc\u0103rii 4M \u2013 \u0218tiin\u021b\u0103: CONSTRUIREA UNEI CUTII MAGNETICE GIGANTICE"},"content":{"rendered":"<p style=\"margin:0px 0px 10px;padding:0px;font-family:'Open Sans', sans-serif;font-size:15px;line-height:1.3;letter-spacing:0.7px;background-color:#ffffff\">MOD DE FUNC\u021aIONARE:<br \/>Cei doi magne\u021bi cu bra\u021be au dou\u0103 puncte \u00een care for\u021ba magnetic\u0103 este cea mai puternic\u0103. Aceste locuri se numesc poli. \u0218i P\u0103m\u00e2ntul se comport\u0103 ca un magnet. Este ca \u0219i cum ar exista un magnet bar\u0103 gigantic \u00een centrul P\u0103m\u00e2ntului, cu doi poli magnetici \u00een apropierea polului nord \u0219i sud geografic al P\u0103m\u00e2ntului. Polii ro\u0219ii ai magne\u021bilor sunt atra\u0219i de polul magnetic al P\u0103m\u00e2ntului, care este \u00een apropierea polului nord geografic. Ace\u0219ti poli ro\u0219ii se numesc poli nord deoarece indic\u0103 nordul. Polii alba\u0219tri sunt atra\u0219i de polul magnetic sud al P\u0103m\u00e2ntului \u0219i, prin urmare, se numesc poli sud. Bra\u021bul busolei se rote\u0219te \u00eentotdeauna astfel \u00eenc\u00e2t s\u0103 indice spre poli. Majoritatea busolelor func\u021bioneaz\u0103 ca Busola Magnetic\u0103 Gigantic\u0103. Acul busolei este magnetizat la ambele capete \u0219i indic\u0103 direc\u021bia atunci c\u00e2nd este atras de for\u021ba magnetic\u0103 a P\u0103m\u00e2ntului.<\/p>\n<p style=\"margin:0px 0px 10px;padding:0px;font-family:'Open Sans', sans-serif;font-size:15px;line-height:1.3;letter-spacing:0.7px;background-color:#ffffff\">Instruc\u021biunile sunt incluse \u00een greac\u0103.<\/p>\n<p style=\"margin:0px 0px 10px;padding:0px;font-family:'Open Sans', sans-serif;font-size:15px;line-height:1.3;letter-spacing:0.7px;background-color:#ffffff\">Dimensiuni: 17 x 22 x 6 cm.<\/p>\n<p style=\"margin:0px 0px 10px;padding:0px;font-family:'Open Sans', sans-serif;font-size:15px;line-height:1.3;letter-spacing:0.7px;background-color:#ffffff\">6\/Ministerul Justi\u021biei \u2013 36\/KIB.<\/p>","protected":false},"excerpt":{"rendered":"<p><span style=\"font-family:'Open Sans', sans-serif;font-size:15px;letter-spacing:0.7px;background-color:#ffffff\">Descoper\u0103 puterea magnetic\u0103 a P\u0103m\u00e2ntului! Impresioneaz\u0103-\u021bi prietenii cu aceast\u0103 busol\u0103 imens\u0103, care are 30 cm l\u0103\u021bime atunci c\u00e2nd este construit\u0103. Este ideal\u0103 pentru proiecte \u0219tiin\u021bifice la \u0219coal\u0103!<\/span><\/p>","protected":false},"featured_media":4254,"comment_status":"open","ping_status":"closed","template":"","meta":{"site-sidebar-layout":"default","site-content-layout":"","ast-site-content-layout":"default","site-content-style":"default","site-sidebar-style":"default","ast-global-header-display":"","ast-banner-title-visibility":"","ast-main-header-display":"","ast-hfb-above-header-display":"","ast-hfb-below-header-display":"","ast-hfb-mobile-header-display":"","site-post-title":"","ast-breadcrumbs-content":"","ast-featured-img":"","footer-sml-layout":"","ast-disable-related-posts":"","theme-transparent-header-meta":"","adv-header-id-meta":"","stick-header-meta":"","header-above-stick-meta":"","header-main-stick-meta":"","header-below-stick-meta":"","astra-migrate-meta-layouts":"default","ast-page-background-enabled":"default","ast-page-background-meta":{"desktop":{"background-color":"var(--ast-global-color-5)","background-image":"","background-repeat":"repeat","background-position":"center center","background-size":"auto","background-attachment":"scroll","background-type":"","background-media":"","overlay-type":"","overlay-color":"","overlay-opacity":"","overlay-gradient":""},"tablet":{"background-color":"","background-image":"","background-repeat":"repeat","background-position":"center center","background-size":"auto","background-attachment":"scroll","background-type":"","background-media":"","overlay-type":"","overlay-color":"","overlay-opacity":"","overlay-gradient":""},"mobile":{"background-color":"","background-image":"","background-repeat":"repeat","background-position":"center center","background-size":"auto","background-attachment":"scroll","background-type":"","background-media":"","overlay-type":"","overlay-color":"","overlay-opacity":"","overlay-gradient":""}},"ast-content-background-meta":{"desktop":{"background-color":"var(--ast-global-color-4)","background-image":"","background-repeat":"repeat","background-position":"center center","background-size":"auto","background-attachment":"scroll","background-type":"","background-media":"","overlay-type":"","overlay-color":"","overlay-opacity":"","overlay-gradient":""},"tablet":{"background-color":"var(--ast-global-color-4)","background-image":"","background-repeat":"repeat","background-position":"center center","background-size":"auto","background-attachment":"scroll","background-type":"","background-media":"","overlay-type":"","overlay-color":"","overlay-opacity":"","overlay-gradient":""},"mobile":{"background-color":"var(--ast-global-color-4)","background-image":"","background-repeat":"repeat","background-position":"center center","background-size":"auto","background-attachment":"scroll","background-type":"","background-media":"","overlay-type":"","overlay-color":"","overlay-opacity":"","overlay-gradient":""}}},"product_brand":[96],"product_cat":[43,39,52,38,29,30,26,58],"product_tag":[],"class_list":{"0":"post-6446","1":"product","2":"type-product","3":"status-publish","4":"has-post-thumbnail","6":"product_brand-4m","7":"product_cat-43","8":"product_cat-39","9":"product_cat-52","10":"product_cat-38","11":"product_cat-29","12":"product_cat--6-9-","13":"product_cat-26","14":"product_cat-58","15":"desktop-align-left","16":"tablet-align-left","17":"mobile-align-left","19":"first","20":"instock","21":"taxable","22":"shipping-taxable","23":"purchasable","24":"product-type-simple"},"_links":{"self":[{"href":"https:\/\/stem-eshop.gr\/ro\/wp-json\/wp\/v2\/product\/6446","targetHints":{"allow":["GET"]}}],"collection":[{"href":"https:\/\/stem-eshop.gr\/ro\/wp-json\/wp\/v2\/product"}],"about":[{"href":"https:\/\/stem-eshop.gr\/ro\/wp-json\/wp\/v2\/types\/product"}],"replies":[{"embeddable":true,"href":"https:\/\/stem-eshop.gr\/ro\/wp-json\/wp\/v2\/comments?post=6446"}],"wp:featuredmedia":[{"embeddable":true,"href":"https:\/\/stem-eshop.gr\/ro\/wp-json\/wp\/v2\/media\/4254"}],"wp:attachment":[{"href":"https:\/\/stem-eshop.gr\/ro\/wp-json\/wp\/v2\/media?parent=6446"}],"wp:term":[{"taxonomy":"product_brand","embeddable":true,"href":"https:\/\/stem-eshop.gr\/ro\/wp-json\/wp\/v2\/product_brand?post=6446"},{"taxonomy":"product_cat","embeddable":true,"href":"https:\/\/stem-eshop.gr\/ro\/wp-json\/wp\/v2\/product_cat?post=6446"},{"taxonomy":"product_tag","embeddable":true,"href":"https:\/\/stem-eshop.gr\/ro\/wp-json\/wp\/v2\/product_tag?post=6446"}],"curies":[{"name":"wp","href":"https:\/\/api.w.org\/{rel}","templated":true}]}}