{"id":6443,"date":"2025-05-19T07:52:10","date_gmt":"2025-05-19T07:52:10","guid":{"rendered":"https:\/\/stem-eshop.gr\/product\/%cf%80%cf%89%cf%82-%ce%bb%ce%b5%ce%b9%cf%84%ce%bf%cf%85%cf%81%ce%b3%ce%b5%ce%af-%ce%b7-%ce%b7%ce%bb%ce%b9%ce%b1%ce%ba%ce%ae-%ce%b5%ce%bd%ce%ad%cf%81%ce%b3%ce%b5%ce%b9%ce%b1\/"},"modified":"2025-05-22T21:13:28","modified_gmt":"2025-05-22T18:13:28","slug":"%cf%80%cf%89%cf%82-%ce%bb%ce%b5%ce%b9%cf%84%ce%bf%cf%85%cf%81%ce%b3%ce%b5%ce%af-%ce%b7-%ce%b7%ce%bb%ce%b9%ce%b1%ce%ba%ce%ae-%ce%b5%ce%bd%ce%ad%cf%81%ce%b3%ce%b5%ce%b9%ce%b1","status":"publish","type":"product","link":"https:\/\/stem-eshop.gr\/ro\/produs\/%cf%80%cf%89%cf%82-%ce%bb%ce%b5%ce%b9%cf%84%ce%bf%cf%85%cf%81%ce%b3%ce%b5%ce%af-%ce%b7-%ce%b7%ce%bb%ce%b9%ce%b1%ce%ba%ce%ae-%ce%b5%ce%bd%ce%ad%cf%81%ce%b3%ce%b5%ce%b9%ce%b1\/","title":{"rendered":"Cum func\u021bioneaz\u0103 energia solar\u0103"},"content":{"rendered":"<p>Produsele sunt pozi\u021bionate ca ni\u0219te c\u0103r\u021bi-juc\u0103rie, combin\u00e2nd cutia cu cartea \u0219i ambal\u00e2ndu-le \u00eempreun\u0103 cu folie alimentar\u0103.<\/p>\n<p>Cu ajutorul unui adult, pre\u0219colarii pot \u00eenv\u0103\u021ba lucruri interesante despre fiecare subiect \u00een timp ce \u00ee\u0219i construiesc macheta, urm\u00e2nd instruc\u021biuni pas cu pas. Urmeaz\u0103 activit\u0103\u021bi suplimentare, cum ar fi coloratul de imagini, conectarea punctelor \u0219i trasarea numerelor sau literelor alfabetului.<\/p>\n<p>Sunt incluse activit\u0103\u021bi suplimentare pentru a ajuta copiii s\u0103 \u00eenve\u021be despre forme, culori \u0219i matematic\u0103! Aceste c\u0103r\u021bi vin cu o aplica\u021bie gratuit\u0103 de realitate augmentat\u0103 (AR) care face con\u021binutul mult mai captivant \u0219i distractiv!<\/p>","protected":false},"excerpt":{"rendered":"<p>Noua serie intitulat\u0103 STEAM LABS JUNIOR\u2122 a fost dezvoltat\u0103 pentru pre\u0219colari, at\u00e2t b\u0103ie\u021bi, c\u00e2t \u0219i fete.<\/p>\n<p>Scopul este de a-i \u00eenv\u0103\u021ba pe copii abilit\u0103\u021bi de baz\u0103.<\/p>\n<p>Seria acoper\u0103 4 subiecte diferite care sunt atractive pentru copiii de aceast\u0103 v\u00e2rst\u0103.<\/p>","protected":false},"featured_media":4220,"comment_status":"open","ping_status":"closed","template":"","meta":{"site-sidebar-layout":"default","site-content-layout":"","ast-site-content-layout":"default","site-content-style":"default","site-sidebar-style":"default","ast-global-header-display":"","ast-banner-title-visibility":"","ast-main-header-display":"","ast-hfb-above-header-display":"","ast-hfb-below-header-display":"","ast-hfb-mobile-header-display":"","site-post-title":"","ast-breadcrumbs-content":"","ast-featured-img":"","footer-sml-layout":"","ast-disable-related-posts":"","theme-transparent-header-meta":"default","adv-header-id-meta":"","stick-header-meta":"","header-above-stick-meta":"","header-main-stick-meta":"","header-below-stick-meta":"","astra-migrate-meta-layouts":"set","ast-page-background-enabled":"default","ast-page-background-meta":{"desktop":{"background-color":"var(--ast-global-color-5)","background-image":"","background-repeat":"repeat","background-position":"center center","background-size":"auto","background-attachment":"scroll","background-type":"","background-media":"","overlay-type":"","overlay-color":"","overlay-opacity":"","overlay-gradient":""},"tablet":{"background-color":"","background-image":"","background-repeat":"repeat","background-position":"center center","background-size":"auto","background-attachment":"scroll","background-type":"","background-media":"","overlay-type":"","overlay-color":"","overlay-opacity":"","overlay-gradient":""},"mobile":{"background-color":"","background-image":"","background-repeat":"repeat","background-position":"center center","background-size":"auto","background-attachment":"scroll","background-type":"","background-media":"","overlay-type":"","overlay-color":"","overlay-opacity":"","overlay-gradient":""}},"ast-content-background-meta":{"desktop":{"background-color":"var(--ast-global-color-4)","background-image":"","background-repeat":"repeat","background-position":"center center","background-size":"auto","background-attachment":"scroll","background-type":"","background-media":"","overlay-type":"","overlay-color":"","overlay-opacity":"","overlay-gradient":""},"tablet":{"background-color":"var(--ast-global-color-4)","background-image":"","background-repeat":"repeat","background-position":"center center","background-size":"auto","background-attachment":"scroll","background-type":"","background-media":"","overlay-type":"","overlay-color":"","overlay-opacity":"","overlay-gradient":""},"mobile":{"background-color":"var(--ast-global-color-4)","background-image":"","background-repeat":"repeat","background-position":"center center","background-size":"auto","background-attachment":"scroll","background-type":"","background-media":"","overlay-type":"","overlay-color":"","overlay-opacity":"","overlay-gradient":""}}},"product_brand":[95],"product_cat":[44,46,39,38,56,35,30,59,58],"product_tag":[],"class_list":{"0":"post-6443","1":"product","2":"type-product","3":"status-publish","4":"has-post-thumbnail","6":"product_brand-engino","7":"product_cat-44","8":"product_cat-46","9":"product_cat-39","10":"product_cat-38","11":"product_cat-56","12":"product_cat--10-12-","13":"product_cat--6-9-","14":"product_cat-59","15":"product_cat-58","16":"desktop-align-left","17":"tablet-align-left","18":"mobile-align-left","20":"first","21":"instock","22":"taxable","23":"shipping-taxable","24":"purchasable","25":"product-type-simple"},"_links":{"self":[{"href":"https:\/\/stem-eshop.gr\/ro\/wp-json\/wp\/v2\/product\/6443","targetHints":{"allow":["GET"]}}],"collection":[{"href":"https:\/\/stem-eshop.gr\/ro\/wp-json\/wp\/v2\/product"}],"about":[{"href":"https:\/\/stem-eshop.gr\/ro\/wp-json\/wp\/v2\/types\/product"}],"replies":[{"embeddable":true,"href":"https:\/\/stem-eshop.gr\/ro\/wp-json\/wp\/v2\/comments?post=6443"}],"wp:featuredmedia":[{"embeddable":true,"href":"https:\/\/stem-eshop.gr\/ro\/wp-json\/wp\/v2\/media\/4220"}],"wp:attachment":[{"href":"https:\/\/stem-eshop.gr\/ro\/wp-json\/wp\/v2\/media?parent=6443"}],"wp:term":[{"taxonomy":"product_brand","embeddable":true,"href":"https:\/\/stem-eshop.gr\/ro\/wp-json\/wp\/v2\/product_brand?post=6443"},{"taxonomy":"product_cat","embeddable":true,"href":"https:\/\/stem-eshop.gr\/ro\/wp-json\/wp\/v2\/product_cat?post=6443"},{"taxonomy":"product_tag","embeddable":true,"href":"https:\/\/stem-eshop.gr\/ro\/wp-json\/wp\/v2\/product_tag?post=6443"}],"curies":[{"name":"wp","href":"https:\/\/api.w.org\/{rel}","templated":true}]}}