{"id":6438,"date":"2025-05-19T07:52:02","date_gmt":"2025-05-19T07:52:02","guid":{"rendered":"https:\/\/stem-eshop.gr\/product\/ngs-%cf%80%ce%af%ce%bd%ce%b1%ce%ba%ce%b1%cf%82-%ce%bc%ce%b5-%ce%bc%ce%b1%ce%b3%ce%bd%ce%ae%cf%84%ce%b7-%ce%b4%ce%b9%cf%80%ce%bb%ce%ae%cf%82-%cf%8c%cf%88%ce%b7%cf%82\/"},"modified":"2025-05-22T07:41:22","modified_gmt":"2025-05-22T07:41:22","slug":"ngs-%cf%80%ce%af%ce%bd%ce%b1%ce%ba%ce%b1%cf%82-%ce%bc%ce%b5-%ce%bc%ce%b1%ce%b3%ce%bd%ce%ae%cf%84%ce%b7-%ce%b4%ce%b9%cf%80%ce%bb%ce%ae%cf%82-%cf%8c%cf%88%ce%b7%cf%82","status":"publish","type":"product","link":"https:\/\/stem-eshop.gr\/ro\/produs\/ngs-%cf%80%ce%af%ce%bd%ce%b1%ce%ba%ce%b1%cf%82-%ce%bc%ce%b5-%ce%bc%ce%b1%ce%b3%ce%bd%ce%ae%cf%84%ce%b7-%ce%b4%ce%b9%cf%80%ce%bb%ce%ae%cf%82-%cf%8c%cf%88%ce%b7%cf%82\/","title":{"rendered":"Plac\u0103 NGS cu magnet fa\u021b\u0103-verso"},"content":{"rendered":"<p>Ambele p\u0103r\u021bi sunt magnetice, permi\u021b\u00e2nd utilizarea literelor magnetice, a numerelor sau a altor accesorii magnetice. Acest lucru face ca tabla s\u0103 fie ideal\u0103 pentru scopuri educa\u021bionale, deoarece obiectele magnetice pot fi plasate pentru a ajuta la predare.<\/p>\n<p>Aceast\u0103 plac\u0103 ofer\u0103 o mare flexibilitate \u0219i func\u021bionalitate, deoarece cele dou\u0103 suprafe\u021be pot fi utilizate \u00een scopuri diferite, ceea ce o face deosebit de practic\u0103 pentru multe activit\u0103\u021bi.<\/p>","protected":false},"excerpt":{"rendered":"<p>O tabl\u0103 magnetic\u0103 fa\u021b\u0103-verso este un instrument educa\u021bional \u0219i practic, utilizat \u00een mod obi\u0219nuit \u00een \u0219coli, birouri sau locuin\u021be pentru predare, organizare sau jocuri creative. Are dou\u0103 fe\u021be, fiecare dintre ele put\u00e2nd avea func\u021bii diferite \u0219i permite utilizarea obiectelor magnetice.<\/p>","protected":false},"featured_media":4199,"comment_status":"open","ping_status":"closed","template":"","meta":{"site-sidebar-layout":"default","site-content-layout":"","ast-site-content-layout":"default","site-content-style":"default","site-sidebar-style":"default","ast-global-header-display":"","ast-banner-title-visibility":"","ast-main-header-display":"","ast-hfb-above-header-display":"","ast-hfb-below-header-display":"","ast-hfb-mobile-header-display":"","site-post-title":"","ast-breadcrumbs-content":"","ast-featured-img":"","footer-sml-layout":"","ast-disable-related-posts":"","theme-transparent-header-meta":"","adv-header-id-meta":"","stick-header-meta":"","header-above-stick-meta":"","header-main-stick-meta":"","header-below-stick-meta":"","astra-migrate-meta-layouts":"default","ast-page-background-enabled":"default","ast-page-background-meta":{"desktop":{"background-color":"var(--ast-global-color-5)","background-image":"","background-repeat":"repeat","background-position":"center center","background-size":"auto","background-attachment":"scroll","background-type":"","background-media":"","overlay-type":"","overlay-color":"","overlay-opacity":"","overlay-gradient":""},"tablet":{"background-color":"","background-image":"","background-repeat":"repeat","background-position":"center center","background-size":"auto","background-attachment":"scroll","background-type":"","background-media":"","overlay-type":"","overlay-color":"","overlay-opacity":"","overlay-gradient":""},"mobile":{"background-color":"","background-image":"","background-repeat":"repeat","background-position":"center center","background-size":"auto","background-attachment":"scroll","background-type":"","background-media":"","overlay-type":"","overlay-color":"","overlay-opacity":"","overlay-gradient":""}},"ast-content-background-meta":{"desktop":{"background-color":"var(--ast-global-color-4)","background-image":"","background-repeat":"repeat","background-position":"center center","background-size":"auto","background-attachment":"scroll","background-type":"","background-media":"","overlay-type":"","overlay-color":"","overlay-opacity":"","overlay-gradient":""},"tablet":{"background-color":"var(--ast-global-color-4)","background-image":"","background-repeat":"repeat","background-position":"center center","background-size":"auto","background-attachment":"scroll","background-type":"","background-media":"","overlay-type":"","overlay-color":"","overlay-opacity":"","overlay-gradient":""},"mobile":{"background-color":"var(--ast-global-color-4)","background-image":"","background-repeat":"repeat","background-position":"center center","background-size":"auto","background-attachment":"scroll","background-type":"","background-media":"","overlay-type":"","overlay-color":"","overlay-opacity":"","overlay-gradient":""}}},"product_brand":[107],"product_cat":[126,42,43,44,39,38,37,30,26],"product_tag":[],"class_list":{"0":"post-6438","1":"product","2":"type-product","3":"status-publish","4":"has-post-thumbnail","6":"product_brand-ngs","7":"product_cat-126","8":"product_cat-42","9":"product_cat-43","10":"product_cat-44","11":"product_cat-39","12":"product_cat-38","13":"product_cat-37","14":"product_cat--6-9-","15":"product_cat-26","16":"desktop-align-left","17":"tablet-align-left","18":"mobile-align-left","20":"first","21":"instock","22":"taxable","23":"shipping-taxable","24":"purchasable","25":"product-type-simple"},"_links":{"self":[{"href":"https:\/\/stem-eshop.gr\/ro\/wp-json\/wp\/v2\/product\/6438","targetHints":{"allow":["GET"]}}],"collection":[{"href":"https:\/\/stem-eshop.gr\/ro\/wp-json\/wp\/v2\/product"}],"about":[{"href":"https:\/\/stem-eshop.gr\/ro\/wp-json\/wp\/v2\/types\/product"}],"replies":[{"embeddable":true,"href":"https:\/\/stem-eshop.gr\/ro\/wp-json\/wp\/v2\/comments?post=6438"}],"wp:featuredmedia":[{"embeddable":true,"href":"https:\/\/stem-eshop.gr\/ro\/wp-json\/wp\/v2\/media\/4199"}],"wp:attachment":[{"href":"https:\/\/stem-eshop.gr\/ro\/wp-json\/wp\/v2\/media?parent=6438"}],"wp:term":[{"taxonomy":"product_brand","embeddable":true,"href":"https:\/\/stem-eshop.gr\/ro\/wp-json\/wp\/v2\/product_brand?post=6438"},{"taxonomy":"product_cat","embeddable":true,"href":"https:\/\/stem-eshop.gr\/ro\/wp-json\/wp\/v2\/product_cat?post=6438"},{"taxonomy":"product_tag","embeddable":true,"href":"https:\/\/stem-eshop.gr\/ro\/wp-json\/wp\/v2\/product_tag?post=6438"}],"curies":[{"name":"wp","href":"https:\/\/api.w.org\/{rel}","templated":true}]}}