{"id":6437,"date":"2025-05-19T07:52:00","date_gmt":"2025-05-19T07:52:00","guid":{"rendered":"https:\/\/stem-eshop.gr\/product\/ngs-%ce%be%cf%8d%ce%bb%ce%b9%ce%bd%ce%bf-%ce%ba%ce%bf%cf%85%cf%84%ce%af-%ce%bc%ce%b5-%ce%ba%cf%89%ce%b4%ce%b9%ce%ba%cf%8c-%cf%80%cf%81%cf%8c%cf%83%ce%b2%ce%b1%cf%83%ce%b7%cf%82\/"},"modified":"2025-12-26T11:56:28","modified_gmt":"2025-12-26T08:56:28","slug":"ngs-%ce%be%cf%8d%ce%bb%ce%b9%ce%bd%ce%bf-%ce%ba%ce%bf%cf%85%cf%84%ce%af-%ce%bc%ce%b5-%ce%ba%cf%89%ce%b4%ce%b9%ce%ba%cf%8c-%cf%80%cf%81%cf%8c%cf%83%ce%b2%ce%b1%cf%83%ce%b7%cf%82","status":"publish","type":"product","link":"https:\/\/stem-eshop.gr\/ro\/produs\/ngs-%ce%be%cf%8d%ce%bb%ce%b9%ce%bd%ce%bf-%ce%ba%ce%bf%cf%85%cf%84%ce%af-%ce%bc%ce%b5-%ce%ba%cf%89%ce%b4%ce%b9%ce%ba%cf%8c-%cf%80%cf%81%cf%8c%cf%83%ce%b2%ce%b1%cf%83%ce%b7%cf%82\/","title":{"rendered":"Cutie de lemn NGS cu parol\u0103"},"content":{"rendered":"<p>Juc\u0103torilor li se cere s\u0103 g\u0103seasc\u0103 \u201ecodul\u201d sau combina\u021bia de ac\u021biuni care le va permite s\u0103 deschid\u0103 cutia, \u00eent\u0103rind g\u00e2ndirea logic\u0103.<\/p>\n<p>Pe l\u00e2ng\u0103 faptul c\u0103 este distractiv, ajut\u0103 la dezvoltarea abilit\u0103\u021bilor precum concentrarea, r\u0103bdarea \u0219i g\u00e2ndirea strategic\u0103.<\/p><\/p>","protected":false},"excerpt":{"rendered":"<p>Cutia de parole din lemn NGS este o juc\u0103rie din lemn folosit\u0103 \u00een mod obi\u0219nuit pentru a \u00eembun\u0103t\u0103\u021bi g\u00e2ndirea critic\u0103, rezolvarea problemelor \u0219i logica juc\u0103torilor.<\/p>","protected":false},"featured_media":4196,"comment_status":"open","ping_status":"closed","template":"","meta":{"site-sidebar-layout":"default","site-content-layout":"","ast-site-content-layout":"default","site-content-style":"default","site-sidebar-style":"default","ast-global-header-display":"","ast-banner-title-visibility":"","ast-main-header-display":"","ast-hfb-above-header-display":"","ast-hfb-below-header-display":"","ast-hfb-mobile-header-display":"","site-post-title":"","ast-breadcrumbs-content":"","ast-featured-img":"","footer-sml-layout":"","ast-disable-related-posts":"","theme-transparent-header-meta":"","adv-header-id-meta":"","stick-header-meta":"","header-above-stick-meta":"","header-main-stick-meta":"","header-below-stick-meta":"","astra-migrate-meta-layouts":"default","ast-page-background-enabled":"default","ast-page-background-meta":{"desktop":{"background-color":"var(--ast-global-color-5)","background-image":"","background-repeat":"repeat","background-position":"center center","background-size":"auto","background-attachment":"scroll","background-type":"","background-media":"","overlay-type":"","overlay-color":"","overlay-opacity":"","overlay-gradient":""},"tablet":{"background-color":"","background-image":"","background-repeat":"repeat","background-position":"center center","background-size":"auto","background-attachment":"scroll","background-type":"","background-media":"","overlay-type":"","overlay-color":"","overlay-opacity":"","overlay-gradient":""},"mobile":{"background-color":"","background-image":"","background-repeat":"repeat","background-position":"center center","background-size":"auto","background-attachment":"scroll","background-type":"","background-media":"","overlay-type":"","overlay-color":"","overlay-opacity":"","overlay-gradient":""}},"ast-content-background-meta":{"desktop":{"background-color":"var(--ast-global-color-4)","background-image":"","background-repeat":"repeat","background-position":"center center","background-size":"auto","background-attachment":"scroll","background-type":"","background-media":"","overlay-type":"","overlay-color":"","overlay-opacity":"","overlay-gradient":""},"tablet":{"background-color":"var(--ast-global-color-4)","background-image":"","background-repeat":"repeat","background-position":"center center","background-size":"auto","background-attachment":"scroll","background-type":"","background-media":"","overlay-type":"","overlay-color":"","overlay-opacity":"","overlay-gradient":""},"mobile":{"background-color":"var(--ast-global-color-4)","background-image":"","background-repeat":"repeat","background-position":"center center","background-size":"auto","background-attachment":"scroll","background-type":"","background-media":"","overlay-type":"","overlay-color":"","overlay-opacity":"","overlay-gradient":""}}},"product_brand":[107],"product_cat":[43,44,56,47,37,35,30,48,59],"product_tag":[],"class_list":{"0":"post-6437","1":"product","2":"type-product","3":"status-publish","4":"has-post-thumbnail","6":"product_brand-ngs","7":"product_cat-43","8":"product_cat-44","9":"product_cat-56","10":"product_cat-47","11":"product_cat-37","12":"product_cat--10-12-","13":"product_cat--6-9-","14":"product_cat-48","15":"product_cat-59","16":"desktop-align-left","17":"tablet-align-left","18":"mobile-align-left","20":"first","21":"outofstock","22":"taxable","23":"shipping-taxable","24":"purchasable","25":"product-type-simple"},"_links":{"self":[{"href":"https:\/\/stem-eshop.gr\/ro\/wp-json\/wp\/v2\/product\/6437","targetHints":{"allow":["GET"]}}],"collection":[{"href":"https:\/\/stem-eshop.gr\/ro\/wp-json\/wp\/v2\/product"}],"about":[{"href":"https:\/\/stem-eshop.gr\/ro\/wp-json\/wp\/v2\/types\/product"}],"replies":[{"embeddable":true,"href":"https:\/\/stem-eshop.gr\/ro\/wp-json\/wp\/v2\/comments?post=6437"}],"wp:featuredmedia":[{"embeddable":true,"href":"https:\/\/stem-eshop.gr\/ro\/wp-json\/wp\/v2\/media\/4196"}],"wp:attachment":[{"href":"https:\/\/stem-eshop.gr\/ro\/wp-json\/wp\/v2\/media?parent=6437"}],"wp:term":[{"taxonomy":"product_brand","embeddable":true,"href":"https:\/\/stem-eshop.gr\/ro\/wp-json\/wp\/v2\/product_brand?post=6437"},{"taxonomy":"product_cat","embeddable":true,"href":"https:\/\/stem-eshop.gr\/ro\/wp-json\/wp\/v2\/product_cat?post=6437"},{"taxonomy":"product_tag","embeddable":true,"href":"https:\/\/stem-eshop.gr\/ro\/wp-json\/wp\/v2\/product_tag?post=6437"}],"curies":[{"name":"wp","href":"https:\/\/api.w.org\/{rel}","templated":true}]}}