{"id":6370,"date":"2025-05-19T07:30:10","date_gmt":"2025-05-19T07:30:10","guid":{"rendered":"https:\/\/stem-eshop.gr\/product\/gigo-wind-power\/"},"modified":"2025-05-22T21:13:19","modified_gmt":"2025-05-22T18:13:19","slug":"gigo-wind-power","status":"publish","type":"product","link":"https:\/\/stem-eshop.gr\/ro\/produs\/gigo-wind-power\/","title":{"rendered":"Energie eolian\u0103 Gigo"},"content":{"rendered":"<p>Folose\u0219te materialele de construc\u021bie din kitul Gigo Wind Power pentru a converti v\u00e2ntul natural \u00een electricitate, precum cea pe care o folosim \u00een via\u021ba de zi cu zi! Copiii vor \u00een\u021belege sursele de energie regenerabil\u0103 \u0219i utilizarea practic\u0103 a energiei eoliene prin construirea de machete ale unui generator eolian, ale unui vehicul eolian \u0219i ale unui anemometru. Kitul include 20 de lec\u021bii \u00een care vor fi construite 16 machete, 4 proiecte creative \u0219i un manual al elevului.<\/p>\n<p>Materialele educa\u021bionale tematice sunt concepute pentru a se concentra pe domeniile STEM. Combin\u00e2nd teoria cu aplica\u021bii din lumea real\u0103, sunt transmise valorile fundamentale ale dezvolt\u0103rii creativit\u0103\u021bii \u0219i \u00eenv\u0103\u021b\u0103rii prin practic\u0103.<\/p>\n<p>Fiecare set con\u021bine:<\/p>\n<p>Cartea elevului<\/p>\n<p>Manualul profesorului<\/p>\n<p>144 de blocuri de construc\u021bie<\/p>\n<p>20 de modele de construc\u021bie<\/p>\n<\/p>\n<p dir=\"ltr\" style=\"text-align:center\"><span xml:lang=\"el\" lang=\"el\">Manual<\/span><\/p>\n<p dir=\"ltr\"><span xml:lang=\"el\" lang=\"el\"><a href=\"https:\/\/issuu.com\/gigotoys\/docs\/_1239rlesson_plan-en\" rel=\"noopener\"><img decoding=\"async\" src=\"https:\/\/stem-eshop.gr\/img\/cms\/manual.png\" alt=\"\" width=\"40\" height=\"31\" style=\"margin-left:auto;margin-right:auto\" \/><\/a><\/span><\/p>","protected":false},"excerpt":{"rendered":"<div class=\"woocommerce-product-details__short-description\">\n<p>Descoper\u0103 cum se utilizeaz\u0103 energia eolian\u0103 cu Gigo&#039;s Wind Power!<\/p>\n<p>Construc\u021bii creative pentru copii.<\/p>\n<\/div>","protected":false},"featured_media":5150,"comment_status":"open","ping_status":"closed","template":"","meta":{"site-sidebar-layout":"default","site-content-layout":"","ast-site-content-layout":"default","site-content-style":"default","site-sidebar-style":"default","ast-global-header-display":"","ast-banner-title-visibility":"","ast-main-header-display":"","ast-hfb-above-header-display":"","ast-hfb-below-header-display":"","ast-hfb-mobile-header-display":"","site-post-title":"","ast-breadcrumbs-content":"","ast-featured-img":"","footer-sml-layout":"","ast-disable-related-posts":"","theme-transparent-header-meta":"","adv-header-id-meta":"","stick-header-meta":"","header-above-stick-meta":"","header-main-stick-meta":"","header-below-stick-meta":"","astra-migrate-meta-layouts":"default","ast-page-background-enabled":"default","ast-page-background-meta":{"desktop":{"background-color":"var(--ast-global-color-5)","background-image":"","background-repeat":"repeat","background-position":"center center","background-size":"auto","background-attachment":"scroll","background-type":"","background-media":"","overlay-type":"","overlay-color":"","overlay-opacity":"","overlay-gradient":""},"tablet":{"background-color":"","background-image":"","background-repeat":"repeat","background-position":"center center","background-size":"auto","background-attachment":"scroll","background-type":"","background-media":"","overlay-type":"","overlay-color":"","overlay-opacity":"","overlay-gradient":""},"mobile":{"background-color":"","background-image":"","background-repeat":"repeat","background-position":"center center","background-size":"auto","background-attachment":"scroll","background-type":"","background-media":"","overlay-type":"","overlay-color":"","overlay-opacity":"","overlay-gradient":""}},"ast-content-background-meta":{"desktop":{"background-color":"var(--ast-global-color-4)","background-image":"","background-repeat":"repeat","background-position":"center center","background-size":"auto","background-attachment":"scroll","background-type":"","background-media":"","overlay-type":"","overlay-color":"","overlay-opacity":"","overlay-gradient":""},"tablet":{"background-color":"var(--ast-global-color-4)","background-image":"","background-repeat":"repeat","background-position":"center center","background-size":"auto","background-attachment":"scroll","background-type":"","background-media":"","overlay-type":"","overlay-color":"","overlay-opacity":"","overlay-gradient":""},"mobile":{"background-color":"var(--ast-global-color-4)","background-image":"","background-repeat":"repeat","background-position":"center center","background-size":"auto","background-attachment":"scroll","background-type":"","background-media":"","overlay-type":"","overlay-color":"","overlay-opacity":"","overlay-gradient":""}}},"product_brand":[104],"product_cat":[46,39,38,29,35,30,54,59,58],"product_tag":[],"class_list":{"0":"post-6370","1":"product","2":"type-product","3":"status-publish","4":"has-post-thumbnail","6":"product_brand-gigo","7":"product_cat-46","8":"product_cat-39","9":"product_cat-38","10":"product_cat-29","11":"product_cat--10-12-","12":"product_cat--6-9-","13":"product_cat-54","14":"product_cat-59","15":"product_cat-58","16":"desktop-align-left","17":"tablet-align-left","18":"mobile-align-left","20":"first","21":"instock","22":"taxable","23":"shipping-taxable","24":"purchasable","25":"product-type-simple"},"_links":{"self":[{"href":"https:\/\/stem-eshop.gr\/ro\/wp-json\/wp\/v2\/product\/6370","targetHints":{"allow":["GET"]}}],"collection":[{"href":"https:\/\/stem-eshop.gr\/ro\/wp-json\/wp\/v2\/product"}],"about":[{"href":"https:\/\/stem-eshop.gr\/ro\/wp-json\/wp\/v2\/types\/product"}],"replies":[{"embeddable":true,"href":"https:\/\/stem-eshop.gr\/ro\/wp-json\/wp\/v2\/comments?post=6370"}],"wp:featuredmedia":[{"embeddable":true,"href":"https:\/\/stem-eshop.gr\/ro\/wp-json\/wp\/v2\/media\/5150"}],"wp:attachment":[{"href":"https:\/\/stem-eshop.gr\/ro\/wp-json\/wp\/v2\/media?parent=6370"}],"wp:term":[{"taxonomy":"product_brand","embeddable":true,"href":"https:\/\/stem-eshop.gr\/ro\/wp-json\/wp\/v2\/product_brand?post=6370"},{"taxonomy":"product_cat","embeddable":true,"href":"https:\/\/stem-eshop.gr\/ro\/wp-json\/wp\/v2\/product_cat?post=6370"},{"taxonomy":"product_tag","embeddable":true,"href":"https:\/\/stem-eshop.gr\/ro\/wp-json\/wp\/v2\/product_tag?post=6370"}],"curies":[{"name":"wp","href":"https:\/\/api.w.org\/{rel}","templated":true}]}}