{"id":6368,"date":"2025-05-19T07:30:06","date_gmt":"2025-05-19T07:30:06","guid":{"rendered":"https:\/\/stem-eshop.gr\/product\/gigo-kids-first-coding-robotics\/"},"modified":"2026-01-15T23:49:33","modified_gmt":"2026-01-15T20:49:33","slug":"gigo-kids-first-coding-robotics","status":"publish","type":"product","link":"https:\/\/stem-eshop.gr\/ro\/produs\/gigo-kids-first-coding-robotics\/","title":{"rendered":"Gigo Kids Prima Codare \u0219i Robotic\u0103"},"content":{"rendered":"<p>Face\u021bi cuno\u0219tin\u021b\u0103 cu Sammy! Dr\u0103g\u0103la\u0219ul robot de programare \u0219i robotic\u0103 Kids First care pred\u0103 principii de programare \u0219i dezvolt\u0103 abilit\u0103\u021bi STEM la pre\u0219colari!<\/p>\n<p>Cel\/Cea\/Cei\/Cele <em>Premiul de design \u201eInsign\u0103 de Aur 2018\u201d<\/em>, unul dintre cele mai importante premii legate de designul de produs, a fost acordat pachetului educa\u021bional KIDS FIRST CODING &amp; ROBOTICS.<\/p>\n<p>Nu necesit\u0103 tablet\u0103, smartphone sau computer pentru programare. Programele sunt create pur \u0219i simplu cu o serie de carduri de comand\u0103 care creeaz\u0103 \u201ecalea\u201d algoritmic\u0103. Pe m\u0103sur\u0103 ce robotul trece peste cardurile de comand\u0103, un senzor din partea inferioar\u0103 a robotului le cite\u0219te una c\u00e2te una \u0219i \u00eencarc\u0103 programul. Apoi, plasa\u021bi robotul pe o pist\u0103 pe care a\u021bi creat-o, iar robotul ruleaz\u0103 programul. Pute\u021bi programa robotul s\u0103 se mi\u0219te \u00een diferite direc\u021bii, s\u0103 activeze angrenajul, s\u0103 aprind\u0103 luminile LED, s\u0103 redea sunete \u0219i s\u0103 r\u0103spund\u0103 la diferite carduri de ac\u021biune. Angrenajul \u00eencorporat permite construirea unor structuri robotice simple cu bra\u021be sau alte piese mobile care r\u0103spund conform instruc\u021biunilor programului.<\/p>\n<p>Cu KIDS FIRST CODING &amp; ROBOTICS pute\u021bi, de asemenea, s\u0103 le preda\u021bi micilor dumneavoastr\u0103 cursan\u021bi fizic\u0103, inginerie \u0219i abilit\u0103\u021bi de rezolvare a problemelor printr-o serie de lec\u021bii de construire \u0219i programare. Cele 34 de lec\u021bii se aliniaz\u0103 cu standardele pentru educa\u021bia \u00een informatic\u0103 dezvoltate de Asocia\u021bia Profesorilor de Informatic\u0103 (CSTA) \u0219i Societatea Interna\u021bional\u0103 pentru Educa\u021bie Tehnologic\u0103 (ISTE), precum \u0219i cu lec\u021biile de la Code.org. Lec\u021biile sunt dezvoltate prin intermediul unui ghid de activit\u0103\u021bi ilustrat, ceea ce face ca kitul s\u0103 fie potrivit pentru copiii cu v\u00e2rsta de patru ani \u0219i peste, cu asisten\u021b\u0103 de la un adult, \u0219i cu v\u00e2rsta de p\u00e2n\u0103 la opt ani. Lec\u021biile acoper\u0103 aceste \u0219ase domenii cheie \u00een programare: secven\u021biere, itera\u021bie, evenimente, condi\u021bii, func\u021bii \u0219i variabile.<\/p>\n<p>Pe l\u00e2ng\u0103 Sammy, exist\u0103 alte cinci pove\u0219ti, fiecare prezent\u00e2nd o serie de modele de construc\u021bie, provoc\u0103ri de programare \u0219i lec\u021bii legate de urm\u0103toarele teme: un \u0219oarece navigheaz\u0103 printr-un labirint pentru a g\u0103si br\u00e2nz\u0103, un pinguin se plimb\u0103 printr-o gr\u0103din\u0103 zoologic\u0103, un juc\u0103tor de fotbal mut\u0103 o minge \u00een poart\u0103, o ma\u0219in\u0103 de pompieri stinge un incendiu, iar un robot din fabric\u0103 \u00eendepline\u0219te sarcini \u00eentr-un mediu industrial. Ghidul de activit\u0103\u021bi ilustrat color \u00eel ghideaz\u0103 pe utilizator prin lec\u021biile de programare \u0219i asamblarea diferitelor modele.<\/p>\n<p id=\"tw-target-text\" class=\"tw-data-text tw-ta tw-text-small\" dir=\"ltr\"><span xml:lang=\"el\" lang=\"el\">Cutia include: <\/span><\/p>\n<p><span xml:lang=\"el\" lang=\"el\">-30 de c\u0103r\u021bi cu pove\u0219ti pentru copii, pentru a crea diferite trasee\u00a0<\/span><\/p>\n<p><span xml:lang=\"el\" lang=\"el\">-120 de carduri de programare<\/span><\/p>\n<p><span xml:lang=\"el\" lang=\"el\">-1 unitate \u2013 baz\u0103\u00a0<\/span><\/p>\n<p><span xml:lang=\"el\" lang=\"el\">-o varietate de blocuri pentru construirea diferitelor modele<\/span><\/p>\n<p>-Ghid cu 34 de lec\u021bii<\/p>\n<p><span style=\"color:#222222;font-family:Arial, Helvetica, sans-serif;font-size:small;background-color:#ffffff\">Juc\u0103rii STEM pentru copii.<\/span><\/p>\n<p dir=\"ltr\" style=\"text-align:center\"><span xml:lang=\"el\" lang=\"el\">Manual<\/span><\/p>\n<p dir=\"ltr\"><span xml:lang=\"el\" lang=\"el\"><a href=\"https:\/\/issuu.com\/gigotoys\/docs\/_7072-en\" rel=\"noopener\"><img decoding=\"async\" src=\"https:\/\/stem-eshop.gr\/img\/cms\/manual.png\" alt=\"\" width=\"40\" height=\"31\" style=\"margin-left:auto;margin-right:auto\" \/><\/a><\/span><\/p>","protected":false},"excerpt":{"rendered":"<div class=\"woocommerce-product-details__short-description\">\n<p class=\"tw-data-text tw-ta tw-text-small\" dir=\"ltr\"><span xml:lang=\"el\" lang=\"el\">Cu copiii mai \u00eent\u00e2i programare \u0219i robotic\u0103<\/span>\u00a0Copiii de gr\u0103dini\u021b\u0103 \u0219i \u0219coal\u0103 primar\u0103 vor \u00eenv\u0103\u021ba\u00a0<span xml:lang=\"el\" lang=\"el\">concepte de baz\u0103 de programare prin completarea unor provoc\u0103ri din lec\u021bie care \u00eencurajeaz\u0103 interac\u021biunea cu robotul \u0219i cu fi\u0219ele cu pove\u0219ti. Kids First Coding &amp; Robotics prezint\u0103 o mul\u021bime de scenarii \u0219i pove\u0219ti care fac \u00eenv\u0103\u021barea distractiv\u0103!<\/span><\/p>\n<p dir=\"ltr\">Joc educativ ideal pentru pre\u0219colari, pentru a \u00een\u021belege logica de baz\u0103 a program\u0103rii!<\/p>\n<\/div>","protected":false},"featured_media":5122,"comment_status":"open","ping_status":"closed","template":"","meta":{"site-sidebar-layout":"default","site-content-layout":"","ast-site-content-layout":"default","site-content-style":"default","site-sidebar-style":"default","ast-global-header-display":"","ast-banner-title-visibility":"","ast-main-header-display":"","ast-hfb-above-header-display":"","ast-hfb-below-header-display":"","ast-hfb-mobile-header-display":"","site-post-title":"","ast-breadcrumbs-content":"","ast-featured-img":"","footer-sml-layout":"","ast-disable-related-posts":"","theme-transparent-header-meta":"","adv-header-id-meta":"","stick-header-meta":"","header-above-stick-meta":"","header-main-stick-meta":"","header-below-stick-meta":"","astra-migrate-meta-layouts":"default","ast-page-background-enabled":"default","ast-page-background-meta":{"desktop":{"background-color":"var(--ast-global-color-5)","background-image":"","background-repeat":"repeat","background-position":"center center","background-size":"auto","background-attachment":"scroll","background-type":"","background-media":"","overlay-type":"","overlay-color":"","overlay-opacity":"","overlay-gradient":""},"tablet":{"background-color":"","background-image":"","background-repeat":"repeat","background-position":"center center","background-size":"auto","background-attachment":"scroll","background-type":"","background-media":"","overlay-type":"","overlay-color":"","overlay-opacity":"","overlay-gradient":""},"mobile":{"background-color":"","background-image":"","background-repeat":"repeat","background-position":"center center","background-size":"auto","background-attachment":"scroll","background-type":"","background-media":"","overlay-type":"","overlay-color":"","overlay-opacity":"","overlay-gradient":""}},"ast-content-background-meta":{"desktop":{"background-color":"var(--ast-global-color-4)","background-image":"","background-repeat":"repeat","background-position":"center center","background-size":"auto","background-attachment":"scroll","background-type":"","background-media":"","overlay-type":"","overlay-color":"","overlay-opacity":"","overlay-gradient":""},"tablet":{"background-color":"var(--ast-global-color-4)","background-image":"","background-repeat":"repeat","background-position":"center center","background-size":"auto","background-attachment":"scroll","background-type":"","background-media":"","overlay-type":"","overlay-color":"","overlay-opacity":"","overlay-gradient":""},"mobile":{"background-color":"var(--ast-global-color-4)","background-image":"","background-repeat":"repeat","background-position":"center center","background-size":"auto","background-attachment":"scroll","background-type":"","background-media":"","overlay-type":"","overlay-color":"","overlay-opacity":"","overlay-gradient":""}}},"product_brand":[104],"product_cat":[33,38,29,56,30,45,34,26,28,59],"product_tag":[],"class_list":{"0":"post-6368","1":"product","2":"type-product","3":"status-publish","4":"has-post-thumbnail","6":"product_brand-gigo","7":"product_cat-33","8":"product_cat-38","9":"product_cat-29","10":"product_cat-56","11":"product_cat--6-9-","12":"product_cat-45","13":"product_cat-34","14":"product_cat-26","15":"product_cat-28","16":"product_cat-59","17":"desktop-align-left","18":"tablet-align-left","19":"mobile-align-left","21":"first","22":"instock","23":"taxable","24":"shipping-taxable","25":"purchasable","26":"product-type-simple"},"_links":{"self":[{"href":"https:\/\/stem-eshop.gr\/ro\/wp-json\/wp\/v2\/product\/6368","targetHints":{"allow":["GET"]}}],"collection":[{"href":"https:\/\/stem-eshop.gr\/ro\/wp-json\/wp\/v2\/product"}],"about":[{"href":"https:\/\/stem-eshop.gr\/ro\/wp-json\/wp\/v2\/types\/product"}],"replies":[{"embeddable":true,"href":"https:\/\/stem-eshop.gr\/ro\/wp-json\/wp\/v2\/comments?post=6368"}],"wp:featuredmedia":[{"embeddable":true,"href":"https:\/\/stem-eshop.gr\/ro\/wp-json\/wp\/v2\/media\/5122"}],"wp:attachment":[{"href":"https:\/\/stem-eshop.gr\/ro\/wp-json\/wp\/v2\/media?parent=6368"}],"wp:term":[{"taxonomy":"product_brand","embeddable":true,"href":"https:\/\/stem-eshop.gr\/ro\/wp-json\/wp\/v2\/product_brand?post=6368"},{"taxonomy":"product_cat","embeddable":true,"href":"https:\/\/stem-eshop.gr\/ro\/wp-json\/wp\/v2\/product_cat?post=6368"},{"taxonomy":"product_tag","embeddable":true,"href":"https:\/\/stem-eshop.gr\/ro\/wp-json\/wp\/v2\/product_tag?post=6368"}],"curies":[{"name":"wp","href":"https:\/\/api.w.org\/{rel}","templated":true}]}}