{"id":6349,"date":"2025-05-19T07:29:41","date_gmt":"2025-05-19T07:29:41","guid":{"rendered":"https:\/\/stem-eshop.gr\/product\/4m-toys-%ce%b5%cf%80%ce%b9%cf%83%cf%84%ce%ae%ce%bc%ce%b7-%ce%bc%ce%bf%cf%85%cf%83%ce%b9%ce%ba%ce%bf-%ce%ba%cf%85%ce%ba%ce%bb%cf%89%ce%bc%ce%b1\/"},"modified":"2025-10-17T14:55:23","modified_gmt":"2025-10-17T11:55:23","slug":"4m-toys-%ce%b5%cf%80%ce%b9%cf%83%cf%84%ce%ae%ce%bc%ce%b7-%ce%bc%ce%bf%cf%85%cf%83%ce%b9%ce%ba%ce%bf-%ce%ba%cf%85%ce%ba%ce%bb%cf%89%ce%bc%ce%b1","status":"publish","type":"product","link":"https:\/\/stem-eshop.gr\/ro\/produs\/4m-toys-%ce%b5%cf%80%ce%b9%cf%83%cf%84%ce%ae%ce%bc%ce%b7-%ce%bc%ce%bf%cf%85%cf%83%ce%b9%ce%ba%ce%bf-%ce%ba%cf%85%ce%ba%ce%bb%cf%89%ce%bc%ce%b1\/","title":{"rendered":"Juc\u0103rii 4M \u2013 \u0218tiin\u021b\u0103: CIRCUIT MUZICAL"},"content":{"rendered":"<p><span style=\"font-family:'Open Sans', sans-serif;font-size:15px;letter-spacing:0.7px;background-color:#ffffff\">CUM FUNC\u021aIONEAZ\u0102: Mecanismul muzical special conceput este activat prin \u00eenchiderea unui circuit, care este completat de prelungitor \u0219i de tastatura electric\u0103 a mecanismului. Pentru a crea un circuit \u00een acest experiment, se utilizeaz\u0103 mul\u021bi conductori diferi\u021bi. Printre ace\u0219tia se num\u0103r\u0103 banda izolatoare, mina de creion, apa, folia de aluminiu, cartofii \u0219i corpul uman. C\u00e2nd circuitul este \u00eenchis prin aducerea conductorilor \u00een contact, electricitatea trece prin circuit, iar mecanismul produce sunet. Fiecare pin al tastelor are propria not\u0103, care este programat\u0103 \u00een circuitul \u00eencorporat.\u00a0<\/span><\/p>\n<p style=\"margin:0px 0px 10px;padding:0px;font-family:'Open Sans', sans-serif;font-size:15px;line-height:1.3;letter-spacing:0.7px;background-color:#ffffff\">CON\u021aINUT: Partea A: Mecanism de pian cu prelungitor de cablu x1, Partea B: Baz\u0103 creion x1, Partea C: Band\u0103 dublu adeziv\u0103 x1, Partea D: Claviatur\u0103 din carton 1, Partea E: Foaie de carton prefabricat\u0103 \u201epian\u201d x1, Partea F: Clape muzicale pentru creion x1, Partea G: Creion 2B x1, Partea H: Band\u0103 izolatoare x1.\u00a0<\/p>\n<p style=\"margin:0px 0px 10px;padding:0px;font-family:'Open Sans', sans-serif;font-size:15px;line-height:1.3;letter-spacing:0.7px;background-color:#ffffff\">","protected":false},"excerpt":{"rendered":"<p style=\"margin:0px 0px 10px;padding:0px;font-family:'Open Sans', sans-serif;font-size:15px;line-height:1.3;letter-spacing:0.7px;background-color:#ffffff\">Creeaz\u0103-\u021bi propriile circuite interesante \u0219i c\u00e2nt\u0103 diferite melodii cre\u00e2nd propriile compozi\u021bii muzicale originale! Cite\u0219te informa\u021biile distractive incluse \u00een instruc\u021biuni \u0219i afl\u0103 informa\u021bii fascinante despre bunii conductori de electricitate.\u00a0<\/p>\n<p style=\"margin:0px 0px 10px;padding:0px;font-family:'Open Sans', sans-serif;font-size:15px;line-height:1.3;letter-spacing:0.7px;background-color:#ffffff\">","protected":false},"featured_media":3973,"comment_status":"open","ping_status":"closed","template":"","meta":{"site-sidebar-layout":"default","site-content-layout":"","ast-site-content-layout":"default","site-content-style":"default","site-sidebar-style":"default","ast-global-header-display":"","ast-banner-title-visibility":"","ast-main-header-display":"","ast-hfb-above-header-display":"","ast-hfb-below-header-display":"","ast-hfb-mobile-header-display":"","site-post-title":"","ast-breadcrumbs-content":"","ast-featured-img":"","footer-sml-layout":"","ast-disable-related-posts":"","theme-transparent-header-meta":"","adv-header-id-meta":"","stick-header-meta":"","header-above-stick-meta":"","header-main-stick-meta":"","header-below-stick-meta":"","astra-migrate-meta-layouts":"default","ast-page-background-enabled":"default","ast-page-background-meta":{"desktop":{"background-color":"var(--ast-global-color-5)","background-image":"","background-repeat":"repeat","background-position":"center center","background-size":"auto","background-attachment":"scroll","background-type":"","background-media":"","overlay-type":"","overlay-color":"","overlay-opacity":"","overlay-gradient":""},"tablet":{"background-color":"","background-image":"","background-repeat":"repeat","background-position":"center center","background-size":"auto","background-attachment":"scroll","background-type":"","background-media":"","overlay-type":"","overlay-color":"","overlay-opacity":"","overlay-gradient":""},"mobile":{"background-color":"","background-image":"","background-repeat":"repeat","background-position":"center center","background-size":"auto","background-attachment":"scroll","background-type":"","background-media":"","overlay-type":"","overlay-color":"","overlay-opacity":"","overlay-gradient":""}},"ast-content-background-meta":{"desktop":{"background-color":"var(--ast-global-color-4)","background-image":"","background-repeat":"repeat","background-position":"center center","background-size":"auto","background-attachment":"scroll","background-type":"","background-media":"","overlay-type":"","overlay-color":"","overlay-opacity":"","overlay-gradient":""},"tablet":{"background-color":"var(--ast-global-color-4)","background-image":"","background-repeat":"repeat","background-position":"center center","background-size":"auto","background-attachment":"scroll","background-type":"","background-media":"","overlay-type":"","overlay-color":"","overlay-opacity":"","overlay-gradient":""},"mobile":{"background-color":"var(--ast-global-color-4)","background-image":"","background-repeat":"repeat","background-position":"center center","background-size":"auto","background-attachment":"scroll","background-type":"","background-media":"","overlay-type":"","overlay-color":"","overlay-opacity":"","overlay-gradient":""}}},"product_brand":[96],"product_cat":[126,43,39,52,29,30,26,59,58],"product_tag":[],"class_list":{"0":"post-6349","1":"product","2":"type-product","3":"status-publish","4":"has-post-thumbnail","6":"product_brand-4m","7":"product_cat-126","8":"product_cat-43","9":"product_cat-39","10":"product_cat-52","11":"product_cat-29","12":"product_cat--6-9-","13":"product_cat-26","14":"product_cat-59","15":"product_cat-58","16":"desktop-align-left","17":"tablet-align-left","18":"mobile-align-left","20":"first","21":"instock","22":"taxable","23":"shipping-taxable","24":"purchasable","25":"product-type-simple"},"_links":{"self":[{"href":"https:\/\/stem-eshop.gr\/ro\/wp-json\/wp\/v2\/product\/6349","targetHints":{"allow":["GET"]}}],"collection":[{"href":"https:\/\/stem-eshop.gr\/ro\/wp-json\/wp\/v2\/product"}],"about":[{"href":"https:\/\/stem-eshop.gr\/ro\/wp-json\/wp\/v2\/types\/product"}],"replies":[{"embeddable":true,"href":"https:\/\/stem-eshop.gr\/ro\/wp-json\/wp\/v2\/comments?post=6349"}],"wp:featuredmedia":[{"embeddable":true,"href":"https:\/\/stem-eshop.gr\/ro\/wp-json\/wp\/v2\/media\/3973"}],"wp:attachment":[{"href":"https:\/\/stem-eshop.gr\/ro\/wp-json\/wp\/v2\/media?parent=6349"}],"wp:term":[{"taxonomy":"product_brand","embeddable":true,"href":"https:\/\/stem-eshop.gr\/ro\/wp-json\/wp\/v2\/product_brand?post=6349"},{"taxonomy":"product_cat","embeddable":true,"href":"https:\/\/stem-eshop.gr\/ro\/wp-json\/wp\/v2\/product_cat?post=6349"},{"taxonomy":"product_tag","embeddable":true,"href":"https:\/\/stem-eshop.gr\/ro\/wp-json\/wp\/v2\/product_tag?post=6349"}],"curies":[{"name":"wp","href":"https:\/\/api.w.org\/{rel}","templated":true}]}}