{"id":6345,"date":"2025-05-19T07:29:35","date_gmt":"2025-05-19T07:29:35","guid":{"rendered":"https:\/\/stem-eshop.gr\/product\/maxi-memo-%ce%ba%ce%b1%ce%bd%cf%8c%ce%bd%ce%b5%cf%82-%cf%85%ce%b3%ce%b9%ce%b5%ce%b9%ce%bd%ce%ae%cf%82\/"},"modified":"2025-05-22T21:13:26","modified_gmt":"2025-05-22T18:13:26","slug":"maxi-memo-%ce%ba%ce%b1%ce%bd%cf%8c%ce%bd%ce%b5%cf%82-%cf%85%ce%b3%ce%b9%ce%b5%ce%b9%ce%bd%ce%ae%cf%82","status":"publish","type":"product","link":"https:\/\/stem-eshop.gr\/ro\/produs\/maxi-memo-%ce%ba%ce%b1%ce%bd%cf%8c%ce%bd%ce%b5%cf%82-%cf%85%ce%b3%ce%b9%ce%b5%ce%b9%ce%bd%ce%ae%cf%82\/","title":{"rendered":"Reguli de igien\u0103 Maxi memo"},"content":{"rendered":"<p>C\u0103r\u021bile pot fi folosite pentru diferite jocuri, cum ar fi jocul clasic de memorie, \u00een care copiii \u00eencearc\u0103 s\u0103 g\u0103seasc\u0103 perechile corecte cu imagini care arat\u0103 ac\u021biunea corect\u0103 \u0219i gre\u0219it\u0103 \u00een raport cu regulile de igien\u0103. Jocul \u00eei ajut\u0103 pe copii s\u0103 dezvolte abilit\u0103\u021bi de observare, memorie \u0219i comportament social, promov\u00e2nd \u00een acela\u0219i timp importan\u021ba igienei \u00een via\u021ba de zi cu zi.<\/p>\n<p>Jocul este potrivit pentru copiii de gr\u0103dini\u021b\u0103 \u0219i \u0219coal\u0103 primar\u0103 \u0219i poate fi folosit at\u00e2t la \u0219coal\u0103, c\u00e2t \u0219i acas\u0103.<\/p>","protected":false},"excerpt":{"rendered":"<p>\u201eMaxi Memo Hygiene Rules\u201d de la AKROS Educational este un joc educa\u021bional conceput pentru a ajuta copiii s\u0103 \u00eenve\u021be regulile de baz\u0103 ale igienei \u0219i cur\u0103\u021beniei \u00eentr-un mod distractiv \u0219i interactiv.<\/p>\n<p>Este alc\u0103tuit din cartona\u0219e cu imagini care prezint\u0103 obiceiuri s\u0103n\u0103toase zilnice, cum ar fi sp\u0103larea m\u00e2inilor, periajul din\u021bilor, acoperirea gurii atunci c\u00e2nd str\u0103nut\u0103m \u0219i multe altele.<\/p>","protected":false},"featured_media":3953,"comment_status":"open","ping_status":"closed","template":"","meta":{"site-sidebar-layout":"default","site-content-layout":"","ast-site-content-layout":"default","site-content-style":"default","site-sidebar-style":"default","ast-global-header-display":"","ast-banner-title-visibility":"","ast-main-header-display":"","ast-hfb-above-header-display":"","ast-hfb-below-header-display":"","ast-hfb-mobile-header-display":"","site-post-title":"","ast-breadcrumbs-content":"","ast-featured-img":"","footer-sml-layout":"","ast-disable-related-posts":"","theme-transparent-header-meta":"","adv-header-id-meta":"","stick-header-meta":"","header-above-stick-meta":"","header-main-stick-meta":"","header-below-stick-meta":"","astra-migrate-meta-layouts":"default","ast-page-background-enabled":"default","ast-page-background-meta":{"desktop":{"background-color":"var(--ast-global-color-5)","background-image":"","background-repeat":"repeat","background-position":"center center","background-size":"auto","background-attachment":"scroll","background-type":"","background-media":"","overlay-type":"","overlay-color":"","overlay-opacity":"","overlay-gradient":""},"tablet":{"background-color":"","background-image":"","background-repeat":"repeat","background-position":"center center","background-size":"auto","background-attachment":"scroll","background-type":"","background-media":"","overlay-type":"","overlay-color":"","overlay-opacity":"","overlay-gradient":""},"mobile":{"background-color":"","background-image":"","background-repeat":"repeat","background-position":"center center","background-size":"auto","background-attachment":"scroll","background-type":"","background-media":"","overlay-type":"","overlay-color":"","overlay-opacity":"","overlay-gradient":""}},"ast-content-background-meta":{"desktop":{"background-color":"var(--ast-global-color-4)","background-image":"","background-repeat":"repeat","background-position":"center center","background-size":"auto","background-attachment":"scroll","background-type":"","background-media":"","overlay-type":"","overlay-color":"","overlay-opacity":"","overlay-gradient":""},"tablet":{"background-color":"var(--ast-global-color-4)","background-image":"","background-repeat":"repeat","background-position":"center center","background-size":"auto","background-attachment":"scroll","background-type":"","background-media":"","overlay-type":"","overlay-color":"","overlay-opacity":"","overlay-gradient":""},"mobile":{"background-color":"var(--ast-global-color-4)","background-image":"","background-repeat":"repeat","background-position":"center center","background-size":"auto","background-attachment":"scroll","background-type":"","background-media":"","overlay-type":"","overlay-color":"","overlay-opacity":"","overlay-gradient":""}}},"product_brand":[98],"product_cat":[42,56,47,30,26,48],"product_tag":[],"class_list":{"0":"post-6345","1":"product","2":"type-product","3":"status-publish","4":"has-post-thumbnail","6":"product_brand-akros","7":"product_cat-42","8":"product_cat-56","9":"product_cat-47","10":"product_cat--6-9-","11":"product_cat-26","12":"product_cat-48","13":"desktop-align-left","14":"tablet-align-left","15":"mobile-align-left","17":"first","18":"instock","19":"taxable","20":"shipping-taxable","21":"purchasable","22":"product-type-simple"},"_links":{"self":[{"href":"https:\/\/stem-eshop.gr\/ro\/wp-json\/wp\/v2\/product\/6345","targetHints":{"allow":["GET"]}}],"collection":[{"href":"https:\/\/stem-eshop.gr\/ro\/wp-json\/wp\/v2\/product"}],"about":[{"href":"https:\/\/stem-eshop.gr\/ro\/wp-json\/wp\/v2\/types\/product"}],"replies":[{"embeddable":true,"href":"https:\/\/stem-eshop.gr\/ro\/wp-json\/wp\/v2\/comments?post=6345"}],"wp:featuredmedia":[{"embeddable":true,"href":"https:\/\/stem-eshop.gr\/ro\/wp-json\/wp\/v2\/media\/3953"}],"wp:attachment":[{"href":"https:\/\/stem-eshop.gr\/ro\/wp-json\/wp\/v2\/media?parent=6345"}],"wp:term":[{"taxonomy":"product_brand","embeddable":true,"href":"https:\/\/stem-eshop.gr\/ro\/wp-json\/wp\/v2\/product_brand?post=6345"},{"taxonomy":"product_cat","embeddable":true,"href":"https:\/\/stem-eshop.gr\/ro\/wp-json\/wp\/v2\/product_cat?post=6345"},{"taxonomy":"product_tag","embeddable":true,"href":"https:\/\/stem-eshop.gr\/ro\/wp-json\/wp\/v2\/product_tag?post=6345"}],"curies":[{"name":"wp","href":"https:\/\/api.w.org\/{rel}","templated":true}]}}