{"id":6344,"date":"2025-05-19T07:29:34","date_gmt":"2025-05-19T07:29:34","guid":{"rendered":"https:\/\/stem-eshop.gr\/product\/%ce%b5%ce%be%cf%85%cf%80%ce%bd%ce%bf%cf%8d%ce%bb%ce%b7%cf%82-%ce%b5%ce%ba%cf%80%ce%b1%ce%b9%ce%b4%ce%b5%cf%85%cf%84%ce%b9%ce%ba%cf%8c-%cf%80%ce%b1%ce%b9%cf%87%ce%bd%ce%af%ce%b4%ce%b9-%ce%bc%ce%ae\/"},"modified":"2025-05-22T21:13:25","modified_gmt":"2025-05-22T18:13:25","slug":"%ce%b5%ce%be%cf%85%cf%80%ce%bd%ce%bf%cf%8d%ce%bb%ce%b7%cf%82-%ce%b5%ce%ba%cf%80%ce%b1%ce%b9%ce%b4%ce%b5%cf%85%cf%84%ce%b9%ce%ba%cf%8c-%cf%80%ce%b1%ce%b9%cf%87%ce%bd%ce%af%ce%b4%ce%b9-%ce%bc%ce%ae","status":"publish","type":"product","link":"https:\/\/stem-eshop.gr\/ro\/produs\/%ce%b5%ce%be%cf%85%cf%80%ce%bd%ce%bf%cf%8d%ce%bb%ce%b7%cf%82-%ce%b5%ce%ba%cf%80%ce%b1%ce%b9%ce%b4%ce%b5%cf%85%cf%84%ce%b9%ce%ba%cf%8c-%cf%80%ce%b1%ce%b9%cf%87%ce%bd%ce%af%ce%b4%ce%b9-%ce%bc%ce%ae\/","title":{"rendered":"Joc educativ inteligent: luni \u0219i anotimpuri"},"content":{"rendered":"<p class=\"MsoNormal\">Prin joc, copiii \u00eenva\u021b\u0103 fructele, activit\u0103\u021bile \u0219i momentele speciale care caracterizeaz\u0103 fiecare lun\u0103 \u0219i \u00een\u021beleg diferen\u021bele dintre cele 4 anotimpuri. Care lun\u0103 este Cr\u0103ciunul, Pa\u0219tele, Carnavalul \u0219i s\u0103rb\u0103torile? Copilul descoper\u0103 totul \u00een cel mai distractiv mod. Jocul are o metod\u0103 de autocorectare care \u00eei permite copilului s\u0103 verifice singur dac\u0103 a dat r\u0103spunsul corect f\u0103r\u0103 ajutorul unui adult.\u00a0<\/p>\n<\/p>\n<p class=\"MsoNormal\">Acest joc ajut\u0103 copilul s\u0103 se dezvolte \u0219i s\u0103 dob\u00e2ndeasc\u0103:<\/p>\n<p>Conceptul de timp<\/p>\n<p>Legarea activit\u0103\u021bilor de anotimpuri \u0219i luni<\/p>\n<p>Logic\u0103 \u0219i observa\u021bie<\/p>\n<p class=\"MsoNormal\" style=\"margin-left:18pt\">Recunoa\u0219terea, asocierea \u0219i categorizarea obiectelor \u0219i situa\u021biilor<\/p>\n<p>Cuno\u0219tin\u021be pentru \u00een\u021belegerea lumii<\/p>\n<p class=\"MsoNormal\" style=\"margin-left:18pt\">\u00cenv\u0103\u021barea lunilor \u0219i anotimpurilor anului<\/p>\n<p class=\"MsoNormal\" style=\"margin-left:18pt\">Identificarea caracteristicilor specifice fiec\u0103rei luni \u0219i anotimpuri<\/p>\n<p>Citire \u0219i scriere<\/p>\n<p class=\"MsoNormal\" style=\"margin-left:18pt\">\u00cen\u021belegerea textului \u0219i a imaginilor<\/p>\n<p class=\"MsoNormal\" style=\"margin-left:18pt\">Limb\u0103 str\u0103in\u0103<\/p>\n<p class=\"MsoNormal\" style=\"margin-left:18pt\">\u00cenv\u0103\u021barea denumirilor \u00een englez\u0103 ale lunilor \u0219i anotimpurilor<\/p>\n<p>Abilit\u0103\u021bi motorii<\/p>\n<p class=\"MsoNormal\" style=\"margin-left:18pt\">Antrenamentul m\u00e2inilor \u0219i al abilit\u0103\u021bilor motorii<\/p>\n<p class=\"MsoNormal\" style=\"margin-left:18pt\">Utilizarea instrumentelor de joc<\/p>\n<p>Sociabilitate<\/p>\n<p class=\"MsoNormal\" style=\"margin-left:18pt\">Audiere<\/p>\n<p class=\"MsoNormal\" style=\"margin-left:18pt\">Colaborare \u0219i lucru \u00een echip\u0103<\/p>\n<p class=\"MsoNormal\" style=\"margin-left:18pt\">Respectul pentru regulile jocului<\/p>\n<p class=\"MsoNormal\" style=\"margin-left:18pt\">Gestionarea emo\u021biilor<\/p>\n<p>Memorie<\/p>\n<p>Creativitate \u0219i imagina\u021bie<\/p><\/p>","protected":false},"excerpt":{"rendered":"<p class=\"MsoNormal\">C\u00e2te \u0219i care sunt anotimpurile? C\u00e2te \u0219i care sunt lunile anului? Care sunt fructele, activit\u0103\u021bile care caracterizeaz\u0103 fiecare lun\u0103? \u00cen ce lun\u0103 este Cr\u0103ciunul, Pa\u0219tele, carnavalul, examenele \u0219colare? Lunile \u0219i anotimpurile este un joc de cunoa\u0219tere pl\u0103cut! Un joc educativ distractiv pentru copiii cu v\u00e2rsta de 5 ani \u0219i peste.<\/p><\/p>","protected":false},"featured_media":3945,"comment_status":"open","ping_status":"closed","template":"","meta":{"site-sidebar-layout":"default","site-content-layout":"","ast-site-content-layout":"default","site-content-style":"default","site-sidebar-style":"default","ast-global-header-display":"","ast-banner-title-visibility":"","ast-main-header-display":"","ast-hfb-above-header-display":"","ast-hfb-below-header-display":"","ast-hfb-mobile-header-display":"","site-post-title":"","ast-breadcrumbs-content":"","ast-featured-img":"","footer-sml-layout":"","ast-disable-related-posts":"","theme-transparent-header-meta":"","adv-header-id-meta":"","stick-header-meta":"","header-above-stick-meta":"","header-main-stick-meta":"","header-below-stick-meta":"","astra-migrate-meta-layouts":"default","ast-page-background-enabled":"default","ast-page-background-meta":{"desktop":{"background-color":"var(--ast-global-color-5)","background-image":"","background-repeat":"repeat","background-position":"center center","background-size":"auto","background-attachment":"scroll","background-type":"","background-media":"","overlay-type":"","overlay-color":"","overlay-opacity":"","overlay-gradient":""},"tablet":{"background-color":"","background-image":"","background-repeat":"repeat","background-position":"center center","background-size":"auto","background-attachment":"scroll","background-type":"","background-media":"","overlay-type":"","overlay-color":"","overlay-opacity":"","overlay-gradient":""},"mobile":{"background-color":"","background-image":"","background-repeat":"repeat","background-position":"center center","background-size":"auto","background-attachment":"scroll","background-type":"","background-media":"","overlay-type":"","overlay-color":"","overlay-opacity":"","overlay-gradient":""}},"ast-content-background-meta":{"desktop":{"background-color":"var(--ast-global-color-4)","background-image":"","background-repeat":"repeat","background-position":"center center","background-size":"auto","background-attachment":"scroll","background-type":"","background-media":"","overlay-type":"","overlay-color":"","overlay-opacity":"","overlay-gradient":""},"tablet":{"background-color":"var(--ast-global-color-4)","background-image":"","background-repeat":"repeat","background-position":"center center","background-size":"auto","background-attachment":"scroll","background-type":"","background-media":"","overlay-type":"","overlay-color":"","overlay-opacity":"","overlay-gradient":""},"mobile":{"background-color":"var(--ast-global-color-4)","background-image":"","background-repeat":"repeat","background-position":"center center","background-size":"auto","background-attachment":"scroll","background-type":"","background-media":"","overlay-type":"","overlay-color":"","overlay-opacity":"","overlay-gradient":""}}},"product_brand":[112],"product_cat":[42,43,39,49,38,56,47,30,26],"product_tag":[],"class_list":{"0":"post-6344","1":"product","2":"type-product","3":"status-publish","4":"has-post-thumbnail","6":"product_brand-eksipnoulis","7":"product_cat-42","8":"product_cat-43","9":"product_cat-39","10":"product_cat-49","11":"product_cat-38","12":"product_cat-56","13":"product_cat-47","14":"product_cat--6-9-","15":"product_cat-26","16":"desktop-align-left","17":"tablet-align-left","18":"mobile-align-left","20":"first","21":"instock","22":"taxable","23":"shipping-taxable","24":"purchasable","25":"product-type-simple"},"_links":{"self":[{"href":"https:\/\/stem-eshop.gr\/ro\/wp-json\/wp\/v2\/product\/6344","targetHints":{"allow":["GET"]}}],"collection":[{"href":"https:\/\/stem-eshop.gr\/ro\/wp-json\/wp\/v2\/product"}],"about":[{"href":"https:\/\/stem-eshop.gr\/ro\/wp-json\/wp\/v2\/types\/product"}],"replies":[{"embeddable":true,"href":"https:\/\/stem-eshop.gr\/ro\/wp-json\/wp\/v2\/comments?post=6344"}],"wp:featuredmedia":[{"embeddable":true,"href":"https:\/\/stem-eshop.gr\/ro\/wp-json\/wp\/v2\/media\/3945"}],"wp:attachment":[{"href":"https:\/\/stem-eshop.gr\/ro\/wp-json\/wp\/v2\/media?parent=6344"}],"wp:term":[{"taxonomy":"product_brand","embeddable":true,"href":"https:\/\/stem-eshop.gr\/ro\/wp-json\/wp\/v2\/product_brand?post=6344"},{"taxonomy":"product_cat","embeddable":true,"href":"https:\/\/stem-eshop.gr\/ro\/wp-json\/wp\/v2\/product_cat?post=6344"},{"taxonomy":"product_tag","embeddable":true,"href":"https:\/\/stem-eshop.gr\/ro\/wp-json\/wp\/v2\/product_tag?post=6344"}],"curies":[{"name":"wp","href":"https:\/\/api.w.org\/{rel}","templated":true}]}}