{"id":6341,"date":"2025-05-19T07:29:29","date_gmt":"2025-05-19T07:29:29","guid":{"rendered":"https:\/\/stem-eshop.gr\/product\/ngs-%ce%be%cf%8d%ce%bb%ce%b9%ce%bd%ce%bf%cf%82-%ce%b4%ce%af%cf%83%ce%ba%ce%bf%cf%82-%ce%ba%cf%8d%ce%ba%ce%bb%ce%bf%cf%85-%ce%b6%cf%89%ce%ae%cf%82\/"},"modified":"2025-05-22T07:41:41","modified_gmt":"2025-05-22T07:41:41","slug":"ngs-%ce%be%cf%8d%ce%bb%ce%b9%ce%bd%ce%bf%cf%82-%ce%b4%ce%af%cf%83%ce%ba%ce%bf%cf%82-%ce%ba%cf%8d%ce%ba%ce%bb%ce%bf%cf%85-%ce%b6%cf%89%ce%ae%cf%82","status":"publish","type":"product","link":"https:\/\/stem-eshop.gr\/ro\/produs\/ngs-%ce%be%cf%8d%ce%bb%ce%b9%ce%bd%ce%bf%cf%82-%ce%b4%ce%af%cf%83%ce%ba%ce%bf%cf%82-%ce%ba%cf%8d%ce%ba%ce%bb%ce%bf%cf%85-%ce%b6%cf%89%ce%ae%cf%82\/","title":{"rendered":"Tav\u0103 NGS din lemn pentru ciclul de via\u021b\u0103"},"content":{"rendered":"<p>Copiii \u00eenva\u021b\u0103 despre ciclurile de via\u021b\u0103 ale diferitelor organisme, cum ar fi fluturele, broasca, planta sau g\u0103ina, prin plasarea corect\u0103 a pieselor \u00een ordinea corect\u0103 a ciclului de cre\u0219tere.<\/p>\n<p>Puzzle-ul include diferite piese care \u00eenf\u0103\u021bi\u0219eaz\u0103 etapele ciclului de via\u021b\u0103, pe care copiii le a\u0219eaz\u0103 \u00een pozi\u021biile corecte pe tav\u0103 sau pe tabl\u0103, dezvolt\u00e2nd astfel observarea \u0219i \u00een\u021belegerea succesiunii evenimentelor.<\/p>","protected":false},"excerpt":{"rendered":"<p>Tabla de lucru din lemn, dedicat\u0103 ciclului vie\u021bii, este o juc\u0103rie educa\u021bional\u0103 Montessori, conceput\u0103 pentru a ajuta copiii s\u0103 \u00een\u021beleag\u0103 ciclul vie\u021bii animalelor, plantelor sau altor organisme printr-o experien\u021b\u0103 de \u00eenv\u0103\u021bare interactiv\u0103. Aceste tipuri de puzzle-uri \u0219i table de lucru din lemn sunt ideale pentru dezvoltarea g\u00e2ndirii logice, a observa\u021biei \u0219i a rezolv\u0103rii problemelor la copiii mici.<\/p>","protected":false},"featured_media":3934,"comment_status":"open","ping_status":"closed","template":"","meta":{"site-sidebar-layout":"default","site-content-layout":"","ast-site-content-layout":"default","site-content-style":"default","site-sidebar-style":"default","ast-global-header-display":"","ast-banner-title-visibility":"","ast-main-header-display":"","ast-hfb-above-header-display":"","ast-hfb-below-header-display":"","ast-hfb-mobile-header-display":"","site-post-title":"","ast-breadcrumbs-content":"","ast-featured-img":"","footer-sml-layout":"","ast-disable-related-posts":"","theme-transparent-header-meta":"","adv-header-id-meta":"","stick-header-meta":"","header-above-stick-meta":"","header-main-stick-meta":"","header-below-stick-meta":"","astra-migrate-meta-layouts":"default","ast-page-background-enabled":"default","ast-page-background-meta":{"desktop":{"background-color":"var(--ast-global-color-5)","background-image":"","background-repeat":"repeat","background-position":"center center","background-size":"auto","background-attachment":"scroll","background-type":"","background-media":"","overlay-type":"","overlay-color":"","overlay-opacity":"","overlay-gradient":""},"tablet":{"background-color":"","background-image":"","background-repeat":"repeat","background-position":"center center","background-size":"auto","background-attachment":"scroll","background-type":"","background-media":"","overlay-type":"","overlay-color":"","overlay-opacity":"","overlay-gradient":""},"mobile":{"background-color":"","background-image":"","background-repeat":"repeat","background-position":"center center","background-size":"auto","background-attachment":"scroll","background-type":"","background-media":"","overlay-type":"","overlay-color":"","overlay-opacity":"","overlay-gradient":""}},"ast-content-background-meta":{"desktop":{"background-color":"var(--ast-global-color-4)","background-image":"","background-repeat":"repeat","background-position":"center center","background-size":"auto","background-attachment":"scroll","background-type":"","background-media":"","overlay-type":"","overlay-color":"","overlay-opacity":"","overlay-gradient":""},"tablet":{"background-color":"var(--ast-global-color-4)","background-image":"","background-repeat":"repeat","background-position":"center center","background-size":"auto","background-attachment":"scroll","background-type":"","background-media":"","overlay-type":"","overlay-color":"","overlay-opacity":"","overlay-gradient":""},"mobile":{"background-color":"var(--ast-global-color-4)","background-image":"","background-repeat":"repeat","background-position":"center center","background-size":"auto","background-attachment":"scroll","background-type":"","background-media":"","overlay-type":"","overlay-color":"","overlay-opacity":"","overlay-gradient":""}}},"product_brand":[107],"product_cat":[39,38,56,30,54,26,58],"product_tag":[],"class_list":{"0":"post-6341","1":"product","2":"type-product","3":"status-publish","4":"has-post-thumbnail","6":"product_brand-ngs","7":"product_cat-39","8":"product_cat-38","9":"product_cat-56","10":"product_cat--6-9-","11":"product_cat-54","12":"product_cat-26","13":"product_cat-58","14":"desktop-align-left","15":"tablet-align-left","16":"mobile-align-left","18":"first","19":"instock","20":"taxable","21":"shipping-taxable","22":"purchasable","23":"product-type-simple"},"_links":{"self":[{"href":"https:\/\/stem-eshop.gr\/ro\/wp-json\/wp\/v2\/product\/6341","targetHints":{"allow":["GET"]}}],"collection":[{"href":"https:\/\/stem-eshop.gr\/ro\/wp-json\/wp\/v2\/product"}],"about":[{"href":"https:\/\/stem-eshop.gr\/ro\/wp-json\/wp\/v2\/types\/product"}],"replies":[{"embeddable":true,"href":"https:\/\/stem-eshop.gr\/ro\/wp-json\/wp\/v2\/comments?post=6341"}],"wp:featuredmedia":[{"embeddable":true,"href":"https:\/\/stem-eshop.gr\/ro\/wp-json\/wp\/v2\/media\/3934"}],"wp:attachment":[{"href":"https:\/\/stem-eshop.gr\/ro\/wp-json\/wp\/v2\/media?parent=6341"}],"wp:term":[{"taxonomy":"product_brand","embeddable":true,"href":"https:\/\/stem-eshop.gr\/ro\/wp-json\/wp\/v2\/product_brand?post=6341"},{"taxonomy":"product_cat","embeddable":true,"href":"https:\/\/stem-eshop.gr\/ro\/wp-json\/wp\/v2\/product_cat?post=6341"},{"taxonomy":"product_tag","embeddable":true,"href":"https:\/\/stem-eshop.gr\/ro\/wp-json\/wp\/v2\/product_tag?post=6341"}],"curies":[{"name":"wp","href":"https:\/\/api.w.org\/{rel}","templated":true}]}}