{"id":6328,"date":"2025-05-19T07:29:00","date_gmt":"2025-05-19T07:29:00","guid":{"rendered":"https:\/\/stem-eshop.gr\/product\/%ce%b5%ce%ba%cf%80%ce%b1%ce%b9%ce%b4%ce%b5%cf%85%cf%84%ce%b9%ce%ba%cf%8c-%cf%80%ce%b1%ce%b9%cf%87%ce%bd%ce%af%ce%b4%ce%b9-%ce%bc%ce%b5-%cf%80%ce%b5%cf%81%ce%b9%cf%83%cf%84%cf%81%ce%b5%cf%86%cf%8c\/"},"modified":"2025-05-22T07:41:42","modified_gmt":"2025-05-22T07:41:42","slug":"%ce%b5%ce%ba%cf%80%ce%b1%ce%b9%ce%b4%ce%b5%cf%85%cf%84%ce%b9%ce%ba%cf%8c-%cf%80%ce%b1%ce%b9%cf%87%ce%bd%ce%af%ce%b4%ce%b9-%ce%bc%ce%b5-%cf%80%ce%b5%cf%81%ce%b9%cf%83%cf%84%cf%81%ce%b5%cf%86%cf%8c","status":"publish","type":"product","link":"https:\/\/stem-eshop.gr\/ro\/produs\/%ce%b5%ce%ba%cf%80%ce%b1%ce%b9%ce%b4%ce%b5%cf%85%cf%84%ce%b9%ce%ba%cf%8c-%cf%80%ce%b1%ce%b9%cf%87%ce%bd%ce%af%ce%b4%ce%b9-%ce%bc%ce%b5-%cf%80%ce%b5%cf%81%ce%b9%cf%83%cf%84%cf%81%ce%b5%cf%86%cf%8c\/","title":{"rendered":"Joc educativ cu litere rotative pentru a crea cuvinte \u00een limba englez\u0103"},"content":{"rendered":"<p>Juc\u0103ria include cuburi de lemn cu litere din alfabetul englez, care pot fi rotite pentru a forma diferite cuvinte. Aceast\u0103 caracteristic\u0103 \u00eei ajut\u0103 pe copii s\u0103 exerseze ortografia \u0219i s\u0103 \u00eenve\u021be cuvinte noi \u00eentr-un mod distractiv \u0219i interactiv.<\/p>\n<p>Copiii pot folosi cuburile pentru a construi diverse cuvinte \u00een limba englez\u0103, dezvolt\u00e2ndu-\u0219i abilit\u0103\u021bile lingvistice \u0219i \u00een\u021belegerea structurii cuvintelor. Jocul \u00eencurajeaz\u0103 creativitatea \u0219i g\u00e2ndirea critic\u0103.<\/p>","protected":false},"excerpt":{"rendered":"<p>Aceast\u0103 juc\u0103rie educativ\u0103 este ideal\u0103 pentru copiii afla\u021bi \u00een primele etape ale \u00eenv\u0103\u021b\u0103rii \u0219i dezvolt\u0103rii abilit\u0103\u021bilor lingvistice. Proiectat\u0103 cu cuburi de lemn care se rotesc, juc\u0103ria permite copiilor s\u0103 formeze cuvinte \u00een limba englez\u0103, dezvolt\u00e2nd astfel ortografia \u0219i recunoa\u0219terea literelor.<\/p>","protected":false},"featured_media":3866,"comment_status":"open","ping_status":"closed","template":"","meta":{"site-sidebar-layout":"default","site-content-layout":"","ast-site-content-layout":"default","site-content-style":"default","site-sidebar-style":"default","ast-global-header-display":"","ast-banner-title-visibility":"","ast-main-header-display":"","ast-hfb-above-header-display":"","ast-hfb-below-header-display":"","ast-hfb-mobile-header-display":"","site-post-title":"","ast-breadcrumbs-content":"","ast-featured-img":"","footer-sml-layout":"","ast-disable-related-posts":"","theme-transparent-header-meta":"","adv-header-id-meta":"","stick-header-meta":"","header-above-stick-meta":"","header-main-stick-meta":"","header-below-stick-meta":"","astra-migrate-meta-layouts":"default","ast-page-background-enabled":"default","ast-page-background-meta":{"desktop":{"background-color":"var(--ast-global-color-5)","background-image":"","background-repeat":"repeat","background-position":"center center","background-size":"auto","background-attachment":"scroll","background-type":"","background-media":"","overlay-type":"","overlay-color":"","overlay-opacity":"","overlay-gradient":""},"tablet":{"background-color":"","background-image":"","background-repeat":"repeat","background-position":"center center","background-size":"auto","background-attachment":"scroll","background-type":"","background-media":"","overlay-type":"","overlay-color":"","overlay-opacity":"","overlay-gradient":""},"mobile":{"background-color":"","background-image":"","background-repeat":"repeat","background-position":"center center","background-size":"auto","background-attachment":"scroll","background-type":"","background-media":"","overlay-type":"","overlay-color":"","overlay-opacity":"","overlay-gradient":""}},"ast-content-background-meta":{"desktop":{"background-color":"var(--ast-global-color-4)","background-image":"","background-repeat":"repeat","background-position":"center center","background-size":"auto","background-attachment":"scroll","background-type":"","background-media":"","overlay-type":"","overlay-color":"","overlay-opacity":"","overlay-gradient":""},"tablet":{"background-color":"var(--ast-global-color-4)","background-image":"","background-repeat":"repeat","background-position":"center center","background-size":"auto","background-attachment":"scroll","background-type":"","background-media":"","overlay-type":"","overlay-color":"","overlay-opacity":"","overlay-gradient":""},"mobile":{"background-color":"var(--ast-global-color-4)","background-image":"","background-repeat":"repeat","background-position":"center center","background-size":"auto","background-attachment":"scroll","background-type":"","background-media":"","overlay-type":"","overlay-color":"","overlay-opacity":"","overlay-gradient":""}}},"product_brand":[107],"product_cat":[42,43,44,50,56,47,30,55,26],"product_tag":[],"class_list":{"0":"post-6328","1":"product","2":"type-product","3":"status-publish","4":"has-post-thumbnail","6":"product_brand-ngs","7":"product_cat-42","8":"product_cat-43","9":"product_cat-44","10":"product_cat-50","11":"product_cat-56","12":"product_cat-47","13":"product_cat--6-9-","14":"product_cat-55","15":"product_cat-26","16":"desktop-align-left","17":"tablet-align-left","18":"mobile-align-left","20":"first","21":"instock","22":"taxable","23":"shipping-taxable","24":"purchasable","25":"product-type-simple"},"_links":{"self":[{"href":"https:\/\/stem-eshop.gr\/ro\/wp-json\/wp\/v2\/product\/6328","targetHints":{"allow":["GET"]}}],"collection":[{"href":"https:\/\/stem-eshop.gr\/ro\/wp-json\/wp\/v2\/product"}],"about":[{"href":"https:\/\/stem-eshop.gr\/ro\/wp-json\/wp\/v2\/types\/product"}],"replies":[{"embeddable":true,"href":"https:\/\/stem-eshop.gr\/ro\/wp-json\/wp\/v2\/comments?post=6328"}],"wp:featuredmedia":[{"embeddable":true,"href":"https:\/\/stem-eshop.gr\/ro\/wp-json\/wp\/v2\/media\/3866"}],"wp:attachment":[{"href":"https:\/\/stem-eshop.gr\/ro\/wp-json\/wp\/v2\/media?parent=6328"}],"wp:term":[{"taxonomy":"product_brand","embeddable":true,"href":"https:\/\/stem-eshop.gr\/ro\/wp-json\/wp\/v2\/product_brand?post=6328"},{"taxonomy":"product_cat","embeddable":true,"href":"https:\/\/stem-eshop.gr\/ro\/wp-json\/wp\/v2\/product_cat?post=6328"},{"taxonomy":"product_tag","embeddable":true,"href":"https:\/\/stem-eshop.gr\/ro\/wp-json\/wp\/v2\/product_tag?post=6328"}],"curies":[{"name":"wp","href":"https:\/\/api.w.org\/{rel}","templated":true}]}}