{"id":6322,"date":"2025-05-19T07:28:51","date_gmt":"2025-05-19T07:28:51","guid":{"rendered":"https:\/\/stem-eshop.gr\/product\/%ce%be%cf%8d%ce%bb%ce%b9%ce%bd%ce%bf-%ce%b5%ce%ba%cf%80%ce%b1%ce%b9%ce%b4%ce%b5%cf%85%cf%84%ce%b9%ce%ba%cf%8c-%cf%80%ce%b1%ce%b9%cf%87%ce%bd%ce%af%ce%b4%ce%b9-%ce%bc%ce%b5-%ce%b2%ce%af%ce%b4%ce%b5\/"},"modified":"2025-12-17T21:49:09","modified_gmt":"2025-12-17T18:49:09","slug":"%ce%be%cf%8d%ce%bb%ce%b9%ce%bd%ce%bf-%ce%b5%ce%ba%cf%80%ce%b1%ce%b9%ce%b4%ce%b5%cf%85%cf%84%ce%b9%ce%ba%cf%8c-%cf%80%ce%b1%ce%b9%cf%87%ce%bd%ce%af%ce%b4%ce%b9-%ce%bc%ce%b5-%ce%b2%ce%af%ce%b4%ce%b5","status":"publish","type":"product","link":"https:\/\/stem-eshop.gr\/ro\/produs\/%ce%be%cf%8d%ce%bb%ce%b9%ce%bd%ce%bf-%ce%b5%ce%ba%cf%80%ce%b1%ce%b9%ce%b4%ce%b5%cf%85%cf%84%ce%b9%ce%ba%cf%8c-%cf%80%ce%b1%ce%b9%cf%87%ce%bd%ce%af%ce%b4%ce%b9-%ce%bc%ce%b5-%ce%b2%ce%af%ce%b4%ce%b5\/","title":{"rendered":"Juc\u0103rie educativ\u0103 din lemn cu \u0219uruburi"},"content":{"rendered":"<p>Juc\u0103ria include o pies\u0103 de lemn care poate fi conectat\u0103 cu \u0219uruburi, permi\u021b\u00e2nd copiilor s\u0103 exerseze asamblarea \u0219i dezasamblarea.<\/p>\n<p>Piesele de joc au diverse forme \u0219i culori, \u00eencuraj\u00e2ndu-i pe copii s\u0103 le potriveasc\u0103 corect \u0219i s\u0103 \u00eenve\u021be despre formele \u0219i culorile geometrice de baz\u0103.<\/p>\n<p>Jocul include o variant\u0103 de Sudoku cu blocuri de lemn, unde copiii trebuie s\u0103 plaseze piesele \u00een locul corect, conform regulilor jocului.<\/p>","protected":false},"excerpt":{"rendered":"<p>Acest joc este ideal pentru pre\u0219colari, oferind o experien\u021b\u0103 pl\u0103cut\u0103, distractiv\u0103 \u0219i care promoveaz\u0103 dezvoltarea abilit\u0103\u021bilor lor de baz\u0103.<\/p>","protected":false},"featured_media":3844,"comment_status":"open","ping_status":"closed","template":"","meta":{"site-sidebar-layout":"default","site-content-layout":"","ast-site-content-layout":"default","site-content-style":"default","site-sidebar-style":"default","ast-global-header-display":"","ast-banner-title-visibility":"","ast-main-header-display":"","ast-hfb-above-header-display":"","ast-hfb-below-header-display":"","ast-hfb-mobile-header-display":"","site-post-title":"","ast-breadcrumbs-content":"","ast-featured-img":"","footer-sml-layout":"","ast-disable-related-posts":"","theme-transparent-header-meta":"default","adv-header-id-meta":"","stick-header-meta":"","header-above-stick-meta":"","header-main-stick-meta":"","header-below-stick-meta":"","astra-migrate-meta-layouts":"set","ast-page-background-enabled":"default","ast-page-background-meta":{"desktop":{"background-color":"var(--ast-global-color-5)","background-image":"","background-repeat":"repeat","background-position":"center center","background-size":"auto","background-attachment":"scroll","background-type":"","background-media":"","overlay-type":"","overlay-color":"","overlay-opacity":"","overlay-gradient":""},"tablet":{"background-color":"","background-image":"","background-repeat":"repeat","background-position":"center center","background-size":"auto","background-attachment":"scroll","background-type":"","background-media":"","overlay-type":"","overlay-color":"","overlay-opacity":"","overlay-gradient":""},"mobile":{"background-color":"","background-image":"","background-repeat":"repeat","background-position":"center center","background-size":"auto","background-attachment":"scroll","background-type":"","background-media":"","overlay-type":"","overlay-color":"","overlay-opacity":"","overlay-gradient":""}},"ast-content-background-meta":{"desktop":{"background-color":"var(--ast-global-color-4)","background-image":"","background-repeat":"repeat","background-position":"center center","background-size":"auto","background-attachment":"scroll","background-type":"","background-media":"","overlay-type":"","overlay-color":"","overlay-opacity":"","overlay-gradient":""},"tablet":{"background-color":"var(--ast-global-color-4)","background-image":"","background-repeat":"repeat","background-position":"center center","background-size":"auto","background-attachment":"scroll","background-type":"","background-media":"","overlay-type":"","overlay-color":"","overlay-opacity":"","overlay-gradient":""},"mobile":{"background-color":"var(--ast-global-color-4)","background-image":"","background-repeat":"repeat","background-position":"center center","background-size":"auto","background-attachment":"scroll","background-type":"","background-media":"","overlay-type":"","overlay-color":"","overlay-opacity":"","overlay-gradient":""}}},"product_brand":[107],"product_cat":[44,50,56,47,37,57,30,55,26],"product_tag":[],"class_list":{"0":"post-6322","1":"product","2":"type-product","3":"status-publish","4":"has-post-thumbnail","6":"product_brand-ngs","7":"product_cat-44","8":"product_cat-50","9":"product_cat-56","10":"product_cat-47","11":"product_cat-37","12":"product_cat-57","13":"product_cat--6-9-","14":"product_cat-55","15":"product_cat-26","16":"desktop-align-left","17":"tablet-align-left","18":"mobile-align-left","20":"first","21":"instock","22":"taxable","23":"shipping-taxable","24":"purchasable","25":"product-type-simple"},"_links":{"self":[{"href":"https:\/\/stem-eshop.gr\/ro\/wp-json\/wp\/v2\/product\/6322","targetHints":{"allow":["GET"]}}],"collection":[{"href":"https:\/\/stem-eshop.gr\/ro\/wp-json\/wp\/v2\/product"}],"about":[{"href":"https:\/\/stem-eshop.gr\/ro\/wp-json\/wp\/v2\/types\/product"}],"replies":[{"embeddable":true,"href":"https:\/\/stem-eshop.gr\/ro\/wp-json\/wp\/v2\/comments?post=6322"}],"wp:featuredmedia":[{"embeddable":true,"href":"https:\/\/stem-eshop.gr\/ro\/wp-json\/wp\/v2\/media\/3844"}],"wp:attachment":[{"href":"https:\/\/stem-eshop.gr\/ro\/wp-json\/wp\/v2\/media?parent=6322"}],"wp:term":[{"taxonomy":"product_brand","embeddable":true,"href":"https:\/\/stem-eshop.gr\/ro\/wp-json\/wp\/v2\/product_brand?post=6322"},{"taxonomy":"product_cat","embeddable":true,"href":"https:\/\/stem-eshop.gr\/ro\/wp-json\/wp\/v2\/product_cat?post=6322"},{"taxonomy":"product_tag","embeddable":true,"href":"https:\/\/stem-eshop.gr\/ro\/wp-json\/wp\/v2\/product_tag?post=6322"}],"curies":[{"name":"wp","href":"https:\/\/api.w.org\/{rel}","templated":true}]}}