{"id":6299,"date":"2025-05-19T07:28:17","date_gmt":"2025-05-19T07:28:17","guid":{"rendered":"https:\/\/stem-eshop.gr\/product\/lego-education-steam-park\/"},"modified":"2025-10-23T11:12:06","modified_gmt":"2025-10-23T08:12:06","slug":"lego-education-steam-park","status":"publish","type":"product","link":"https:\/\/stem-eshop.gr\/ro\/produs\/lego-education-steam-park\/","title":{"rendered":"Parcul STEAM LEGO\u00ae Education"},"content":{"rendered":"<p><span style=\"background-color: #ffffff\"><span style=\"color: #0d0d0d;font-family: 'ui-sans-serif', '-apple-system', 'system-ui', 'Segoe UI', Roboto, Ubuntu, Cantarell, 'Noto Sans', sans-serif, Helvetica, 'Apple Color Emoji', Arial, 'Segoe UI Emoji', 'Segoe UI Symbol'\"><span style=\"font-size: 16px\">Fiecare kit include: 295 de c\u0103r\u0103mizi LEGO DUPLO, inclusiv angrenaje, scripe\u021bi, b\u0103rci \u0219i figurine 8 c\u0103r\u021bi fa\u021b\u0103-verso cu instruc\u021biuni pentru construirea a 16 modele Ghid pentru profesor cu 8 lec\u021bii 5 c\u0103r\u021bi cu activit\u0103\u021bi pentru joc creativ<\/span><\/span><\/span><\/p>\n<p style=\"text-align: justify\"><span style=\"color: #0d0d0d;font-family: 'ui-sans-serif', '-apple-system', 'system-ui', 'Segoe UI', Roboto, Ubuntu, Cantarell, 'Noto Sans', sans-serif, Helvetica, 'Apple Color Emoji', Arial, 'Segoe UI Emoji', 'Segoe UI Symbol';font-size: 16px;background-color: #ffffff\">Posibilit\u0103\u021bile oferite de STEAM Park sunt nelimitate. <\/span><\/p>\n<p style=\"text-align: justify\"><span style=\"color: #0d0d0d;font-family: 'ui-sans-serif', '-apple-system', 'system-ui', 'Segoe UI', Roboto, Ubuntu, Cantarell, 'Noto Sans', sans-serif, Helvetica, 'Apple Color Emoji', Arial, 'Segoe UI Emoji', 'Segoe UI Symbol';font-size: 16px;background-color: #ffffff\">Pe m\u0103sur\u0103 ce copiii lucreaz\u0103 \u00eempreun\u0103 pentru a construi parcul, ei dezvolt\u0103 o \u00een\u021belegere a uneltelor, a mi\u0219c\u0103rii, a m\u0103sur\u0103rii \u0219i a rezolv\u0103rii problemelor. Acest lucru se face \u00eentr-un mod distractiv \u0219i captivant, care \u00eei men\u021bine pe copii implica\u021bi. Fiecare excursie la Parcul STEAM este o oportunitate pentru copii de a \u00eenv\u0103\u021ba \u0219i de a dezvolta abilit\u0103\u021bi importante prin joc.<\/span><\/p>\n<p style=\"text-align: justify\">","protected":false},"excerpt":{"rendered":"<p style=\"text-align: justify\"><span style=\"color: #0d0d0d;font-family: 'ui-sans-serif', '-apple-system', 'system-ui', 'Segoe UI', Roboto, Ubuntu, Cantarell, 'Noto Sans', sans-serif, Helvetica, 'Apple Color Emoji', Arial, 'Segoe UI Emoji', 'Segoe UI Symbol';font-size: 16px;background-color: #ffffff\">Parcul STEAM inspir\u0103 copiii s\u0103 creeze, s\u0103 exploreze \u0219i s\u0103 descopere lumea \u0219tiin\u021bei, tehnologiei, ingineriei, artei \u0219i matematicii timpurii prin joc. Posibilit\u0103\u021bile sunt nelimitate pe m\u0103sur\u0103 ce construiesc un Parc STEAM cu atrac\u021bii dinamice, jocuri \u0219i scene distractive, folosind c\u0103r\u0103mizi speciale LEGO\u00ae DUPLO\u00ae. Cu fiecare vizit\u0103 la Parcul STEAM, copiii \u00eenva\u021b\u0103 despre unelte, mi\u0219care, m\u0103surare \u0219i rezolvarea problemelor \u00eentr-un mod distractiv \u0219i captivant.<\/span><\/p>","protected":false},"featured_media":3687,"comment_status":"open","ping_status":"closed","template":"","meta":{"site-sidebar-layout":"default","site-content-layout":"","ast-site-content-layout":"default","site-content-style":"default","site-sidebar-style":"default","ast-global-header-display":"","ast-banner-title-visibility":"","ast-main-header-display":"","ast-hfb-above-header-display":"","ast-hfb-below-header-display":"","ast-hfb-mobile-header-display":"","site-post-title":"","ast-breadcrumbs-content":"","ast-featured-img":"","footer-sml-layout":"","ast-disable-related-posts":"","theme-transparent-header-meta":"default","adv-header-id-meta":"","stick-header-meta":"","header-above-stick-meta":"","header-main-stick-meta":"","header-below-stick-meta":"","astra-migrate-meta-layouts":"set","ast-page-background-enabled":"default","ast-page-background-meta":{"desktop":{"background-color":"var(--ast-global-color-5)","background-image":"","background-repeat":"repeat","background-position":"center center","background-size":"auto","background-attachment":"scroll","background-type":"","background-media":"","overlay-type":"","overlay-color":"","overlay-opacity":"","overlay-gradient":""},"tablet":{"background-color":"","background-image":"","background-repeat":"repeat","background-position":"center center","background-size":"auto","background-attachment":"scroll","background-type":"","background-media":"","overlay-type":"","overlay-color":"","overlay-opacity":"","overlay-gradient":""},"mobile":{"background-color":"","background-image":"","background-repeat":"repeat","background-position":"center center","background-size":"auto","background-attachment":"scroll","background-type":"","background-media":"","overlay-type":"","overlay-color":"","overlay-opacity":"","overlay-gradient":""}},"ast-content-background-meta":{"desktop":{"background-color":"var(--ast-global-color-4)","background-image":"","background-repeat":"repeat","background-position":"center center","background-size":"auto","background-attachment":"scroll","background-type":"","background-media":"","overlay-type":"","overlay-color":"","overlay-opacity":"","overlay-gradient":""},"tablet":{"background-color":"var(--ast-global-color-4)","background-image":"","background-repeat":"repeat","background-position":"center center","background-size":"auto","background-attachment":"scroll","background-type":"","background-media":"","overlay-type":"","overlay-color":"","overlay-opacity":"","overlay-gradient":""},"mobile":{"background-color":"var(--ast-global-color-4)","background-image":"","background-repeat":"repeat","background-position":"center center","background-size":"auto","background-attachment":"scroll","background-type":"","background-media":"","overlay-type":"","overlay-color":"","overlay-opacity":"","overlay-gradient":""}}},"product_brand":[105],"product_cat":[43,38,29,37,32,26,48,59],"product_tag":[],"class_list":{"0":"post-6299","1":"product","2":"type-product","3":"status-publish","4":"has-post-thumbnail","6":"product_brand-lego","7":"product_cat-43","8":"product_cat-38","9":"product_cat-29","10":"product_cat-37","11":"product_cat-32","12":"product_cat-26","13":"product_cat-48","14":"product_cat-59","15":"desktop-align-left","16":"tablet-align-left","17":"mobile-align-left","19":"first","20":"instock","21":"taxable","22":"shipping-taxable","23":"purchasable","24":"product-type-simple"},"_links":{"self":[{"href":"https:\/\/stem-eshop.gr\/ro\/wp-json\/wp\/v2\/product\/6299","targetHints":{"allow":["GET"]}}],"collection":[{"href":"https:\/\/stem-eshop.gr\/ro\/wp-json\/wp\/v2\/product"}],"about":[{"href":"https:\/\/stem-eshop.gr\/ro\/wp-json\/wp\/v2\/types\/product"}],"replies":[{"embeddable":true,"href":"https:\/\/stem-eshop.gr\/ro\/wp-json\/wp\/v2\/comments?post=6299"}],"wp:featuredmedia":[{"embeddable":true,"href":"https:\/\/stem-eshop.gr\/ro\/wp-json\/wp\/v2\/media\/3687"}],"wp:attachment":[{"href":"https:\/\/stem-eshop.gr\/ro\/wp-json\/wp\/v2\/media?parent=6299"}],"wp:term":[{"taxonomy":"product_brand","embeddable":true,"href":"https:\/\/stem-eshop.gr\/ro\/wp-json\/wp\/v2\/product_brand?post=6299"},{"taxonomy":"product_cat","embeddable":true,"href":"https:\/\/stem-eshop.gr\/ro\/wp-json\/wp\/v2\/product_cat?post=6299"},{"taxonomy":"product_tag","embeddable":true,"href":"https:\/\/stem-eshop.gr\/ro\/wp-json\/wp\/v2\/product_tag?post=6299"}],"curies":[{"name":"wp","href":"https:\/\/api.w.org\/{rel}","templated":true}]}}