{"id":8368,"date":"2025-05-23T13:43:18","date_gmt":"2025-05-23T10:43:18","guid":{"rendered":"https:\/\/stem-eshop.gr\/?post_type=product&#038;p=8368"},"modified":"2025-05-23T13:43:19","modified_gmt":"2025-05-23T10:43:19","slug":"50-models-motorized-set-multi-model-set","status":"publish","type":"product","link":"https:\/\/stem-eshop.gr\/hu\/termek\/50-models-motorized-set-multi-model-set\/","title":{"rendered":"50 MODELL MOTORIZ\u00c1LT K\u00c9SZLET - T\u00d6BBMODELLES K\u00c9SZLET"},"content":{"rendered":"<p>A klasszikus \u00e9p\u00edt\u00e9si rendszert alkalmazz\u00e1k, \u00edgy a k\u00e9szletek 6 \u00e9ves kort\u00f3l alkalmasak gyermekek sz\u00e1m\u00e1ra, egy k\u00f6ztes l\u00e9p\u00e9st k\u00edn\u00e1lva a Qboidz \u00e9s a Mechanics sorozat k\u00f6z\u00f6tt. A kreativit\u00e1s fejleszt\u00e9se \u00e1ll a sorozat k\u00f6z\u00e9ppontj\u00e1ban, a k\u00e9szletek 10 modellt\u0151l 120 modellig terjednek!<\/p>\n<p>Minden, 30 vagy t\u00f6bb modellt tartalmaz\u00f3 k\u00e9szlet tartalmazza az \u00faj ENGINO\u00ae 2 sebess\u00e9ges motort, amellyel olyan \u00e9p\u00edtm\u00e9nyeket mozgathatsz, mint az aut\u00f3k, daruk, dinoszauruszok \u00e9s helikopterek. Csak a gyermek k\u00e9pzelete szab hat\u00e1rt!<\/p>","protected":false},"excerpt":{"rendered":"<p>Az \u00faj CREATIVE BUILDER \u2013 Multimodel sorozat a rendk\u00edv\u00fcl sikeres INVENTOR 2017 term\u00e9kcsal\u00e1d leg\u00fajabb friss\u00edt\u00e9se, amely az ENGINO\u00ae legjav\u00e1t mutatja be: a lehet\u0151 legt\u00f6bb modell gyors \u00e9s egyszer\u0171 meg\u00e9p\u00edt\u00e9s\u00e9nek lehet\u0151s\u00e9g\u00e9t!<\/p>","protected":false},"featured_media":8376,"comment_status":"open","ping_status":"closed","template":"","meta":{"site-sidebar-layout":"default","site-content-layout":"","ast-site-content-layout":"default","site-content-style":"default","site-sidebar-style":"default","ast-global-header-display":"","ast-banner-title-visibility":"","ast-main-header-display":"","ast-hfb-above-header-display":"","ast-hfb-below-header-display":"","ast-hfb-mobile-header-display":"","site-post-title":"","ast-breadcrumbs-content":"","ast-featured-img":"","footer-sml-layout":"","ast-disable-related-posts":"","theme-transparent-header-meta":"default","adv-header-id-meta":"","stick-header-meta":"","header-above-stick-meta":"","header-main-stick-meta":"","header-below-stick-meta":"","astra-migrate-meta-layouts":"set","ast-page-background-enabled":"default","ast-page-background-meta":{"desktop":{"background-color":"var(--ast-global-color-5)","background-image":"","background-repeat":"repeat","background-position":"center center","background-size":"auto","background-attachment":"scroll","background-type":"","background-media":"","overlay-type":"","overlay-color":"","overlay-opacity":"","overlay-gradient":""},"tablet":{"background-color":"","background-image":"","background-repeat":"repeat","background-position":"center center","background-size":"auto","background-attachment":"scroll","background-type":"","background-media":"","overlay-type":"","overlay-color":"","overlay-opacity":"","overlay-gradient":""},"mobile":{"background-color":"","background-image":"","background-repeat":"repeat","background-position":"center center","background-size":"auto","background-attachment":"scroll","background-type":"","background-media":"","overlay-type":"","overlay-color":"","overlay-opacity":"","overlay-gradient":""}},"ast-content-background-meta":{"desktop":{"background-color":"var(--ast-global-color-4)","background-image":"","background-repeat":"repeat","background-position":"center center","background-size":"auto","background-attachment":"scroll","background-type":"","background-media":"","overlay-type":"","overlay-color":"","overlay-opacity":"","overlay-gradient":""},"tablet":{"background-color":"var(--ast-global-color-4)","background-image":"","background-repeat":"repeat","background-position":"center center","background-size":"auto","background-attachment":"scroll","background-type":"","background-media":"","overlay-type":"","overlay-color":"","overlay-opacity":"","overlay-gradient":""},"mobile":{"background-color":"var(--ast-global-color-4)","background-image":"","background-repeat":"repeat","background-position":"center center","background-size":"auto","background-attachment":"scroll","background-type":"","background-media":"","overlay-type":"","overlay-color":"","overlay-opacity":"","overlay-gradient":""}}},"product_brand":[95],"product_cat":[43,52,29,32,57,35,30,34,59],"product_tag":[],"class_list":{"0":"post-8368","1":"product","2":"type-product","3":"status-publish","4":"has-post-thumbnail","6":"product_brand-engino","7":"product_cat-43","8":"product_cat-52","9":"product_cat-29","10":"product_cat-32","11":"product_cat-57","12":"product_cat--10-12-","13":"product_cat--6-9-","14":"product_cat-34","15":"product_cat-59","16":"desktop-align-left","17":"tablet-align-left","18":"mobile-align-left","20":"first","21":"instock","22":"taxable","23":"shipping-taxable","24":"purchasable","25":"product-type-simple"},"_links":{"self":[{"href":"https:\/\/stem-eshop.gr\/hu\/wp-json\/wp\/v2\/product\/8368","targetHints":{"allow":["GET"]}}],"collection":[{"href":"https:\/\/stem-eshop.gr\/hu\/wp-json\/wp\/v2\/product"}],"about":[{"href":"https:\/\/stem-eshop.gr\/hu\/wp-json\/wp\/v2\/types\/product"}],"replies":[{"embeddable":true,"href":"https:\/\/stem-eshop.gr\/hu\/wp-json\/wp\/v2\/comments?post=8368"}],"wp:featuredmedia":[{"embeddable":true,"href":"https:\/\/stem-eshop.gr\/hu\/wp-json\/wp\/v2\/media\/8376"}],"wp:attachment":[{"href":"https:\/\/stem-eshop.gr\/hu\/wp-json\/wp\/v2\/media?parent=8368"}],"wp:term":[{"taxonomy":"product_brand","embeddable":true,"href":"https:\/\/stem-eshop.gr\/hu\/wp-json\/wp\/v2\/product_brand?post=8368"},{"taxonomy":"product_cat","embeddable":true,"href":"https:\/\/stem-eshop.gr\/hu\/wp-json\/wp\/v2\/product_cat?post=8368"},{"taxonomy":"product_tag","embeddable":true,"href":"https:\/\/stem-eshop.gr\/hu\/wp-json\/wp\/v2\/product_tag?post=8368"}],"curies":[{"name":"wp","href":"https:\/\/api.w.org\/{rel}","templated":true}]}}