{"id":7700,"date":"2025-05-21T12:46:18","date_gmt":"2025-05-21T12:46:18","guid":{"rendered":"https:\/\/stem-eshop.gr\/product\/inventor-motorized-%ce%b1%ce%b3%cf%89%ce%bd%ce%b9%cf%83%cf%84%ce%b9%ce%ba%cf%8c-%ce%b1%cf%85%cf%84%ce%bf%ce%ba%ce%af%ce%bd%ce%b7%cf%84%ce%bf-%ce%bc%ce%b5-10-%ce%bc%ce%bf%ce%bd%cf%84%ce%ad%ce%bb-2\/"},"modified":"2025-05-28T10:51:59","modified_gmt":"2025-05-28T07:51:59","slug":"inventor-motorized-%ce%b1%ce%b3%cf%89%ce%bd%ce%b9%cf%83%cf%84%ce%b9%ce%ba%cf%8c-%ce%b1%cf%85%cf%84%ce%bf%ce%ba%ce%af%ce%bd%ce%b7%cf%84%ce%bf-%ce%bc%ce%b5-10-%ce%bc%ce%bf%ce%bd%cf%84%ce%ad%ce%bb-2","status":"publish","type":"product","link":"https:\/\/stem-eshop.gr\/hu\/termek\/inventor-motorized-%ce%b1%ce%b3%cf%89%ce%bd%ce%b9%cf%83%cf%84%ce%b9%ce%ba%cf%8c-%ce%b1%cf%85%cf%84%ce%bf%ce%ba%ce%af%ce%bd%ce%b7%cf%84%ce%bf-%ce%bc%ce%b5-10-%ce%bc%ce%bf%ce%bd%cf%84%ce%ad%ce%bb-2\/","title":{"rendered":"INVENTOR MOTORIZ\u00c1LT \"versenyaut\u00f3\" 10 b\u00f3nusz modellel."},"content":{"rendered":"<p>Ezek az alkatr\u00e9szek nagy pontoss\u00e1g\u00fa kerekeket, mechanizmusokat \u00e9s \u00edvelt fel\u00fcleteket tartalmaznak bepattinthat\u00f3 r\u00f6gz\u00edt\u00e9ssel.<\/p>\n<p>Ez a k\u00e9szlet egy hajt\u00f3m\u0171ves motor hozz\u00e1ad\u00e1s\u00e1val kih\u00edv\u00e1st jelent a gyerekeknek.<\/p>\n<p>Alkalmas otthoni oktat\u00e1shoz<\/p>\n<p>3D \u00e9p\u00edt\u0151<\/p>","protected":false},"excerpt":{"rendered":"<p>Az \u00faj INVENTOR sorozat tematikus megk\u00f6zel\u00edt\u00e9st alkalmaz, t\u00f6bb modell l\u00e9trehoz\u00e1si k\u00e9pess\u00e9ggel, bele\u00e9rtve egy leny\u0171g\u00f6z\u0151 mestermodellt is. Az ENGINO\u00ae rendszerhez egy \u00faj, szabadalmaztat\u00e1s alatt \u00e1ll\u00f3 komponensekb\u0151l \u00e1ll\u00f3 k\u00f6nyvt\u00e1r ker\u00fclt, amely mind az eszt\u00e9tik\u00e1t, mind a m\u0171szaki jellemz\u0151ket jav\u00edtja.<\/p>","protected":false},"featured_media":8315,"comment_status":"open","ping_status":"closed","template":"","meta":{"site-sidebar-layout":"default","site-content-layout":"","ast-site-content-layout":"default","site-content-style":"default","site-sidebar-style":"default","ast-global-header-display":"","ast-banner-title-visibility":"","ast-main-header-display":"","ast-hfb-above-header-display":"","ast-hfb-below-header-display":"","ast-hfb-mobile-header-display":"","site-post-title":"","ast-breadcrumbs-content":"","ast-featured-img":"","footer-sml-layout":"","ast-disable-related-posts":"","theme-transparent-header-meta":"default","adv-header-id-meta":"","stick-header-meta":"","header-above-stick-meta":"","header-main-stick-meta":"","header-below-stick-meta":"","astra-migrate-meta-layouts":"set","ast-page-background-enabled":"default","ast-page-background-meta":{"desktop":{"background-color":"var(--ast-global-color-5)","background-image":"","background-repeat":"repeat","background-position":"center center","background-size":"auto","background-attachment":"scroll","background-type":"","background-media":"","overlay-type":"","overlay-color":"","overlay-opacity":"","overlay-gradient":""},"tablet":{"background-color":"","background-image":"","background-repeat":"repeat","background-position":"center center","background-size":"auto","background-attachment":"scroll","background-type":"","background-media":"","overlay-type":"","overlay-color":"","overlay-opacity":"","overlay-gradient":""},"mobile":{"background-color":"","background-image":"","background-repeat":"repeat","background-position":"center center","background-size":"auto","background-attachment":"scroll","background-type":"","background-media":"","overlay-type":"","overlay-color":"","overlay-opacity":"","overlay-gradient":""}},"ast-content-background-meta":{"desktop":{"background-color":"var(--ast-global-color-4)","background-image":"","background-repeat":"repeat","background-position":"center center","background-size":"auto","background-attachment":"scroll","background-type":"","background-media":"","overlay-type":"","overlay-color":"","overlay-opacity":"","overlay-gradient":""},"tablet":{"background-color":"var(--ast-global-color-4)","background-image":"","background-repeat":"repeat","background-position":"center center","background-size":"auto","background-attachment":"scroll","background-type":"","background-media":"","overlay-type":"","overlay-color":"","overlay-opacity":"","overlay-gradient":""},"mobile":{"background-color":"var(--ast-global-color-4)","background-image":"","background-repeat":"repeat","background-position":"center center","background-size":"auto","background-attachment":"scroll","background-type":"","background-media":"","overlay-type":"","overlay-color":"","overlay-opacity":"","overlay-gradient":""}}},"product_brand":[95],"product_cat":[39,38,29,56,32,57,35,40,30,59,58],"product_tag":[],"class_list":{"0":"post-7700","1":"product","2":"type-product","3":"status-publish","4":"has-post-thumbnail","6":"product_brand-engino","7":"product_cat-39","8":"product_cat-38","9":"product_cat-29","10":"product_cat-56","11":"product_cat-32","12":"product_cat-57","13":"product_cat--10-12-","14":"product_cat--12-","15":"product_cat--6-9-","16":"product_cat-59","17":"product_cat-58","18":"desktop-align-left","19":"tablet-align-left","20":"mobile-align-left","22":"first","23":"instock","24":"taxable","25":"shipping-taxable","26":"purchasable","27":"product-type-simple"},"_links":{"self":[{"href":"https:\/\/stem-eshop.gr\/hu\/wp-json\/wp\/v2\/product\/7700","targetHints":{"allow":["GET"]}}],"collection":[{"href":"https:\/\/stem-eshop.gr\/hu\/wp-json\/wp\/v2\/product"}],"about":[{"href":"https:\/\/stem-eshop.gr\/hu\/wp-json\/wp\/v2\/types\/product"}],"replies":[{"embeddable":true,"href":"https:\/\/stem-eshop.gr\/hu\/wp-json\/wp\/v2\/comments?post=7700"}],"wp:featuredmedia":[{"embeddable":true,"href":"https:\/\/stem-eshop.gr\/hu\/wp-json\/wp\/v2\/media\/8315"}],"wp:attachment":[{"href":"https:\/\/stem-eshop.gr\/hu\/wp-json\/wp\/v2\/media?parent=7700"}],"wp:term":[{"taxonomy":"product_brand","embeddable":true,"href":"https:\/\/stem-eshop.gr\/hu\/wp-json\/wp\/v2\/product_brand?post=7700"},{"taxonomy":"product_cat","embeddable":true,"href":"https:\/\/stem-eshop.gr\/hu\/wp-json\/wp\/v2\/product_cat?post=7700"},{"taxonomy":"product_tag","embeddable":true,"href":"https:\/\/stem-eshop.gr\/hu\/wp-json\/wp\/v2\/product_tag?post=7700"}],"curies":[{"name":"wp","href":"https:\/\/api.w.org\/{rel}","templated":true}]}}