{"id":7548,"date":"2025-05-19T10:42:39","date_gmt":"2025-05-19T10:42:39","guid":{"rendered":"https:\/\/stem-eshop.gr\/product\/creative-builder-15-models-multimodel-set\/"},"modified":"2025-08-04T19:41:03","modified_gmt":"2025-08-04T16:41:03","slug":"creative-builder-15-models-multimodel-set","status":"publish","type":"product","link":"https:\/\/stem-eshop.gr\/hu\/termek\/creative-builder-15-models-multimodel-set\/","title":{"rendered":"KREAT\u00cdV \u00c9P\u00cdT\u0150 15 MODELLES T\u00d6BBMODELLES K\u00c9SZLET"},"content":{"rendered":"<p>Az \u00faj CREATIVE BUILDER \u2013 T\u00f6bbmodell sorozat a sikeres INVENTOR 2017 term\u00e9kcsal\u00e1d leg\u00fajabb fejleszt\u00e9se, amely az ENGINO\u00ae legjav\u00e1t mutatja be: a lehet\u0151 legt\u00f6bb modell gyors \u00e9s egyszer\u0171 meg\u00e9p\u00edt\u00e9s\u00e9nek lehet\u0151s\u00e9g\u00e9t! A klasszikus \u00e9p\u00edt\u00e9si rendszert alkalmazz\u00e1k, \u00edgy a k\u00e9szletek 6 \u00e9ves vagy ann\u00e1l id\u0151sebb gyermekek sz\u00e1m\u00e1ra alkalmasak, k\u00f6ztes l\u00e9p\u00e9st biztos\u00edtva a Qboidz \u00e9s a Mechanics sorozat k\u00f6z\u00f6tt. A kreativit\u00e1s fejleszt\u00e9se a sorozat f\u0151 hangs\u00falya, a 10 modelles k\u00e9szletekt\u0151l kezdve a 120 modelles k\u00e9szletekig! Minden 30 vagy ann\u00e1l nagyobb modellt tartalmaz\u00f3 k\u00e9szlet tartalmazza az \u00faj ENGINO\u00ae 2 sebess\u00e9ges motort az \u00e9p\u00edtm\u00e9nyek mozgat\u00e1s\u00e1hoz, az aut\u00f3kt\u00f3l a darukig, dinoszauruszokig \u00e9s helikopterekig. Csak a gyermek k\u00e9pzelete szab hat\u00e1rt!<\/p>","protected":false},"excerpt":{"rendered":"<p>6 \u00e9ves kort\u00f3l ez a t\u00f6bb modellb\u0151l \u00e1ll\u00f3 \u00e9p\u00edt\u0151j\u00e1t\u00e9k \u00faj szintre emeli gyermeked kreativit\u00e1s\u00e1t. Kiv\u00e1l\u00f3 modellk\u00e9szlet kezd\u0151knek, akik kreat\u00edv \u00e9p\u00edt\u00e9sen kereszt\u00fcl szeretn\u00e9k felfedezni \u00e9s \u00e9rdekl\u0151dni a STEM ir\u00e1nt.<\/p>","protected":false},"featured_media":7549,"comment_status":"open","ping_status":"closed","template":"","meta":{"site-sidebar-layout":"default","site-content-layout":"","ast-site-content-layout":"default","site-content-style":"default","site-sidebar-style":"default","ast-global-header-display":"","ast-banner-title-visibility":"","ast-main-header-display":"","ast-hfb-above-header-display":"","ast-hfb-below-header-display":"","ast-hfb-mobile-header-display":"","site-post-title":"","ast-breadcrumbs-content":"","ast-featured-img":"","footer-sml-layout":"","ast-disable-related-posts":"","theme-transparent-header-meta":"default","adv-header-id-meta":"","stick-header-meta":"","header-above-stick-meta":"","header-main-stick-meta":"","header-below-stick-meta":"","astra-migrate-meta-layouts":"set","ast-page-background-enabled":"default","ast-page-background-meta":{"desktop":{"background-color":"var(--ast-global-color-5)","background-image":"","background-repeat":"repeat","background-position":"center center","background-size":"auto","background-attachment":"scroll","background-type":"","background-media":"","overlay-type":"","overlay-color":"","overlay-opacity":"","overlay-gradient":""},"tablet":{"background-color":"","background-image":"","background-repeat":"repeat","background-position":"center center","background-size":"auto","background-attachment":"scroll","background-type":"","background-media":"","overlay-type":"","overlay-color":"","overlay-opacity":"","overlay-gradient":""},"mobile":{"background-color":"","background-image":"","background-repeat":"repeat","background-position":"center center","background-size":"auto","background-attachment":"scroll","background-type":"","background-media":"","overlay-type":"","overlay-color":"","overlay-opacity":"","overlay-gradient":""}},"ast-content-background-meta":{"desktop":{"background-color":"var(--ast-global-color-4)","background-image":"","background-repeat":"repeat","background-position":"center center","background-size":"auto","background-attachment":"scroll","background-type":"","background-media":"","overlay-type":"","overlay-color":"","overlay-opacity":"","overlay-gradient":""},"tablet":{"background-color":"var(--ast-global-color-4)","background-image":"","background-repeat":"repeat","background-position":"center center","background-size":"auto","background-attachment":"scroll","background-type":"","background-media":"","overlay-type":"","overlay-color":"","overlay-opacity":"","overlay-gradient":""},"mobile":{"background-color":"var(--ast-global-color-4)","background-image":"","background-repeat":"repeat","background-position":"center center","background-size":"auto","background-attachment":"scroll","background-type":"","background-media":"","overlay-type":"","overlay-color":"","overlay-opacity":"","overlay-gradient":""}}},"product_brand":[95],"product_cat":[126,43,39,29,32,57,30,59],"product_tag":[],"class_list":{"0":"post-7548","1":"product","2":"type-product","3":"status-publish","4":"has-post-thumbnail","6":"product_brand-engino","7":"product_cat-126","8":"product_cat-43","9":"product_cat-39","10":"product_cat-29","11":"product_cat-32","12":"product_cat-57","13":"product_cat--6-9-","14":"product_cat-59","15":"desktop-align-left","16":"tablet-align-left","17":"mobile-align-left","19":"first","20":"instock","21":"taxable","22":"shipping-taxable","23":"purchasable","24":"product-type-simple"},"_links":{"self":[{"href":"https:\/\/stem-eshop.gr\/hu\/wp-json\/wp\/v2\/product\/7548","targetHints":{"allow":["GET"]}}],"collection":[{"href":"https:\/\/stem-eshop.gr\/hu\/wp-json\/wp\/v2\/product"}],"about":[{"href":"https:\/\/stem-eshop.gr\/hu\/wp-json\/wp\/v2\/types\/product"}],"replies":[{"embeddable":true,"href":"https:\/\/stem-eshop.gr\/hu\/wp-json\/wp\/v2\/comments?post=7548"}],"wp:featuredmedia":[{"embeddable":true,"href":"https:\/\/stem-eshop.gr\/hu\/wp-json\/wp\/v2\/media\/7549"}],"wp:attachment":[{"href":"https:\/\/stem-eshop.gr\/hu\/wp-json\/wp\/v2\/media?parent=7548"}],"wp:term":[{"taxonomy":"product_brand","embeddable":true,"href":"https:\/\/stem-eshop.gr\/hu\/wp-json\/wp\/v2\/product_brand?post=7548"},{"taxonomy":"product_cat","embeddable":true,"href":"https:\/\/stem-eshop.gr\/hu\/wp-json\/wp\/v2\/product_cat?post=7548"},{"taxonomy":"product_tag","embeddable":true,"href":"https:\/\/stem-eshop.gr\/hu\/wp-json\/wp\/v2\/product_tag?post=7548"}],"curies":[{"name":"wp","href":"https:\/\/api.w.org\/{rel}","templated":true}]}}