{"id":7457,"date":"2025-05-19T10:39:51","date_gmt":"2025-05-19T10:39:51","guid":{"rendered":"https:\/\/stem-eshop.gr\/product\/%ce%b1%ce%bd%ce%b1%ce%ba%ce%b1%ce%bb%cf%8d%cf%80%cf%84%ce%bf%ce%bd%cf%84%ce%b1%cf%82-%cf%84%ce%b9%cf%82-%ce%bc%ce%b7%cf%87%ce%b1%ce%bd%ce%b9%ce%ba%ce%ad%cf%82-%ce%b1%cf%81%cf%87%ce%ad%cf%82-%cf%84-5\/"},"modified":"2025-05-22T21:13:29","modified_gmt":"2025-05-22T18:13:29","slug":"%ce%b1%ce%bd%ce%b1%ce%ba%ce%b1%ce%bb%cf%8d%cf%80%cf%84%ce%bf%ce%bd%cf%84%ce%b1%cf%82-%cf%84%ce%b9%cf%82-%ce%bc%ce%b7%cf%87%ce%b1%ce%bd%ce%b9%ce%ba%ce%ad%cf%82-%ce%b1%cf%81%cf%87%ce%ad%cf%82-%cf%84-5","status":"publish","type":"product","link":"https:\/\/stem-eshop.gr\/hu\/termek\/%ce%b1%ce%bd%ce%b1%ce%ba%ce%b1%ce%bb%cf%8d%cf%80%cf%84%ce%bf%ce%bd%cf%84%ce%b1%cf%82-%cf%84%ce%b9%cf%82-%ce%bc%ce%b7%cf%87%ce%b1%ce%bd%ce%b9%ce%ba%ce%ad%cf%82-%ce%b1%cf%81%cf%87%ce%ad%cf%82-%cf%84-5\/","title":{"rendered":"STEM mechanikai alapelvek felfedez\u00e9se: Vez\u00e9rm\u0171tengelyek \u00e9s f\u0151tengelyek"},"content":{"rendered":"<p>\u00c9p\u00edts 8 m\u0171k\u00f6d\u0151 vez\u00e9rm\u0171tengelyes \u00e9s f\u0151tengelyes modellt, k\u00f6zt\u00fck egy hal\u00e1szdarut, olajszivatty\u00fat, mozg\u00f3 figur\u00e1t, felvon\u00f3hidat, varr\u00f3g\u00e9pet \u00e9s egy rep\u00fcl\u0151 sast. Az \u00f6sszes modellhez k\u00f6nnyen k\u00f6vethet\u0151 \u00e9p\u00edt\u00e9si utas\u00edt\u00e1sok online vagy a mell\u00e9kelt k\u00e9zik\u00f6nyvben tal\u00e1lhat\u00f3k. A k\u00e9zik\u00f6nyv r\u00e9szletes magyar\u00e1zatot ad a k\u00fcl\u00f6nb\u00f6z\u0151 tudom\u00e1nyos alapelvekr\u0151l, \u00e9s innovat\u00edv k\u00eds\u00e9rleti tev\u00e9kenys\u00e9geket is tartalmaz a gyakorlati tanul\u00e1shoz. Van egy kv\u00edz r\u00e9sz is, ahol tesztelheted \u00fajonnan megszerzett tud\u00e1sodat!<\/p>","protected":false},"excerpt":{"rendered":"<p>Ismerd meg, hogyan lehet er\u0151t tov\u00e1bb\u00edtani vez\u00e9rm\u0171tengelyek \u00e9s f\u0151tengelyek seg\u00edts\u00e9g\u00e9vel, \u00e9s hogyan lehet ezek seg\u00edts\u00e9g\u00e9vel a v\u00e1ltakoz\u00f3 mozg\u00e1st line\u00e1ris mozg\u00e1ss\u00e1 alak\u00edtani. Fedezd fel, hogy ezek a mechanizmusok sz\u00e1mos g\u00e9p kritikus alkatr\u00e9szei, annak ellen\u00e9re, hogy nem tekinthet\u0151k \u201eegyszer\u0171 g\u00e9peknek\u201d.<\/p>","protected":false},"featured_media":5730,"comment_status":"open","ping_status":"closed","template":"","meta":{"site-sidebar-layout":"default","site-content-layout":"","ast-site-content-layout":"default","site-content-style":"default","site-sidebar-style":"default","ast-global-header-display":"","ast-banner-title-visibility":"","ast-main-header-display":"","ast-hfb-above-header-display":"","ast-hfb-below-header-display":"","ast-hfb-mobile-header-display":"","site-post-title":"","ast-breadcrumbs-content":"","ast-featured-img":"","footer-sml-layout":"","ast-disable-related-posts":"","theme-transparent-header-meta":"","adv-header-id-meta":"","stick-header-meta":"","header-above-stick-meta":"","header-main-stick-meta":"","header-below-stick-meta":"","astra-migrate-meta-layouts":"default","ast-page-background-enabled":"default","ast-page-background-meta":{"desktop":{"background-color":"var(--ast-global-color-5)","background-image":"","background-repeat":"repeat","background-position":"center center","background-size":"auto","background-attachment":"scroll","background-type":"","background-media":"","overlay-type":"","overlay-color":"","overlay-opacity":"","overlay-gradient":""},"tablet":{"background-color":"","background-image":"","background-repeat":"repeat","background-position":"center center","background-size":"auto","background-attachment":"scroll","background-type":"","background-media":"","overlay-type":"","overlay-color":"","overlay-opacity":"","overlay-gradient":""},"mobile":{"background-color":"","background-image":"","background-repeat":"repeat","background-position":"center center","background-size":"auto","background-attachment":"scroll","background-type":"","background-media":"","overlay-type":"","overlay-color":"","overlay-opacity":"","overlay-gradient":""}},"ast-content-background-meta":{"desktop":{"background-color":"var(--ast-global-color-4)","background-image":"","background-repeat":"repeat","background-position":"center center","background-size":"auto","background-attachment":"scroll","background-type":"","background-media":"","overlay-type":"","overlay-color":"","overlay-opacity":"","overlay-gradient":""},"tablet":{"background-color":"var(--ast-global-color-4)","background-image":"","background-repeat":"repeat","background-position":"center center","background-size":"auto","background-attachment":"scroll","background-type":"","background-media":"","overlay-type":"","overlay-color":"","overlay-opacity":"","overlay-gradient":""},"mobile":{"background-color":"var(--ast-global-color-4)","background-image":"","background-repeat":"repeat","background-position":"center center","background-size":"auto","background-attachment":"scroll","background-type":"","background-media":"","overlay-type":"","overlay-color":"","overlay-opacity":"","overlay-gradient":""}}},"product_brand":[95],"product_cat":[39,38,29,56,32,57,35,40,30,58],"product_tag":[],"class_list":{"0":"post-7457","1":"product","2":"type-product","3":"status-publish","4":"has-post-thumbnail","6":"product_brand-engino","7":"product_cat-39","8":"product_cat-38","9":"product_cat-29","10":"product_cat-56","11":"product_cat-32","12":"product_cat-57","13":"product_cat--10-12-","14":"product_cat--12-","15":"product_cat--6-9-","16":"product_cat-58","17":"desktop-align-left","18":"tablet-align-left","19":"mobile-align-left","21":"first","22":"instock","23":"taxable","24":"shipping-taxable","25":"purchasable","26":"product-type-simple"},"_links":{"self":[{"href":"https:\/\/stem-eshop.gr\/hu\/wp-json\/wp\/v2\/product\/7457","targetHints":{"allow":["GET"]}}],"collection":[{"href":"https:\/\/stem-eshop.gr\/hu\/wp-json\/wp\/v2\/product"}],"about":[{"href":"https:\/\/stem-eshop.gr\/hu\/wp-json\/wp\/v2\/types\/product"}],"replies":[{"embeddable":true,"href":"https:\/\/stem-eshop.gr\/hu\/wp-json\/wp\/v2\/comments?post=7457"}],"wp:featuredmedia":[{"embeddable":true,"href":"https:\/\/stem-eshop.gr\/hu\/wp-json\/wp\/v2\/media\/5730"}],"wp:attachment":[{"href":"https:\/\/stem-eshop.gr\/hu\/wp-json\/wp\/v2\/media?parent=7457"}],"wp:term":[{"taxonomy":"product_brand","embeddable":true,"href":"https:\/\/stem-eshop.gr\/hu\/wp-json\/wp\/v2\/product_brand?post=7457"},{"taxonomy":"product_cat","embeddable":true,"href":"https:\/\/stem-eshop.gr\/hu\/wp-json\/wp\/v2\/product_cat?post=7457"},{"taxonomy":"product_tag","embeddable":true,"href":"https:\/\/stem-eshop.gr\/hu\/wp-json\/wp\/v2\/product_tag?post=7457"}],"curies":[{"name":"wp","href":"https:\/\/api.w.org\/{rel}","templated":true}]}}