{"id":7399,"date":"2025-05-19T10:34:38","date_gmt":"2025-05-19T10:34:38","guid":{"rendered":"https:\/\/stem-eshop.gr\/product\/makerzoid-30-in-1-steam-building-blocks\/"},"modified":"2025-12-16T20:23:56","modified_gmt":"2025-12-16T17:23:56","slug":"makerzoid-30-in-1-steam-building-blocks","status":"publish","type":"product","link":"https:\/\/stem-eshop.gr\/hu\/termek\/makerzoid-30-in-1-steam-building-blocks\/","title":{"rendered":"Makerzoid 30 az 1-ben STEAM \u00e9p\u00edt\u0151kock\u00e1k"},"content":{"rendered":"<p>Csak \u00f3vatosan h\u00fazd vissza a gumiszalagot, majd engedd el, a kisgyerekek izgatottan fogj\u00e1k n\u00e9zni, ahogy az aut\u00f3k el\u0151re sz\u00e1guldanak.<\/p>\n<p>A gyerekek alapvet\u0151 fizika \u00e9s m\u00e9rn\u00f6ki ismereteket saj\u00e1t\u00edthatnak el, amelyek el\u0151seg\u00edtik j\u00f6v\u0151beli tanulm\u00e1nyaikat.<\/p>\n<p>Egy 6 \u00e9ves gyermek \u00e1tlagos figyelmi ideje 12-18 perc.<\/p>\n<p>A k\u00e9szletben tal\u00e1lhat\u00f3 \u00f6sszes modell 20 percen bel\u00fcl meg\u00e9p\u00edthet\u0151, \u00e9s a kock\u00e1k mind\u00f6ssze 5 sz\u00ednben kaphat\u00f3k, hogy \u00f6szt\u00f6n\u00f6zz\u00e9k a koncentr\u00e1ci\u00f3t.<\/p>\n<p>Biztons\u00e1gos ABS m\u0171anyagb\u00f3l k\u00e9sz\u00fclt, sima sz\u00e9lekkel, amelyek megakad\u00e1lyozz\u00e1k a k\u00e9z karcol\u00f3d\u00e1s\u00e1t.<\/p>\n<p>A sz\u00f3rakoztat\u00f3 \u00e9p\u00edt\u0151kock\u00e1k t\u00f6k\u00e9letesek a csal\u00e1di eml\u00e9kek megteremt\u00e9s\u00e9hez.<\/p>","protected":false},"excerpt":{"rendered":"<p>T\u00f6bb mint 150 elemmel rendelkezik, amelyekb\u0151l t\u00f6bb mint 30 modellt lehet meg\u00e9p\u00edteni, bele\u00e9rtve aut\u00f3kat, rep\u00fcl\u0151g\u00e9peket \u00e9s a Star War sorozat darabjait.<\/p>\n<p>Mindig van egy, ami a gyerek kedvence lehet.<\/p>","protected":false},"featured_media":7400,"comment_status":"open","ping_status":"closed","template":"","meta":{"site-sidebar-layout":"default","site-content-layout":"","ast-site-content-layout":"default","site-content-style":"default","site-sidebar-style":"default","ast-global-header-display":"","ast-banner-title-visibility":"","ast-main-header-display":"","ast-hfb-above-header-display":"","ast-hfb-below-header-display":"","ast-hfb-mobile-header-display":"","site-post-title":"","ast-breadcrumbs-content":"","ast-featured-img":"","footer-sml-layout":"","ast-disable-related-posts":"","theme-transparent-header-meta":"","adv-header-id-meta":"","stick-header-meta":"","header-above-stick-meta":"","header-main-stick-meta":"","header-below-stick-meta":"","astra-migrate-meta-layouts":"default","ast-page-background-enabled":"default","ast-page-background-meta":{"desktop":{"background-color":"var(--ast-global-color-5)","background-image":"","background-repeat":"repeat","background-position":"center center","background-size":"auto","background-attachment":"scroll","background-type":"","background-media":"","overlay-type":"","overlay-color":"","overlay-opacity":"","overlay-gradient":""},"tablet":{"background-color":"","background-image":"","background-repeat":"repeat","background-position":"center center","background-size":"auto","background-attachment":"scroll","background-type":"","background-media":"","overlay-type":"","overlay-color":"","overlay-opacity":"","overlay-gradient":""},"mobile":{"background-color":"","background-image":"","background-repeat":"repeat","background-position":"center center","background-size":"auto","background-attachment":"scroll","background-type":"","background-media":"","overlay-type":"","overlay-color":"","overlay-opacity":"","overlay-gradient":""}},"ast-content-background-meta":{"desktop":{"background-color":"var(--ast-global-color-4)","background-image":"","background-repeat":"repeat","background-position":"center center","background-size":"auto","background-attachment":"scroll","background-type":"","background-media":"","overlay-type":"","overlay-color":"","overlay-opacity":"","overlay-gradient":""},"tablet":{"background-color":"var(--ast-global-color-4)","background-image":"","background-repeat":"repeat","background-position":"center center","background-size":"auto","background-attachment":"scroll","background-type":"","background-media":"","overlay-type":"","overlay-color":"","overlay-opacity":"","overlay-gradient":""},"mobile":{"background-color":"var(--ast-global-color-4)","background-image":"","background-repeat":"repeat","background-position":"center center","background-size":"auto","background-attachment":"scroll","background-type":"","background-media":"","overlay-type":"","overlay-color":"","overlay-opacity":"","overlay-gradient":""}}},"product_brand":[106],"product_cat":[43,29,56,32,57,35,30,59],"product_tag":[],"class_list":{"0":"post-7399","1":"product","2":"type-product","3":"status-publish","4":"has-post-thumbnail","6":"product_brand-makerzoid","7":"product_cat-43","8":"product_cat-29","9":"product_cat-56","10":"product_cat-32","11":"product_cat-57","12":"product_cat--10-12-","13":"product_cat--6-9-","14":"product_cat-59","15":"desktop-align-left","16":"tablet-align-left","17":"mobile-align-left","19":"first","20":"instock","21":"taxable","22":"shipping-taxable","23":"purchasable","24":"product-type-simple"},"_links":{"self":[{"href":"https:\/\/stem-eshop.gr\/hu\/wp-json\/wp\/v2\/product\/7399","targetHints":{"allow":["GET"]}}],"collection":[{"href":"https:\/\/stem-eshop.gr\/hu\/wp-json\/wp\/v2\/product"}],"about":[{"href":"https:\/\/stem-eshop.gr\/hu\/wp-json\/wp\/v2\/types\/product"}],"replies":[{"embeddable":true,"href":"https:\/\/stem-eshop.gr\/hu\/wp-json\/wp\/v2\/comments?post=7399"}],"wp:featuredmedia":[{"embeddable":true,"href":"https:\/\/stem-eshop.gr\/hu\/wp-json\/wp\/v2\/media\/7400"}],"wp:attachment":[{"href":"https:\/\/stem-eshop.gr\/hu\/wp-json\/wp\/v2\/media?parent=7399"}],"wp:term":[{"taxonomy":"product_brand","embeddable":true,"href":"https:\/\/stem-eshop.gr\/hu\/wp-json\/wp\/v2\/product_brand?post=7399"},{"taxonomy":"product_cat","embeddable":true,"href":"https:\/\/stem-eshop.gr\/hu\/wp-json\/wp\/v2\/product_cat?post=7399"},{"taxonomy":"product_tag","embeddable":true,"href":"https:\/\/stem-eshop.gr\/hu\/wp-json\/wp\/v2\/product_tag?post=7399"}],"curies":[{"name":"wp","href":"https:\/\/api.w.org\/{rel}","templated":true}]}}