{"id":7392,"date":"2025-05-19T10:34:34","date_gmt":"2025-05-19T10:34:34","guid":{"rendered":"https:\/\/stem-eshop.gr\/product\/makerzoid-steam-building-blocks-100-in-1-building-set\/"},"modified":"2026-03-11T14:23:09","modified_gmt":"2026-03-11T11:23:09","slug":"makerzoid-steam-building-blocks-100-in-1-building-set","status":"publish","type":"product","link":"https:\/\/stem-eshop.gr\/hu\/termek\/makerzoid-steam-building-blocks-100-in-1-building-set\/","title":{"rendered":"Makerzoid STEAM \u00e9p\u00edt\u0151kock\u00e1k 100 az 1-ben \u00e9p\u00edt\u0151k\u00e9szlet"},"content":{"rendered":"<p>Kombin\u00e1ld a tanul\u00e1st \u00e9s a j\u00e1t\u00e9kot 1 k\u00fcl\u00f6nb\u00f6z\u0151 \u00e9p\u00edt\u0151elemekb\u0151l \u00e1ll\u00f3 k\u00e9szletben.<\/p>\n<p>Arra \u00f6szt\u00f6nzi a kisgyermekeket, hogy koncentr\u00e1ljanak \u00e9s folytass\u00e1k a gondolkod\u00e1st, hogy \u00e9rz\u00e9kelj\u00e9k a teret \u00e9s a t\u00f6bbdimenzi\u00f3s szerkezetet, hogy elsaj\u00e1t\u00edts\u00e1k az egyszer\u0171 fizik\u00e1t \u00e9s a gravit\u00e1ci\u00f3 elv\u00e9t.<\/p>\n<p>A t\u00f6bb mint 370 kock\u00e1nak k\u00f6sz\u00f6nhet\u0151en a gyerekek megoszthatj\u00e1k egym\u00e1ssal modell\u00e9p\u00edt\u00e9si \u00f6tleteiket, \u00e9s megtanulhatj\u00e1k, hogyan m\u0171k\u00f6djenek egy\u00fctt m\u00e1sokkal. Az id\u0151sebb gyerekek pedig elvihetik a fiatalabbakat k\u00f6z\u00f6s j\u00e1t\u00e9kra \u00e9s sz\u00f3rakoz\u00e1sra.<\/p>","protected":false},"excerpt":{"rendered":"<p>A sz\u00f3rakoztat\u00f3 kock\u00e1kb\u00f3l tov\u00e1bbfejlesztve t\u00f6bb mint 370 kock\u00e1ra b\u0151v\u00fclt a k\u00e9szlet, bele\u00e9rtve t\u00f6bb mint 100 k\u00fcl\u00f6nb\u00f6z\u0151 hivatalos modellt, p\u00e9ld\u00e1ul aut\u00f3kat, rep\u00fcl\u0151g\u00e9peket, Star Wars sorozatot \u00e9s az \u00fajonnan hozz\u00e1adott T\u00e1ncol\u00f3 F\u00e9rfi sorozatot.<\/p>","protected":false},"featured_media":7393,"comment_status":"open","ping_status":"closed","template":"","meta":{"site-sidebar-layout":"default","site-content-layout":"","ast-site-content-layout":"default","site-content-style":"default","site-sidebar-style":"default","ast-global-header-display":"","ast-banner-title-visibility":"","ast-main-header-display":"","ast-hfb-above-header-display":"","ast-hfb-below-header-display":"","ast-hfb-mobile-header-display":"","site-post-title":"","ast-breadcrumbs-content":"","ast-featured-img":"","footer-sml-layout":"","ast-disable-related-posts":"","theme-transparent-header-meta":"default","adv-header-id-meta":"","stick-header-meta":"","header-above-stick-meta":"","header-main-stick-meta":"","header-below-stick-meta":"","astra-migrate-meta-layouts":"set","ast-page-background-enabled":"default","ast-page-background-meta":{"desktop":{"background-color":"var(--ast-global-color-5)","background-image":"","background-repeat":"repeat","background-position":"center center","background-size":"auto","background-attachment":"scroll","background-type":"","background-media":"","overlay-type":"","overlay-color":"","overlay-opacity":"","overlay-gradient":""},"tablet":{"background-color":"","background-image":"","background-repeat":"repeat","background-position":"center center","background-size":"auto","background-attachment":"scroll","background-type":"","background-media":"","overlay-type":"","overlay-color":"","overlay-opacity":"","overlay-gradient":""},"mobile":{"background-color":"","background-image":"","background-repeat":"repeat","background-position":"center center","background-size":"auto","background-attachment":"scroll","background-type":"","background-media":"","overlay-type":"","overlay-color":"","overlay-opacity":"","overlay-gradient":""}},"ast-content-background-meta":{"desktop":{"background-color":"var(--ast-global-color-4)","background-image":"","background-repeat":"repeat","background-position":"center center","background-size":"auto","background-attachment":"scroll","background-type":"","background-media":"","overlay-type":"","overlay-color":"","overlay-opacity":"","overlay-gradient":""},"tablet":{"background-color":"var(--ast-global-color-4)","background-image":"","background-repeat":"repeat","background-position":"center center","background-size":"auto","background-attachment":"scroll","background-type":"","background-media":"","overlay-type":"","overlay-color":"","overlay-opacity":"","overlay-gradient":""},"mobile":{"background-color":"var(--ast-global-color-4)","background-image":"","background-repeat":"repeat","background-position":"center center","background-size":"auto","background-attachment":"scroll","background-type":"","background-media":"","overlay-type":"","overlay-color":"","overlay-opacity":"","overlay-gradient":""}}},"product_brand":[106],"product_cat":[43,29,56,32,57,35,30,59],"product_tag":[],"class_list":{"0":"post-7392","1":"product","2":"type-product","3":"status-publish","4":"has-post-thumbnail","6":"product_brand-makerzoid","7":"product_cat-43","8":"product_cat-29","9":"product_cat-56","10":"product_cat-32","11":"product_cat-57","12":"product_cat--10-12-","13":"product_cat--6-9-","14":"product_cat-59","15":"desktop-align-left","16":"tablet-align-left","17":"mobile-align-left","19":"first","20":"instock","21":"taxable","22":"shipping-taxable","23":"purchasable","24":"product-type-simple"},"_links":{"self":[{"href":"https:\/\/stem-eshop.gr\/hu\/wp-json\/wp\/v2\/product\/7392","targetHints":{"allow":["GET"]}}],"collection":[{"href":"https:\/\/stem-eshop.gr\/hu\/wp-json\/wp\/v2\/product"}],"about":[{"href":"https:\/\/stem-eshop.gr\/hu\/wp-json\/wp\/v2\/types\/product"}],"replies":[{"embeddable":true,"href":"https:\/\/stem-eshop.gr\/hu\/wp-json\/wp\/v2\/comments?post=7392"}],"wp:featuredmedia":[{"embeddable":true,"href":"https:\/\/stem-eshop.gr\/hu\/wp-json\/wp\/v2\/media\/7393"}],"wp:attachment":[{"href":"https:\/\/stem-eshop.gr\/hu\/wp-json\/wp\/v2\/media?parent=7392"}],"wp:term":[{"taxonomy":"product_brand","embeddable":true,"href":"https:\/\/stem-eshop.gr\/hu\/wp-json\/wp\/v2\/product_brand?post=7392"},{"taxonomy":"product_cat","embeddable":true,"href":"https:\/\/stem-eshop.gr\/hu\/wp-json\/wp\/v2\/product_cat?post=7392"},{"taxonomy":"product_tag","embeddable":true,"href":"https:\/\/stem-eshop.gr\/hu\/wp-json\/wp\/v2\/product_tag?post=7392"}],"curies":[{"name":"wp","href":"https:\/\/api.w.org\/{rel}","templated":true}]}}