{"id":7373,"date":"2025-05-19T10:34:21","date_gmt":"2025-05-19T10:34:21","guid":{"rendered":"https:\/\/stem-eshop.gr\/product\/makerzoid-steam-programming-building-blocks-robot-master-standard-100-in-1\/"},"modified":"2026-01-06T14:14:48","modified_gmt":"2026-01-06T11:14:48","slug":"makerzoid-steam-programming-building-blocks-robot-master-standard-100-in-1","status":"publish","type":"product","link":"https:\/\/stem-eshop.gr\/hu\/termek\/makerzoid-steam-programming-building-blocks-robot-master-standard-100-in-1\/","title":{"rendered":"Makerzoid STEAM programoz\u00e1si \u00e9p\u00edt\u0151elemek Robot Master (standard), 100 az 1-ben"},"content":{"rendered":"<p>Ez a k\u00e9szlet 23 robotikai leck\u00e9vel van felszerelve, hogy a gyerekek megtanulhass\u00e1k az \u00e9p\u00edt\u00e9st, az ir\u00e1ny\u00edt\u00e1st \u00e9s a programoz\u00e1st otthon, mik\u00f6zben j\u00e1tszanak ezzel a j\u00e1t\u00e9kkal.<\/p>\n<p>Ez egy kicsit egyszer\u0171bb, mint a pr\u00e9mium verzi\u00f3, \u00e9s j\u00f3 a gyerekek \u00f6n\u00e1ll\u00f3 k\u00f3dol\u00e1si tanul\u00e1s\u00e1hoz.<\/p>\n<p>A gyerekek megtanulhatnak programozni \u00e9s kreat\u00edv probl\u00e9mamegold\u00f3 k\u00e9szs\u00e9geket fejleszthetnek, mik\u00f6zben ezzel az interakt\u00edv, oktat\u00f3 jelleg\u0171 j\u00e1t\u00e9kkal j\u00e1tszanak, amely grafikus programoz\u00e1st k\u00edn\u00e1l, olyan egyszer\u0171, mint egy h\u00fazd \u00e9s vidd j\u00e1t\u00e9k. Az alkalmaz\u00e1svez\u00e9rl\u00e9ssel \u00e9letre is kelthetik ezt a technikai j\u00e1t\u00e9kot.<\/p>\n<p>A k\u00e9zik\u00f6nyv megtan\u00edtja a gyerekeknek, hogyan \u00e9p\u00edtsenek robotokat az egyszer\u0171t\u0151l a bonyolultig, \u00edgy a gyerekek \u00e9lvezhetik az alkot\u00e1st okoseszk\u00f6z\u00f6k beavatkoz\u00e1sa n\u00e9lk\u00fcl. Ezenk\u00edv\u00fcl egy alkalmaz\u00e1ssal is fel van szerelve, amely megtan\u00edtja nekik, hogyan kell robotokat \u00e9p\u00edteni, ir\u00e1ny\u00edtani \u00e9s programozni.<\/p>\n<p>A robot\u00e9p\u00edt\u00e9s \u00e9s programoz\u00e1s \u00f6r\u00f6m\u00e9t mind a gyerekek, mind a sz\u00fcl\u0151k \u00e9lvezni fogj\u00e1k. Ugyanakkor fejleszti a gyermekek elm\u00e9j\u00e9t, bark\u00e1csol\u00e1si k\u00e9szs\u00e9g\u00e9t \u00e9s logikus gondolkod\u00e1s\u00e1t.<\/p>","protected":false},"excerpt":{"rendered":"<p>A ROBOT MASTER j\u00e1t\u00e9kot robotikai szak\u00e9rt\u0151kb\u0151l \u00e1ll\u00f3 csapat fejlesztette ki, hogy a gyerekek izgalmas \u00e9s \u00e9lvezetes m\u00f3don gazdag STEAM tud\u00e1st kapjanak. A gyerekek sz\u00f3rakoztat\u00f3 m\u00f3don tanulhatnak meg \u00e9p\u00edteni, programozni \u00e9s alkotni.<\/p>\n<p>Ezzel a Robot Master Standard kiad\u00e1ssal t\u00f6bb mint 100 robotot \u00e9p\u00edthetsz az egyszer\u0171t\u0151l az \u00f6sszetettig, amelyek rengeteg tud\u00e1st tartalmaznak a robotokr\u00f3l, p\u00e9ld\u00e1ul a g\u00e9pekr\u0151l, fogaskerekekr\u0151l, szerkezetr\u0151l, er\u0151\u00e1tvitelr\u0151l stb.<\/p>","protected":false},"featured_media":7374,"comment_status":"open","ping_status":"closed","template":"","meta":{"site-sidebar-layout":"default","site-content-layout":"","ast-site-content-layout":"default","site-content-style":"default","site-sidebar-style":"default","ast-global-header-display":"","ast-banner-title-visibility":"","ast-main-header-display":"","ast-hfb-above-header-display":"","ast-hfb-below-header-display":"","ast-hfb-mobile-header-display":"","site-post-title":"","ast-breadcrumbs-content":"","ast-featured-img":"","footer-sml-layout":"","ast-disable-related-posts":"","theme-transparent-header-meta":"default","adv-header-id-meta":"","stick-header-meta":"","header-above-stick-meta":"","header-main-stick-meta":"","header-below-stick-meta":"","astra-migrate-meta-layouts":"set","ast-page-background-enabled":"default","ast-page-background-meta":{"desktop":{"background-color":"var(--ast-global-color-5)","background-image":"","background-repeat":"repeat","background-position":"center center","background-size":"auto","background-attachment":"scroll","background-type":"","background-media":"","overlay-type":"","overlay-color":"","overlay-opacity":"","overlay-gradient":""},"tablet":{"background-color":"","background-image":"","background-repeat":"repeat","background-position":"center center","background-size":"auto","background-attachment":"scroll","background-type":"","background-media":"","overlay-type":"","overlay-color":"","overlay-opacity":"","overlay-gradient":""},"mobile":{"background-color":"","background-image":"","background-repeat":"repeat","background-position":"center center","background-size":"auto","background-attachment":"scroll","background-type":"","background-media":"","overlay-type":"","overlay-color":"","overlay-opacity":"","overlay-gradient":""}},"ast-content-background-meta":{"desktop":{"background-color":"var(--ast-global-color-4)","background-image":"","background-repeat":"repeat","background-position":"center center","background-size":"auto","background-attachment":"scroll","background-type":"","background-media":"","overlay-type":"","overlay-color":"","overlay-opacity":"","overlay-gradient":""},"tablet":{"background-color":"var(--ast-global-color-4)","background-image":"","background-repeat":"repeat","background-position":"center center","background-size":"auto","background-attachment":"scroll","background-type":"","background-media":"","overlay-type":"","overlay-color":"","overlay-opacity":"","overlay-gradient":""},"mobile":{"background-color":"var(--ast-global-color-4)","background-image":"","background-repeat":"repeat","background-position":"center center","background-size":"auto","background-attachment":"scroll","background-type":"","background-media":"","overlay-type":"","overlay-color":"","overlay-opacity":"","overlay-gradient":""}}},"product_brand":[106],"product_cat":[33,29,56,32,57,35,30,34,28,59],"product_tag":[],"class_list":{"0":"post-7373","1":"product","2":"type-product","3":"status-publish","4":"has-post-thumbnail","6":"product_brand-makerzoid","7":"product_cat-33","8":"product_cat-29","9":"product_cat-56","10":"product_cat-32","11":"product_cat-57","12":"product_cat--10-12-","13":"product_cat--6-9-","14":"product_cat-34","15":"product_cat-28","16":"product_cat-59","17":"desktop-align-left","18":"tablet-align-left","19":"mobile-align-left","21":"first","22":"instock","23":"taxable","24":"shipping-taxable","25":"purchasable","26":"product-type-simple"},"_links":{"self":[{"href":"https:\/\/stem-eshop.gr\/hu\/wp-json\/wp\/v2\/product\/7373","targetHints":{"allow":["GET"]}}],"collection":[{"href":"https:\/\/stem-eshop.gr\/hu\/wp-json\/wp\/v2\/product"}],"about":[{"href":"https:\/\/stem-eshop.gr\/hu\/wp-json\/wp\/v2\/types\/product"}],"replies":[{"embeddable":true,"href":"https:\/\/stem-eshop.gr\/hu\/wp-json\/wp\/v2\/comments?post=7373"}],"wp:featuredmedia":[{"embeddable":true,"href":"https:\/\/stem-eshop.gr\/hu\/wp-json\/wp\/v2\/media\/7374"}],"wp:attachment":[{"href":"https:\/\/stem-eshop.gr\/hu\/wp-json\/wp\/v2\/media?parent=7373"}],"wp:term":[{"taxonomy":"product_brand","embeddable":true,"href":"https:\/\/stem-eshop.gr\/hu\/wp-json\/wp\/v2\/product_brand?post=7373"},{"taxonomy":"product_cat","embeddable":true,"href":"https:\/\/stem-eshop.gr\/hu\/wp-json\/wp\/v2\/product_cat?post=7373"},{"taxonomy":"product_tag","embeddable":true,"href":"https:\/\/stem-eshop.gr\/hu\/wp-json\/wp\/v2\/product_tag?post=7373"}],"curies":[{"name":"wp","href":"https:\/\/api.w.org\/{rel}","templated":true}]}}