{"id":7306,"date":"2025-05-19T10:12:36","date_gmt":"2025-05-19T10:12:36","guid":{"rendered":"https:\/\/stem-eshop.gr\/product\/as-magnet-box-%ce%bc%ce%b1%ce%b8%ce%b1%ce%af%ce%bd%cf%89-%ce%bd%ce%b1-%ce%b3%cf%81%ce%ac%cf%86%cf%89-72-%ce%b5%ce%ba%cf%80%ce%b1%ce%b9%ce%b4%ce%b5%cf%85%cf%84%ce%b9%ce%ba%ce%bf%ce%af-%cf%87%ce%ac\/"},"modified":"2026-04-26T11:26:18","modified_gmt":"2026-04-26T08:26:18","slug":"as-magnet-box-%ce%bc%ce%b1%ce%b8%ce%b1%ce%af%ce%bd%cf%89-%ce%bd%ce%b1-%ce%b3%cf%81%ce%ac%cf%86%cf%89-72-%ce%b5%ce%ba%cf%80%ce%b1%ce%b9%ce%b4%ce%b5%cf%85%cf%84%ce%b9%ce%ba%ce%bf%ce%af-%cf%87%ce%ac","status":"publish","type":"product","link":"https:\/\/stem-eshop.gr\/hu\/termek\/as-magnet-box-%ce%bc%ce%b1%ce%b8%ce%b1%ce%af%ce%bd%cf%89-%ce%bd%ce%b1-%ce%b3%cf%81%ce%ac%cf%86%cf%89-72-%ce%b5%ce%ba%cf%80%ce%b1%ce%b9%ce%b4%ce%b5%cf%85%cf%84%ce%b9%ce%ba%ce%bf%ce%af-%cf%87%ce%ac\/","title":{"rendered":"AS Magnet Box \u00cdr\u00e1st Tanul\u00f3 72 Oktat\u00f3 Pap\u00edrm\u00e1gnes 4+ \u00e9veseknek"},"content":{"rendered":"<p class=\"MsoNormal\">Fokozatosan neh\u00e9k j\u00e1t\u00e9k, amely a speci\u00e1lis \u00edr\u00f3-rad\u00edroz\u00f3 t\u00e1bl\u00e1nak \u00e9s a mell\u00e9kelt szivacsfilcnek k\u00f6sz\u00f6nhet\u0151en lehet\u0151v\u00e9 teszi a gyermek sz\u00e1m\u00e1ra, hogy annyiszor ism\u00e9telje meg a gyakorlatokat, ah\u00e1nyszor csak szeretn\u00e9, valamint saj\u00e1t szavakat is \u00edrjon!<\/p>\n<\/p>\n<p class=\"MsoNormal\">Tartalmazza:<\/p>\n<\/p>\n<p>72 pap\u00edrm\u00e1gnes<\/p>\n<\/p>\n<p>1 filctoll szivaccsal<\/p>\n<\/p>\n<p>1 m\u00e1gneses t\u00e1bla<\/p>\n<\/p>\n<p>Illusztr\u00e1lt \u00fatmutat\u00f3 a szavak tanul\u00e1s\u00e1hoz \u00e9s kiejt\u00e9si gyakorlatokkal<\/p>\n<\/p>\n<p class=\"MsoNormal\">Mik azok az AS m\u00e1gnesdobozok?<\/p>\n<\/p>\n<p class=\"MsoNormal\">A Magnet Box sorozat fa \u00e9s pap\u00edr m\u00e1gneseket haszn\u00e1l, fejlesztve a gyerekek k\u00e9pess\u00e9geit, mik\u00f6zben szabadj\u00e1ra engedi k\u00e9pzel\u0151erej\u00fcket. A Magnet Boxszal val\u00f3 j\u00e1t\u00e9k sor\u00e1n a gyermek fejleszti a finommotoros k\u00e9szs\u00e9geit \u00e9s a k\u00e9z-szem koordin\u00e1ci\u00f3t, mik\u00f6zben megtanulja a m\u00e1gnesek kombin\u00e1l\u00e1s\u00e1t. Ami a legfontosabb, a sorozat seg\u00edti a gyermek szoci\u00e1lis \u00e9s \u00e9rzelmi fejl\u0151d\u00e9s\u00e9t az egy\u00fcttm\u0171k\u00f6d\u00e9s \u00e9s az emp\u00e1tia fejleszt\u00e9se r\u00e9v\u00e9n. A sorozat ez\u00fcst d\u00edjat kapott a legjobb oktat\u00f3j\u00e1t\u00e9k kateg\u00f3ri\u00e1ban a Toys Awards 2021-en.<\/p><\/p>","protected":false},"excerpt":{"rendered":"<p class=\"MsoNormal\">Az AS Magnet Box I&#039;m Learning to Write egy oktat\u00f3 m\u00e1gneses j\u00e1t\u00e9k, amely arra \u00f6szt\u00f6nzi a gyermeket, hogy m\u00e1gnesekkel j\u00e1tszva tanuljon meg \u00edrni.<\/p>\n<\/p>\n<p class=\"MsoNormal\">A gyermek el\u0151sz\u00f6r a bet\u0171ket \u00e9s azok \u00edr\u00e1s\u00e1t tanulja meg, majd a bet\u0171m\u00e1gneseket a megfelel\u0151 egyszer\u0171 szavak k\u00e9peivel p\u00e1ros\u00edtja, v\u00e9g\u00fcl pedig a mell\u00e9kelt f\u00fczetben tal\u00e1lhat\u00f3 helyes\u00edr\u00e1st k\u00f6vetve gyakorolja a szavak t\u00e1bl\u00e1ra \u00edr\u00e1s\u00e1t.<\/p><\/p>","protected":false},"featured_media":7307,"comment_status":"open","ping_status":"closed","template":"","meta":{"site-sidebar-layout":"default","site-content-layout":"","ast-site-content-layout":"default","site-content-style":"default","site-sidebar-style":"default","ast-global-header-display":"","ast-banner-title-visibility":"","ast-main-header-display":"","ast-hfb-above-header-display":"","ast-hfb-below-header-display":"","ast-hfb-mobile-header-display":"","site-post-title":"","ast-breadcrumbs-content":"","ast-featured-img":"","footer-sml-layout":"","ast-disable-related-posts":"","theme-transparent-header-meta":"","adv-header-id-meta":"","stick-header-meta":"","header-above-stick-meta":"","header-main-stick-meta":"","header-below-stick-meta":"","astra-migrate-meta-layouts":"default","ast-page-background-enabled":"default","ast-page-background-meta":{"desktop":{"background-color":"var(--ast-global-color-5)","background-image":"","background-repeat":"repeat","background-position":"center center","background-size":"auto","background-attachment":"scroll","background-type":"","background-media":"","overlay-type":"","overlay-color":"","overlay-opacity":"","overlay-gradient":""},"tablet":{"background-color":"","background-image":"","background-repeat":"repeat","background-position":"center center","background-size":"auto","background-attachment":"scroll","background-type":"","background-media":"","overlay-type":"","overlay-color":"","overlay-opacity":"","overlay-gradient":""},"mobile":{"background-color":"","background-image":"","background-repeat":"repeat","background-position":"center center","background-size":"auto","background-attachment":"scroll","background-type":"","background-media":"","overlay-type":"","overlay-color":"","overlay-opacity":"","overlay-gradient":""}},"ast-content-background-meta":{"desktop":{"background-color":"var(--ast-global-color-4)","background-image":"","background-repeat":"repeat","background-position":"center center","background-size":"auto","background-attachment":"scroll","background-type":"","background-media":"","overlay-type":"","overlay-color":"","overlay-opacity":"","overlay-gradient":""},"tablet":{"background-color":"var(--ast-global-color-4)","background-image":"","background-repeat":"repeat","background-position":"center center","background-size":"auto","background-attachment":"scroll","background-type":"","background-media":"","overlay-type":"","overlay-color":"","overlay-opacity":"","overlay-gradient":""},"mobile":{"background-color":"var(--ast-global-color-4)","background-image":"","background-repeat":"repeat","background-position":"center center","background-size":"auto","background-attachment":"scroll","background-type":"","background-media":"","overlay-type":"","overlay-color":"","overlay-opacity":"","overlay-gradient":""}}},"product_brand":[99],"product_cat":[126,42,43,38,29,47,30,26],"product_tag":[],"class_list":{"0":"post-7306","1":"product","2":"type-product","3":"status-publish","4":"has-post-thumbnail","6":"product_brand-as","7":"product_cat-126","8":"product_cat-42","9":"product_cat-43","10":"product_cat-38","11":"product_cat-29","12":"product_cat-47","13":"product_cat--6-9-","14":"product_cat-26","15":"desktop-align-left","16":"tablet-align-left","17":"mobile-align-left","19":"first","20":"instock","21":"taxable","22":"shipping-taxable","23":"purchasable","24":"product-type-simple"},"_links":{"self":[{"href":"https:\/\/stem-eshop.gr\/hu\/wp-json\/wp\/v2\/product\/7306","targetHints":{"allow":["GET"]}}],"collection":[{"href":"https:\/\/stem-eshop.gr\/hu\/wp-json\/wp\/v2\/product"}],"about":[{"href":"https:\/\/stem-eshop.gr\/hu\/wp-json\/wp\/v2\/types\/product"}],"replies":[{"embeddable":true,"href":"https:\/\/stem-eshop.gr\/hu\/wp-json\/wp\/v2\/comments?post=7306"}],"wp:featuredmedia":[{"embeddable":true,"href":"https:\/\/stem-eshop.gr\/hu\/wp-json\/wp\/v2\/media\/7307"}],"wp:attachment":[{"href":"https:\/\/stem-eshop.gr\/hu\/wp-json\/wp\/v2\/media?parent=7306"}],"wp:term":[{"taxonomy":"product_brand","embeddable":true,"href":"https:\/\/stem-eshop.gr\/hu\/wp-json\/wp\/v2\/product_brand?post=7306"},{"taxonomy":"product_cat","embeddable":true,"href":"https:\/\/stem-eshop.gr\/hu\/wp-json\/wp\/v2\/product_cat?post=7306"},{"taxonomy":"product_tag","embeddable":true,"href":"https:\/\/stem-eshop.gr\/hu\/wp-json\/wp\/v2\/product_tag?post=7306"}],"curies":[{"name":"wp","href":"https:\/\/api.w.org\/{rel}","templated":true}]}}