{"id":7290,"date":"2025-05-19T10:12:05","date_gmt":"2025-05-19T10:12:05","guid":{"rendered":"https:\/\/stem-eshop.gr\/product\/ngs-%ce%be%cf%8d%ce%bb%ce%b9%ce%bd%ce%bf-%ce%bc%ce%bf%cf%85%cf%83%ce%b9%ce%ba%cf%8c-%ce%ba%ce%bf%cf%85%cf%84%ce%af\/"},"modified":"2025-05-22T07:40:35","modified_gmt":"2025-05-22T07:40:35","slug":"ngs-%ce%be%cf%8d%ce%bb%ce%b9%ce%bd%ce%bf-%ce%bc%ce%bf%cf%85%cf%83%ce%b9%ce%ba%cf%8c-%ce%ba%ce%bf%cf%85%cf%84%ce%af","status":"publish","type":"product","link":"https:\/\/stem-eshop.gr\/hu\/termek\/ngs-%ce%be%cf%8d%ce%bb%ce%b9%ce%bd%ce%bf-%ce%bc%ce%bf%cf%85%cf%83%ce%b9%ce%ba%cf%8c-%ce%ba%ce%bf%cf%85%cf%84%ce%af\/","title":{"rendered":"NGS fa zen\u00e9l\u0151doboz"},"content":{"rendered":"<p>Ezek a k\u00e9szletek lehet\u0151s\u00e9get k\u00edn\u00e1lnak a gyerekeknek arra, hogy saj\u00e1t zen\u00e9l\u0151dobozt \u00e9p\u00edtsenek, mik\u00f6zben a mechanika \u00e9s a fizika alapelveit is elsaj\u00e1t\u00edtj\u00e1k.<\/p>\n<p>A zen\u00e9l\u0151 doboz mechanizmusa a k\u00e9szlet fontos r\u00e9sze. \u00c1ltal\u00e1ban egy f\u00e9mb\u0151l k\u00e9sz\u00fclt mechanizmus, amely egy hajt\u00f3karral vagy forg\u00f3 tengellyel rendelkezik, \u00e9s amely zen\u00e9t produk\u00e1l, amikor a dobozt kinyitj\u00e1k vagy a hajt\u00f3karral elforgatj\u00e1k.<\/p>","protected":false},"excerpt":{"rendered":"<p>A gyerekeknek sz\u00e1nt fa zen\u00e9l\u0151 dobozok kiv\u00e1l\u00f3 oktat\u00f3j\u00e1t\u00e9kok, amelyek \u00f6tv\u00f6zik a sz\u00f3rakoz\u00e1st a k\u00e9szs\u00e9gfejleszt\u00e9ssel, ide\u00e1lisak a STEM-\u00e9rt\u00e9kek (tudom\u00e1ny, technol\u00f3gia, m\u00e9rn\u00f6ki tudom\u00e1nyok \u00e9s matematika) n\u00e9pszer\u0171s\u00edt\u00e9s\u00e9re.\u00a0<\/p>","protected":false},"featured_media":7714,"comment_status":"open","ping_status":"closed","template":"","meta":{"site-sidebar-layout":"default","site-content-layout":"","ast-site-content-layout":"default","site-content-style":"default","site-sidebar-style":"default","ast-global-header-display":"","ast-banner-title-visibility":"","ast-main-header-display":"","ast-hfb-above-header-display":"","ast-hfb-below-header-display":"","ast-hfb-mobile-header-display":"","site-post-title":"","ast-breadcrumbs-content":"","ast-featured-img":"","footer-sml-layout":"","ast-disable-related-posts":"","theme-transparent-header-meta":"","adv-header-id-meta":"","stick-header-meta":"","header-above-stick-meta":"","header-main-stick-meta":"","header-below-stick-meta":"","astra-migrate-meta-layouts":"default","ast-page-background-enabled":"default","ast-page-background-meta":{"desktop":{"background-color":"var(--ast-global-color-5)","background-image":"","background-repeat":"repeat","background-position":"center center","background-size":"auto","background-attachment":"scroll","background-type":"","background-media":"","overlay-type":"","overlay-color":"","overlay-opacity":"","overlay-gradient":""},"tablet":{"background-color":"","background-image":"","background-repeat":"repeat","background-position":"center center","background-size":"auto","background-attachment":"scroll","background-type":"","background-media":"","overlay-type":"","overlay-color":"","overlay-opacity":"","overlay-gradient":""},"mobile":{"background-color":"","background-image":"","background-repeat":"repeat","background-position":"center center","background-size":"auto","background-attachment":"scroll","background-type":"","background-media":"","overlay-type":"","overlay-color":"","overlay-opacity":"","overlay-gradient":""}},"ast-content-background-meta":{"desktop":{"background-color":"var(--ast-global-color-4)","background-image":"","background-repeat":"repeat","background-position":"center center","background-size":"auto","background-attachment":"scroll","background-type":"","background-media":"","overlay-type":"","overlay-color":"","overlay-opacity":"","overlay-gradient":""},"tablet":{"background-color":"var(--ast-global-color-4)","background-image":"","background-repeat":"repeat","background-position":"center center","background-size":"auto","background-attachment":"scroll","background-type":"","background-media":"","overlay-type":"","overlay-color":"","overlay-opacity":"","overlay-gradient":""},"mobile":{"background-color":"var(--ast-global-color-4)","background-image":"","background-repeat":"repeat","background-position":"center center","background-size":"auto","background-attachment":"scroll","background-type":"","background-media":"","overlay-type":"","overlay-color":"","overlay-opacity":"","overlay-gradient":""}}},"product_brand":[107],"product_cat":[42,43,44,52,38,29,30,26,59,58],"product_tag":[],"class_list":{"0":"post-7290","1":"product","2":"type-product","3":"status-publish","4":"has-post-thumbnail","6":"product_brand-ngs","7":"product_cat-42","8":"product_cat-43","9":"product_cat-44","10":"product_cat-52","11":"product_cat-38","12":"product_cat-29","13":"product_cat--6-9-","14":"product_cat-26","15":"product_cat-59","16":"product_cat-58","17":"desktop-align-left","18":"tablet-align-left","19":"mobile-align-left","21":"first","22":"instock","23":"taxable","24":"shipping-taxable","25":"purchasable","26":"product-type-simple"},"_links":{"self":[{"href":"https:\/\/stem-eshop.gr\/hu\/wp-json\/wp\/v2\/product\/7290","targetHints":{"allow":["GET"]}}],"collection":[{"href":"https:\/\/stem-eshop.gr\/hu\/wp-json\/wp\/v2\/product"}],"about":[{"href":"https:\/\/stem-eshop.gr\/hu\/wp-json\/wp\/v2\/types\/product"}],"replies":[{"embeddable":true,"href":"https:\/\/stem-eshop.gr\/hu\/wp-json\/wp\/v2\/comments?post=7290"}],"wp:featuredmedia":[{"embeddable":true,"href":"https:\/\/stem-eshop.gr\/hu\/wp-json\/wp\/v2\/media\/7714"}],"wp:attachment":[{"href":"https:\/\/stem-eshop.gr\/hu\/wp-json\/wp\/v2\/media?parent=7290"}],"wp:term":[{"taxonomy":"product_brand","embeddable":true,"href":"https:\/\/stem-eshop.gr\/hu\/wp-json\/wp\/v2\/product_brand?post=7290"},{"taxonomy":"product_cat","embeddable":true,"href":"https:\/\/stem-eshop.gr\/hu\/wp-json\/wp\/v2\/product_cat?post=7290"},{"taxonomy":"product_tag","embeddable":true,"href":"https:\/\/stem-eshop.gr\/hu\/wp-json\/wp\/v2\/product_tag?post=7290"}],"curies":[{"name":"wp","href":"https:\/\/api.w.org\/{rel}","templated":true}]}}