{"id":7266,"date":"2025-05-19T10:11:45","date_gmt":"2025-05-19T10:11:45","guid":{"rendered":"https:\/\/stem-eshop.gr\/product\/as-magnet-box-%cf%84%ce%bf-%ce%b7%ce%bc%ce%b5%cf%81%ce%bf%ce%bb%cf%8c%ce%b3%ce%b9%cf%8c-%ce%bc%ce%bf%cf%85-%ce%bc%ce%b5-%ce%bc%ce%b1%cf%81%ce%ba%ce%b1%ce%b4%cf%8c%cf%81%ce%bf-45-%ce%b5%ce%ba%cf%80\/"},"modified":"2026-01-14T16:27:00","modified_gmt":"2026-01-14T13:27:00","slug":"as-magnet-box-%cf%84%ce%bf-%ce%b7%ce%bc%ce%b5%cf%81%ce%bf%ce%bb%cf%8c%ce%b3%ce%b9%cf%8c-%ce%bc%ce%bf%cf%85-%ce%bc%ce%b5-%ce%bc%ce%b1%cf%81%ce%ba%ce%b1%ce%b4%cf%8c%cf%81%ce%bf-45-%ce%b5%ce%ba%cf%80","status":"publish","type":"product","link":"https:\/\/stem-eshop.gr\/hu\/termek\/as-magnet-box-%cf%84%ce%bf-%ce%b7%ce%bc%ce%b5%cf%81%ce%bf%ce%bb%cf%8c%ce%b3%ce%b9%cf%8c-%ce%bc%ce%bf%cf%85-%ce%bc%ce%b5-%ce%bc%ce%b1%cf%81%ce%ba%ce%b1%ce%b4%cf%8c%cf%81%ce%bf-45-%ce%b5%ce%ba%cf%80\/","title":{"rendered":"AS Magnet Box My Diary With Filctoll 45 Oktat\u00f3 Pap\u00edrm\u00e1gnes 3+ \u00e9veseknek"},"content":{"rendered":"<p class=\"MsoNormal\">\u03a4\u03b7\u03c1\u03ce\u03bd\u03c4\u03b1\u03c2 \u03bc\u03af\u03b1 \u03ba\u03b1\u03b8\u03b7\u03bc\u03b5\u03c1\u03b9\u03bd\u03ae \u03c1\u03bf\u03c5\u03c4\u03af\u03bd\u03b1 \u03c4\u03b1 \u03c0\u03b1\u03b9\u03b4\u03b9\u03ac \u03bc\u03b1\u03b8\u03b1\u03af\u03bd\u03bf\u03c5\u03bd \u03c4\u03b9\u03c2 \u03b7\u03bc\u03ad\u03c1\u03b5\u03c2 \u03c4\u03b7\u03c2 \u03b5\u03b2\u03b4\u03bf\u03bc\u03ac\u03b4\u03b1\u03c2, \u03c4\u03bf\u03c5\u03c2 \u03bc\u03ae\u03bd\u03b5\u03c2, \u03ba\u03b1\u03c4\u03b1\u03bd\u03bf\u03bf\u03cd\u03bd \u03c4\u03b7 \u03c7\u03c1\u03bf\u03bd\u03b9\u03ba\u03ae \u03c3\u03c5\u03bd\u03ad\u03c7\u03b5\u03b9\u03b1 \u03ba\u03b1\u03b9 \u03c4\u03ad\u03bb\u03bf\u03c2 \u03b1\u03bd\u03c4\u03b9\u03bb\u03b1\u03bc\u03b2\u03ac\u03bd\u03bf\u03bd\u03c4\u03b1\u03b9 \u03c4\u03bf \u03c7\u03b8\u03b5\u03c2, \u03c4\u03bf \u03c3\u03ae\u03bc\u03b5\u03c1\u03b1 \u03ba\u03b1\u03b9 \u03c4\u03bf \u03b1\u03cd\u03c1\u03b9\u03bf, \u03c4\u03bf \u03c0\u03b1\u03c1\u03b5\u03bb\u03b8\u03cc\u03bd \u03ba\u03b1\u03b9 \u03c4\u03bf \u03bc\u03ad\u03bb\u03bb\u03bf\u03bd. 45 \u03c7\u03ac\u03c1\u03c4\u03b9\u03bd\u03bf\u03b9 \u03bc\u03b1\u03b3\u03bd\u03ae\u03c4\u03b5\u03c2 \u03c5\u03c0\u03bf\u03c3\u03c4\u03b7\u03c1\u03af\u03b6\u03bf\u03c5\u03bd \u03c4\u03b1 \u03c0\u03b1\u03b9\u03b4\u03b9\u03ac \u03c3\u03c4\u03b7\u03bd \u03b5\u03c0\u03b9\u03ba\u03bf\u03b9\u03bd\u03c9\u03bd\u03af\u03b1 \u03bc\u03b5 \u03c4\u03bf\u03c5\u03c2 \u03b3\u03cd\u03c1\u03c9 \u03c4\u03bf\u03c5\u03c2 \u03c3\u03c7\u03b5\u03c4\u03b9\u03ba\u03ac \u03bc\u03b5 \u03bc\u03b5\u03bb\u03bb\u03bf\u03bd\u03c4\u03b9\u03ba\u03ac \u03c3\u03c5\u03bc\u03b2\u03ac\u03bd\u03c4\u03b1 \u03c0\u03bf\u03c5 \u03b1\u03bd\u03b1\u03bc\u03ad\u03bd\u03bf\u03c5\u03bd, \u03b4\u03b9\u03b1\u03ba\u03bf\u03c0\u03ad\u03c2 \u03c3\u03b1\u03b2\u03b2\u03b1\u03c4\u03bf\u03ba\u03cd\u03c1\u03b9\u03b1\u03ba\u03b1 \u03ba\u03b1\u03b9 \u03c0\u03bf\u03bb\u03bb\u03ac \u03ac\u03bb\u03bb\u03b1.<\/p>\n<p>\u0397 \u03c3\u03c5\u03bc\u03c0\u03bb\u03ae\u03c1\u03c9\u03c3\u03b7 \u03c4\u03bf\u03c5 \u03b7\u03bc\u03b5\u03c1\u03bf\u03bb\u03bf\u03b3\u03af\u03bf\u03c5 \u03b5\u03af\u03bd\u03b1\u03b9 \u03b1\u03c0\u03bb\u03ae, \u03bc\u03b5 \u03bc\u03b5\u03c4\u03b1\u03ba\u03af\u03bd\u03b7\u03c3\u03b7 \u03c4\u03c9\u03bd \u03bc\u03b1\u03b3\u03bd\u03b7\u03c4\u03ce\u03bd \u03c3\u03c4\u03b1 \u03b1\u03bd\u03c4\u03af\u03c3\u03c4\u03bf\u03b9\u03c7\u03b1 \u03c3\u03b7\u03bc\u03b5\u03af\u03b1. \u039f \u03c0\u03af\u03bd\u03b1\u03ba\u03b1\u03c2 \u03bc\u03c0\u03bf\u03c1\u03b5\u03af \u03bd\u03b1 \u03c3\u03c4\u03b5\u03c1\u03b5\u03c9\u03b8\u03b5\u03af \u03c3\u03b5 \u03bf\u03c0\u03bf\u03b9\u03b1\u03b4\u03ae\u03c0\u03bf\u03c4\u03b5 \u03bc\u03b1\u03b3\u03bd\u03b7\u03c4\u03b9\u03ba\u03ae \u03b5\u03c0\u03b9\u03c6\u03ac\u03bd\u03b5\u03b9\u03b1 \u03b5\u03bd\u03c4\u03cc\u03c2 \u03ae \u03b5\u03ba\u03c4\u03cc\u03c2 \u03c3\u03c0\u03b9\u03c4\u03b9\u03bf\u03cd.<\/p>\n<p>Mik azok az AS m\u00e1gnesdobozok?<\/p>\n<p>\u0397 \u03c3\u03b5\u03b9\u03c1\u03ac Magnet Box \u03c7\u03c1\u03b7\u03c3\u03b9\u03bc\u03bf\u03c0\u03bf\u03b9\u03b5\u03af \u03be\u03cd\u03bb\u03b9\u03bd\u03bf\u03c5\u03c2 \u03ba\u03b1\u03b9 \u03c7\u03ac\u03c1\u03c4\u03b9\u03bd\u03bf\u03c5\u03c2 \u03bc\u03b1\u03b3\u03bd\u03ae\u03c4\u03b5\u03c2, \u03b5\u03ba\u03c0\u03b1\u03b9\u03b4\u03b5\u03cd\u03bf\u03bd\u03c4\u03b1\u03c2 \u03c4\u03b1 \u03c0\u03b1\u03b9\u03b4\u03b9\u03ac \u03bd\u03b1 \u03b1\u03bd\u03b1\u03c0\u03c4\u03cd\u03be\u03bf\u03c5\u03bd \u03c4\u03b9\u03c2 \u03b9\u03ba\u03b1\u03bd\u03cc\u03c4\u03b7\u03c4\u03ad\u03c2 \u03c4\u03bf\u03c5\u03c2 \u03b5\u03bd\u03ce \u03c0\u03b1\u03c1\u03ac\u03bb\u03bb\u03b7\u03bb\u03b1 \u03b1\u03c0\u03b5\u03bb\u03b5\u03c5\u03b8\u03b5\u03c1\u03ce\u03bd\u03b5\u03b9 \u03c4\u03b7 \u03c6\u03b1\u03bd\u03c4\u03b1\u03c3\u03af\u03b1 \u03c4\u03bf\u03c5\u03c2. \u039c\u03ad\u03c3\u03b1 \u03b1\u03c0\u03cc \u03c4\u03bf \u03c0\u03b1\u03b9\u03c7\u03bd\u03af\u03b4\u03b9 \u03bc\u03b5 \u03c4\u03b1 Magnet Box, \u03c4\u03bf \u03c0\u03b1\u03b9\u03b4\u03af \u03b5\u03be\u03b1\u03c3\u03ba\u03b5\u03af \u03c4\u03b7 \u03bb\u03b5\u03c0\u03c4\u03ae \u03ba\u03b9\u03bd\u03b7\u03c4\u03b9\u03ba\u03cc\u03c4\u03b7\u03c4\u03b1 \u03ba\u03b1\u03b9 \u03c4\u03bf \u03c3\u03c5\u03bd\u03c4\u03bf\u03bd\u03b9\u03c3\u03bc\u03cc \u03bc\u03b1\u03c4\u03b9\u03bf\u03cd-\u03c7\u03b5\u03c1\u03b9\u03bf\u03cd, \u03ba\u03b1\u03b8\u03ce\u03c2 \u03bc\u03b1\u03b8\u03b1\u03af\u03bd\u03b5\u03b9 \u03bd\u03b1 \u03c3\u03c5\u03bd\u03b4\u03c5\u03ac\u03b6\u03b5\u03b9 \u03bc\u03b1\u03b3\u03bd\u03ae\u03c4\u03b5\u03c2. \u03a4\u03bf \u03ba\u03c5\u03c1\u03b9\u03cc\u03c4\u03b5\u03c1\u03bf \u03cc\u03bc\u03c9\u03c2 \u03b5\u03af\u03bd\u03b1\u03b9 \u03cc\u03c4\u03b9 \u03b7 \u03c3\u03b5\u03b9\u03c1\u03ac \u03b2\u03bf\u03b7\u03b8\u03ac \u03c3\u03c4\u03b7\u03bd \u03ba\u03bf\u03b9\u03bd\u03c9\u03bd\u03b9\u03ba\u03ae \u03ba\u03b1\u03b9 \u03c3\u03c5\u03bd\u03b1\u03b9\u03c3\u03b8\u03b7\u03bc\u03b1\u03c4\u03b9\u03ba\u03ae \u03b1\u03bd\u03ac\u03c0\u03c4\u03c5\u03be\u03b7 \u03c4\u03bf\u03c5 \u03c0\u03b1\u03b9\u03b4\u03b9\u03bf\u03cd, \u03bc\u03ad\u03c3\u03c9 \u03c4\u03b7\u03c2 \u03c3\u03c5\u03bd\u03b5\u03c1\u03b3\u03b1\u03c3\u03af\u03b1\u03c2 \u03ba\u03b1\u03b9 \u03c4\u03b7\u03c2 \u03ba\u03b1\u03bb\u03bb\u03b9\u03ad\u03c1\u03b3\u03b5\u03b9\u03b1\u03c2 \u03c4\u03b7\u03c2 \u03b5\u03bd\u03c3\u03c5\u03bd\u03b1\u03af\u03c3\u03b8\u03b7\u03c3\u03ae\u03c2 \u03c4\u03bf\u03c5. \u0397 \u03c3\u03b5\u03b9\u03c1\u03ac \u03ad\u03c7\u03b5\u03b9 \u03bb\u03ac\u03b2\u03b5\u03b9 \u03c4\u03bf \u03b2\u03c1\u03b1\u03b2\u03b5\u03af\u03bf Silver Award \u03c3\u03c4\u03b7\u03bd \u03ba\u03b1\u03c4\u03b7\u03b3\u03bf\u03c1\u03af\u03b1 \u039a\u03b1\u03bb\u03cd\u03c4\u03b5\u03c1\u03bf \u0395\u03ba\u03c0\u03b1\u03b9\u03b4\u03b5\u03c5\u03c4\u03b9\u03ba\u03cc \u03a0\u03b1\u03b9\u03c7\u03bd\u03af\u03b4\u03b9 \u03c3\u03c4\u03b1 Toys Awards 2021.<\/p><\/p>","protected":false},"excerpt":{"rendered":"<p class=\"MsoNormal\">T\u03b9 \u03bc\u03ad\u03c1\u03b1 \u03b5\u03af\u03bd\u03b1\u03b9 \u03c3\u03ae\u03bc\u03b5\u03c1\u03b1; \u03a4\u03b9 \u03ba\u03b1\u03b9\u03c1\u03cc \u03ba\u03ac\u03bd\u03b5\u03b9; \u03a0\u03bf\u03b9\u03bf\u03b9 \u03bc\u03ae\u03bd\u03b5\u03c2 \u03b1\u03c0\u03bf\u03c4\u03b5\u03bb\u03bf\u03cd\u03bd \u03c4\u03bf \u03ba\u03b1\u03bb\u03bf\u03ba\u03b1\u03af\u03c1\u03b9; \u0391\u03c0\u03bb\u03ad\u03c2 \u03ba\u03b1\u03b8\u03b7\u03bc\u03b5\u03c1\u03b9\u03bd\u03ad\u03c2 \u03b5\u03c1\u03c9\u03c4\u03ae\u03c3\u03b5\u03b9\u03c2 \u03c0\u03bf\u03c5 \u03b3\u03b9\u03b1 \u03ad\u03bd\u03b1 \u03c0\u03b1\u03b9\u03b4\u03af \u03c3\u03b7\u03bc\u03b1\u03af\u03bd\u03bf\u03c5\u03bd \u03c4\u03cc\u03c3\u03b1 \u03c0\u03bf\u03bb\u03bb\u03ac \u03ba\u03b1\u03b9 \u03c0\u03b5\u03c1\u03af\u03c0\u03bb\u03bf\u03ba\u03b1.<\/p><\/p>","protected":false},"featured_media":7267,"comment_status":"open","ping_status":"closed","template":"","meta":{"site-sidebar-layout":"default","site-content-layout":"","ast-site-content-layout":"default","site-content-style":"default","site-sidebar-style":"default","ast-global-header-display":"","ast-banner-title-visibility":"","ast-main-header-display":"","ast-hfb-above-header-display":"","ast-hfb-below-header-display":"","ast-hfb-mobile-header-display":"","site-post-title":"","ast-breadcrumbs-content":"","ast-featured-img":"","footer-sml-layout":"","ast-disable-related-posts":"","theme-transparent-header-meta":"","adv-header-id-meta":"","stick-header-meta":"","header-above-stick-meta":"","header-main-stick-meta":"","header-below-stick-meta":"","astra-migrate-meta-layouts":"default","ast-page-background-enabled":"default","ast-page-background-meta":{"desktop":{"background-color":"var(--ast-global-color-5)","background-image":"","background-repeat":"repeat","background-position":"center center","background-size":"auto","background-attachment":"scroll","background-type":"","background-media":"","overlay-type":"","overlay-color":"","overlay-opacity":"","overlay-gradient":""},"tablet":{"background-color":"","background-image":"","background-repeat":"repeat","background-position":"center center","background-size":"auto","background-attachment":"scroll","background-type":"","background-media":"","overlay-type":"","overlay-color":"","overlay-opacity":"","overlay-gradient":""},"mobile":{"background-color":"","background-image":"","background-repeat":"repeat","background-position":"center center","background-size":"auto","background-attachment":"scroll","background-type":"","background-media":"","overlay-type":"","overlay-color":"","overlay-opacity":"","overlay-gradient":""}},"ast-content-background-meta":{"desktop":{"background-color":"var(--ast-global-color-4)","background-image":"","background-repeat":"repeat","background-position":"center center","background-size":"auto","background-attachment":"scroll","background-type":"","background-media":"","overlay-type":"","overlay-color":"","overlay-opacity":"","overlay-gradient":""},"tablet":{"background-color":"var(--ast-global-color-4)","background-image":"","background-repeat":"repeat","background-position":"center center","background-size":"auto","background-attachment":"scroll","background-type":"","background-media":"","overlay-type":"","overlay-color":"","overlay-opacity":"","overlay-gradient":""},"mobile":{"background-color":"var(--ast-global-color-4)","background-image":"","background-repeat":"repeat","background-position":"center center","background-size":"auto","background-attachment":"scroll","background-type":"","background-media":"","overlay-type":"","overlay-color":"","overlay-opacity":"","overlay-gradient":""}}},"product_brand":[99],"product_cat":[42,43,44,39,50,56,37,26],"product_tag":[],"class_list":{"0":"post-7266","1":"product","2":"type-product","3":"status-publish","4":"has-post-thumbnail","6":"product_brand-as","7":"product_cat-42","8":"product_cat-43","9":"product_cat-44","10":"product_cat-39","11":"product_cat-50","12":"product_cat-56","13":"product_cat-37","14":"product_cat-26","15":"desktop-align-left","16":"tablet-align-left","17":"mobile-align-left","19":"first","20":"instock","21":"taxable","22":"shipping-taxable","23":"purchasable","24":"product-type-simple"},"_links":{"self":[{"href":"https:\/\/stem-eshop.gr\/hu\/wp-json\/wp\/v2\/product\/7266","targetHints":{"allow":["GET"]}}],"collection":[{"href":"https:\/\/stem-eshop.gr\/hu\/wp-json\/wp\/v2\/product"}],"about":[{"href":"https:\/\/stem-eshop.gr\/hu\/wp-json\/wp\/v2\/types\/product"}],"replies":[{"embeddable":true,"href":"https:\/\/stem-eshop.gr\/hu\/wp-json\/wp\/v2\/comments?post=7266"}],"wp:featuredmedia":[{"embeddable":true,"href":"https:\/\/stem-eshop.gr\/hu\/wp-json\/wp\/v2\/media\/7267"}],"wp:attachment":[{"href":"https:\/\/stem-eshop.gr\/hu\/wp-json\/wp\/v2\/media?parent=7266"}],"wp:term":[{"taxonomy":"product_brand","embeddable":true,"href":"https:\/\/stem-eshop.gr\/hu\/wp-json\/wp\/v2\/product_brand?post=7266"},{"taxonomy":"product_cat","embeddable":true,"href":"https:\/\/stem-eshop.gr\/hu\/wp-json\/wp\/v2\/product_cat?post=7266"},{"taxonomy":"product_tag","embeddable":true,"href":"https:\/\/stem-eshop.gr\/hu\/wp-json\/wp\/v2\/product_tag?post=7266"}],"curies":[{"name":"wp","href":"https:\/\/api.w.org\/{rel}","templated":true}]}}