{"id":7217,"date":"2025-05-19T09:55:11","date_gmt":"2025-05-19T09:55:11","guid":{"rendered":"https:\/\/stem-eshop.gr\/product\/%cf%80%cf%89%cf%82-%ce%bb%ce%b5%ce%b9%cf%84%ce%bf%cf%85%cf%81%ce%b3%ce%b5%ce%af-%ce%b7-%cf%85%ce%b4%cf%81%ce%b1%cf%85%ce%bb%ce%b9%ce%ba%ce%ae\/"},"modified":"2025-05-22T21:13:29","modified_gmt":"2025-05-22T18:13:29","slug":"%cf%80%cf%89%cf%82-%ce%bb%ce%b5%ce%b9%cf%84%ce%bf%cf%85%cf%81%ce%b3%ce%b5%ce%af-%ce%b7-%cf%85%ce%b4%cf%81%ce%b1%cf%85%ce%bb%ce%b9%ce%ba%ce%ae","status":"publish","type":"product","link":"https:\/\/stem-eshop.gr\/hu\/termek\/%cf%80%cf%89%cf%82-%ce%bb%ce%b5%ce%b9%cf%84%ce%bf%cf%85%cf%81%ce%b3%ce%b5%ce%af-%ce%b7-%cf%85%ce%b4%cf%81%ce%b1%cf%85%ce%bb%ce%b9%ce%ba%ce%ae\/","title":{"rendered":"Hogyan m\u0171k\u00f6dik a hidraulika?"},"content":{"rendered":"<p>Amikor befejezt\u00e9k a k\u00eds\u00e9rleteiket, a gyerekek levehetik a kalapjukat, \u00e9s el\u0151vehetik a sz\u00ednes ceruz\u00e1ikat, hogy feld\u00edsz\u00edts\u00e9k saj\u00e1t, r\u00e1pattinthat\u00f3 b\u0151reiket.<\/p>\n<p>Ezenk\u00edv\u00fcl a fiatal di\u00e1kok egy 9 oldalas sz\u00ednes f\u00fczetet kapnak, amely a k\u00f6vetkez\u0151ket tartalmazza:<\/p>\n<p>A hidromechanika r\u00f6vid t\u00f6rt\u00e9nete \u00e9rdekes t\u00e9nyekkel<\/p>\n<p>Egy sz\u00f3rakoztat\u00f3 STEM k\u00eds\u00e9rlet egy hidraulikus daruval<\/p>\n<p>A Torricelli \u00e9s Pascal t\u00f6rv\u00e9nyei m\u00f6g\u00f6tt megh\u00faz\u00f3d\u00f3 elm\u00e9let k\u00f6nnyen \u00e9rthet\u0151<\/p>\n<p>Egy kv\u00edz, amely felm\u00e9ri az alapvet\u0151 STEM-fogalmak ismeret\u00e9t<\/p>\n<p>Egyszer\u0171 \u00e9p\u00edt\u00e9si \u00fatmutat\u00f3<\/p>\n<p>Nyomtathat\u00f3 skinek a tervez\u00e9si k\u00e9szs\u00e9gek gyakorl\u00e1s\u00e1hoz<\/p>\n<p>Inspir\u00e1ci\u00f3ra van sz\u00fcks\u00e9ged? Haszn\u00e1ld interakt\u00edv 3D alkalmaz\u00e1sunkat a sz\u00e1m\u00edt\u00f3g\u00e9peden, \u00e9s \u00e9p\u00edts virtu\u00e1lis val\u00f3s\u00e1gban!<\/p>\n<p>Az Engino STEAM oktat\u00f3j\u00e1t\u00e9kai teljes \u00e9rt\u00e9k\u0171 STEAM tanul\u00e1si eszk\u00f6z\u00f6k, amelyeket \u00fagy terveztek, hogy felk\u00e9sz\u00edts\u00e9k a fiatal tanul\u00f3kat az \u00e9lethosszig tart\u00f3 tudom\u00e1nyos felfedez\u00e9sekre. Oktat\u00e1si rendszer\u00fcnkkel kapcsolatos tov\u00e1bbi inform\u00e1ci\u00f3k\u00e9rt kattintson ide.<\/p>\n<p>Figyelmeztet\u00e9s: Ez a term\u00e9k apr\u00f3, lenyelhet\u0151 alkatr\u00e9szeket tartalmaz. Nem alkalmas 3 \u00e9v alatti gyermekek sz\u00e1m\u00e1ra.<\/p>","protected":false},"excerpt":{"rendered":"<p>Fiatal m\u00e9rn\u00f6k\u00f6k mer\u00fclhetnek el a hidrodinamika vil\u00e1g\u00e1ban saj\u00e1t hidraulikus berendez\u00e9s\u00fck meg\u00e9p\u00edt\u00e9s\u00e9vel \u00e9s felszerel\u00e9s\u00e9vel ezzel az interakt\u00edv STEAM \u00e9p\u00edt\u0151k\u00e9szlettel.<\/p>","protected":false},"featured_media":7218,"comment_status":"open","ping_status":"closed","template":"","meta":{"site-sidebar-layout":"default","site-content-layout":"","ast-site-content-layout":"default","site-content-style":"default","site-sidebar-style":"default","ast-global-header-display":"","ast-banner-title-visibility":"","ast-main-header-display":"","ast-hfb-above-header-display":"","ast-hfb-below-header-display":"","ast-hfb-mobile-header-display":"","site-post-title":"","ast-breadcrumbs-content":"","ast-featured-img":"","footer-sml-layout":"","ast-disable-related-posts":"","theme-transparent-header-meta":"default","adv-header-id-meta":"","stick-header-meta":"","header-above-stick-meta":"","header-main-stick-meta":"","header-below-stick-meta":"","astra-migrate-meta-layouts":"set","ast-page-background-enabled":"default","ast-page-background-meta":{"desktop":{"background-color":"var(--ast-global-color-5)","background-image":"","background-repeat":"repeat","background-position":"center center","background-size":"auto","background-attachment":"scroll","background-type":"","background-media":"","overlay-type":"","overlay-color":"","overlay-opacity":"","overlay-gradient":""},"tablet":{"background-color":"","background-image":"","background-repeat":"repeat","background-position":"center center","background-size":"auto","background-attachment":"scroll","background-type":"","background-media":"","overlay-type":"","overlay-color":"","overlay-opacity":"","overlay-gradient":""},"mobile":{"background-color":"","background-image":"","background-repeat":"repeat","background-position":"center center","background-size":"auto","background-attachment":"scroll","background-type":"","background-media":"","overlay-type":"","overlay-color":"","overlay-opacity":"","overlay-gradient":""}},"ast-content-background-meta":{"desktop":{"background-color":"var(--ast-global-color-4)","background-image":"","background-repeat":"repeat","background-position":"center center","background-size":"auto","background-attachment":"scroll","background-type":"","background-media":"","overlay-type":"","overlay-color":"","overlay-opacity":"","overlay-gradient":""},"tablet":{"background-color":"var(--ast-global-color-4)","background-image":"","background-repeat":"repeat","background-position":"center center","background-size":"auto","background-attachment":"scroll","background-type":"","background-media":"","overlay-type":"","overlay-color":"","overlay-opacity":"","overlay-gradient":""},"mobile":{"background-color":"var(--ast-global-color-4)","background-image":"","background-repeat":"repeat","background-position":"center center","background-size":"auto","background-attachment":"scroll","background-type":"","background-media":"","overlay-type":"","overlay-color":"","overlay-opacity":"","overlay-gradient":""}}},"product_brand":[95],"product_cat":[44,39,38,56,32,57,35,30,58],"product_tag":[],"class_list":{"0":"post-7217","1":"product","2":"type-product","3":"status-publish","4":"has-post-thumbnail","6":"product_brand-engino","7":"product_cat-44","8":"product_cat-39","9":"product_cat-38","10":"product_cat-56","11":"product_cat-32","12":"product_cat-57","13":"product_cat--10-12-","14":"product_cat--6-9-","15":"product_cat-58","16":"desktop-align-left","17":"tablet-align-left","18":"mobile-align-left","20":"first","21":"instock","22":"taxable","23":"shipping-taxable","24":"purchasable","25":"product-type-simple"},"_links":{"self":[{"href":"https:\/\/stem-eshop.gr\/hu\/wp-json\/wp\/v2\/product\/7217","targetHints":{"allow":["GET"]}}],"collection":[{"href":"https:\/\/stem-eshop.gr\/hu\/wp-json\/wp\/v2\/product"}],"about":[{"href":"https:\/\/stem-eshop.gr\/hu\/wp-json\/wp\/v2\/types\/product"}],"replies":[{"embeddable":true,"href":"https:\/\/stem-eshop.gr\/hu\/wp-json\/wp\/v2\/comments?post=7217"}],"wp:featuredmedia":[{"embeddable":true,"href":"https:\/\/stem-eshop.gr\/hu\/wp-json\/wp\/v2\/media\/7218"}],"wp:attachment":[{"href":"https:\/\/stem-eshop.gr\/hu\/wp-json\/wp\/v2\/media?parent=7217"}],"wp:term":[{"taxonomy":"product_brand","embeddable":true,"href":"https:\/\/stem-eshop.gr\/hu\/wp-json\/wp\/v2\/product_brand?post=7217"},{"taxonomy":"product_cat","embeddable":true,"href":"https:\/\/stem-eshop.gr\/hu\/wp-json\/wp\/v2\/product_cat?post=7217"},{"taxonomy":"product_tag","embeddable":true,"href":"https:\/\/stem-eshop.gr\/hu\/wp-json\/wp\/v2\/product_tag?post=7217"}],"curies":[{"name":"wp","href":"https:\/\/api.w.org\/{rel}","templated":true}]}}