{"id":7075,"date":"2025-05-19T09:32:48","date_gmt":"2025-05-19T09:32:48","guid":{"rendered":"https:\/\/stem-eshop.gr\/product\/lego-education-spike-prime-set\/"},"modified":"2025-12-30T13:57:37","modified_gmt":"2025-12-30T10:57:37","slug":"lego-education-spike-prime-set","status":"publish","type":"product","link":"https:\/\/stem-eshop.gr\/hu\/termek\/lego-education-spike-prime-set\/","title":{"rendered":"LEGO\u00ae Education SPIKE\u2122 Prime k\u00e9szlet"},"content":{"rendered":"<p>A k\u00f6nnyen bet\u00f6lthet\u0151 programokt\u00f3l a korl\u00e1tlan kreat\u00edv tervez\u00e9si lehet\u0151s\u00e9gekig a SPIKE Prime seg\u00edt a di\u00e1koknak elsaj\u00e1t\u00edtani a 21. sz\u00e1zadi STEAM-k\u00e9szs\u00e9geket, amelyekre sz\u00fcks\u00e9g\u00fck van ahhoz, hogy a holnap innovat\u00edv elm\u00e9iv\u00e9 v\u00e1ljanak... a sz\u00f3rakoz\u00e1son kereszt\u00fcl!<\/p>\n<p>A SPIKE Prime rendszer lelke a programozhat\u00f3 Hub. Ez a fejlett, m\u00e9gis egyszer\u0171en haszn\u00e1lhat\u00f3, t\u00e9gla alak\u00fa eszk\u00f6z 6 bemeneti\/kimeneti porttal, egy vil\u00e1gos 5x5-\u00f6s kijelz\u0151vel, Bluetooth-kapcsolattal, hangsz\u00f3r\u00f3val, egy 6 tengelyes giroszk\u00f3ppal \u00e9s egy \u00fajrat\u00f6lthet\u0151 akkumul\u00e1torral rendelkezik. A SPIKE Prime csomag nagy pontoss\u00e1g\u00fa motorokat \u00e9s \u00e9rz\u00e9kel\u0151ket is tartalmaz, amelyek a sokf\u00e9le sz\u00ednes LEGO \u00e9p\u00edt\u0151anyaggal egy\u00fctt lehet\u0151v\u00e9 teszik a di\u00e1kok sz\u00e1m\u00e1ra, hogy sz\u00f3rakoztat\u00f3 robotokat, dinamikus eszk\u00f6z\u00f6ket \u00e9s m\u00e1s interakt\u00edv modelleket tervezzenek \u00e9s \u00e9p\u00edtsenek. A Hub-on, a motorokon \u00e9s az \u00e9rz\u00e9kel\u0151k\u00f6n tal\u00e1lhat\u00f3 t\u00f6bb csatlakoz\u00e1si pont, valamint az \u00faj, nagym\u00e9ret\u0171 \u00e9p\u00edt\u0151elemek azt jelentik, hogy a di\u00e1kok kevesebb id\u0151t t\u00f6ltenek \u00e9p\u00edt\u00e9ssel, \u00e9s t\u00f6bb id\u0151t a tanul\u00e1ssal. A tart\u00f3s t\u00e1rol\u00f3doboz \u00e9s a 2 v\u00e1logat\u00f3t\u00e1lca azt is jelenti, hogy az \u00f6ssze\u00e1ll\u00edt\u00e1sra \u00e9s a takar\u00edt\u00e1sra ford\u00edtott id\u0151 minim\u00e1lis, m\u00edg a kisebb t\u00e1lc\u00e1k ide\u00e1lisak, ha korl\u00e1tozott a hely az asztalon.<\/p>\n<p>Az intuit\u00edv k\u00f3dol\u00e1si k\u00f6rnyezet tabletekre \u00e9s sz\u00e1m\u00edt\u00f3g\u00e9pekre a n\u00e9pszer\u0171 Scratch-alap\u00fa k\u00f3dol\u00e1si nyelv legjobb elemeit \u00f6tv\u00f6zi, egy olyan rendszert hozva l\u00e9tre, amelyet a tan\u00e1rok \u00e9s a di\u00e1kok egyar\u00e1nt im\u00e1dni fognak. Az Els\u0151 l\u00e9p\u00e9sek anyagok mellett az alkalmaz\u00e1s 3, a tantervhez igazod\u00f3 STEAM tartalmi egys\u00e9get is tartalmaz, amelyek a m\u00e9rn\u00f6ki \u00e9s informatikai tudom\u00e1nyokra \u00f6sszpontos\u00edtanak. Az 5. oszt\u00e1lyos \u00e9s ann\u00e1l id\u0151sebb di\u00e1kok sz\u00e1m\u00e1ra tervezett \u00e9s 45 perces workshopokra optimaliz\u00e1lt egys\u00e9gek felgyors\u00edtj\u00e1k a STEAM-tanul\u00e1st az\u00e1ltal, hogy folyamatosan bevonj\u00e1k a di\u00e1kokat a kritikai gondolkod\u00e1sba \u00e9s az \u00f6sszetett probl\u00e9m\u00e1k megold\u00e1s\u00e1ba, tanul\u00e1si szintj\u00fckt\u0151l f\u00fcggetlen\u00fcl.<\/p>\n<p>\u00c1tfog\u00f3 online \u00f3rav\u00e1zlatok gazdag, k\u00f6nnyen hozz\u00e1f\u00e9rhet\u0151, interakt\u00edv seg\u00e9danyagokkal, amelyek mindent megadnak a tan\u00e1roknak, amire sz\u00fcks\u00e9g\u00fck van ahhoz, hogy magabiztosan tarts\u00e1k az \u00f3r\u00e1kat, f\u00fcggetlen\u00fcl a kor\u00e1bbi tapasztalataikt\u00f3l.<\/p>\n<p>LEGO\u00ae Oktat\u00e1si T\u00e1mogat\u00e1s:<\/p>\n<p>https:\/\/education.lego.com\/en-us\/support\/spike-prime<\/p>","protected":false},"excerpt":{"rendered":"<p>A LEGO\u00ae Education SPIKE\u2122 oktat\u00e1si csomag egy STEAM tanul\u00e1si eszk\u00f6z 5-12. oszt\u00e1lyos di\u00e1kok sz\u00e1m\u00e1ra. A sz\u00ednes LEGO \u00e9p\u00fcletek, a k\u00f6nnyen haszn\u00e1lhat\u00f3 anyagok \u00e9s az intuit\u00edv Scratch-alap\u00fa programoz\u00e1si nyelv kombin\u00e1ci\u00f3j\u00e1val a SPIKE Prime j\u00e1t\u00e9kos tanul\u00e1si tev\u00e9kenys\u00e9geken kereszt\u00fcl folyamatosan \u00f6szt\u00f6nzi a di\u00e1kokat a kritikus gondolkod\u00e1sra \u00e9s az \u00f6sszetett probl\u00e9m\u00e1k megold\u00e1s\u00e1ra, tanul\u00e1si szintj\u00fckt\u0151l f\u00fcggetlen\u00fcl.<\/p>","protected":false},"featured_media":7076,"comment_status":"open","ping_status":"closed","template":"","meta":{"site-sidebar-layout":"default","site-content-layout":"","ast-site-content-layout":"default","site-content-style":"default","site-sidebar-style":"default","ast-global-header-display":"","ast-banner-title-visibility":"","ast-main-header-display":"","ast-hfb-above-header-display":"","ast-hfb-below-header-display":"","ast-hfb-mobile-header-display":"","site-post-title":"","ast-breadcrumbs-content":"","ast-featured-img":"","footer-sml-layout":"","ast-disable-related-posts":"","theme-transparent-header-meta":"default","adv-header-id-meta":"","stick-header-meta":"","header-above-stick-meta":"","header-main-stick-meta":"","header-below-stick-meta":"","astra-migrate-meta-layouts":"set","ast-page-background-enabled":"default","ast-page-background-meta":{"desktop":{"background-color":"var(--ast-global-color-5)","background-image":"","background-repeat":"repeat","background-position":"center center","background-size":"auto","background-attachment":"scroll","background-type":"","background-media":"","overlay-type":"","overlay-color":"","overlay-opacity":"","overlay-gradient":""},"tablet":{"background-color":"","background-image":"","background-repeat":"repeat","background-position":"center center","background-size":"auto","background-attachment":"scroll","background-type":"","background-media":"","overlay-type":"","overlay-color":"","overlay-opacity":"","overlay-gradient":""},"mobile":{"background-color":"","background-image":"","background-repeat":"repeat","background-position":"center center","background-size":"auto","background-attachment":"scroll","background-type":"","background-media":"","overlay-type":"","overlay-color":"","overlay-opacity":"","overlay-gradient":""}},"ast-content-background-meta":{"desktop":{"background-color":"var(--ast-global-color-4)","background-image":"","background-repeat":"repeat","background-position":"center center","background-size":"auto","background-attachment":"scroll","background-type":"","background-media":"","overlay-type":"","overlay-color":"","overlay-opacity":"","overlay-gradient":""},"tablet":{"background-color":"var(--ast-global-color-4)","background-image":"","background-repeat":"repeat","background-position":"center center","background-size":"auto","background-attachment":"scroll","background-type":"","background-media":"","overlay-type":"","overlay-color":"","overlay-opacity":"","overlay-gradient":""},"mobile":{"background-color":"var(--ast-global-color-4)","background-image":"","background-repeat":"repeat","background-position":"center center","background-size":"auto","background-attachment":"scroll","background-type":"","background-media":"","overlay-type":"","overlay-color":"","overlay-opacity":"","overlay-gradient":""}}},"product_brand":[105],"product_cat":[33,38,29,32,35,40,45,34,28,48],"product_tag":[],"class_list":{"0":"post-7075","1":"product","2":"type-product","3":"status-publish","4":"has-post-thumbnail","6":"product_brand-lego","7":"product_cat-33","8":"product_cat-38","9":"product_cat-29","10":"product_cat-32","11":"product_cat--10-12-","12":"product_cat--12-","13":"product_cat-45","14":"product_cat-34","15":"product_cat-28","16":"product_cat-48","17":"desktop-align-left","18":"tablet-align-left","19":"mobile-align-left","21":"first","22":"instock","23":"taxable","24":"shipping-taxable","25":"purchasable","26":"product-type-simple"},"_links":{"self":[{"href":"https:\/\/stem-eshop.gr\/hu\/wp-json\/wp\/v2\/product\/7075","targetHints":{"allow":["GET"]}}],"collection":[{"href":"https:\/\/stem-eshop.gr\/hu\/wp-json\/wp\/v2\/product"}],"about":[{"href":"https:\/\/stem-eshop.gr\/hu\/wp-json\/wp\/v2\/types\/product"}],"replies":[{"embeddable":true,"href":"https:\/\/stem-eshop.gr\/hu\/wp-json\/wp\/v2\/comments?post=7075"}],"wp:featuredmedia":[{"embeddable":true,"href":"https:\/\/stem-eshop.gr\/hu\/wp-json\/wp\/v2\/media\/7076"}],"wp:attachment":[{"href":"https:\/\/stem-eshop.gr\/hu\/wp-json\/wp\/v2\/media?parent=7075"}],"wp:term":[{"taxonomy":"product_brand","embeddable":true,"href":"https:\/\/stem-eshop.gr\/hu\/wp-json\/wp\/v2\/product_brand?post=7075"},{"taxonomy":"product_cat","embeddable":true,"href":"https:\/\/stem-eshop.gr\/hu\/wp-json\/wp\/v2\/product_cat?post=7075"},{"taxonomy":"product_tag","embeddable":true,"href":"https:\/\/stem-eshop.gr\/hu\/wp-json\/wp\/v2\/product_tag?post=7075"}],"curies":[{"name":"wp","href":"https:\/\/api.w.org\/{rel}","templated":true}]}}