{"id":6988,"date":"2025-05-19T09:11:24","date_gmt":"2025-05-19T09:11:24","guid":{"rendered":"https:\/\/stem-eshop.gr\/product\/%ce%bc%ce%b7%cf%87%ce%b1%ce%bd%ce%b9%ce%ba%ce%ae-%cf%81%ce%bf%ce%bc%cf%80%ce%bf%cf%84%ce%b9%ce%ba%ce%ae-%ce%ba%ce%b1%cf%84%ce%b1%cf%83%ce%ba%ce%b5%cf%85%ce%ae-%cf%86%cf%89%cf%84%ce%b5%ce%b9%ce%bd\/"},"modified":"2025-12-31T09:06:27","modified_gmt":"2025-12-31T06:06:27","slug":"%ce%bc%ce%b7%cf%87%ce%b1%ce%bd%ce%b9%ce%ba%ce%ae-%cf%81%ce%bf%ce%bc%cf%80%ce%bf%cf%84%ce%b9%ce%ba%ce%ae-%ce%ba%ce%b1%cf%84%ce%b1%cf%83%ce%ba%ce%b5%cf%85%ce%ae-%cf%86%cf%89%cf%84%ce%b5%ce%b9%ce%bd","status":"publish","type":"product","link":"https:\/\/stem-eshop.gr\/hu\/termek\/%ce%bc%ce%b7%cf%87%ce%b1%ce%bd%ce%b9%ce%ba%ce%ae-%cf%81%ce%bf%ce%bc%cf%80%ce%bf%cf%84%ce%b9%ce%ba%ce%ae-%ce%ba%ce%b1%cf%84%ce%b1%cf%83%ce%ba%ce%b5%cf%85%ce%ae-%cf%86%cf%89%cf%84%ce%b5%ce%b9%ce%bd\/","title":{"rendered":"Mechanikus robotika: K\u00f6zleked\u00e9si l\u00e1mpa \u00e9p\u00edt\u00e9se"},"content":{"rendered":"<p style=\"margin: 0px 0px 10px;padding: 0px;font-family: 'Open Sans', sans-serif;font-size: 15px;line-height: 1.3;letter-spacing: 0.7px;background-color: #ffffff\">M\u0170K\u00d6D\u00c9SI M\u00d3D:<br \/>\nA k\u00f6zleked\u00e9si l\u00e1mp\u00e1k intelligens digit\u00e1lis elektronikus rendszerrel m\u0171k\u00f6dnek. A digit\u00e1lis elektronikus rendszerekben csak k\u00e9tf\u00e9le jelz\u00e9s l\u00e9tezik: be \u00e9s ki. Manu\u00e1lis \u00fczemm\u00f3dban a gomb minden megnyom\u00e1sakor egy bekapcsol\u00f3 jel ker\u00fcl egy sz\u00e1ml\u00e1l\u00f3 \u00e1ramk\u00f6rbe, amely 2 bites bin\u00e1ris sz\u00e1mokkal (0 \u00e9s 1) sz\u00e1mol null\u00e1t\u00f3l h\u00e1romig. Ez a sz\u00e1ml\u00e1l\u00f3 a l\u00e1mp\u00e1khoz van csatlakoztatva. Nulla \u00e9rt\u00e9ken jelet k\u00fcld a piros LED-nek, egy \u00e9rt\u00e9ken jelet a s\u00e1rga LED-nek, kett\u0151 \u00e9rt\u00e9ken jelet k\u00fcld a z\u00f6ld LED-nek, \u00e9s h\u00e1rom \u00e9rt\u00e9ken a sz\u00e1ml\u00e1l\u00f3 visszat\u00e9r null\u00e1ra. A gomb \u00fajb\u00f3li megnyom\u00e1sakor a sz\u00e1ml\u00e1l\u00f3 visszat\u00e9r null\u00e1ra. Automatikus \u00fczemm\u00f3dban egy k\u00fcl\u00f6n id\u0151z\u00edt\u0151 \u00e1ramk\u00f6r k\u00e9t m\u00e1sodpercenk\u00e9nt jelet k\u00fcld a sz\u00e1ml\u00e1l\u00f3 \u00e1ramk\u00f6rnek, ami a l\u00e1mp\u00e1k automatikus v\u00e1lt\u00e1s\u00e1t okozza.<\/p>\n<p style=\"margin: 0px 0px 10px;padding: 0px;font-family: 'Open Sans', sans-serif;font-size: 15px;line-height: 1.3;letter-spacing: 0.7px;background-color: #ffffff\">TARTALOM:<br \/>\nA r\u00e9sz: Els\u0151 l\u00e1mpaburkolat x 1, B: H\u00e1ts\u00f3 l\u00e1mpaburkolat x 1, C: Bels\u0151 vez\u00e9rl\u0151rendszer x 1, D: Elemtart\u00f3 fed\u00e9l x 1 E: Csatlakoz\u00f3 sapk\u00e1k x 2, F: Csavarok x 5. Sz\u00fcks\u00e9gesek m\u00e9g, de nem r\u00e9szei a csomagnak: 2 db 1,5 V-os AAA elem, egy kis laposfej\u0171 csavarh\u00faz\u00f3.<\/p>\n<p style=\"margin: 0px 0px 10px;padding: 0px;font-family: 'Open Sans', sans-serif;font-size: 15px;line-height: 1.3;letter-spacing: 0.7px;background-color: #ffffff\">Az utas\u00edt\u00e1sok g\u00f6r\u00f6g nyelven is szerepelnek.<\/p>\n<p style=\"margin: 0px 0px 10px;padding: 0px;font-family: 'Open Sans', sans-serif;font-size: 15px;line-height: 1.3;letter-spacing: 0.7px;background-color: #ffffff\">","protected":false},"excerpt":{"rendered":"<p><span style=\"font-family: 'Open Sans', sans-serif;font-size: 15px;letter-spacing: 0.7px;background-color: #ffffff\">\u00c9p\u00edtsd meg ezt a k\u00f6zleked\u00e9si l\u00e1mp\u00e1t, \u00e9s tanuld meg, hogyan vez\u00e9rlik az elektronikus \u00e1ramk\u00f6r\u00f6k a jelz\u00e9seket.<\/span><\/p>","protected":false},"featured_media":6989,"comment_status":"open","ping_status":"closed","template":"","meta":{"site-sidebar-layout":"default","site-content-layout":"","ast-site-content-layout":"default","site-content-style":"default","site-sidebar-style":"default","ast-global-header-display":"","ast-banner-title-visibility":"","ast-main-header-display":"","ast-hfb-above-header-display":"","ast-hfb-below-header-display":"","ast-hfb-mobile-header-display":"","site-post-title":"","ast-breadcrumbs-content":"","ast-featured-img":"","footer-sml-layout":"","ast-disable-related-posts":"","theme-transparent-header-meta":"default","adv-header-id-meta":"","stick-header-meta":"","header-above-stick-meta":"","header-main-stick-meta":"","header-below-stick-meta":"","astra-migrate-meta-layouts":"set","ast-page-background-enabled":"default","ast-page-background-meta":{"desktop":{"background-color":"var(--ast-global-color-5)","background-image":"","background-repeat":"repeat","background-position":"center center","background-size":"auto","background-attachment":"scroll","background-type":"","background-media":"","overlay-type":"","overlay-color":"","overlay-opacity":"","overlay-gradient":""},"tablet":{"background-color":"","background-image":"","background-repeat":"repeat","background-position":"center center","background-size":"auto","background-attachment":"scroll","background-type":"","background-media":"","overlay-type":"","overlay-color":"","overlay-opacity":"","overlay-gradient":""},"mobile":{"background-color":"","background-image":"","background-repeat":"repeat","background-position":"center center","background-size":"auto","background-attachment":"scroll","background-type":"","background-media":"","overlay-type":"","overlay-color":"","overlay-opacity":"","overlay-gradient":""}},"ast-content-background-meta":{"desktop":{"background-color":"var(--ast-global-color-4)","background-image":"","background-repeat":"repeat","background-position":"center center","background-size":"auto","background-attachment":"scroll","background-type":"","background-media":"","overlay-type":"","overlay-color":"","overlay-opacity":"","overlay-gradient":""},"tablet":{"background-color":"var(--ast-global-color-4)","background-image":"","background-repeat":"repeat","background-position":"center center","background-size":"auto","background-attachment":"scroll","background-type":"","background-media":"","overlay-type":"","overlay-color":"","overlay-opacity":"","overlay-gradient":""},"mobile":{"background-color":"var(--ast-global-color-4)","background-image":"","background-repeat":"repeat","background-position":"center center","background-size":"auto","background-attachment":"scroll","background-type":"","background-media":"","overlay-type":"","overlay-color":"","overlay-opacity":"","overlay-gradient":""}}},"product_brand":[96],"product_cat":[33,29,56,32,57,35,40,30,34,28],"product_tag":[],"class_list":{"0":"post-6988","1":"product","2":"type-product","3":"status-publish","4":"has-post-thumbnail","6":"product_brand-4m","7":"product_cat-33","8":"product_cat-29","9":"product_cat-56","10":"product_cat-32","11":"product_cat-57","12":"product_cat--10-12-","13":"product_cat--12-","14":"product_cat--6-9-","15":"product_cat-34","16":"product_cat-28","17":"desktop-align-left","18":"tablet-align-left","19":"mobile-align-left","21":"first","22":"instock","23":"taxable","24":"shipping-taxable","25":"purchasable","26":"product-type-simple"},"_links":{"self":[{"href":"https:\/\/stem-eshop.gr\/hu\/wp-json\/wp\/v2\/product\/6988","targetHints":{"allow":["GET"]}}],"collection":[{"href":"https:\/\/stem-eshop.gr\/hu\/wp-json\/wp\/v2\/product"}],"about":[{"href":"https:\/\/stem-eshop.gr\/hu\/wp-json\/wp\/v2\/types\/product"}],"replies":[{"embeddable":true,"href":"https:\/\/stem-eshop.gr\/hu\/wp-json\/wp\/v2\/comments?post=6988"}],"wp:featuredmedia":[{"embeddable":true,"href":"https:\/\/stem-eshop.gr\/hu\/wp-json\/wp\/v2\/media\/6989"}],"wp:attachment":[{"href":"https:\/\/stem-eshop.gr\/hu\/wp-json\/wp\/v2\/media?parent=6988"}],"wp:term":[{"taxonomy":"product_brand","embeddable":true,"href":"https:\/\/stem-eshop.gr\/hu\/wp-json\/wp\/v2\/product_brand?post=6988"},{"taxonomy":"product_cat","embeddable":true,"href":"https:\/\/stem-eshop.gr\/hu\/wp-json\/wp\/v2\/product_cat?post=6988"},{"taxonomy":"product_tag","embeddable":true,"href":"https:\/\/stem-eshop.gr\/hu\/wp-json\/wp\/v2\/product_tag?post=6988"}],"curies":[{"name":"wp","href":"https:\/\/api.w.org\/{rel}","templated":true}]}}