{"id":6977,"date":"2025-05-19T09:11:14","date_gmt":"2025-05-19T09:11:14","guid":{"rendered":"https:\/\/stem-eshop.gr\/product\/lego-education-spike-essential-minifigure-pack\/"},"modified":"2025-10-23T11:43:15","modified_gmt":"2025-10-23T08:43:15","slug":"lego-education-spike-essential-minifigure-pack","status":"publish","type":"product","link":"https:\/\/stem-eshop.gr\/hu\/termek\/lego-education-spike-essential-minifigure-pack\/","title":{"rendered":"LEGO\u00ae Education SPIKE\u2122 alapvet\u0151 minifigura csomag"},"content":{"rendered":"<p class=\"MsoNormal\" style=\"text-align: justify\">Jellemz\u0151k:<\/p>\n<p class=\"MsoNormal\" style=\"text-align: justify\">Kompatibilis a LEGO\u00ae Education SPIKE\u2122 Essential k\u00e9szlettel.<\/p>\n<p class=\"MsoNormal\" style=\"text-align: justify\">\u00d6szt\u00f6nzi a kreat\u00edv kifejez\u00e9st \u00e9s a t\u00f6rt\u00e9netmes\u00e9l\u00e9st.<\/p>\n<p class=\"MsoNormal\" style=\"text-align: justify\">El\u0151seg\u00edti az interakt\u00edv tanul\u00e1st \u00e9s az egy\u00fcttm\u0171k\u00f6d\u00e9st a di\u00e1kok k\u00f6z\u00f6tt.<\/p>\n<p class=\"MsoNormal\" style=\"text-align: justify\">K\u00f6nny\u0171 integr\u00e1ci\u00f3 a megl\u00e9v\u0151 SPIKE\u2122 Essential tev\u00e9kenys\u00e9gekbe \u00e9s projektekbe.<\/p>","protected":false},"excerpt":{"rendered":"<p class=\"MsoNormal\" style=\"text-align: justify\">A LEGO\u00ae Education SPIKE\u2122 Essential Minifigura csomag egy minifigura k\u00e9szlet, amelyet a SPIKE\u2122 Essential oktat\u00e1si k\u00e9szletek kieg\u00e9sz\u00edt\u00e9s\u00e9re \u00e9s fejleszt\u00e9s\u00e9re terveztek. Ezek a minifigur\u00e1k \u00e9letre kelthetik a di\u00e1kok tev\u00e9kenys\u00e9geit, el\u0151seg\u00edtve a kreativit\u00e1st \u00e9s a t\u00f6rt\u00e9netmes\u00e9l\u00e9st az \u00f3r\u00e1kon.<\/p>","protected":false},"featured_media":6978,"comment_status":"open","ping_status":"closed","template":"","meta":{"site-sidebar-layout":"default","site-content-layout":"","ast-site-content-layout":"default","site-content-style":"default","site-sidebar-style":"default","ast-global-header-display":"","ast-banner-title-visibility":"","ast-main-header-display":"","ast-hfb-above-header-display":"","ast-hfb-below-header-display":"","ast-hfb-mobile-header-display":"","site-post-title":"","ast-breadcrumbs-content":"","ast-featured-img":"","footer-sml-layout":"","ast-disable-related-posts":"","theme-transparent-header-meta":"default","adv-header-id-meta":"","stick-header-meta":"","header-above-stick-meta":"","header-main-stick-meta":"","header-below-stick-meta":"","astra-migrate-meta-layouts":"set","ast-page-background-enabled":"default","ast-page-background-meta":{"desktop":{"background-color":"var(--ast-global-color-5)","background-image":"","background-repeat":"repeat","background-position":"center center","background-size":"auto","background-attachment":"scroll","background-type":"","background-media":"","overlay-type":"","overlay-color":"","overlay-opacity":"","overlay-gradient":""},"tablet":{"background-color":"","background-image":"","background-repeat":"repeat","background-position":"center center","background-size":"auto","background-attachment":"scroll","background-type":"","background-media":"","overlay-type":"","overlay-color":"","overlay-opacity":"","overlay-gradient":""},"mobile":{"background-color":"","background-image":"","background-repeat":"repeat","background-position":"center center","background-size":"auto","background-attachment":"scroll","background-type":"","background-media":"","overlay-type":"","overlay-color":"","overlay-opacity":"","overlay-gradient":""}},"ast-content-background-meta":{"desktop":{"background-color":"var(--ast-global-color-4)","background-image":"","background-repeat":"repeat","background-position":"center center","background-size":"auto","background-attachment":"scroll","background-type":"","background-media":"","overlay-type":"","overlay-color":"","overlay-opacity":"","overlay-gradient":""},"tablet":{"background-color":"var(--ast-global-color-4)","background-image":"","background-repeat":"repeat","background-position":"center center","background-size":"auto","background-attachment":"scroll","background-type":"","background-media":"","overlay-type":"","overlay-color":"","overlay-opacity":"","overlay-gradient":""},"mobile":{"background-color":"var(--ast-global-color-4)","background-image":"","background-repeat":"repeat","background-position":"center center","background-size":"auto","background-attachment":"scroll","background-type":"","background-media":"","overlay-type":"","overlay-color":"","overlay-opacity":"","overlay-gradient":""}}},"product_brand":[105],"product_cat":[42,43,49,29,30,48],"product_tag":[],"class_list":{"0":"post-6977","1":"product","2":"type-product","3":"status-publish","4":"has-post-thumbnail","6":"product_brand-lego","7":"product_cat-42","8":"product_cat-43","9":"product_cat-49","10":"product_cat-29","11":"product_cat--6-9-","12":"product_cat-48","13":"desktop-align-left","14":"tablet-align-left","15":"mobile-align-left","17":"first","18":"instock","19":"taxable","20":"shipping-taxable","21":"purchasable","22":"product-type-simple"},"_links":{"self":[{"href":"https:\/\/stem-eshop.gr\/hu\/wp-json\/wp\/v2\/product\/6977","targetHints":{"allow":["GET"]}}],"collection":[{"href":"https:\/\/stem-eshop.gr\/hu\/wp-json\/wp\/v2\/product"}],"about":[{"href":"https:\/\/stem-eshop.gr\/hu\/wp-json\/wp\/v2\/types\/product"}],"replies":[{"embeddable":true,"href":"https:\/\/stem-eshop.gr\/hu\/wp-json\/wp\/v2\/comments?post=6977"}],"wp:featuredmedia":[{"embeddable":true,"href":"https:\/\/stem-eshop.gr\/hu\/wp-json\/wp\/v2\/media\/6978"}],"wp:attachment":[{"href":"https:\/\/stem-eshop.gr\/hu\/wp-json\/wp\/v2\/media?parent=6977"}],"wp:term":[{"taxonomy":"product_brand","embeddable":true,"href":"https:\/\/stem-eshop.gr\/hu\/wp-json\/wp\/v2\/product_brand?post=6977"},{"taxonomy":"product_cat","embeddable":true,"href":"https:\/\/stem-eshop.gr\/hu\/wp-json\/wp\/v2\/product_cat?post=6977"},{"taxonomy":"product_tag","embeddable":true,"href":"https:\/\/stem-eshop.gr\/hu\/wp-json\/wp\/v2\/product_tag?post=6977"}],"curies":[{"name":"wp","href":"https:\/\/api.w.org\/{rel}","templated":true}]}}