{"id":6930,"date":"2025-05-19T09:09:43","date_gmt":"2025-05-19T09:09:43","guid":{"rendered":"https:\/\/stem-eshop.gr\/product\/ngs-%ce%ba%ce%b1%cf%84%ce%b1%cf%83%ce%ba%ce%b5%cf%85%ce%ae-%ce%b3%cf%81%ce%b1%cf%86%ce%bf%ce%bc%ce%b7%cf%87%ce%b1%ce%bd%ce%ae%cf%82-%ce%bc%ce%b5-%cf%84%ce%bf%cf%85%ce%b2%ce%bb%ce%ac%ce%ba%ce%b9-2\/"},"modified":"2025-10-06T10:36:53","modified_gmt":"2025-10-06T07:36:53","slug":"ngs-%ce%ba%ce%b1%cf%84%ce%b1%cf%83%ce%ba%ce%b5%cf%85%ce%ae-%ce%b3%cf%81%ce%b1%cf%86%ce%bf%ce%bc%ce%b7%cf%87%ce%b1%ce%bd%ce%ae%cf%82-%ce%bc%ce%b5-%cf%84%ce%bf%cf%85%ce%b2%ce%bb%ce%ac%ce%ba%ce%b9-2","status":"publish","type":"product","link":"https:\/\/stem-eshop.gr\/hu\/termek\/ngs-%ce%ba%ce%b1%cf%84%ce%b1%cf%83%ce%ba%ce%b5%cf%85%ce%ae-%ce%b3%cf%81%ce%b1%cf%86%ce%bf%ce%bc%ce%b7%cf%87%ce%b1%ce%bd%ce%ae%cf%82-%ce%bc%ce%b5-%cf%84%ce%bf%cf%85%ce%b2%ce%bb%ce%ac%ce%ba%ce%b9-2\/","title":{"rendered":"NGS \u00cdr\u00f3g\u00e9p \u00e9p\u00edt\u00e9se t\u00e9gl\u00e1b\u00f3l"},"content":{"rendered":"<p class=\"MsoNormal\">F\u0151bb jellemz\u0151k<\/p>\n<p class=\"MsoNormal\">\u00d6sszeszerelt modell:<\/p>\n<p class=\"MsoNormal\">A k\u00e9szlet sz\u00e1mos darabot tartalmaz, amelyek \u00f6sszeszerel\u00e9s\u00e9vel egy r\u00e9gi \u00edr\u00f3g\u00e9p r\u00e9szletes modellj\u00e9t lehet megalkotni.<\/p>\n<p class=\"MsoNormal\">Realisztikus diz\u00e1jn:<\/p>\n<p class=\"MsoNormal\">A v\u00e9gs\u0151 modell val\u00f3s\u00e1gh\u0171 r\u00e9szletekkel rendelkezik, amelyek egy igazi r\u00e9gi \u00edr\u00f3g\u00e9pre eml\u00e9keztetnek, \u00edgy \u00e9rdekes kieg\u00e9sz\u00edt\u0151je lehet b\u00e1rmely gy\u0171jtem\u00e9nynek.<\/p>\n<p class=\"MsoNormal\">Kiv\u00e1l\u00f3 min\u0151s\u00e9g\u0171 anyagok:<\/p>\n<p class=\"MsoNormal\">A darabok tart\u00f3s m\u0171anyagb\u00f3l k\u00e9sz\u00fcltek, \u00edgy biztos\u00edtva a hossz\u00fa t\u00e1v\u00fa haszn\u00e1latot \u00e9s a tart\u00f3ss\u00e1got.<\/p>","protected":false},"excerpt":{"rendered":"<p class=\"MsoNormal\">Az NGS r\u00e9gi \u00edr\u00f3g\u00e9p modellez\u0151 j\u00e1t\u00e9k lehet\u0151v\u00e9 teszi a gyerekek sz\u00e1m\u00e1ra, hogy \u00e9p\u00edt\u0151kock\u00e1k seg\u00edts\u00e9g\u00e9vel val\u00f3s\u00e1gh\u0171en meg\u00e9p\u00edts\u00e9k egy r\u00e9gi \u00edr\u00f3g\u00e9p modellj\u00e9t.<\/p>\n<p class=\"MsoNormal\">Egyed\u00fcl\u00e1ll\u00f3 tanul\u00e1si \u00e9lm\u00e9nyt k\u00edn\u00e1l, seg\u00edtve a gyerekeket meg\u00e9rteni a r\u00e9gi technol\u00f3gi\u00e1k mechanikai m\u0171k\u00f6d\u00e9s\u00e9t \u00e9s t\u00f6rt\u00e9net\u00e9t.<\/p>","protected":false},"featured_media":6931,"comment_status":"open","ping_status":"closed","template":"","meta":{"site-sidebar-layout":"default","site-content-layout":"","ast-site-content-layout":"default","site-content-style":"default","site-sidebar-style":"default","ast-global-header-display":"","ast-banner-title-visibility":"","ast-main-header-display":"","ast-hfb-above-header-display":"","ast-hfb-below-header-display":"","ast-hfb-mobile-header-display":"","site-post-title":"","ast-breadcrumbs-content":"","ast-featured-img":"","footer-sml-layout":"","ast-disable-related-posts":"","theme-transparent-header-meta":"default","adv-header-id-meta":"","stick-header-meta":"","header-above-stick-meta":"","header-main-stick-meta":"","header-below-stick-meta":"","astra-migrate-meta-layouts":"set","ast-page-background-enabled":"default","ast-page-background-meta":{"desktop":{"background-color":"var(--ast-global-color-5)","background-image":"","background-repeat":"repeat","background-position":"center center","background-size":"auto","background-attachment":"scroll","background-type":"","background-media":"","overlay-type":"","overlay-color":"","overlay-opacity":"","overlay-gradient":""},"tablet":{"background-color":"","background-image":"","background-repeat":"repeat","background-position":"center center","background-size":"auto","background-attachment":"scroll","background-type":"","background-media":"","overlay-type":"","overlay-color":"","overlay-opacity":"","overlay-gradient":""},"mobile":{"background-color":"","background-image":"","background-repeat":"repeat","background-position":"center center","background-size":"auto","background-attachment":"scroll","background-type":"","background-media":"","overlay-type":"","overlay-color":"","overlay-opacity":"","overlay-gradient":""}},"ast-content-background-meta":{"desktop":{"background-color":"var(--ast-global-color-4)","background-image":"","background-repeat":"repeat","background-position":"center center","background-size":"auto","background-attachment":"scroll","background-type":"","background-media":"","overlay-type":"","overlay-color":"","overlay-opacity":"","overlay-gradient":""},"tablet":{"background-color":"var(--ast-global-color-4)","background-image":"","background-repeat":"repeat","background-position":"center center","background-size":"auto","background-attachment":"scroll","background-type":"","background-media":"","overlay-type":"","overlay-color":"","overlay-opacity":"","overlay-gradient":""},"mobile":{"background-color":"var(--ast-global-color-4)","background-image":"","background-repeat":"repeat","background-position":"center center","background-size":"auto","background-attachment":"scroll","background-type":"","background-media":"","overlay-type":"","overlay-color":"","overlay-opacity":"","overlay-gradient":""}}},"product_brand":[107],"product_cat":[43,49,38,29,32,57,30],"product_tag":[],"class_list":{"0":"post-6930","1":"product","2":"type-product","3":"status-publish","4":"has-post-thumbnail","6":"product_brand-ngs","7":"product_cat-43","8":"product_cat-49","9":"product_cat-38","10":"product_cat-29","11":"product_cat-32","12":"product_cat-57","13":"product_cat--6-9-","14":"desktop-align-left","15":"tablet-align-left","16":"mobile-align-left","18":"first","19":"instock","20":"taxable","21":"shipping-taxable","22":"purchasable","23":"product-type-simple"},"_links":{"self":[{"href":"https:\/\/stem-eshop.gr\/hu\/wp-json\/wp\/v2\/product\/6930","targetHints":{"allow":["GET"]}}],"collection":[{"href":"https:\/\/stem-eshop.gr\/hu\/wp-json\/wp\/v2\/product"}],"about":[{"href":"https:\/\/stem-eshop.gr\/hu\/wp-json\/wp\/v2\/types\/product"}],"replies":[{"embeddable":true,"href":"https:\/\/stem-eshop.gr\/hu\/wp-json\/wp\/v2\/comments?post=6930"}],"wp:featuredmedia":[{"embeddable":true,"href":"https:\/\/stem-eshop.gr\/hu\/wp-json\/wp\/v2\/media\/6931"}],"wp:attachment":[{"href":"https:\/\/stem-eshop.gr\/hu\/wp-json\/wp\/v2\/media?parent=6930"}],"wp:term":[{"taxonomy":"product_brand","embeddable":true,"href":"https:\/\/stem-eshop.gr\/hu\/wp-json\/wp\/v2\/product_brand?post=6930"},{"taxonomy":"product_cat","embeddable":true,"href":"https:\/\/stem-eshop.gr\/hu\/wp-json\/wp\/v2\/product_cat?post=6930"},{"taxonomy":"product_tag","embeddable":true,"href":"https:\/\/stem-eshop.gr\/hu\/wp-json\/wp\/v2\/product_tag?post=6930"}],"curies":[{"name":"wp","href":"https:\/\/api.w.org\/{rel}","templated":true}]}}