{"id":6919,"date":"2025-05-19T09:09:20","date_gmt":"2025-05-19T09:09:20","guid":{"rendered":"https:\/\/stem-eshop.gr\/product\/ngs-%ce%b7%ce%bb%ce%b5%ce%ba%cf%84%cf%81%ce%bf%ce%bd%ce%b9%ce%ba%cf%8c-%cf%80%ce%b1%ce%b9%cf%87%ce%bd%ce%af%ce%b4%ce%b9-%ce%ba%cf%85%ce%ba%ce%bb%cf%89%ce%bc%ce%ac%cf%84%cf%89%ce%bd-diy\/"},"modified":"2025-11-19T11:09:31","modified_gmt":"2025-11-19T08:09:31","slug":"ngs-%ce%b7%ce%bb%ce%b5%ce%ba%cf%84%cf%81%ce%bf%ce%bd%ce%b9%ce%ba%cf%8c-%cf%80%ce%b1%ce%b9%cf%87%ce%bd%ce%af%ce%b4%ce%b9-%ce%ba%cf%85%ce%ba%ce%bb%cf%89%ce%bc%ce%ac%cf%84%cf%89%ce%bd-diy","status":"publish","type":"product","link":"https:\/\/stem-eshop.gr\/hu\/termek\/ngs-%ce%b7%ce%bb%ce%b5%ce%ba%cf%84%cf%81%ce%bf%ce%bd%ce%b9%ce%ba%cf%8c-%cf%80%ce%b1%ce%b9%cf%87%ce%bd%ce%af%ce%b4%ce%b9-%ce%ba%cf%85%ce%ba%ce%bb%cf%89%ce%bc%ce%ac%cf%84%cf%89%ce%bd-diy\/","title":{"rendered":"NGS elektronikus \u00e1ramk\u00f6r bark\u00e1csj\u00e1t\u00e9k"},"content":{"rendered":"<p class=\"MsoNormal\">K\u00fcl\u00f6nb\u00f6z\u0151 alkatr\u00e9szeket tartalmaz, p\u00e9ld\u00e1ul elemeket, vezet\u00e9keket, kapcsol\u00f3kat, LED-eket, ellen\u00e1ll\u00e1sokat \u00e9s apr\u00f3 elektronikus alkatr\u00e9szeket, amelyek \u00f6sszekapcsolhat\u00f3k m\u0171k\u00f6d\u0151 \u00e1ramk\u00f6r\u00f6k l\u00e9trehoz\u00e1s\u00e1hoz. A gyerekek megtanulj\u00e1k, hogyan kell alapvet\u0151 \u00e1ramk\u00f6r\u00f6ket l\u00e9trehozni, meg\u00e9rtik az elektromoss\u00e1g \u00e1raml\u00e1s\u00e1t, \u00e9s munk\u00e1juk eredm\u00e9ny\u00e9t f\u00e9nyjelz\u0151k\u00f6n \u00e9s mozg\u00e1sokon kereszt\u00fcl l\u00e1tj\u00e1k.<\/p>\n<\/p>\n<p class=\"MsoNormal\">Gyerekeknek val\u00f3 tudom\u00e1nyos \u00e1ramk\u00f6ri j\u00e1t\u00e9kok \u00e9s a bark\u00e1cs elektronikus \u00e1ramk\u00f6ri j\u00e1t\u00e9kok sz\u00e1mos el\u0151nnyel j\u00e1rnak:<\/p>\n<\/p>\n<p>Oktat\u00e1s \u00e9s tanul\u00e1s: Seg\u00edtsen a gyerekeknek meg\u00e9rteni az elektronika \u00e9s a fizika alapelveit<\/p>\n<\/p>\n<p>Gyakorlati tapasztalatszerz\u00e9s: A gyerekek tapasztalatot szereznek val\u00f3di szersz\u00e1mokkal \u00e9s alkatr\u00e9szekkel val\u00f3 munk\u00e1ban<\/p>\n<\/p>\n<p>Kreativit\u00e1s \u00e9s innov\u00e1ci\u00f3: \u00d6szt\u00f6n\u00f6zze a gyerekeket kreat\u00edv gondolkod\u00e1sra \u00e9s \u00faj \u00f6tletek kipr\u00f3b\u00e1l\u00e1s\u00e1ra<\/p>\n<\/p>\n<p>Probl\u00e9mamegold\u00e1s: Fejleszd a probl\u00e9mamegold\u00f3 \u00e9s kritikai gondolkod\u00e1si k\u00e9szs\u00e9geidet<\/p>\n<\/p>\n<p>Bizalom \u00e9s \u00f6nbizalom: N\u00f6velik a gyerekek \u00f6nbizalm\u00e1t, amikor l\u00e1tj\u00e1k, hogy a projektjeik elk\u00e9sz\u00fcltek \u00e9s m\u0171k\u00f6dnek.<\/p><\/p>","protected":false},"excerpt":{"rendered":"<p class=\"MsoNormal\">Az elektronika \u00e9s az elektromos \u00e1ramk\u00f6r\u00f6k alapelveinek meg\u00e9rt\u00e9se alapvet\u0151 fontoss\u00e1g\u00fa a modern vil\u00e1gban, ahol a technol\u00f3gia domin\u00e1ns szerepet j\u00e1tszik a mindennapi \u00e9let\u00fcnkben. A gyerekeknek sz\u00f3l\u00f3 tudom\u00e1nyos \u00e1ramk\u00f6ri j\u00e1t\u00e9kok \u00e9s a bark\u00e1cs elektronikus \u00e1ramk\u00f6ri j\u00e1t\u00e9kok \u00fagy lettek kialak\u00edtva, hogy gyakorlati \u00e9s interakt\u00edv tev\u00e9kenys\u00e9geken kereszt\u00fcl ismertess\u00e9k meg a gyerekeket ezekkel a fogalmakkal.<span lang=\"en-us\" xml:lang=\"en-us\"><\/span><\/p><\/p>","protected":false},"featured_media":6920,"comment_status":"open","ping_status":"closed","template":"","meta":{"site-sidebar-layout":"default","site-content-layout":"","ast-site-content-layout":"default","site-content-style":"default","site-sidebar-style":"default","ast-global-header-display":"","ast-banner-title-visibility":"","ast-main-header-display":"","ast-hfb-above-header-display":"","ast-hfb-below-header-display":"","ast-hfb-mobile-header-display":"","site-post-title":"","ast-breadcrumbs-content":"","ast-featured-img":"","footer-sml-layout":"","ast-disable-related-posts":"","theme-transparent-header-meta":"","adv-header-id-meta":"","stick-header-meta":"","header-above-stick-meta":"","header-main-stick-meta":"","header-below-stick-meta":"","astra-migrate-meta-layouts":"default","ast-page-background-enabled":"default","ast-page-background-meta":{"desktop":{"background-color":"var(--ast-global-color-5)","background-image":"","background-repeat":"repeat","background-position":"center center","background-size":"auto","background-attachment":"scroll","background-type":"","background-media":"","overlay-type":"","overlay-color":"","overlay-opacity":"","overlay-gradient":""},"tablet":{"background-color":"","background-image":"","background-repeat":"repeat","background-position":"center center","background-size":"auto","background-attachment":"scroll","background-type":"","background-media":"","overlay-type":"","overlay-color":"","overlay-opacity":"","overlay-gradient":""},"mobile":{"background-color":"","background-image":"","background-repeat":"repeat","background-position":"center center","background-size":"auto","background-attachment":"scroll","background-type":"","background-media":"","overlay-type":"","overlay-color":"","overlay-opacity":"","overlay-gradient":""}},"ast-content-background-meta":{"desktop":{"background-color":"var(--ast-global-color-4)","background-image":"","background-repeat":"repeat","background-position":"center center","background-size":"auto","background-attachment":"scroll","background-type":"","background-media":"","overlay-type":"","overlay-color":"","overlay-opacity":"","overlay-gradient":""},"tablet":{"background-color":"var(--ast-global-color-4)","background-image":"","background-repeat":"repeat","background-position":"center center","background-size":"auto","background-attachment":"scroll","background-type":"","background-media":"","overlay-type":"","overlay-color":"","overlay-opacity":"","overlay-gradient":""},"mobile":{"background-color":"var(--ast-global-color-4)","background-image":"","background-repeat":"repeat","background-position":"center center","background-size":"auto","background-attachment":"scroll","background-type":"","background-media":"","overlay-type":"","overlay-color":"","overlay-opacity":"","overlay-gradient":""}}},"product_brand":[107],"product_cat":[43,44,39,52,38,35,30,59,58],"product_tag":[],"class_list":{"0":"post-6919","1":"product","2":"type-product","3":"status-publish","4":"has-post-thumbnail","6":"product_brand-ngs","7":"product_cat-43","8":"product_cat-44","9":"product_cat-39","10":"product_cat-52","11":"product_cat-38","12":"product_cat--10-12-","13":"product_cat--6-9-","14":"product_cat-59","15":"product_cat-58","16":"desktop-align-left","17":"tablet-align-left","18":"mobile-align-left","20":"first","21":"instock","22":"taxable","23":"shipping-taxable","24":"purchasable","25":"product-type-simple"},"_links":{"self":[{"href":"https:\/\/stem-eshop.gr\/hu\/wp-json\/wp\/v2\/product\/6919","targetHints":{"allow":["GET"]}}],"collection":[{"href":"https:\/\/stem-eshop.gr\/hu\/wp-json\/wp\/v2\/product"}],"about":[{"href":"https:\/\/stem-eshop.gr\/hu\/wp-json\/wp\/v2\/types\/product"}],"replies":[{"embeddable":true,"href":"https:\/\/stem-eshop.gr\/hu\/wp-json\/wp\/v2\/comments?post=6919"}],"wp:featuredmedia":[{"embeddable":true,"href":"https:\/\/stem-eshop.gr\/hu\/wp-json\/wp\/v2\/media\/6920"}],"wp:attachment":[{"href":"https:\/\/stem-eshop.gr\/hu\/wp-json\/wp\/v2\/media?parent=6919"}],"wp:term":[{"taxonomy":"product_brand","embeddable":true,"href":"https:\/\/stem-eshop.gr\/hu\/wp-json\/wp\/v2\/product_brand?post=6919"},{"taxonomy":"product_cat","embeddable":true,"href":"https:\/\/stem-eshop.gr\/hu\/wp-json\/wp\/v2\/product_cat?post=6919"},{"taxonomy":"product_tag","embeddable":true,"href":"https:\/\/stem-eshop.gr\/hu\/wp-json\/wp\/v2\/product_tag?post=6919"}],"curies":[{"name":"wp","href":"https:\/\/api.w.org\/{rel}","templated":true}]}}