{"id":6913,"date":"2025-05-19T09:09:04","date_gmt":"2025-05-19T09:09:04","guid":{"rendered":"https:\/\/stem-eshop.gr\/product\/ngs-%cf%83%ce%b5%cf%84-1000-%cf%84%ce%bf%cf%85%ce%b2%ce%bb%ce%ac%ce%ba%ce%b9%ce%b1\/"},"modified":"2025-12-24T13:56:48","modified_gmt":"2025-12-24T10:56:48","slug":"ngs-%cf%83%ce%b5%cf%84-1000-%cf%84%ce%bf%cf%85%ce%b2%ce%bb%ce%ac%ce%ba%ce%b9%ce%b1","status":"publish","type":"product","link":"https:\/\/stem-eshop.gr\/hu\/termek\/ngs-%cf%83%ce%b5%cf%84-1000-%cf%84%ce%bf%cf%85%ce%b2%ce%bb%ce%ac%ce%ba%ce%b9%ce%b1\/","title":{"rendered":"NGS 1000 darabos kock\u00e1s k\u00e9szlet"},"content":{"rendered":"<p class=\"MsoNormal\">1000 kock\u00e1val sok kreat\u00edv \u00e9s \u00e9rdekes dolgot csin\u00e1lhatsz.<\/p>\n<p class=\"MsoNormal\">\u00cdme n\u00e9h\u00e1ny \u00f6tlet:<\/p>\n<p class=\"MsoNormal\">\u00c9p\u00edtm\u00e9nyek \u00e9s szerkezetek \u2013 Kisv\u00e1rosok vagy falvak<\/p>\n<p class=\"MsoNormal\">M\u0171v\u00e9szi alkot\u00e1sok \u2013 3D bet\u0171k \u00e9s sz\u00e1mok<\/p>\n<p class=\"MsoNormal\">Oktat\u00f3 \u00e9s j\u00e1t\u00e9k \u2013 Matematikai j\u00e1t\u00e9kok vagy strat\u00e9giai j\u00e1t\u00e9kok<\/p>\n<p class=\"MsoNormal\">Interakt\u00edv konstrukci\u00f3k \u2013 mechanikai modellek<\/p>\n<p class=\"MsoNormal\">A lehet\u0151s\u00e9gek v\u00e9gtelenek, \u00e9s a kreativit\u00e1soddal nagyon \u00e9rdekes \u00e9s egyedi eredm\u00e9nyeket \u00e9rhetsz el.<\/p>\n<p class=\"MsoNormal\">J\u00f3 sz\u00f3rakoz\u00e1st a t\u00e9gl\u00e1iddal!<\/p>","protected":false},"excerpt":{"rendered":"<p class=\"MsoNormal\">A t\u00e9gla kiv\u00e1l\u00f3 anyag a k\u00e9pzelet megteremt\u00e9s\u00e9hez \u00e9s kifejez\u00e9s\u00e9hez.<\/p>\n<p class=\"MsoNormal\">1000 kock\u00e1val a lehet\u0151s\u00e9gek v\u00e9gtelenek, \u00e9s az egyetlen korl\u00e1toz\u00f3 t\u00e9nyez\u0151 a k\u00e9pzeleted. A bonyolult \u00e9p\u00edtm\u00e9nyekt\u0151l \u00e9s szerkezetekt\u0151l kezdve a m\u0171v\u00e9szi alkot\u00e1sokon \u00e1t az oktat\u00f3 j\u00e1t\u00e9kokig a kock\u00e1k eszk\u00f6zz\u00e9 v\u00e1lhatnak b\u00e1rmi meg\u00e9p\u00edt\u00e9s\u00e9hez, amit csak meg\u00e1lmolsz.<\/p>","protected":false},"featured_media":6914,"comment_status":"open","ping_status":"closed","template":"","meta":{"site-sidebar-layout":"default","site-content-layout":"","ast-site-content-layout":"default","site-content-style":"default","site-sidebar-style":"default","ast-global-header-display":"","ast-banner-title-visibility":"","ast-main-header-display":"","ast-hfb-above-header-display":"","ast-hfb-below-header-display":"","ast-hfb-mobile-header-display":"","site-post-title":"","ast-breadcrumbs-content":"","ast-featured-img":"","footer-sml-layout":"","ast-disable-related-posts":"","theme-transparent-header-meta":"default","adv-header-id-meta":"","stick-header-meta":"","header-above-stick-meta":"","header-main-stick-meta":"","header-below-stick-meta":"","astra-migrate-meta-layouts":"set","ast-page-background-enabled":"default","ast-page-background-meta":{"desktop":{"background-color":"var(--ast-global-color-5)","background-image":"","background-repeat":"repeat","background-position":"center center","background-size":"auto","background-attachment":"scroll","background-type":"","background-media":"","overlay-type":"","overlay-color":"","overlay-opacity":"","overlay-gradient":""},"tablet":{"background-color":"","background-image":"","background-repeat":"repeat","background-position":"center center","background-size":"auto","background-attachment":"scroll","background-type":"","background-media":"","overlay-type":"","overlay-color":"","overlay-opacity":"","overlay-gradient":""},"mobile":{"background-color":"","background-image":"","background-repeat":"repeat","background-position":"center center","background-size":"auto","background-attachment":"scroll","background-type":"","background-media":"","overlay-type":"","overlay-color":"","overlay-opacity":"","overlay-gradient":""}},"ast-content-background-meta":{"desktop":{"background-color":"var(--ast-global-color-4)","background-image":"","background-repeat":"repeat","background-position":"center center","background-size":"auto","background-attachment":"scroll","background-type":"","background-media":"","overlay-type":"","overlay-color":"","overlay-opacity":"","overlay-gradient":""},"tablet":{"background-color":"var(--ast-global-color-4)","background-image":"","background-repeat":"repeat","background-position":"center center","background-size":"auto","background-attachment":"scroll","background-type":"","background-media":"","overlay-type":"","overlay-color":"","overlay-opacity":"","overlay-gradient":""},"mobile":{"background-color":"var(--ast-global-color-4)","background-image":"","background-repeat":"repeat","background-position":"center center","background-size":"auto","background-attachment":"scroll","background-type":"","background-media":"","overlay-type":"","overlay-color":"","overlay-opacity":"","overlay-gradient":""}}},"product_brand":[107],"product_cat":[126,43,29,32,57,35,30,59],"product_tag":[],"class_list":{"0":"post-6913","1":"product","2":"type-product","3":"status-publish","4":"has-post-thumbnail","6":"product_brand-ngs","7":"product_cat-126","8":"product_cat-43","9":"product_cat-29","10":"product_cat-32","11":"product_cat-57","12":"product_cat--10-12-","13":"product_cat--6-9-","14":"product_cat-59","15":"desktop-align-left","16":"tablet-align-left","17":"mobile-align-left","19":"first","20":"outofstock","21":"taxable","22":"shipping-taxable","23":"purchasable","24":"product-type-simple"},"_links":{"self":[{"href":"https:\/\/stem-eshop.gr\/hu\/wp-json\/wp\/v2\/product\/6913","targetHints":{"allow":["GET"]}}],"collection":[{"href":"https:\/\/stem-eshop.gr\/hu\/wp-json\/wp\/v2\/product"}],"about":[{"href":"https:\/\/stem-eshop.gr\/hu\/wp-json\/wp\/v2\/types\/product"}],"replies":[{"embeddable":true,"href":"https:\/\/stem-eshop.gr\/hu\/wp-json\/wp\/v2\/comments?post=6913"}],"wp:featuredmedia":[{"embeddable":true,"href":"https:\/\/stem-eshop.gr\/hu\/wp-json\/wp\/v2\/media\/6914"}],"wp:attachment":[{"href":"https:\/\/stem-eshop.gr\/hu\/wp-json\/wp\/v2\/media?parent=6913"}],"wp:term":[{"taxonomy":"product_brand","embeddable":true,"href":"https:\/\/stem-eshop.gr\/hu\/wp-json\/wp\/v2\/product_brand?post=6913"},{"taxonomy":"product_cat","embeddable":true,"href":"https:\/\/stem-eshop.gr\/hu\/wp-json\/wp\/v2\/product_cat?post=6913"},{"taxonomy":"product_tag","embeddable":true,"href":"https:\/\/stem-eshop.gr\/hu\/wp-json\/wp\/v2\/product_tag?post=6913"}],"curies":[{"name":"wp","href":"https:\/\/api.w.org\/{rel}","templated":true}]}}