{"id":6881,"date":"2025-05-19T08:54:51","date_gmt":"2025-05-19T08:54:51","guid":{"rendered":"https:\/\/stem-eshop.gr\/product\/dr-stem-%ce%ad%ce%bd%ce%b1%cf%82-%cf%84%ce%b5%cf%87%ce%bd%ce%bf%ce%bb%ce%bf%ce%b3%ce%b9%ce%ba%ce%ac-%cf%83%cf%8d%ce%b3%cf%87%cf%81%ce%bf%ce%bd%ce%bf%cf%82-%ce%b1%cf%80%cf%8c-%ce%bc%ce%b7%cf%87\/"},"modified":"2025-10-23T13:14:44","modified_gmt":"2025-10-23T10:14:44","slug":"dr-stem-%ce%ad%ce%bd%ce%b1%cf%82-%cf%84%ce%b5%cf%87%ce%bd%ce%bf%ce%bb%ce%bf%ce%b3%ce%b9%ce%ba%ce%ac-%cf%83%cf%8d%ce%b3%cf%87%cf%81%ce%bf%ce%bd%ce%bf%cf%82-%ce%b1%cf%80%cf%8c-%ce%bc%ce%b7%cf%87","status":"publish","type":"product","link":"https:\/\/stem-eshop.gr\/hu\/termek\/dr-stem-%ce%ad%ce%bd%ce%b1%cf%82-%cf%84%ce%b5%cf%87%ce%bd%ce%bf%ce%bb%ce%bf%ce%b3%ce%b9%ce%ba%ce%ac-%cf%83%cf%8d%ce%b3%cf%87%cf%81%ce%bf%ce%bd%ce%bf%cf%82-%ce%b1%cf%80%cf%8c-%ce%bc%ce%b7%cf%87\/","title":{"rendered":"Dr. STEM \u2013 Egy technol\u00f3giailag modern \u201eG\u00e9pisten\u201d a K\u00e9pess\u00e9glaborban \u2013 4. k\u00f6nyv"},"content":{"rendered":"<p class=\"MsoNormal\">\u039f\u03b9 \u03c0\u03c1\u03bf\u03c4\u03b5\u03b9\u03bd\u03cc\u03bc\u03b5\u03bd\u03b5\u03c2 \u03b5\u03ba\u03c0\u03b1\u03b9\u03b4\u03b5\u03c5\u03c4\u03b9\u03ba\u03ad\u03c2 \u03b4\u03c1\u03b1\u03c3\u03c4\u03b7\u03c1\u03b9\u03cc\u03c4\u03b7\u03c4\u03b5\u03c2 \u03c0\u03bf\u03c5 \u03c0\u03b1\u03c1\u03bf\u03c5\u03c3\u03b9\u03ac\u03b6\u03bf\u03bd\u03c4\u03b1\u03b9 \u03c3\u03c4\u03bf 4\u03bf \u03b2\u03b9\u03b2\u03bb\u03af\u03bf \u03c4\u03b7\u03c2 \u03c3\u03b5\u03b9\u03c1\u03ac\u03c2 \u0388\u03bd\u03b1\u03c2 \u03c4\u03b5\u03c7\u03bd\u03bf\u03bb\u03bf\u03b3\u03b9\u03ba\u03ac \u03c3\u03cd\u03b3\u03c7\u03c1\u03bf\u03bd\u03bf\u03c2 \u00ab\u03b1\u03c0\u03cc \u039c\u03b7\u03c7\u03b1\u03bd\u03ae\u03c2 \u0398\u03b5\u03cc\u03c2\u00bb \u03c3\u03c4\u03bf \u0395\u03c1\u03b3\u03b1\u03c3\u03c4\u03ae\u03c1\u03b9\u03bf \u0394\u03b5\u03be\u03b9\u03bf\u03c4\u03ae\u03c4\u03c9\u03bd \u03c5\u03bb\u03bf\u00ad\u03c0\u03bf\u03b9\u03bf\u03cd\u03bd\u03c4\u03b1\u03b9 \u03bc\u03ad\u03c3\u03c9 \u03c4\u03b7\u03c2 \u03bf\u03bb\u03b9\u03c3\u03c4\u03b9\u03ba\u03ae\u03c2 \u03c0\u03c1\u03bf\u03c3\u03ad\u03b3\u03b3\u03b9\u03c3\u03b7\u03c2 STE(A)M \u03bc\u03b5 \u03c3\u03c4\u03cc\u03c7\u03bf\u03c5\u03c2:<\/p>\n<p class=\"MsoNormal\">\u03c4\u03b7\u03bd \u03ba\u03b1\u03c4\u03b1\u03bd\u03cc\u03b7\u03c3\u03b7 \u03c4\u03bf\u03c5 \u03c1\u03cc\u03bb\u03bf\u03c5 \u03c4\u03bf\u03cd \u00ab\u03b1\u03c0\u03cc \u039c\u03b7\u03c7\u03b1\u03bd\u03ae\u03c2 \u03b8\u03b5\u03bf\u03cd\u00bb,<\/p>\n<p class=\"MsoNormal\">\u03c4\u03b7\u03bd \u03ba\u03b1\u03c4\u03b1\u03c3\u03ba\u03b5\u03c5\u03ae \u03bc\u03b1\u03ba\u03ad\u03c4\u03b1\u03c2 \u03bc\u03b9\u03b1\u03c2 \u03b8\u03b5\u03b1\u03c4\u03c1\u03b9\u03ba\u03ae\u03c2 \u03c3\u03ba\u03b7\u03bd\u03ae\u03c2,<\/p>\n<p class=\"MsoNormal\">\u03c4\u03b7\u03bd \u03ba\u03b1\u03c4\u03b1\u03c3\u03ba\u03b5\u03c5\u03ae \u03b5\u03bd\u03cc\u03c2 \u03c3\u03cd\u03b3\u03c7\u03c1\u03bf\u03bd\u03bf\u03c5 \u03c4\u03b5\u03c7\u03bd\u03bf\u03bb\u03bf\u03b3\u03b9\u03ba\u03ac \u00ab\u03b1\u03c0\u03cc \u039c\u03b7\u03c7\u03b1\u03bd\u03ae\u03c2 \u03b8\u03b5\u03bf\u03cd\u00bb,<\/p>\n<p class=\"MsoNormal\">\u03c4\u03b7 \u03c7\u03c1\u03ae\u03c3\u03b7 \u03c4\u03b7\u03c2 \u03c5\u03c0\u03bf\u03bb\u03bf\u03b3\u03b9\u03c3\u03c4\u03b9\u03ba\u03ae\u03c2 \u03c0\u03bb\u03b1\u03c4\u03c6\u03cc\u03c1\u03bc\u03b1\u03c2 micro:bit \u03ba\u03b1\u03b9 \u03c4\u03b7\u03bd \u03b1\u03bd\u03ac\u03c0\u03c4\u03c5\u03be\u03b7 \u03ba\u03ce\u03b4\u03b9\u03ba\u03b1,<\/p>\n<p class=\"MsoNormal\">\u03c4\u03b7 \u03c7\u03c1\u03ae\u03c3\u03b7 \u03c4\u03b7\u03c2 \u03c5\u03c0\u03bf\u03bb\u03bf\u03b3\u03b9\u03c3\u03c4\u03b9\u03ba\u03ae\u03c2 \u03c0\u03bb\u03b1\u03c4\u03c6\u03cc\u03c1\u03bc\u03b1\u03c2 Arduino UNO \u03ba\u03b1\u03b9 \u03c4\u03b7\u03bd \u03b1\u03bd\u03ac\u03c0\u03c4\u03c5\u03be\u03b7 \u03ba\u03ce\u03b4\u03b9\u03ba\u03b1,<\/p>\n<p class=\"MsoNormal\">ismeri a tanulm\u00e1nyi, tervez\u00e9si, fejleszt\u00e9si \u00e9s \u00e9rt\u00e9kel\u00e9si folyamatokat.<\/p>\n<p class=\"MsoNormal\">\u039c\u03b5 \u03c3\u03ac\u03c1\u03c9\u03c3\u03b7 \u03c4\u03c9\u03bd \u03b5\u03b9\u03ba\u03bf\u03bd\u03b9\u03b4\u03af\u03c9\u03bd QR CODE \u03ad\u03c7\u03b5\u03c4\u03b5 \u03c0\u03c1\u03cc\u03c3\u03b2\u03b1\u03c3\u03b7 \u03c3\u03c4\u03bf \u03c0\u03bf\u03bb\u03c5\u03bc\u03b5\u03c3\u03b9\u03ba\u03cc \u03c0\u03b5\u03c1\u03b9\u03b5\u03c7\u03cc\u03bc\u03b5\u03bd\u03bf (\u03b2\u03af\u03bd\u03c4\u03b5\u03bf, \u03b1\u03c1\u03c7\u03b5\u03af\u03b1, \u03ba.\u03bb\u03c0.), \u03c4\u03bf\u03c5 \u03b2\u03b9\u03b2\u03bb\u03af\u03bf\u03c5.<\/p>\n<p class=\"MsoNormal\">To \u03b1\u03ba\u03c1\u03c9\u03bd\u03cd\u03bc\u03b9\u03bf STE\u0391M (Science, Technology, Engineering, Arts,\u00a0 Mathematic \u2013 \u0395\u03c0\u03b9\u03c3\u03c4\u03ae\u03bc\u03b7, \u03a4\u03b5\u03c7\u03bd\u03bf\u03bb\u03bf\u03b3\u03af\u03b1, \u039c\u03b7\u03c7\u03b1\u03bd\u03b9\u03ba\u03ae, \u03a4\u03ad\u03c7\u03bd\u03b7, \u039c\u03b1\u03b8\u03b7\u03bc\u03b1\u03c4\u03b9\u03ba\u03ac) \u03c7\u03c1\u03b7\u03c3\u03b9\u03bc\u03bf\u03c0\u03bf\u03b9\u03b5\u03af\u03c4\u03b1\u03b9 \u03b3\u03b9\u03b1 \u03bd\u03b1 \u03c0\u03c1\u03bf\u03c3\u03b4\u03b9\u03bf\u03c1\u03af\u03c3\u03b5\u03b9 \u03c4\u03b7\u03bd \u03ad\u03bd\u03bd\u03bf\u03b9\u03b1 \u03c4\u03b7\u03c2 \u03bf\u03bb\u03b9\u03c3\u03c4\u03b9\u03ba\u03ae\u03c2 \u03c0\u03c1\u03bf\u03c3\u03ad\u03b3\u03b3\u03b9\u03c3\u03b7\u03c2 \u03c4\u03b7\u03c2 \u03bc\u03ac\u03b8\u03b7\u03c3\u03b7\u03c2 \u03bc\u03ad\u03c3\u03b1 \u03b1\u03c0\u03cc \u03c0\u03ad\u03bd\u03c4\u03b5 \u03b3\u03bd\u03c9\u03c3\u03c4\u03b9\u03ba\u03ac \u03b1\u03bd\u03c4\u03b9\u03ba\u03b5\u03af\u03bc\u03b5\u03bd\u03b1, \u03c4\u03b7\u03c2 \u0395\u03c0\u03b9\u03c3\u03c4\u03ae\u03bc\u03b7\u03c2, \u03c4\u03b7\u03c2 \u03a4\u03b5\u03c7\u03bd\u03bf\u03bb\u03bf\u03b3\u03af\u03b1\u03c2, \u03c4\u03b7\u03c2 \u039c\u03b7\u03c7\u03b1\u03bd\u03b9\u03ba\u03ae\u03c2, \u03c4\u03b7\u03c2 \u03a4\u03ad\u03c7\u03bd\u03b7\u03c2 \u03ba\u03b1\u03b9 \u03c4\u03c9\u03bd \u039c\u03b1\u03b8\u03b7\u03bc\u03b1\u03c4\u03b9\u03ba\u03ce\u03bd.<\/p>\n<p class=\"MsoNormal\">\u0397 \u03a4\u03ad\u03c7\u03bd\u03b7 \u03c3\u03c4\u03b9\u03c2 \u03b4\u03b9\u03ac\u03c6\u03bf\u03c1\u03b5\u03c2 \u03bc\u03bf\u03c1\u03c6\u03ad\u03c2 \u03c4\u03b7\u03c2 \u03b3\u03af\u03bd\u03b5\u03c4\u03b1\u03b9 \u03ad\u03bd\u03b1 \u03c3\u03b7\u03bc\u03b1\u03bd\u03c4\u03b9\u03ba\u03cc \u03bc\u03ad\u03c1\u03bf\u03c2 \u03c4\u03b7\u03c2 \u03b5\u03ba\u03c0\u03b1\u03af\u03b4\u03b5\u03c5\u03c3\u03b7\u03c2 STE\u0391M, \u03ba\u03b1\u03b8\u03ce\u03c2 \u03b7 \u03c6\u03b1\u03bd\u03c4\u03b1\u03c3\u03af\u03b1 \u03ba\u03b1\u03b9 \u03b7 \u03b4\u03b7\u03bc\u03b9\u03bf\u03c5\u03c1\u03b3\u03b9\u03ba\u03cc\u03c4\u03b7\u03c4\u03b1 \u03b1\u03c0\u03bf\u03c4\u03b5\u03bb\u03b5\u03af \u03c4\u03b7 \u03b2\u03ac\u03c3\u03b7 \u03b3\u03b9\u03b1 \u03c4\u03b7\u03bd \u03b1\u03bd\u03ac\u03b4\u03b5\u03b9\u03be\u03b7 \u03c4\u03b7\u03c2 \u03ba\u03b1\u03b9\u03bd\u03bf\u03c4\u03bf\u03bc\u03af\u03b1\u03c2, \u03b5\u03bd\u03ce \u03c4\u03b1\u03c5\u03c4\u03cc\u03c7\u03c1\u03bf\u03bd\u03b1 \u03c3\u03c5\u03bc\u03b2\u03ac\u03bb\u03bb\u03b5\u03b9 \u03c3\u03c4\u03b7\u03bd \u03b1\u03bd\u03ac\u03c0\u03c4\u03c5\u03be\u03b7 \u03c4\u03b7\u03c2 \u03ba\u03c1\u03b9\u03c4\u03b9\u03ba\u03ae\u03c2 \u03c3\u03ba\u03ad\u03c8\u03b7\u03c2.<\/p>\n<p class=\"MsoNormal\">\u03a4\u03bf STE\u0391M \u03c0\u03bb\u03b1\u03b9\u03c3\u03b9\u03ce\u03bd\u03b5\u03b9 \u03c4\u03bf\u03bd \u03c4\u03c1\u03cc\u03c0\u03bf \u03bc\u03b5 \u03c4\u03bf\u03bd \u03bf\u03c0\u03bf\u03af\u03bf \u03c4\u03bf \u03bc\u03c5\u03b1\u03bb\u03cc \u03b5\u03bd\u03cc\u03c2 \u03c0\u03b1\u03b9\u03b4\u03b9\u03bf\u03cd \u03bc\u03b1\u03b8\u03b1\u03af\u03bd\u03b5\u03b9 \u03ba\u03b1\u03b8\u03ce\u03c2 \u03b5\u03be\u03b5\u03c1\u03b5\u03c5\u03bd\u03ac \u03c4\u03bf\u03bd \u03ba\u03cc\u03c3\u03bc\u03bf \u03c3\u03c5\u03bc\u03b2\u03ac\u03bb\u03bb\u03bf\u03bd\u03c4\u03b1\u03c2 \u03c4\u03b1\u03c5\u03c4\u03cc\u03c7\u03c1\u03bf\u03bd\u03b1 \u03c3\u03c4\u03b7\u03bd \u03b1\u03bd\u03ac\u03c0\u03c4\u03c5\u03be\u03b7 \u03c4\u03b7\u03c2 \u03a5\u03c0\u03bf\u03bb\u03bf\u03b3\u03b9\u03c3\u03c4\u03b9\u03ba\u03ae\u03c2 \u03a3\u03ba\u03ad\u03c8\u03b7\u03c2!<\/p>\n<p class=\"MsoNormal\">Mindannyian tudjuk, hogy egy probl\u00e9ma megold\u00e1sa ritk\u00e1n ig\u00e9nyel csup\u00e1n egyetlen ismeretanyagot, p\u00e9ld\u00e1ul csak matematik\u00e1t, fizik\u00e1t vagy k\u00e9mi\u00e1t. K\u00e9pzelj\u00fcnk el p\u00e9ld\u00e1ul egy \u00e9p\u00edt\u00e9szt, aki \u00f6sszetett \u00e9s biztons\u00e1gos \u00e9p\u00fcletek tervez\u00e9s\u00e9hez sz\u00e1mos tudom\u00e1ny\u00e1g, p\u00e9ld\u00e1ul a technol\u00f3gia, a m\u00e9rn\u00f6ki tudom\u00e1nyok, a m\u0171v\u00e9szetek \u00e9s a matematika kombin\u00e1ci\u00f3j\u00e1t alkalmazza!<\/p>\n<p class=\"MsoNormal\">\u03a3\u03c5\u03bd\u03b5\u03c0\u03ce\u03c2 \u03c4\u03bf STEAM \u03b5\u03af\u03bd\u03b1\u03b9 \u03b7 \u03b5\u03bd\u03c3\u03c9\u03bc\u03ac\u03c4\u03c9\u03c3\u03b7 \u03ba\u03b1\u03b9 \u03c3\u03c5\u03bc\u03c0\u03b5\u03c1\u03af\u03bb\u03b7\u03c8\u03b7 \u03b4\u03b9\u03b1\u03c6\u03bf\u03c1\u03b5\u03c4\u03b9\u03ba\u03ce\u03bd \u03b3\u03bd\u03ce\u03c3\u03b5\u03c9\u03bd \u03ba\u03b1\u03b9 \u03b5\u03c0\u03b9\u03c3\u03c4\u03b7\u03bc\u03bf\u03bd\u03b9\u03ba\u03ce\u03bd \u03c0\u03b5\u03b4\u03af\u03c9\u03bd.<\/p>\n<p class=\"MsoNormal\">\u039c\u03ad\u03c3\u03c9 \u03c4\u03b7\u03c2 \u03b5\u03ba\u03c0\u03b1\u03b9\u03b4\u03b5\u03c5\u03c4\u03b9\u03ba\u03ae\u03c2 \u03c0\u03c1\u03bf\u03c3\u03ad\u03b3\u03b3\u03b9\u03c3\u03b7\u03c2\u00a0 STE\u0391M \u03bf\u03b9 \u03bc\u03b1\u03b8\u03b7\u03c4\u03ad\u03c2 \u03b5\u03c6\u03b1\u03c1\u03bc\u03cc\u03b6\u03bf\u03c5\u03bd \u03c4\u03b9\u03c2 \u03c6\u03c5\u03c3\u03b9\u03ba\u03ad\u03c2 \u03b5\u03c0\u03b9\u03c3\u03c4\u03ae\u03bc\u03b5\u03c2, \u03c4\u03b7\u03bd \u03c4\u03b5\u03c7\u03bd\u03bf\u03bb\u03bf\u03b3\u03af\u03b1, \u03c4\u03b7 \u03bc\u03b7\u03c7\u03b1\u03bd\u03b9\u03ba\u03ae, \u03c4\u03b7\u03bd \u03c4\u03ad\u03c7\u03bd\u03b7 \u03ba\u03b1\u03b9 \u03c4\u03b1 \u03bc\u03b1\u03b8\u03b7\u03bc\u03b1\u03c4\u03b9\u03ba\u03ac, \u03c3\u03c4\u03bf\u03c7\u03b5\u03cd\u03bf\u03bd\u03c4\u03b1\u03c2:\u00a0 \u03b5\u03af\u03c4\u03b5 \u03c3\u03c4\u03b7\u03bd \u03b5\u03be\u03b5\u03cd\u03c1\u03b5\u03c3\u03b7 \u03bb\u03cd\u03c3\u03b7\u03c2 \u03c3\u03b5 \u03ad\u03bd\u03b1 \u03c0\u03c1\u03b1\u03b3\u03bc\u03b1\u03c4\u03b9\u03ba\u03cc \u03c0\u03c1\u03cc\u03b2\u03bb\u03b7\u03bc\u03b1, \u03b5\u03af\u03c4\u03b5 \u03c3\u03c4\u03b7\u03bd \u03ba\u03b1\u03c4\u03b1\u03bd\u03cc\u03b7\u03c3\u03b7 \u03c6\u03c5\u03c3\u03b9\u03ba\u03ce\u03bd \u03c6\u03b1\u03b9\u03bd\u03bf\u03bc\u03ad\u03bd\u03c9\u03bd, \u03b5\u03af\u03c4\u03b5 \u03c3\u03c4\u03b7\u03bd \u03b1\u03bd\u03ac\u03c0\u03c4\u03c5\u03be\u03b7 \u03ba\u03b1\u03c4\u03ac\u03bb\u03bb\u03b7\u03bb\u03c9\u03bd \u03b4\u03b5\u03be\u03b9\u03bf\u03c4\u03ae\u03c4\u03c9\u03bd \u03c0\u03bf\u03c5 \u03b8\u03b1 \u03c4\u03bf\u03c5\u03c2 \u03b2\u03bf\u03b7\u03b8\u03ae\u03c3\u03bf\u03c5\u03bd \u03bd\u03b1 \u03b5\u03af\u03bd\u03b1\u03b9 \u03b1\u03bd\u03c4\u03b1\u03b3\u03c9\u03bd\u03b9\u03c3\u03c4\u03b9\u03ba\u03bf\u03af \u03c3\u03c4\u03b7\u03bd \u03b4\u03b9\u03b1\u03c1\u03ba\u03ce\u03c2 \u03bc\u03b5\u03c4\u03b1\u03b2\u03b1\u03bb\u03bb\u03cc\u03bc\u03b5\u03bd\u03b7 \u03b1\u03b3\u03bf\u03c1\u03ac \u03b5\u03c1\u03b3\u03b1\u03c3\u03af\u03b1\u03c2 \u03c4\u03bf\u03c5 21\u03bf\u03c5 \u03b1\u03b9\u03ce\u03bd\u03b1.<\/p>\n<p class=\"MsoNormal\">\u0395\u03c0\u03bf\u03bc\u03ad\u03bd\u03c9\u03c2 \u03c4\u03bf STEAM \u03b5\u03bc\u03c0\u03b5\u03c1\u03b9\u03ad\u03c7\u03b5\u03b9 \u03c4\u03b1 \u03c4\u03ad\u03c3\u03c3\u03b5\u03c1\u03b1 \u03c3\u03c4\u03bf\u03b9\u03c7\u03b5\u03af\u03b1 \u03b5\u03ba\u03b5\u03af\u03bd\u03b1 \u03c0\u03bf\u03c5 \u03b1\u03bd\u03b1\u03b3\u03bd\u03c9\u03c1\u03af\u03b6\u03bf\u03bd\u03c4\u03b1\u03b9 \u03c9\u03c2 \u03b8\u03b5\u03bc\u03b5\u03bb\u03b9\u03ce\u03b4\u03b7 \u03c3\u03c4\u03b7\u03bd \u03b5\u03ba\u03c0\u03b1\u03af\u03b4\u03b5\u03c5\u03c3\u03b7 \u03c4\u03bf\u03c5 21\u03bf\u03c5 \u03b1\u03b9\u03ce\u03bd\u03b1:<\/p>\n<p class=\"MsoNormal\">Kreativit\u00e1s, kritikai gondolkod\u00e1s, egy\u00fcttm\u0171k\u00f6d\u00e9s \u00e9s kommunik\u00e1ci\u00f3<\/p>\n<p class=\"MsoNormal\">\u0397 \u03b5\u03ba\u03c0\u03b1\u03af\u03b4\u03b5\u03c5\u03c3\u03b7 STE\u0391M \u03b5\u03af\u03bd\u03b1\u03b9 \u03c0\u03bb\u03ad\u03bf\u03bd \u03b1\u03c0\u03b1\u03c1\u03b1\u03af\u03c4\u03b7\u03c4\u03b7, \u03ba\u03b1\u03b8\u03ce\u03c2 \u03c0\u03b5\u03c1\u03b9\u03c3\u03c3\u03cc\u03c4\u03b5\u03c1\u03b1 \u03b1\u03c0\u03cc 30 \u03b5\u03c0\u03b1\u03b3\u03b3\u03ad\u03bb\u03bc\u03b1\u03c4\u03b1 \u03b8\u03b1 \u03b1\u03c0\u03b1\u03b9\u03c4\u03ae\u03c3\u03bf\u03c5\u03bd \u03b3\u03bd\u03ce\u03c3\u03b7 STE\u0391M \u03c3\u03c4\u03bf \u03ac\u03bc\u03b5\u03c3\u03bf \u03bc\u03ad\u03bb\u03bb\u03bf\u03bd!<\/p>\n<p class=\"MsoNormal\">\u03a3\u03c5\u03b3\u03b3\u03c1\u03b1\u03c6\u03b5\u03af\u03c2: \u039a\u03c9\u03bd\u03c3\u03c4\u03b1\u03bd\u03c4\u03af\u03bd\u03bf\u03c2 \u039a\u03b1\u03bb\u03bf\u03b2\u03c1\u03ad\u03ba\u03c4\u03b7\u03c2<span lang=\"en-us\" xml:lang=\"en-us\">, <\/span>\u03a3\u03b1\u03c1\u03ac\u03bd\u03c4\u03bf\u03c2 \u03a8\u03c5\u03c7\u03ac\u03c1\u03b7\u03c2<\/p>\n<p class=\"MsoNormal\">M\u00e9ret: 21 x 29 cm.<\/p>\n<p class=\"MsoNormal\">\u03a3\u03b5\u03bb\u03af\u03b4\u03b5\u03c2: 56<\/p>\n<p class=\"MsoNormal\">BARCODE: 9789605635817<\/p>\n<p class=\"MsoNormal\">ISBN: 978-960-563-581-7<\/p>\n<p class=\"MsoNormal\">Bor\u00edt\u00f3: Puhat\u00e1bl\u00e1s<\/p>\n<p class=\"MsoNormal\">\u0397\u03bc\u03b5\u03c1. \u03ba\u03c5\u03ba\u03bb\u03bf\u03c6\u03bf\u03c1\u03af\u03b1\u03c2: 23-03-2023<\/p>","protected":false},"excerpt":{"rendered":"<p class=\"MsoNormal\">A Dr. STEM oktat\u00e1si sorozat c\u00e9lja, hogy seg\u00edtsen a tan\u00e1roknak \u00e9s a di\u00e1koknak (8 \u00e9ves kort\u00f3l) elsaj\u00e1t\u00edtani a 21. sz\u00e1zadi gazdas\u00e1g \u00e9s a negyedik ipari forradalom \u00e1ltal megk\u00f6vetelt \u201eSTE(A)M k\u00e9szs\u00e9geket\u201d, valamint fejleszteni az intelligencia k\u00e9szs\u00e9geit, k\u00fcl\u00f6n\u00f6s tekintettel a sz\u00e1m\u00edt\u00f3g\u00e9pes gondolkod\u00e1sra.<\/p>","protected":false},"featured_media":5070,"comment_status":"open","ping_status":"closed","template":"","meta":{"site-sidebar-layout":"default","site-content-layout":"","ast-site-content-layout":"default","site-content-style":"default","site-sidebar-style":"default","ast-global-header-display":"","ast-banner-title-visibility":"","ast-main-header-display":"","ast-hfb-above-header-display":"","ast-hfb-below-header-display":"","ast-hfb-mobile-header-display":"","site-post-title":"","ast-breadcrumbs-content":"","ast-featured-img":"","footer-sml-layout":"","ast-disable-related-posts":"","theme-transparent-header-meta":"default","adv-header-id-meta":"","stick-header-meta":"","header-above-stick-meta":"","header-main-stick-meta":"","header-below-stick-meta":"","astra-migrate-meta-layouts":"set","ast-page-background-enabled":"default","ast-page-background-meta":{"desktop":{"background-color":"var(--ast-global-color-5)","background-image":"","background-repeat":"repeat","background-position":"center center","background-size":"auto","background-attachment":"scroll","background-type":"","background-media":"","overlay-type":"","overlay-color":"","overlay-opacity":"","overlay-gradient":""},"tablet":{"background-color":"","background-image":"","background-repeat":"repeat","background-position":"center center","background-size":"auto","background-attachment":"scroll","background-type":"","background-media":"","overlay-type":"","overlay-color":"","overlay-opacity":"","overlay-gradient":""},"mobile":{"background-color":"","background-image":"","background-repeat":"repeat","background-position":"center center","background-size":"auto","background-attachment":"scroll","background-type":"","background-media":"","overlay-type":"","overlay-color":"","overlay-opacity":"","overlay-gradient":""}},"ast-content-background-meta":{"desktop":{"background-color":"var(--ast-global-color-4)","background-image":"","background-repeat":"repeat","background-position":"center center","background-size":"auto","background-attachment":"scroll","background-type":"","background-media":"","overlay-type":"","overlay-color":"","overlay-opacity":"","overlay-gradient":""},"tablet":{"background-color":"var(--ast-global-color-4)","background-image":"","background-repeat":"repeat","background-position":"center center","background-size":"auto","background-attachment":"scroll","background-type":"","background-media":"","overlay-type":"","overlay-color":"","overlay-opacity":"","overlay-gradient":""},"mobile":{"background-color":"var(--ast-global-color-4)","background-image":"","background-repeat":"repeat","background-position":"center center","background-size":"auto","background-attachment":"scroll","background-type":"","background-media":"","overlay-type":"","overlay-color":"","overlay-opacity":"","overlay-gradient":""}}},"product_brand":[111],"product_cat":[25],"product_tag":[],"class_list":{"0":"post-6881","1":"product","2":"type-product","3":"status-publish","4":"has-post-thumbnail","6":"product_brand-ellinoekdotiki","7":"product_cat--steam","8":"desktop-align-left","9":"tablet-align-left","10":"mobile-align-left","12":"first","13":"instock","14":"taxable","15":"shipping-taxable","16":"purchasable","17":"product-type-simple"},"_links":{"self":[{"href":"https:\/\/stem-eshop.gr\/hu\/wp-json\/wp\/v2\/product\/6881","targetHints":{"allow":["GET"]}}],"collection":[{"href":"https:\/\/stem-eshop.gr\/hu\/wp-json\/wp\/v2\/product"}],"about":[{"href":"https:\/\/stem-eshop.gr\/hu\/wp-json\/wp\/v2\/types\/product"}],"replies":[{"embeddable":true,"href":"https:\/\/stem-eshop.gr\/hu\/wp-json\/wp\/v2\/comments?post=6881"}],"wp:featuredmedia":[{"embeddable":true,"href":"https:\/\/stem-eshop.gr\/hu\/wp-json\/wp\/v2\/media\/5070"}],"wp:attachment":[{"href":"https:\/\/stem-eshop.gr\/hu\/wp-json\/wp\/v2\/media?parent=6881"}],"wp:term":[{"taxonomy":"product_brand","embeddable":true,"href":"https:\/\/stem-eshop.gr\/hu\/wp-json\/wp\/v2\/product_brand?post=6881"},{"taxonomy":"product_cat","embeddable":true,"href":"https:\/\/stem-eshop.gr\/hu\/wp-json\/wp\/v2\/product_cat?post=6881"},{"taxonomy":"product_tag","embeddable":true,"href":"https:\/\/stem-eshop.gr\/hu\/wp-json\/wp\/v2\/product_tag?post=6881"}],"curies":[{"name":"wp","href":"https:\/\/api.w.org\/{rel}","templated":true}]}}