{"id":6878,"date":"2025-05-19T08:54:50","date_gmt":"2025-05-19T08:54:50","guid":{"rendered":"https:\/\/stem-eshop.gr\/product\/dr-stem-t%ce%bf-%ce%ad%ce%be%cf%85%cf%80%ce%bd%ce%bf-%ce%b8%ce%b5%cf%81%ce%bc%ce%bf%ce%ba%ce%ae%cf%80%ce%b9%ce%bf-%cf%83%cf%84%ce%bf-%ce%b5%cf%81%ce%b3%ce%b1%cf%83%cf%84%ce%ae%cf%81%ce%b9%ce%bf\/"},"modified":"2025-12-25T14:07:56","modified_gmt":"2025-12-25T11:07:56","slug":"dr-stem-t%ce%bf-%ce%ad%ce%be%cf%85%cf%80%ce%bd%ce%bf-%ce%b8%ce%b5%cf%81%ce%bc%ce%bf%ce%ba%ce%ae%cf%80%ce%b9%ce%bf-%cf%83%cf%84%ce%bf-%ce%b5%cf%81%ce%b3%ce%b1%cf%83%cf%84%ce%ae%cf%81%ce%b9%ce%bf","status":"publish","type":"product","link":"https:\/\/stem-eshop.gr\/hu\/termek\/dr-stem-t%ce%bf-%ce%ad%ce%be%cf%85%cf%80%ce%bd%ce%bf-%ce%b8%ce%b5%cf%81%ce%bc%ce%bf%ce%ba%ce%ae%cf%80%ce%b9%ce%bf-%cf%83%cf%84%ce%bf-%ce%b5%cf%81%ce%b3%ce%b1%cf%83%cf%84%ce%ae%cf%81%ce%b9%ce%bf\/","title":{"rendered":"Dr. STEM \u2013 Az intelligens \u00fcvegh\u00e1z a k\u00e9szs\u00e9gfejleszt\u0151 laborban \u2013 1. k\u00f6nyv"},"content":{"rendered":"<p class=\"MsoNormal\">Az Okos \u00dcvegh\u00e1z a K\u00e9pess\u00e9glaborban c\u00edm\u0171 sorozat els\u0151 k\u00f6nyv\u00e9ben bemutatott javasolt oktat\u00e1si tev\u00e9kenys\u00e9gek holisztikus megk\u00f6zel\u00edt\u00e9ssel val\u00f3sulnak meg. <span lang=\"en-us\" xml:lang=\"en-us\">ST<\/span>(<span lang=\"en-us\" xml:lang=\"en-us\">Egy<\/span>)<span lang=\"en-us\" xml:lang=\"en-us\">M<\/span> c\u00e9lokkal:<\/p>\n<p class=\"MsoNormal\">a n\u00f6v\u00e9nyi \u00e9l\u0151l\u00e9nyekr\u0151l sz\u00f3l\u00f3 alapvet\u0151 ismeretek elsaj\u00e1t\u00edt\u00e1sa,<\/p>\n<p class=\"MsoNormal\">\u00e9rz\u00e9kel\u0151k \u00e9s aktu\u00e1torok haszn\u00e1lata intelligens \u00fcvegh\u00e1zak \u00e9p\u00edt\u00e9s\u00e9ben,<\/p>\n<p class=\"MsoNormal\">a sz\u00e1m\u00edt\u00e1stechnikai platform haszn\u00e1lata <span lang=\"en-us\" xml:lang=\"en-us\">mikro<\/span>:<span lang=\"en-us\" xml:lang=\"en-us\">bitek<\/span>,<\/p>\n<p class=\"MsoNormal\">k\u00f3dfejleszt\u00e9s,<\/p>\n<p class=\"MsoNormal\">ismeri a tanulm\u00e1nyi, tervez\u00e9si, fejleszt\u00e9si \u00e9s \u00e9rt\u00e9kel\u00e9si folyamatokat.<\/p>\n<p class=\"MsoNormal\">\n<p class=\"MsoNormal\"><span lang=\"en-us\" xml:lang=\"en-us\"><\/span><span lang=\"en-us\" xml:lang=\"en-us\">A<\/span> bet\u0171sz\u00f3 <span lang=\"en-us\" xml:lang=\"en-us\">ST<\/span>Egy<span lang=\"en-us\" xml:lang=\"en-us\">M<\/span> (<span lang=\"en-us\" xml:lang=\"en-us\">Tudom\u00e1ny<\/span>, <span lang=\"en-us\" xml:lang=\"en-us\">Technol\u00f3gia<\/span>, <span lang=\"en-us\" xml:lang=\"en-us\">M\u00e9rn\u00f6ki<\/span>, <span lang=\"en-us\" xml:lang=\"en-us\">M\u0171v\u00e9szetek<\/span>,\u00a0 <span lang=\"en-us\" xml:lang=\"en-us\">Matematika<\/span> \u2013 Tudom\u00e1ny, Technol\u00f3gia, M\u00e9rn\u00f6ki tudom\u00e1nyok, M\u0171v\u00e9szetek, Matematika) a tanul\u00e1s holisztikus megk\u00f6zel\u00edt\u00e9s\u00e9nek fogalm\u00e1t hat\u00e1rozza meg \u00f6t tudom\u00e1ny\u00e1gon kereszt\u00fcl: term\u00e9szettudom\u00e1nyok, technol\u00f3gia, m\u00e9rn\u00f6ki tudom\u00e1nyok, m\u0171v\u00e9szetek \u00e9s matematika.\u00a0 <span lang=\"en-us\" xml:lang=\"en-us\"><\/span><\/p>\n<p class=\"MsoNormal\">A m\u0171v\u00e9szet k\u00fcl\u00f6nb\u00f6z\u0151 form\u00e1i az oktat\u00e1s fontos r\u00e9sz\u00e9v\u00e9 v\u00e1lnak <span lang=\"en-us\" xml:lang=\"en-us\">ST<\/span>Egy<span lang=\"en-us\" xml:lang=\"en-us\">M<\/span>, mivel a k\u00e9pzel\u0151er\u0151 \u00e9s a kreativit\u00e1s k\u00e9pezi az innov\u00e1ci\u00f3 megjelen\u00e9s\u00e9nek alapj\u00e1t, mik\u00f6zben hozz\u00e1j\u00e1rul a kritikai gondolkod\u00e1s fejl\u0151d\u00e9s\u00e9hez is.\u00a0 <span lang=\"en-us\" xml:lang=\"en-us\"><\/span><\/p>\n<p class=\"MsoNormal\">A <span lang=\"en-us\" xml:lang=\"en-us\">ST<\/span>Egy<span lang=\"en-us\" xml:lang=\"en-us\">M<\/span> Bemutatja, hogyan tanul a gyermek elm\u00e9je a vil\u00e1g felfedez\u00e9se sor\u00e1n, mik\u00f6zben hozz\u00e1j\u00e1rul a sz\u00e1m\u00edt\u00f3g\u00e9pes gondolkod\u00e1s fejl\u0151d\u00e9s\u00e9hez!<\/p>\n<p class=\"MsoNormal\">Mindannyian tudjuk, hogy egy probl\u00e9ma megold\u00e1sa ritk\u00e1n ig\u00e9nyel csup\u00e1n egyetlen ismeretanyagot, p\u00e9ld\u00e1ul csak matematik\u00e1t, fizik\u00e1t vagy k\u00e9mi\u00e1t. K\u00e9pzelj\u00fcnk el p\u00e9ld\u00e1ul egy \u00e9p\u00edt\u00e9szt, aki \u00f6sszetett \u00e9s biztons\u00e1gos \u00e9p\u00fcletek tervez\u00e9s\u00e9hez sz\u00e1mos tudom\u00e1ny\u00e1g, p\u00e9ld\u00e1ul a technol\u00f3gia, a m\u00e9rn\u00f6ki tudom\u00e1nyok, a m\u0171v\u00e9szetek \u00e9s a matematika kombin\u00e1ci\u00f3j\u00e1t alkalmazza!\u00a0 <span lang=\"en-us\" xml:lang=\"en-us\"><\/span><\/p>\n<p class=\"MsoNormal\">Ez\u00e9rt a <span lang=\"en-us\" xml:lang=\"en-us\">G\u0150Z<\/span> k\u00fcl\u00f6nb\u00f6z\u0151 ismeretek \u00e9s tudom\u00e1nyos ter\u00fcletek integr\u00e1ci\u00f3ja \u00e9s befogad\u00e1sa.<span lang=\"en-us\" xml:lang=\"en-us\"><\/span><\/p>\n<p class=\"MsoNormal\">Az oktat\u00e1si megk\u00f6zel\u00edt\u00e9sen kereszt\u00fcl\u00a0 <span lang=\"en-us\" xml:lang=\"en-us\">ST<\/span>Egy<span lang=\"en-us\" xml:lang=\"en-us\">M<\/span> A di\u00e1kok term\u00e9szettudom\u00e1nyokat, technol\u00f3gi\u00e1t, m\u00e9rn\u00f6ki tudom\u00e1nyokat, m\u0171v\u00e9szeteket \u00e9s matematik\u00e1t alkalmaznak, c\u00e9ljuk: vagy egy val\u00f3s probl\u00e9m\u00e1ra megold\u00e1st tal\u00e1lni, vagy term\u00e9szeti jelens\u00e9geket meg\u00e9rteni, vagy olyan megfelel\u0151 k\u00e9szs\u00e9geket fejleszteni, amelyek seg\u00edtenek nekik versenyk\u00e9pesek lenni a 21. sz\u00e1zad folyamatosan v\u00e1ltoz\u00f3 munkaer\u0151piac\u00e1n.<span lang=\"en-us\" xml:lang=\"en-us\"><\/span><\/p>\n<p class=\"MsoNormal\">Ez\u00e9rt a <span lang=\"en-us\" xml:lang=\"en-us\">G\u0150Z<\/span> Tartalmazza a 21. sz\u00e1zadi oktat\u00e1s alapvet\u0151 fontoss\u00e1g\u00fanak elismert n\u00e9gy elemet:<span lang=\"en-us\" xml:lang=\"en-us\"><\/span><\/p>\n<p class=\"MsoNormal\">Kreativit\u00e1s, kritikai gondolkod\u00e1s, egy\u00fcttm\u0171k\u00f6d\u00e9s \u00e9s kommunik\u00e1ci\u00f3<span lang=\"en-us\" xml:lang=\"en-us\"><\/span><\/p>\n<p class=\"MsoNormal\">Oktat\u00e1s <span lang=\"en-us\" xml:lang=\"en-us\">ST<\/span>Egy<span lang=\"en-us\" xml:lang=\"en-us\">M<\/span> most elengedhetetlen, mivel t\u00f6bb mint 30 szakma ig\u00e9nyel majd tud\u00e1st <span lang=\"en-us\" xml:lang=\"en-us\">ST<\/span>Egy<span lang=\"en-us\" xml:lang=\"en-us\">M<\/span> a k\u00f6zelj\u00f6v\u0151ben!<span lang=\"en-us\" xml:lang=\"en-us\"><\/span><\/p>\n<p class=\"MsoNormal\">\n<p class=\"MsoNormal\">Szerz\u0151k: Konstantinos Kalovrektis, Sarantos Psycharis<\/p>\n<p>M\u00e9ret: 21 <span lang=\"en-us\" xml:lang=\"en-us\">x<\/span> 29 cm.<\/p>\n<p class=\"MsoNormal\">Oldalak: 88<\/p>\n<p class=\"MsoNormal\"><span lang=\"en-us\" xml:lang=\"en-us\">VONALK\u00d3D<\/span>: 9789605634490<\/p>\n<p class=\"MsoNormal\"><span lang=\"en-us\" xml:lang=\"en-us\">ISBN<\/span>: 978-960-563-449-0<\/p>\n<p class=\"MsoNormal\">Bor\u00edt\u00f3: Puhat\u00e1bl\u00e1s<\/p>\n<p class=\"MsoNormal\">Megjelen\u00e9s d\u00e1tuma: 2021.10.19.<\/p><\/p>","protected":false},"excerpt":{"rendered":"<p class=\"MsoNormal\">A Dr. STEM oktat\u00e1si sorozat c\u00e9lja, hogy seg\u00edtsen a tan\u00e1roknak \u00e9s a di\u00e1koknak (8 \u00e9ves kort\u00f3l) elsaj\u00e1t\u00edtani a 21. sz\u00e1zadi gazdas\u00e1g \u00e9s a negyedik ipari forradalom \u00e1ltal megk\u00f6vetelt \u201eSTE(A)M k\u00e9szs\u00e9geket\u201d, valamint fejleszteni az intelligencia k\u00e9szs\u00e9geit, k\u00fcl\u00f6n\u00f6s tekintettel a sz\u00e1m\u00edt\u00f3g\u00e9pes gondolkod\u00e1sra.<\/p><\/p>","protected":false},"featured_media":5058,"comment_status":"open","ping_status":"closed","template":"","meta":{"site-sidebar-layout":"default","site-content-layout":"","ast-site-content-layout":"default","site-content-style":"default","site-sidebar-style":"default","ast-global-header-display":"","ast-banner-title-visibility":"","ast-main-header-display":"","ast-hfb-above-header-display":"","ast-hfb-below-header-display":"","ast-hfb-mobile-header-display":"","site-post-title":"","ast-breadcrumbs-content":"","ast-featured-img":"","footer-sml-layout":"","ast-disable-related-posts":"","theme-transparent-header-meta":"","adv-header-id-meta":"","stick-header-meta":"","header-above-stick-meta":"","header-main-stick-meta":"","header-below-stick-meta":"","astra-migrate-meta-layouts":"default","ast-page-background-enabled":"default","ast-page-background-meta":{"desktop":{"background-color":"var(--ast-global-color-5)","background-image":"","background-repeat":"repeat","background-position":"center center","background-size":"auto","background-attachment":"scroll","background-type":"","background-media":"","overlay-type":"","overlay-color":"","overlay-opacity":"","overlay-gradient":""},"tablet":{"background-color":"","background-image":"","background-repeat":"repeat","background-position":"center center","background-size":"auto","background-attachment":"scroll","background-type":"","background-media":"","overlay-type":"","overlay-color":"","overlay-opacity":"","overlay-gradient":""},"mobile":{"background-color":"","background-image":"","background-repeat":"repeat","background-position":"center center","background-size":"auto","background-attachment":"scroll","background-type":"","background-media":"","overlay-type":"","overlay-color":"","overlay-opacity":"","overlay-gradient":""}},"ast-content-background-meta":{"desktop":{"background-color":"var(--ast-global-color-4)","background-image":"","background-repeat":"repeat","background-position":"center center","background-size":"auto","background-attachment":"scroll","background-type":"","background-media":"","overlay-type":"","overlay-color":"","overlay-opacity":"","overlay-gradient":""},"tablet":{"background-color":"var(--ast-global-color-4)","background-image":"","background-repeat":"repeat","background-position":"center center","background-size":"auto","background-attachment":"scroll","background-type":"","background-media":"","overlay-type":"","overlay-color":"","overlay-opacity":"","overlay-gradient":""},"mobile":{"background-color":"var(--ast-global-color-4)","background-image":"","background-repeat":"repeat","background-position":"center center","background-size":"auto","background-attachment":"scroll","background-type":"","background-media":"","overlay-type":"","overlay-color":"","overlay-opacity":"","overlay-gradient":""}}},"product_brand":[111],"product_cat":[25],"product_tag":[],"class_list":{"0":"post-6878","1":"product","2":"type-product","3":"status-publish","4":"has-post-thumbnail","6":"product_brand-ellinoekdotiki","7":"product_cat--steam","8":"desktop-align-left","9":"tablet-align-left","10":"mobile-align-left","12":"first","13":"instock","14":"taxable","15":"shipping-taxable","16":"purchasable","17":"product-type-simple"},"_links":{"self":[{"href":"https:\/\/stem-eshop.gr\/hu\/wp-json\/wp\/v2\/product\/6878","targetHints":{"allow":["GET"]}}],"collection":[{"href":"https:\/\/stem-eshop.gr\/hu\/wp-json\/wp\/v2\/product"}],"about":[{"href":"https:\/\/stem-eshop.gr\/hu\/wp-json\/wp\/v2\/types\/product"}],"replies":[{"embeddable":true,"href":"https:\/\/stem-eshop.gr\/hu\/wp-json\/wp\/v2\/comments?post=6878"}],"wp:featuredmedia":[{"embeddable":true,"href":"https:\/\/stem-eshop.gr\/hu\/wp-json\/wp\/v2\/media\/5058"}],"wp:attachment":[{"href":"https:\/\/stem-eshop.gr\/hu\/wp-json\/wp\/v2\/media?parent=6878"}],"wp:term":[{"taxonomy":"product_brand","embeddable":true,"href":"https:\/\/stem-eshop.gr\/hu\/wp-json\/wp\/v2\/product_brand?post=6878"},{"taxonomy":"product_cat","embeddable":true,"href":"https:\/\/stem-eshop.gr\/hu\/wp-json\/wp\/v2\/product_cat?post=6878"},{"taxonomy":"product_tag","embeddable":true,"href":"https:\/\/stem-eshop.gr\/hu\/wp-json\/wp\/v2\/product_tag?post=6878"}],"curies":[{"name":"wp","href":"https:\/\/api.w.org\/{rel}","templated":true}]}}