{"id":6876,"date":"2025-05-19T08:54:49","date_gmt":"2025-05-19T08:54:49","guid":{"rendered":"https:\/\/stem-eshop.gr\/product\/%ce%b5%ce%ba%cf%80%ce%b1%ce%b9%ce%b4%ce%b5%cf%85%cf%84%ce%b9%ce%ba%ce%ae-%cf%81%ce%bf%ce%bc%cf%80%ce%bf%cf%84%ce%b9%ce%ba%ce%ae-%ce%bc%ce%b5-%cf%84%ce%b7-%cf%87%cf%81%ce%ae%cf%83%ce%b7-%cf%84%ce%bf\/"},"modified":"2025-10-23T12:49:15","modified_gmt":"2025-10-23T09:49:15","slug":"%ce%b5%ce%ba%cf%80%ce%b1%ce%b9%ce%b4%ce%b5%cf%85%cf%84%ce%b9%ce%ba%ce%ae-%cf%81%ce%bf%ce%bc%cf%80%ce%bf%cf%84%ce%b9%ce%ba%ce%ae-%ce%bc%ce%b5-%cf%84%ce%b7-%cf%87%cf%81%ce%ae%cf%83%ce%b7-%cf%84%ce%bf","status":"publish","type":"product","link":"https:\/\/stem-eshop.gr\/hu\/termek\/%ce%b5%ce%ba%cf%80%ce%b1%ce%b9%ce%b4%ce%b5%cf%85%cf%84%ce%b9%ce%ba%ce%ae-%cf%81%ce%bf%ce%bc%cf%80%ce%bf%cf%84%ce%b9%ce%ba%ce%ae-%ce%bc%ce%b5-%cf%84%ce%b7-%cf%87%cf%81%ce%ae%cf%83%ce%b7-%cf%84%ce%bf\/","title":{"rendered":"Oktat\u00e1si robotika a BBC Micro:bit mikrokontroller haszn\u00e1lat\u00e1val"},"content":{"rendered":"<p class=\"MsoNormal\">Ez a k\u00f6nyv egy \u00e1tfog\u00f3 \u00fatmutat\u00f3 a BBC Micro:bit mikrovez\u00e9rl\u0151h\u00f6z, bemutatva, hogyan kell csatlakoztatni \u00e9s programozni Blocks k\u00f3d, JavaScript \u00e9s (Micro) Python seg\u00edts\u00e9g\u00e9vel. A k\u00f6nyv egyszer\u0171 alkalmaz\u00e1sokkal kezd\u0151dik - oktat\u00e1si forgat\u00f3k\u00f6nyvek kezd\u0151knek, mik\u00f6zben fokozatosan n\u00f6vekszik az alkalmaz\u00e1sok neh\u00e9zs\u00e9gi szintje, ami \u00f6sszetettebb alkalmaz\u00e1sokhoz vezet, mint p\u00e9ld\u00e1ul a t\u00e1vvez\u00e9rl\u00e9s \u00e9s az \u00fczenetek k\u00fcls\u0151 k\u00e9perny\u0151k\u00f6n t\u00f6rt\u00e9n\u0151 megjelen\u00edt\u00e9se. Minden alkalmaz\u00e1st l\u00e9p\u00e9sr\u0151l l\u00e9p\u00e9sre mutatunk be an\u00e9lk\u00fcl, hogy az olvas\u00f3nak ismernie kellene az elektromos \u00e1ramk\u00f6r\u00f6ket \u00e9s a programoz\u00e1st. Minden tematikus r\u00e9sz felsorolja az alkalmaz\u00e1sok fejleszt\u00e9s\u00e9hez sz\u00fcks\u00e9ges \u00f6sszes inform\u00e1ci\u00f3t, valamint r\u00e9szletes \u00e1br\u00e1kat \u00e9s k\u00e9peket, amelyeket az olvas\u00f3 k\u00f6vethet az egyes tev\u00e9kenys\u00e9gek sikeres elv\u00e9gz\u00e9s\u00e9hez.<\/p>\n<p class=\"MsoNormal\">\n<p class=\"MsoNormal\">A k\u00f6nyv c\u00edmzettje:<\/p>\n<p class=\"MsoNormal\">a) kezd\u0151knek, valamint halad\u00f3 mikrokontroller programoz\u00f3knak, akik szeretn\u00e9nek belev\u00e1gni a BBC Micro:bit vil\u00e1g\u00e1ba,<\/p>\n<p class=\"MsoNormal\">b) az \u00e1ltal\u00e1nos \u00e9s k\u00f6z\u00e9piskolai tan\u00e1roknak,<\/p>\n<p class=\"MsoNormal\">c) azoknak a di\u00e1koknak, akik oktat\u00e1si robotik\u00e1val \u00e9s STEM tant\u00e1rgyakkal foglalkoznak an\u00e9lk\u00fcl, hogy felt\u00e9tlen\u00fcl rendelkezn\u00e9nek tapasztalattal a megfelel\u0151 programoz\u00e1si, elektromos \u00e1ramk\u00f6r\u00f6kkel \u00e9s elektronik\u00e1val kapcsolatos tant\u00e1rgyakban,<\/p>\n<p class=\"MsoNormal\">d) posztgradu\u00e1lis hallgat\u00f3knak \u00e9s kutat\u00f3knak, akik saj\u00e1t alkalmaz\u00e1sok \u2013 oktat\u00e1si forgat\u00f3k\u00f6nyvek \u2013 tervez\u00e9s\u00e9vel szeretn\u00e9nek foglalkozni a BBC Micro:bittel.<\/p>\n<p class=\"MsoNormal\">\n<p class=\"MsoNormal\">V\u00e9g\u00fcl a k\u00f6nyv a BBC Micro:bit els\u0151, valamint a 2020-ban megjelent m\u00e1sodik verzi\u00f3j\u00e1t is bemutatja.<\/p>\n<p class=\"MsoNormal\">\u03a3\u03c5\u03b3\u03b3\u03c1\u03b1\u03c6\u03b5\u03af\u03c2: \u039a\u03b1\u03c1\u03b2\u03bf\u03c5\u03bd\u03b9\u03ac\u03c1\u03b7\u03c2 \u0392\u03b1\u03c3\u03af\u03bb\u03b5\u03b9\u03bf\u03c2, \u039b\u03b1\u03b6\u03b1\u03c1\u03af\u03bd\u03b7\u03c2 \u03a6\u03ce\u03c4\u03b9\u03bf\u03c2<\/p>\n<p class=\"MsoNormal\">S\u00faly: 0,848 kg.<\/p>\n<p class=\"MsoNormal\">Oldalak: 320<\/p>\n<p class=\"MsoNormal\">ISBN: 9786182020821<\/p>\n<p class=\"MsoNormal\">Megjelen\u00e9s \u00e9ve: 2021<\/p>\n<p class=\"MsoNormal\">M\u00e9retek: 21 \u00d7 29 cm<\/p>\n<p class=\"MsoNormal\">K\u00f6nyvbels\u0151: Sz\u00ednes<\/p>\n<p class=\"MsoNormal\">Nyelv: g\u00f6r\u00f6g<\/p>","protected":false},"excerpt":{"rendered":"<p class=\"MsoNormal\">A BBC Micro:bit mikrokontroller egy megfizethet\u0151 mikrokontroller, amelyet kifejezetten STEM tant\u00e1rgyakhoz \u00e9s oktat\u00e1si robotikai alkalmaz\u00e1sokhoz terveztek. Technikai jellemz\u0151inek, kis m\u00e9ret\u00e9nek \u00e9s integr\u00e1lt \u00e9rz\u00e9kel\u0151inek k\u00f6sz\u00f6nhet\u0151en vonz\u00f3 megold\u00e1st k\u00edn\u00e1l az oktat\u00e1si folyamatban val\u00f3 haszn\u00e1latra az oktat\u00e1s b\u00e1rmely szintj\u00e9n.<\/p>","protected":false},"featured_media":5050,"comment_status":"open","ping_status":"closed","template":"","meta":{"site-sidebar-layout":"default","site-content-layout":"","ast-site-content-layout":"default","site-content-style":"default","site-sidebar-style":"default","ast-global-header-display":"","ast-banner-title-visibility":"","ast-main-header-display":"","ast-hfb-above-header-display":"","ast-hfb-below-header-display":"","ast-hfb-mobile-header-display":"","site-post-title":"","ast-breadcrumbs-content":"","ast-featured-img":"","footer-sml-layout":"","ast-disable-related-posts":"","theme-transparent-header-meta":"default","adv-header-id-meta":"","stick-header-meta":"","header-above-stick-meta":"","header-main-stick-meta":"","header-below-stick-meta":"","astra-migrate-meta-layouts":"set","ast-page-background-enabled":"default","ast-page-background-meta":{"desktop":{"background-color":"var(--ast-global-color-5)","background-image":"","background-repeat":"repeat","background-position":"center center","background-size":"auto","background-attachment":"scroll","background-type":"","background-media":"","overlay-type":"","overlay-color":"","overlay-opacity":"","overlay-gradient":""},"tablet":{"background-color":"","background-image":"","background-repeat":"repeat","background-position":"center center","background-size":"auto","background-attachment":"scroll","background-type":"","background-media":"","overlay-type":"","overlay-color":"","overlay-opacity":"","overlay-gradient":""},"mobile":{"background-color":"","background-image":"","background-repeat":"repeat","background-position":"center center","background-size":"auto","background-attachment":"scroll","background-type":"","background-media":"","overlay-type":"","overlay-color":"","overlay-opacity":"","overlay-gradient":""}},"ast-content-background-meta":{"desktop":{"background-color":"var(--ast-global-color-4)","background-image":"","background-repeat":"repeat","background-position":"center center","background-size":"auto","background-attachment":"scroll","background-type":"","background-media":"","overlay-type":"","overlay-color":"","overlay-opacity":"","overlay-gradient":""},"tablet":{"background-color":"var(--ast-global-color-4)","background-image":"","background-repeat":"repeat","background-position":"center center","background-size":"auto","background-attachment":"scroll","background-type":"","background-media":"","overlay-type":"","overlay-color":"","overlay-opacity":"","overlay-gradient":""},"mobile":{"background-color":"var(--ast-global-color-4)","background-image":"","background-repeat":"repeat","background-position":"center center","background-size":"auto","background-attachment":"scroll","background-type":"","background-media":"","overlay-type":"","overlay-color":"","overlay-opacity":"","overlay-gradient":""}}},"product_brand":[108],"product_cat":[25],"product_tag":[],"class_list":{"0":"post-6876","1":"product","2":"type-product","3":"status-publish","4":"has-post-thumbnail","6":"product_brand-disigma","7":"product_cat--steam","8":"desktop-align-left","9":"tablet-align-left","10":"mobile-align-left","12":"first","13":"instock","14":"taxable","15":"shipping-taxable","16":"purchasable","17":"product-type-simple"},"_links":{"self":[{"href":"https:\/\/stem-eshop.gr\/hu\/wp-json\/wp\/v2\/product\/6876","targetHints":{"allow":["GET"]}}],"collection":[{"href":"https:\/\/stem-eshop.gr\/hu\/wp-json\/wp\/v2\/product"}],"about":[{"href":"https:\/\/stem-eshop.gr\/hu\/wp-json\/wp\/v2\/types\/product"}],"replies":[{"embeddable":true,"href":"https:\/\/stem-eshop.gr\/hu\/wp-json\/wp\/v2\/comments?post=6876"}],"wp:featuredmedia":[{"embeddable":true,"href":"https:\/\/stem-eshop.gr\/hu\/wp-json\/wp\/v2\/media\/5050"}],"wp:attachment":[{"href":"https:\/\/stem-eshop.gr\/hu\/wp-json\/wp\/v2\/media?parent=6876"}],"wp:term":[{"taxonomy":"product_brand","embeddable":true,"href":"https:\/\/stem-eshop.gr\/hu\/wp-json\/wp\/v2\/product_brand?post=6876"},{"taxonomy":"product_cat","embeddable":true,"href":"https:\/\/stem-eshop.gr\/hu\/wp-json\/wp\/v2\/product_cat?post=6876"},{"taxonomy":"product_tag","embeddable":true,"href":"https:\/\/stem-eshop.gr\/hu\/wp-json\/wp\/v2\/product_tag?post=6876"}],"curies":[{"name":"wp","href":"https:\/\/api.w.org\/{rel}","templated":true}]}}