{"id":6873,"date":"2025-05-19T08:54:48","date_gmt":"2025-05-19T08:54:48","guid":{"rendered":"https:\/\/stem-eshop.gr\/product\/%ce%b5%ce%ba%cf%80%ce%b1%ce%b9%ce%b4%ce%b5%cf%85%cf%84%ce%b9%ce%ba%ce%ae-%cf%81%ce%bf%ce%bc%cf%80%ce%bf%cf%84%ce%b9%ce%ba%ce%ae-%ce%bc%ce%b5-spike-prime-%cf%84%cf%8c%ce%bc%ce%bf%cf%82-1\/"},"modified":"2025-10-23T13:08:42","modified_gmt":"2025-10-23T10:08:42","slug":"%ce%b5%ce%ba%cf%80%ce%b1%ce%b9%ce%b4%ce%b5%cf%85%cf%84%ce%b9%ce%ba%ce%ae-%cf%81%ce%bf%ce%bc%cf%80%ce%bf%cf%84%ce%b9%ce%ba%ce%ae-%ce%bc%ce%b5-spike-prime-%cf%84%cf%8c%ce%bc%ce%bf%cf%82-1","status":"publish","type":"product","link":"https:\/\/stem-eshop.gr\/hu\/termek\/%ce%b5%ce%ba%cf%80%ce%b1%ce%b9%ce%b4%ce%b5%cf%85%cf%84%ce%b9%ce%ba%ce%ae-%cf%81%ce%bf%ce%bc%cf%80%ce%bf%cf%84%ce%b9%ce%ba%ce%ae-%ce%bc%ce%b5-spike-prime-%cf%84%cf%8c%ce%bc%ce%bf%cf%82-1\/","title":{"rendered":"Oktat\u00f3robotika a Spike Prime-mal (1. k\u00f6tet)"},"content":{"rendered":"<p class=\"MsoNormal\">A k\u00f6nyv megv\u00e1s\u00e1rl\u00e1s\u00e1val a robotika tan\u00e1rok r\u00e9szletes \u00fatmutat\u00f3t kapnak a di\u00e1kok \u00e1ltal val\u00f3s id\u0151ben az oszt\u00e1lyteremben elv\u00e9gezhet\u0151 tev\u00e9kenys\u00e9gekhez.<\/p>\n<p class=\"MsoNormal\">Minden fejezet haszn\u00e1lati p\u00e9ld\u00e1kat, javasolt megoldatlan tev\u00e9kenys\u00e9geket, valamint \u00e9rt\u00e9kel\u0151lapokat tartalmaz a tanul\u00f3 tanulm\u00e1nyi el\u0151menetel\u00e9nek gyakori nyomon k\u00f6vet\u00e9s\u00e9hez.<\/p>\n<p class=\"MsoNormal\">A k\u00e9zik\u00f6nyv teljes m\u00e9rt\u00e9kben kompatibilis az \u00e1ltal\u00e1nos \u00e9s k\u00f6z\u00e9piskolai oktat\u00e1sba integr\u00e1lt 21+ k\u00e9szs\u00e9gfejleszt\u0151 m\u0171helyekkel, \u00edgy seg\u00edti mind a tan\u00e1rokat, mind a di\u00e1kokat a m\u00f3dszer alkalmaz\u00e1s\u00e1ban. <span lang=\"en-us\" xml:lang=\"en-us\">G\u0150Z<\/span> a gyakorlatban m\u00e1s \u00e9s sz\u00f3rakoztat\u00f3 m\u00f3don tanulni, a hagyom\u00e1nyos tanul\u00e1s \u201e\u00f6nt\u0151form\u00e1it\u00f3l\u201d elt\u00e9r\u0151 m\u00f3don.<\/p>\n<p class=\"MsoNormal\">V\u00e9g\u00fcl, a k\u00f6nyvet j\u00f3l hasznos\u00edthatj\u00e1k azok a tan\u00e1rok, akik b\u00e1rmilyen robotikai versenyen r\u00e9szt szeretn\u00e9nek venni di\u00e1kjaikkal.<\/p>\n<p class=\"MsoNormal\">Egy gy\u00f6ny\u00f6r\u0171 utaz\u00e1s veszi kezdet\u00e9t a robotika vil\u00e1g\u00e1ba...<\/p>\n<p class=\"MsoNormal\">\n<p class=\"MsoNormal\">Szerz\u0151k: Argyris Koureas, Konstantinos Natsikas, Alkiviadis Tsimiris<\/p>\n<p class=\"MsoNormal\">S\u00faly: 0,276 kg.<\/p>\n<p class=\"MsoNormal\">Oldalak: 152<\/p>\n<p class=\"MsoNormal\"><span lang=\"en-us\" xml:lang=\"en-us\">ISBN<\/span>: 9786182020968<\/p>\n<p class=\"MsoNormal\">Megjelen\u00e9s \u00e9ve: 2022<\/p>\n<p class=\"MsoNormal\">M\u00e9retek: 17\u00d724 <span lang=\"en-us\" xml:lang=\"en-us\">cm<\/span><\/p>\n<p class=\"MsoNormal\">K\u00f6nyvbels\u0151: Sz\u00ednes<\/p>\n<p class=\"MsoNormal\">Nyelv: g\u00f6r\u00f6g<\/p>","protected":false},"excerpt":{"rendered":"<p class=\"MsoNormal\">Ez a k\u00f6nyv egy \u00faj, Oktat\u00e1si Robotika k\u00f6nyvsorozat els\u0151 r\u00e9sze, amely di\u00e1koknak \u00e9s feln\u0151tteknek, kezd\u0151knek \u00e9s halad\u00f3knak egyar\u00e1nt sz\u00f3l. A sorozat elk\u00e9sz\u00fclte ut\u00e1n teljes k\u00f6r\u0171 \u00fatmutat\u00f3t ny\u00fajt a LegoEducation leg\u00fajabb oktat\u00e1si robotikai v\u00e1llalkoz\u00e1s\u00e1hoz \u2013 a STEM-hez, a SpikePrime-hez.<\/p>","protected":false},"featured_media":5041,"comment_status":"open","ping_status":"closed","template":"","meta":{"site-sidebar-layout":"default","site-content-layout":"","ast-site-content-layout":"default","site-content-style":"default","site-sidebar-style":"default","ast-global-header-display":"","ast-banner-title-visibility":"","ast-main-header-display":"","ast-hfb-above-header-display":"","ast-hfb-below-header-display":"","ast-hfb-mobile-header-display":"","site-post-title":"","ast-breadcrumbs-content":"","ast-featured-img":"","footer-sml-layout":"","ast-disable-related-posts":"","theme-transparent-header-meta":"default","adv-header-id-meta":"","stick-header-meta":"","header-above-stick-meta":"","header-main-stick-meta":"","header-below-stick-meta":"","astra-migrate-meta-layouts":"set","ast-page-background-enabled":"default","ast-page-background-meta":{"desktop":{"background-color":"var(--ast-global-color-5)","background-image":"","background-repeat":"repeat","background-position":"center center","background-size":"auto","background-attachment":"scroll","background-type":"","background-media":"","overlay-type":"","overlay-color":"","overlay-opacity":"","overlay-gradient":""},"tablet":{"background-color":"","background-image":"","background-repeat":"repeat","background-position":"center center","background-size":"auto","background-attachment":"scroll","background-type":"","background-media":"","overlay-type":"","overlay-color":"","overlay-opacity":"","overlay-gradient":""},"mobile":{"background-color":"","background-image":"","background-repeat":"repeat","background-position":"center center","background-size":"auto","background-attachment":"scroll","background-type":"","background-media":"","overlay-type":"","overlay-color":"","overlay-opacity":"","overlay-gradient":""}},"ast-content-background-meta":{"desktop":{"background-color":"var(--ast-global-color-4)","background-image":"","background-repeat":"repeat","background-position":"center center","background-size":"auto","background-attachment":"scroll","background-type":"","background-media":"","overlay-type":"","overlay-color":"","overlay-opacity":"","overlay-gradient":""},"tablet":{"background-color":"var(--ast-global-color-4)","background-image":"","background-repeat":"repeat","background-position":"center center","background-size":"auto","background-attachment":"scroll","background-type":"","background-media":"","overlay-type":"","overlay-color":"","overlay-opacity":"","overlay-gradient":""},"mobile":{"background-color":"var(--ast-global-color-4)","background-image":"","background-repeat":"repeat","background-position":"center center","background-size":"auto","background-attachment":"scroll","background-type":"","background-media":"","overlay-type":"","overlay-color":"","overlay-opacity":"","overlay-gradient":""}}},"product_brand":[108],"product_cat":[25],"product_tag":[],"class_list":{"0":"post-6873","1":"product","2":"type-product","3":"status-publish","4":"has-post-thumbnail","6":"product_brand-disigma","7":"product_cat--steam","8":"desktop-align-left","9":"tablet-align-left","10":"mobile-align-left","12":"first","13":"instock","14":"taxable","15":"shipping-taxable","16":"purchasable","17":"product-type-simple"},"_links":{"self":[{"href":"https:\/\/stem-eshop.gr\/hu\/wp-json\/wp\/v2\/product\/6873","targetHints":{"allow":["GET"]}}],"collection":[{"href":"https:\/\/stem-eshop.gr\/hu\/wp-json\/wp\/v2\/product"}],"about":[{"href":"https:\/\/stem-eshop.gr\/hu\/wp-json\/wp\/v2\/types\/product"}],"replies":[{"embeddable":true,"href":"https:\/\/stem-eshop.gr\/hu\/wp-json\/wp\/v2\/comments?post=6873"}],"wp:featuredmedia":[{"embeddable":true,"href":"https:\/\/stem-eshop.gr\/hu\/wp-json\/wp\/v2\/media\/5041"}],"wp:attachment":[{"href":"https:\/\/stem-eshop.gr\/hu\/wp-json\/wp\/v2\/media?parent=6873"}],"wp:term":[{"taxonomy":"product_brand","embeddable":true,"href":"https:\/\/stem-eshop.gr\/hu\/wp-json\/wp\/v2\/product_brand?post=6873"},{"taxonomy":"product_cat","embeddable":true,"href":"https:\/\/stem-eshop.gr\/hu\/wp-json\/wp\/v2\/product_cat?post=6873"},{"taxonomy":"product_tag","embeddable":true,"href":"https:\/\/stem-eshop.gr\/hu\/wp-json\/wp\/v2\/product_tag?post=6873"}],"curies":[{"name":"wp","href":"https:\/\/api.w.org\/{rel}","templated":true}]}}