{"id":6870,"date":"2025-05-19T08:54:47","date_gmt":"2025-05-19T08:54:47","guid":{"rendered":"https:\/\/stem-eshop.gr\/product\/%ce%b5%ce%ba%cf%80%ce%b1%ce%b9%ce%b4%ce%b5%cf%85%cf%84%ce%b9%ce%ba%ce%ae-%cf%81%ce%bf%ce%bc%cf%80%ce%bf%cf%84%ce%b9%ce%ba%ce%ae-%ce%bc%ce%b5-scratch-3-0-%ce%ba%ce%b1%ce%b9-bbc-microbit\/"},"modified":"2025-10-23T12:47:02","modified_gmt":"2025-10-23T09:47:02","slug":"%ce%b5%ce%ba%cf%80%ce%b1%ce%b9%ce%b4%ce%b5%cf%85%cf%84%ce%b9%ce%ba%ce%ae-%cf%81%ce%bf%ce%bc%cf%80%ce%bf%cf%84%ce%b9%ce%ba%ce%ae-%ce%bc%ce%b5-scratch-3-0-%ce%ba%ce%b1%ce%b9-bbc-microbit","status":"publish","type":"product","link":"https:\/\/stem-eshop.gr\/hu\/termek\/%ce%b5%ce%ba%cf%80%ce%b1%ce%b9%ce%b4%ce%b5%cf%85%cf%84%ce%b9%ce%ba%ce%ae-%cf%81%ce%bf%ce%bc%cf%80%ce%bf%cf%84%ce%b9%ce%ba%ce%ae-%ce%bc%ce%b5-scratch-3-0-%ce%ba%ce%b1%ce%b9-bbc-microbit\/","title":{"rendered":"Oktat\u00f3robotika Scratch 3.0 \u00e9s BBC micro:bit seg\u00edts\u00e9g\u00e9vel"},"content":{"rendered":"<p style=\"margin: 0px 0px 10px;color: #333333;font-family: 'roboto_slabregular';font-size: 14px;background-color: #ffffff\">Tov\u00e1bb\u00e1 gyakorlatias, probl\u00e9mamegold\u00e1s-bar\u00e1t megk\u00f6zel\u00edt\u00e9st k\u00edn\u00e1l a programoz\u00e1s, az oktat\u00e1si robotika \u00e9s a kapcsol\u00f3d\u00f3 sz\u00e1m\u00edt\u00e1stechnikai fogalmak elsaj\u00e1t\u00edt\u00e1s\u00e1hoz, azzal a c\u00e9llal, hogy \u00f6szt\u00f6n\u00f6zze az olvas\u00f3k (di\u00e1kok, tan\u00e1rok \u00e9s sz\u00fcl\u0151k) k\u00e9pzelet\u00e9t, \u00e9s mindenki sz\u00e1m\u00e1ra el\u00e9rhet\u0151v\u00e9 tegye a sz\u00e1m\u00edt\u00f3g\u00e9pes programoz\u00e1s \u00e9lm\u00e9ny\u00e9t.<\/p>\n<p style=\"margin: 0px 0px 10px;color: #333333;font-family: 'roboto_slabregular';font-size: 14px;background-color: #ffffff\">A Scratch 3.0 konkr\u00e9tan egy egyszer\u0171 \u00e9s sz\u00f3rakoztat\u00f3 m\u00f3dszert k\u00edn\u00e1l a programoz\u00e1s \u00e9s az interakt\u00edv m\u00e9dia tervez\u00e9s\u00e9nek elkezd\u00e9s\u00e9hez. A micro:bit egy kicsi, de hat\u00e9kony eszk\u00f6z, amely bel\u00e9p\u0151k\u00e9nt szolg\u00e1l az elektronika \u00e9s a programoz\u00e1s hatalmas univerzum\u00e1ba. Az egyszer\u0171 \u00e1ramk\u00f6r\u00f6k \u00e9p\u00edt\u00e9s\u00e9t\u0151l az \u00f6sszetett projektek megtervez\u00e9s\u00e9ig ez az apr\u00f3 k\u00e1rtya lehet\u0151v\u00e9 teszi a felhaszn\u00e1l\u00f3k sz\u00e1m\u00e1ra, hogy \u00e9letre kelts\u00e9k \u00f6tleteiket, \u00e9s felfedezz\u00e9k a digit\u00e1lis kor csod\u00e1it.<\/p>\n<p style=\"margin: 0px 0px 10px;color: #333333;font-family: 'roboto_slabregular';font-size: 14px;background-color: #ffffff\">A k\u00f6nyv kezd\u0151knek \u00e9s halad\u00f3 felhaszn\u00e1l\u00f3knak egyar\u00e1nt aj\u00e1nlott, \u00fatmutat\u00f3k\u00e9nt szolg\u00e1lva a programoz\u00e1s alapjaihoz.<\/p>\n<p class=\"MsoNormal\">M\u00e9retek: 17x24 cm<\/p>\n<p class=\"MsoNormal\">Oldalak sz\u00e1ma: 456<\/p>\n<p class=\"MsoNormal\">Megjelen\u00e9s \u00e9ve: 2024<\/p>\n<p class=\"MsoNormal\">K\u00f3d Eudoxushoz<span lang=\"en-us\" xml:lang=\"en-us\">:<\/span> 133024491<\/p>\n<p style=\"margin: 0px 0px 10px;color: #333333;font-family: 'roboto_slabregular';font-size: 14px;background-color: #ffffff\">ISBN:\u00a0<span style=\"color: #333333;font-family: 'roboto_slabregular';font-size: 13.44px;background-color: #ffffff\">9789605864897<\/span><\/p>\n<p style=\"margin: 0px 0px 10px;color: #333333;font-family: 'roboto_slabregular';font-size: 14px;background-color: #ffffff\">","protected":false},"excerpt":{"rendered":"<p><span style=\"color: #333333;font-family: 'roboto_slabregular';font-size: 14px;background-color: #ffffff\">A k\u00f6nyv bemutatja a Scratch 3.0 programoz\u00e1si k\u00f6rnyezetet \u00e9s a micro:bit k\u00e9zi sz\u00e1m\u00edt\u00f3g\u00e9p programoz\u00e1s\u00e1t k\u00fcl\u00f6nf\u00e9le projekteken kereszt\u00fcl.\u00a0<\/span><\/p>","protected":false},"featured_media":5035,"comment_status":"open","ping_status":"closed","template":"","meta":{"site-sidebar-layout":"default","site-content-layout":"","ast-site-content-layout":"default","site-content-style":"default","site-sidebar-style":"default","ast-global-header-display":"","ast-banner-title-visibility":"","ast-main-header-display":"","ast-hfb-above-header-display":"","ast-hfb-below-header-display":"","ast-hfb-mobile-header-display":"","site-post-title":"","ast-breadcrumbs-content":"","ast-featured-img":"","footer-sml-layout":"","ast-disable-related-posts":"","theme-transparent-header-meta":"default","adv-header-id-meta":"","stick-header-meta":"","header-above-stick-meta":"","header-main-stick-meta":"","header-below-stick-meta":"","astra-migrate-meta-layouts":"set","ast-page-background-enabled":"default","ast-page-background-meta":{"desktop":{"background-color":"var(--ast-global-color-5)","background-image":"","background-repeat":"repeat","background-position":"center center","background-size":"auto","background-attachment":"scroll","background-type":"","background-media":"","overlay-type":"","overlay-color":"","overlay-opacity":"","overlay-gradient":""},"tablet":{"background-color":"","background-image":"","background-repeat":"repeat","background-position":"center center","background-size":"auto","background-attachment":"scroll","background-type":"","background-media":"","overlay-type":"","overlay-color":"","overlay-opacity":"","overlay-gradient":""},"mobile":{"background-color":"","background-image":"","background-repeat":"repeat","background-position":"center center","background-size":"auto","background-attachment":"scroll","background-type":"","background-media":"","overlay-type":"","overlay-color":"","overlay-opacity":"","overlay-gradient":""}},"ast-content-background-meta":{"desktop":{"background-color":"var(--ast-global-color-4)","background-image":"","background-repeat":"repeat","background-position":"center center","background-size":"auto","background-attachment":"scroll","background-type":"","background-media":"","overlay-type":"","overlay-color":"","overlay-opacity":"","overlay-gradient":""},"tablet":{"background-color":"var(--ast-global-color-4)","background-image":"","background-repeat":"repeat","background-position":"center center","background-size":"auto","background-attachment":"scroll","background-type":"","background-media":"","overlay-type":"","overlay-color":"","overlay-opacity":"","overlay-gradient":""},"mobile":{"background-color":"var(--ast-global-color-4)","background-image":"","background-repeat":"repeat","background-position":"center center","background-size":"auto","background-attachment":"scroll","background-type":"","background-media":"","overlay-type":"","overlay-color":"","overlay-opacity":"","overlay-gradient":""}}},"product_brand":[113],"product_cat":[25],"product_tag":[],"class_list":{"0":"post-6870","1":"product","2":"type-product","3":"status-publish","4":"has-post-thumbnail","6":"product_brand-kritiki","7":"product_cat--steam","8":"desktop-align-left","9":"tablet-align-left","10":"mobile-align-left","12":"first","13":"instock","14":"taxable","15":"shipping-taxable","16":"purchasable","17":"product-type-simple"},"_links":{"self":[{"href":"https:\/\/stem-eshop.gr\/hu\/wp-json\/wp\/v2\/product\/6870","targetHints":{"allow":["GET"]}}],"collection":[{"href":"https:\/\/stem-eshop.gr\/hu\/wp-json\/wp\/v2\/product"}],"about":[{"href":"https:\/\/stem-eshop.gr\/hu\/wp-json\/wp\/v2\/types\/product"}],"replies":[{"embeddable":true,"href":"https:\/\/stem-eshop.gr\/hu\/wp-json\/wp\/v2\/comments?post=6870"}],"wp:featuredmedia":[{"embeddable":true,"href":"https:\/\/stem-eshop.gr\/hu\/wp-json\/wp\/v2\/media\/5035"}],"wp:attachment":[{"href":"https:\/\/stem-eshop.gr\/hu\/wp-json\/wp\/v2\/media?parent=6870"}],"wp:term":[{"taxonomy":"product_brand","embeddable":true,"href":"https:\/\/stem-eshop.gr\/hu\/wp-json\/wp\/v2\/product_brand?post=6870"},{"taxonomy":"product_cat","embeddable":true,"href":"https:\/\/stem-eshop.gr\/hu\/wp-json\/wp\/v2\/product_cat?post=6870"},{"taxonomy":"product_tag","embeddable":true,"href":"https:\/\/stem-eshop.gr\/hu\/wp-json\/wp\/v2\/product_tag?post=6870"}],"curies":[{"name":"wp","href":"https:\/\/api.w.org\/{rel}","templated":true}]}}