{"id":6864,"date":"2025-05-19T08:54:45","date_gmt":"2025-05-19T08:54:45","guid":{"rendered":"https:\/\/stem-eshop.gr\/product\/%ce%b4%ce%b9%ce%b4%ce%b1%ce%ba%cf%84%ce%b9%ce%ba%ce%b7-%cf%83%cf%87%ce%b5%ce%b4%ce%b9%ce%b1%cf%83%ce%bc%ce%bf%cf%83-%ce%b5%ce%ba%cf%80%ce%b1%ce%b9%ce%b4%ce%b5%cf%85%cf%84%ce%b9%ce%ba%cf%89%ce%bd\/"},"modified":"2025-05-22T21:13:35","modified_gmt":"2025-05-22T18:13:35","slug":"%ce%b4%ce%b9%ce%b4%ce%b1%ce%ba%cf%84%ce%b9%ce%ba%ce%b7-%cf%83%cf%87%ce%b5%ce%b4%ce%b9%ce%b1%cf%83%ce%bc%ce%bf%cf%83-%ce%b5%ce%ba%cf%80%ce%b1%ce%b9%ce%b4%ce%b5%cf%85%cf%84%ce%b9%ce%ba%cf%89%ce%bd","status":"publish","type":"product","link":"https:\/\/stem-eshop.gr\/hu\/termek\/%ce%b4%ce%b9%ce%b4%ce%b1%ce%ba%cf%84%ce%b9%ce%ba%ce%b7-%cf%83%cf%87%ce%b5%ce%b4%ce%b9%ce%b1%cf%83%ce%bc%ce%bf%cf%83-%ce%b5%ce%ba%cf%80%ce%b1%ce%b9%ce%b4%ce%b5%cf%85%cf%84%ce%b9%ce%ba%cf%89%ce%bd\/","title":{"rendered":"STEM \u00c9S IKT OKTAT\u00c1SI TEV\u00c9KENYS\u00c9GEK OKTAT\u00c1SA \u00c9S TERVEZ\u00c9SE"},"content":{"rendered":"<p><span style=\"font-family:'Open Sans';font-size:14px;text-align:justify;background-color:#ffffff\">A \u201esz\u00e1m\u00edt\u00e1stechnika\u201d \u00e9s a STEM sokkal t\u00f6bbet jelent, mint a sz\u00e1m\u00edt\u00e1stechnika, \u00e9s l\u00e9nyeg\u00e9ben olyan m\u00f3dszer, amely a tanul\u00f3kat \u2013 az oktat\u00e1s minden szintj\u00e9n \u2013 tudom\u00e1nyos gondolkod\u00e1sba vonja be, mik\u00f6zben a sz\u00e1m\u00edt\u00e1studom\u00e1nyt mag\u00e1ban foglal\u00f3 probl\u00e9mamegold\u00e1s oktat\u00e1si beavatkoz\u00e1s\u00e1nak is tekinthet\u0151. Nem v\u00e9letlen, hogy a fejlett orsz\u00e1gok oktat\u00e1spolitikai int\u00e9zetei egyetemekkel, de a Google-lel \u00e9s a Microsofttal is egy\u00fcttm\u0171k\u00f6dnek, hogy \u00faj tanterveket hozzanak l\u00e9tre a k\u00f6vetkez\u0151 gener\u00e1ci\u00f3s hallgat\u00f3k sz\u00e1m\u00e1ra, mik\u00f6zben sz\u00e1mos alap- \u00e9s posztgradu\u00e1lis tansz\u00e9k ma m\u00e1r a sz\u00e1m\u00edt\u00e1studom\u00e1nyra hivatkozik. Ez a k\u00f6nyv hasznos az oktat\u00e1si tansz\u00e9kek alap- \u00e9s mesterk\u00e9pz\u00e9ses hallgat\u00f3i sz\u00e1m\u00e1ra, akik \u00faj technol\u00f3gi\u00e1kkal foglalkoznak, \u00e9s m\u00e9lyebben szeretn\u00e9nek elmer\u00fclni olyan t\u00e9m\u00e1kban, mint a sz\u00e1m\u00edt\u00e1si gondolkod\u00e1s, a STEM, a sz\u00e1m\u00edt\u00e1studom\u00e1ny, a modell fogalma stb. A k\u00f6nyv a term\u00e9szettudom\u00e1nyok \u00e9s a m\u00e9rn\u00f6ki tudom\u00e1nyok alap- \u00e9s mesterk\u00e9pz\u00e9ses hallgat\u00f3inak is sz\u00f3l, akiknek ismerni\u00fck kell a sz\u00e1m\u00edt\u00e1si gondolkod\u00e1st \u00e9s annak jellemz\u0151it, mivel ak\u00e1r oktat\u00f3k\u00e9nt, ak\u00e1r tud\u00f3sk\u00e9nt\/m\u00e9rn\u00f6kk\u00e9nt k\u00f6zvetlen\u00fcl vagy k\u00f6zvetve foglalkozniuk kell vele, \u00e9s alkalmazniuk kell azt. V\u00e9g\u00fcl pedig azoknak az oktat\u00f3knak is sz\u00f3l, akik a sz\u00e1m\u00edt\u00e1si gondolkod\u00e1ssal kapcsolatos k\u00e9rd\u00e9sekben szeretn\u00e9k k\u00e9pezni magukat, \u00e9s maguk is szeretn\u00e9nek szimul\u00e1ci\u00f3s modelleket fejleszteni, hogy a modellfejleszt\u00e9s ne legyen fekete doboz.<\/span><\/p>\n<p><span style=\"font-family:'Open Sans';font-size:14px;text-align:justify;background-color:#ffffff\"><\/span><\/p>\n<p>Tartalmaz:<span style=\"font-family:'Open Sans';font-size:14px;text-align:justify;background-color:#ffffff\">\u00a0I. R\u00c9SZ: OKTAT\u00c1S, Tanul\u00e1si elm\u00e9letek, Tan\u00edt\u00e1si modellek, II. R\u00c9SZ: SZ\u00c1M\u00cdT\u00d3G\u00c9PES GONDOLKOD\u00c1S, STEM \u00c9S TAN\u00cdT\u00c1SI SZCENARI\u00d3K, Sz\u00e1m\u00edt\u00e1studom\u00e1ny \u00e9s sz\u00e1m\u00edt\u00e1stechnikai gondolkod\u00e1s az oktat\u00e1sban \/ Ismeretelm\u00e9leti \u00e9s m\u00f3dszertani perspekt\u00edva, STEM \u00e9s sz\u00e1m\u00edt\u00e1stechnikai gondolkod\u00e1s a tan\u00edt\u00e1sban \/ Bevezet\u00e9s a STEM elm\u00e9letbe \u00e9s m\u00f3dszertanba, STEM \u00e9s IKT tan\u00edt\u00e1si forgat\u00f3k\u00f6nyvek tervez\u00e9se, STEM sz\u00e1m\u00edt\u00f3g\u00e9p n\u00e9lk\u00fcl, Speci\u00e1lis oktat\u00e1si tev\u00e9kenys\u00e9gek \u00e9s STEM, III. R\u00c9SZ: ANYAGOK, Anyagok STEM oktat\u00e1si tev\u00e9kenys\u00e9gekhez, STEM t\u00e1mogat\u00f3 szoftverek, IV. R\u00c9SZ: PLATFORMOK STEM OKTAT\u00c1SI TEV\u00c9KENYS\u00c9GEK FEJLESZT\u00c9S\u00c9HEZ, ARDUINO platform STEM oktat\u00e1si tev\u00e9kenys\u00e9gekhez, Raspberry Pi platform STEM tev\u00e9kenys\u00e9gek fejleszt\u00e9s\u00e9hez Scratch \u00e9s Python seg\u00edts\u00e9g\u00e9vel, Oktat\u00e1si robotika, LabVIEW STEM oktat\u00e1si tev\u00e9kenys\u00e9gekhez, Oktat\u00e1si alkalmaz\u00e1sok fejleszt\u00e9se Ejs seg\u00edts\u00e9g\u00e9vel, Bibliogr\u00e1fia, T\u00e1rgymutat\u00f3.<\/span><span style=\"font-family:'Open Sans';font-size:14px;text-align:justify;background-color:#ffffff\"><\/span><\/p>\n<p><span style=\"font-family:'Open Sans';font-size:14px;text-align:justify;background-color:#ffffff\"><\/span><\/p>\n<p>ISBN<span style=\"font-family:'Open Sans';font-size:14px;background-color:#ffffff\">: 978-960-418-706-5<\/span><br style=\"font-family:'Open Sans';font-size:14px;background-color:#ffffff\" \/>Eudoxus-k\u00f3d<span style=\"font-family:'Open Sans';font-size:14px;background-color:#ffffff\">: 68374254<\/span><br style=\"font-family:'Open Sans';font-size:14px;background-color:#ffffff\" \/>Probl\u00e9ma<span style=\"font-family:'Open Sans';font-size:14px;background-color:#ffffff\">1. kiad\u00e1s<\/span><br style=\"font-family:'Open Sans';font-size:14px;background-color:#ffffff\" \/>Kiad\u00e1s \u00e9ve<span style=\"font-family:'Open Sans';font-size:14px;background-color:#ffffff\">: 2017<\/span><br style=\"font-family:'Open Sans';font-size:14px;background-color:#ffffff\" \/>Oldalak<span style=\"font-family:'Open Sans';font-size:14px;background-color:#ffffff\">: 608<\/span><br style=\"font-family:'Open Sans';font-size:14px;background-color:#ffffff\" \/>Nyomtat\u00e1s<span style=\"font-family:'Open Sans';font-size:14px;background-color:#ffffff\">N\u00e9gysz\u00edn\u0171<\/span><br style=\"font-family:'Open Sans';font-size:14px;background-color:#ffffff\" \/>M\u00e9retek<span style=\"font-family:'Open Sans';font-size:14px;background-color:#ffffff\">21 x 29<\/span><br style=\"font-family:'Open Sans';font-size:14px;background-color:#ffffff\" \/>Bor\u00edt\u00f3<span style=\"font-family:'Open Sans';font-size:14px;background-color:#ffffff\">Neh\u00e9z<\/span><br style=\"font-family:'Open Sans';font-size:14px;background-color:#ffffff\" \/>Kiad\u00f3<span style=\"font-family:'Open Sans';font-size:14px;background-color:#ffffff\">TZIOLA Kiadv\u00e1nyok<\/span><span style=\"font-family:'Open Sans';font-size:14px;text-align:justify;background-color:#ffffff\"><\/span><\/p>","protected":false},"excerpt":{"rendered":"<p><span style=\"font-family:'Open Sans';font-size:14px;text-align:justify;background-color:#ffffff\">Ez a k\u00f6nyv azzal a c\u00e9llal \u00edr\u00f3dott, hogy a Pedag\u00f3giai Tansz\u00e9kek \u00e9s a didaktik\u00e1val foglalkoz\u00f3 Pozit\u00edv Ir\u00e1ny\u00edt\u00e1s\u00fa Tansz\u00e9kek hallgat\u00f3i, valamint a modern pedag\u00f3gusok sz\u00e1m\u00e1ra \u00e1tfog\u00f3 \u00fatmutat\u00f3t ny\u00fajtson olyan oktat\u00e1si tev\u00e9kenys\u00e9gek kidolgoz\u00e1s\u00e1hoz, amelyek interdiszciplin\u00e1ris m\u00f3don \u201eintegr\u00e1lj\u00e1k\u201d a STEM-et az oktat\u00e1ssal. Ez a k\u00f6nyv l\u00e9nyeg\u00e9ben az els\u0151 olyan k\u00f6nyv, amely elemzi a STEM elm\u00e9let\u00e9t \u00e9s m\u00f3dszertan\u00e1t, mik\u00f6zben p\u00e9ld\u00e1kon kereszt\u00fcl bemutatja az \u00fagynevezett \u201esz\u00e1m\u00edt\u00e1stechnik\u00e1t\u201d, amely az eur\u00f3pai \u00e9s amerikai trendeknek megfelel\u0151en \u00e1thatja az inform\u00e1ci\u00f3s \u00e9s kommunik\u00e1ci\u00f3s technol\u00f3gi\u00e1kat (IKT).<\/span><\/p>","protected":false},"featured_media":5021,"comment_status":"open","ping_status":"closed","template":"","meta":{"site-sidebar-layout":"default","site-content-layout":"","ast-site-content-layout":"default","site-content-style":"default","site-sidebar-style":"default","ast-global-header-display":"","ast-banner-title-visibility":"","ast-main-header-display":"","ast-hfb-above-header-display":"","ast-hfb-below-header-display":"","ast-hfb-mobile-header-display":"","site-post-title":"","ast-breadcrumbs-content":"","ast-featured-img":"","footer-sml-layout":"","ast-disable-related-posts":"","theme-transparent-header-meta":"","adv-header-id-meta":"","stick-header-meta":"","header-above-stick-meta":"","header-main-stick-meta":"","header-below-stick-meta":"","astra-migrate-meta-layouts":"default","ast-page-background-enabled":"default","ast-page-background-meta":{"desktop":{"background-color":"var(--ast-global-color-5)","background-image":"","background-repeat":"repeat","background-position":"center center","background-size":"auto","background-attachment":"scroll","background-type":"","background-media":"","overlay-type":"","overlay-color":"","overlay-opacity":"","overlay-gradient":""},"tablet":{"background-color":"","background-image":"","background-repeat":"repeat","background-position":"center center","background-size":"auto","background-attachment":"scroll","background-type":"","background-media":"","overlay-type":"","overlay-color":"","overlay-opacity":"","overlay-gradient":""},"mobile":{"background-color":"","background-image":"","background-repeat":"repeat","background-position":"center center","background-size":"auto","background-attachment":"scroll","background-type":"","background-media":"","overlay-type":"","overlay-color":"","overlay-opacity":"","overlay-gradient":""}},"ast-content-background-meta":{"desktop":{"background-color":"var(--ast-global-color-4)","background-image":"","background-repeat":"repeat","background-position":"center center","background-size":"auto","background-attachment":"scroll","background-type":"","background-media":"","overlay-type":"","overlay-color":"","overlay-opacity":"","overlay-gradient":""},"tablet":{"background-color":"var(--ast-global-color-4)","background-image":"","background-repeat":"repeat","background-position":"center center","background-size":"auto","background-attachment":"scroll","background-type":"","background-media":"","overlay-type":"","overlay-color":"","overlay-opacity":"","overlay-gradient":""},"mobile":{"background-color":"var(--ast-global-color-4)","background-image":"","background-repeat":"repeat","background-position":"center center","background-size":"auto","background-attachment":"scroll","background-type":"","background-media":"","overlay-type":"","overlay-color":"","overlay-opacity":"","overlay-gradient":""}}},"product_brand":[110],"product_cat":[25],"product_tag":[],"class_list":{"0":"post-6864","1":"product","2":"type-product","3":"status-publish","4":"has-post-thumbnail","6":"product_brand-tziola","7":"product_cat--steam","8":"desktop-align-left","9":"tablet-align-left","10":"mobile-align-left","12":"first","13":"instock","14":"taxable","15":"shipping-taxable","16":"purchasable","17":"product-type-simple"},"_links":{"self":[{"href":"https:\/\/stem-eshop.gr\/hu\/wp-json\/wp\/v2\/product\/6864","targetHints":{"allow":["GET"]}}],"collection":[{"href":"https:\/\/stem-eshop.gr\/hu\/wp-json\/wp\/v2\/product"}],"about":[{"href":"https:\/\/stem-eshop.gr\/hu\/wp-json\/wp\/v2\/types\/product"}],"replies":[{"embeddable":true,"href":"https:\/\/stem-eshop.gr\/hu\/wp-json\/wp\/v2\/comments?post=6864"}],"wp:featuredmedia":[{"embeddable":true,"href":"https:\/\/stem-eshop.gr\/hu\/wp-json\/wp\/v2\/media\/5021"}],"wp:attachment":[{"href":"https:\/\/stem-eshop.gr\/hu\/wp-json\/wp\/v2\/media?parent=6864"}],"wp:term":[{"taxonomy":"product_brand","embeddable":true,"href":"https:\/\/stem-eshop.gr\/hu\/wp-json\/wp\/v2\/product_brand?post=6864"},{"taxonomy":"product_cat","embeddable":true,"href":"https:\/\/stem-eshop.gr\/hu\/wp-json\/wp\/v2\/product_cat?post=6864"},{"taxonomy":"product_tag","embeddable":true,"href":"https:\/\/stem-eshop.gr\/hu\/wp-json\/wp\/v2\/product_tag?post=6864"}],"curies":[{"name":"wp","href":"https:\/\/api.w.org\/{rel}","templated":true}]}}