{"id":6861,"date":"2025-05-19T08:54:44","date_gmt":"2025-05-19T08:54:44","guid":{"rendered":"https:\/\/stem-eshop.gr\/product\/%ce%b1%ce%bd%ce%b1%cf%80%cf%84%cf%85%ce%be%ce%b7-%ce%b5%cf%86%ce%b1%cf%81%ce%bc%ce%bf%ce%b3%cf%89%ce%bd-%ce%bc%ce%b5-%cf%84%ce%bf-arduino-3%ce%b7-%ce%ad%ce%ba%ce%b4%ce%bf%cf%83%ce%b7\/"},"modified":"2026-02-11T09:25:28","modified_gmt":"2026-02-11T06:25:28","slug":"%ce%b1%ce%bd%ce%b1%cf%80%cf%84%cf%85%ce%be%ce%b7-%ce%b5%cf%86%ce%b1%cf%81%ce%bc%ce%bf%ce%b3%cf%89%ce%bd-%ce%bc%ce%b5-%cf%84%ce%bf-arduino-3%ce%b7-%ce%ad%ce%ba%ce%b4%ce%bf%cf%83%ce%b7","status":"publish","type":"product","link":"https:\/\/stem-eshop.gr\/hu\/termek\/%ce%b1%ce%bd%ce%b1%cf%80%cf%84%cf%85%ce%be%ce%b7-%ce%b5%cf%86%ce%b1%cf%81%ce%bc%ce%bf%ce%b3%cf%89%ce%bd-%ce%bc%ce%b5-%cf%84%ce%bf-arduino-3%ce%b7-%ce%ad%ce%ba%ce%b4%ce%bf%cf%83%ce%b7\/","title":{"rendered":"ALKALMAZ\u00c1SFEJLESZT\u00c9S Arduin\u00f3val, 3. kiad\u00e1s"},"content":{"rendered":"<p><span style=\"font-family:'Open Sans';font-size:14px;text-align:justify;background-color:#ffffff\">\u0391\u03bd \u03ba\u03b1\u03b9 \u03bf\u03b9 \u03b5\u03c6\u03b1\u03c1\u03bc\u03bf\u03b3\u03ad\u03c2 \u03c0\u03bf\u03c5 \u03c0\u03b1\u03c1\u03bf\u03c5\u03c3\u03b9\u03ac\u03b6\u03bf\u03bd\u03c4\u03b1\u03b9 \u03c3\u03c4\u03bf \u03b2\u03b9\u03b2\u03bb\u03af\u03bf, \u03bc\u03c0\u03bf\u03c1\u03bf\u03cd\u03bd \u03bd\u03b1 \u03c5\u03bb\u03bf\u03c0\u03bf\u03b9\u03b7\u03b8\u03bf\u03cd\u03bd \u03bc\u03b5 \u03c4\u03bf\u03bd \u03af\u03b4\u03b9\u03bf \u03c4\u03c1\u03cc\u03c0\u03bf \u03c3\u03b5 \u03c0\u03bf\u03bb\u03bb\u03ad\u03c2 \u03b4\u03b9\u03b1\u03c6\u03bf\u03c1\u03b5\u03c4\u03b9\u03ba\u03ad\u03c2 \u03b5\u03ba\u03b4\u03cc\u03c3\u03b5\u03b9\u03c2\u00a0<\/span><span lang=\"en-us\" style=\"font-family:'Open Sans';font-size:14px;text-align:justify;background-color:#ffffff\" xml:lang=\"en-us\">Arduino<\/span><span style=\"font-family:'Open Sans';font-size:14px;text-align:justify;background-color:#ffffff\">\u00a0(\u03c0.\u03c7.\u00a0<\/span><span lang=\"en-us\" style=\"font-family:'Open Sans';font-size:14px;text-align:justify;background-color:#ffffff\" xml:lang=\"en-us\">UNO<\/span><span style=\"font-family:'Open Sans';font-size:14px;text-align:justify;background-color:#ffffff\">,\u00a0<\/span><span lang=\"en-us\" style=\"font-family:'Open Sans';font-size:14px;text-align:justify;background-color:#ffffff\" xml:lang=\"en-us\">NANO<\/span><span style=\"font-family:'Open Sans';font-size:14px;text-align:justify;background-color:#ffffff\">,\u00a0<\/span><span lang=\"en-us\" style=\"font-family:'Open Sans';font-size:14px;text-align:justify;background-color:#ffffff\" xml:lang=\"en-us\">MEGA<\/span><span style=\"font-family:'Open Sans';font-size:14px;text-align:justify;background-color:#ffffff\">), \u03b7 \u03c0\u03c1\u03bf\u03c4\u03b5\u03b9\u03bd\u03cc\u03bc\u03b5\u03bd\u03b7 \u03ad\u03ba\u03b4\u03bf\u03c3\u03b7 \u03b5\u03af\u03bd\u03b1\u03b9 \u03b7\u00a0<\/span><span lang=\"en-us\" style=\"font-family:'Open Sans';font-size:14px;text-align:justify;background-color:#ffffff\" xml:lang=\"en-us\">UNO<\/span><span style=\"font-family:'Open Sans';font-size:14px;text-align:justify;background-color:#ffffff\">, \u03b5\u03c0\u03b5\u03b9\u03b4\u03ae \u03b5\u03af\u03bd\u03b1\u03b9 \u03c6\u03c4\u03b7\u03bd\u03ae \u03ba\u03b1\u03b9 \u03bf\u03b9 \u03b4\u03b9\u03b1\u03c3\u03c4\u03ac\u03c3\u03b5\u03b9\u03c2 \u03c4\u03b7\u03c2 \u03b5\u03be\u03c5\u03c0\u03b7\u03c1\u03b5\u03c4\u03bf\u03cd\u03bd \u03c4\u03cc\u03c3\u03bf \u03c3\u03c4\u03b9\u03c2 \u03c6\u03c5\u03c3\u03b9\u03ba\u03ad\u03c2 \u03b4\u03b9\u03b1\u03c3\u03c5\u03bd\u03b4\u03ad\u03c3\u03b5\u03b9\u03c2, \u03cc\u03c3\u03bf \u03ba\u03b1\u03b9 \u03c3\u03c4\u03b7\u03bd \u03b5\u03bd\u03c3\u03c9\u03bc\u03ac\u03c4\u03c9\u03c3\u03b7 \u03c4\u03b7\u03c2 \u03c0\u03bb\u03b1\u03ba\u03ad\u03c4\u03b1\u03c2 \u03c3\u03c4\u03b7\u03bd \u03b1\u03bd\u03c4\u03af\u03c3\u03c4\u03bf\u03b9\u03c7\u03b7 \u03b5\u03c6\u03b1\u03c1\u03bc\u03bf\u03b3\u03ae. \u0397 \u03ad\u03ba\u03b4\u03bf\u03c3\u03b7\u00a0<\/span><span lang=\"en-us\" style=\"font-family:'Open Sans';font-size:14px;text-align:justify;background-color:#ffffff\" xml:lang=\"en-us\">UNO<\/span><span lang=\"en-us\" style=\"font-family:'Open Sans';font-size:14px;text-align:justify;background-color:#ffffff\" xml:lang=\"en-us\">\u00a0<\/span><span style=\"font-family:'Open Sans';font-size:14px;text-align:justify;background-color:#ffffff\">\u03b5\u03af\u03bd\u03b1\u03b9 \u03b1\u03c5\u03c4\u03ae \u03c0\u03bf\u03c5 \u03b4\u03b9\u03b1\u03bb\u03ad\u03b3\u03bf\u03c5\u03bd \u03c3\u03c7\u03b5\u03b4\u03cc\u03bd \u03cc\u03bb\u03bf\u03b9, \u03c0\u03c1\u03bf\u03ba\u03b5\u03b9\u03bc\u03ad\u03bd\u03bf\u03c5 \u03bd\u03b1 \u03be\u03b5\u03ba\u03b9\u03bd\u03ae\u03c3\u03bf\u03c5\u03bd \u03b3\u03b9\u03b1 \u03c0\u03c1\u03ce\u03c4\u03b7 \u03c6\u03bf\u03c1\u03ac, \u03c4\u03b7 \u03b4\u03b9\u03b5\u03c1\u03b5\u03cd\u03bd\u03b7\u03c3\u03b7 \u03c4\u03b7\u03c2 \u03b1\u03bd\u03ac\u03c0\u03c4\u03c5\u03be\u03b7\u03c2 \u03b1\u03c0\u03bb\u03ce\u03bd \u03ba\u03b1\u03b9 \u03b4\u03b9\u03b1\u03b4\u03c1\u03b1\u03c3\u03c4\u03b9\u03ba\u03ce\u03bd \u03b5\u03c6\u03b1\u03c1\u03bc\u03bf\u03b3\u03ce\u03bd. \u03a3\u03c4\u03bf\u00a0<\/span><span lang=\"en-us\" style=\"font-family:'Open Sans';font-size:14px;text-align:justify;background-color:#ffffff\" xml:lang=\"en-us\">microdev<\/span><span style=\"font-family:'Open Sans';font-size:14px;text-align:justify;background-color:#ffffff\">.<\/span><span lang=\"en-us\" style=\"font-family:'Open Sans';font-size:14px;text-align:justify;background-color:#ffffff\" xml:lang=\"en-us\">gr<\/span><span lang=\"en-us\" style=\"font-family:'Open Sans';font-size:14px;text-align:justify;background-color:#ffffff\" xml:lang=\"en-us\">\u00a0<\/span><span style=\"font-family:'Open Sans';font-size:14px;text-align:justify;background-color:#ffffff\">\u03bc\u03c0\u03bf\u03c1\u03b5\u03af\u03c4\u03b5 \u03bd\u03b1 \u03b2\u03c1\u03b5\u03af\u03c4\u03b5 \u03c3\u03c7\u03b5\u03c4\u03b9\u03ba\u03cc \u03b2\u03bf\u03b7\u03b8\u03b7\u03c4\u03b9\u03ba\u03cc \u03b5\u03ba\u03c0\u03b1\u03b9\u03b4\u03b5\u03c5\u03c4\u03b9\u03ba\u03cc \u03c5\u03bb\u03b9\u03ba\u03cc \u03b3\u03b9\u03b1 \u03c4\u03b7\u03bd \u03b1\u03bd\u03ac\u03c0\u03c4\u03c5\u03be\u03b7 \u03b5\u03c6\u03b1\u03c1\u03bc\u03bf\u03b3\u03ce\u03bd.<\/span><\/p>\n<p>\u03a4\u03bf \u03c0\u03c1\u03ce\u03c4\u03bf \u03b5\u03bb\u03bb\u03b7\u03bd\u03b9\u03ba\u03cc \u03ba\u03b1\u03b9 Best Seller \u03b2\u03b9\u03b2\u03bb\u03af\u03bf \u03b3\u03b9\u03b1 \u03c4\u03bf \u03c0\u03b9\u03bf \u03b3\u03bd\u03c9\u03c3\u03c4\u03cc \u03b1\u03bd\u03b1\u03c0\u03c4\u03c5\u03be\u03b9\u03b1\u03ba\u03cc board \u03c3\u03c4\u03bf\u03bd \u03ba\u03cc\u03c3\u03bc\u03bf \u03c0\u03bf\u03c5 \u03c3\u03c5\u03bd\u03b4\u03c5\u03ac\u03b6\u03b5\u03b9 \u03c4\u03bf \u03c7\u03b1\u03bc\u03b7\u03bb\u03cc \u03ba\u03cc\u03c3\u03c4\u03bf\u03c2 \u03ba\u03b1\u03b9 \u03c4\u03b7\u03bd \u03b1\u03bd\u03bf\u03b9\u03c7\u03c4\u03ae \u03b1\u03c1\u03c7\u03b9\u03c4\u03b5\u03ba\u03c4\u03bf\u03bd\u03b9\u03ba\u03ae \u03bc\u03b5 \u03c4\u03b7\u03bd \u03b5\u03c5\u03ba\u03bf\u03bb\u03af\u03b1 \u03b1\u03bd\u03ac\u03c0\u03c4\u03c5\u03be\u03b7\u03c2 \u03c4\u03c9\u03bd \u03b5\u03c6\u03b1\u03c1\u03bc\u03bf\u03b3\u03ce\u03bd.<\/p>\n<p>\u0399\u03b4\u03b1\u03bd\u03b9\u03ba\u03cc \u03b3\u03b9\u03b1 \u03bc\u03b1\u03b8\u03b7\u03c4\u03ad\u03c2, \u03c6\u03bf\u03b9\u03c4\u03b7\u03c4\u03ad\u03c2, \u03b5\u03c1\u03b5\u03c5\u03bd\u03b7\u03c4\u03ad\u03c2, \u03b5\u03ba\u03c0\u03b1\u03b9\u03b4\u03b5\u03c5\u03c4\u03b9\u03ba\u03bf\u03cd\u03c2, \u03b5\u03c0\u03b1\u03b3\u03b3\u03b5\u03bb\u03bc\u03b1\u03c4\u03af\u03b5\u03c2 \u03ba\u03b1\u03b9 \u03b5\u03c1\u03b1\u03c3\u03b9\u03c4\u03ad\u03c7\u03bd\u03b5\u03c2.<\/p>\n<p>\u03a0\u03b1\u03c1\u03bf\u03c5\u03c3\u03af\u03b1\u03c3\u03b7 \u03b8\u03b5\u03c9\u03c1\u03af\u03b1\u03c2 \u03bc\u03ad\u03c3\u03b1 \u03b1\u03c0\u03cc \u03c0\u03c1\u03b1\u03ba\u03c4\u03b9\u03ba\u03ac \u03c0\u03b5\u03b9\u03c1\u03ac\u03bc\u03b1\u03c4\u03b1.<\/p>\n<p>\u03a4\u03bf\u03bc\u03b5\u03af\u03c2: \u0395\u03b9\u03c3\u03b1\u03b3\u03c9\u03b3\u03b9\u03ba\u03ad\u03c2 \u03b5\u03c6\u03b1\u03c1\u03bc\u03bf\u03b3\u03ad\u03c2 \u03b3\u03b9\u03b1 \u03b1\u03c1\u03c7\u03ac\u03c1\u03b9\u03bf\u03c5\u03c2, \u0392\u03b1\u03c3\u03b9\u03ba\u03ad\u03c2 \u03b5\u03c6\u03b1\u03c1\u03bc\u03bf\u03b3\u03ad\u03c2 \u03ba\u03b1\u03b9 \u03ba\u03c5\u03ba\u03bb\u03ce\u03bc\u03b1\u03c4\u03b1, \u0395\u03c6\u03b1\u03c1\u03bc\u03bf\u03b3\u03ad\u03c2 \u03bc\u03b5 \u03b1\u03b9\u03c3\u03b8\u03b7\u03c4\u03ae\u03c1\u03b5\u03c2, \u0391\u03c0\u03b5\u03b9\u03ba\u03cc\u03bd\u03b9\u03c3\u03b7 \u03b4\u03b5\u03b4\u03bf\u03bc\u03ad\u03bd\u03c9\u03bd, \u03a0\u03c1\u03b1\u03ba\u03c4\u03b9\u03ba\u03ae \u03c1\u03bf\u03bc\u03c0\u03bf\u03c4\u03b9\u03ba\u03ae, \u0388\u03bb\u03b5\u03b3\u03c7\u03bf\u03c2 \u03bc\u03bf\u03c4\u03ad\u03c1, \u0394\u03af\u03ba\u03c4\u03c5\u03b1 \u03b1\u03b9\u03c3\u03b8\u03b7\u03c4\u03ae\u03c1\u03c9\u03bd, \u0388\u03bb\u03b5\u03b3\u03c7\u03bf\u03c2 \u03c3\u03c5\u03c3\u03ba\u03b5\u03c5\u03ce\u03bd \u03b9\u03c3\u03c7\u03cd\u03bf\u03c2, \u0394\u03b9\u03b1\u03b4\u03af\u03ba\u03c4\u03c5\u03bf \u03c4\u03c9\u03bd \u03c0\u03c1\u03b1\u03b3\u03bc\u03ac\u03c4\u03c9\u03bd, \u0395\u03b9\u03c3\u03b1\u03b3\u03c9\u03b3\u03ae \u03c4\u03bf\u03c5 Arduino \u03c3\u03c4\u03b7 \u03b4\u03b5\u03c5\u03c4\u03b5\u03c1\u03bf\u03b2\u03ac\u03b8\u03bc\u03b9\u03b1 \u03b5\u03ba\u03c0\u03b1\u03af\u03b4\u03b5\u03c5\u03c3\u03b7 \u03ba.\u03bb\u03c0.<\/p>\n<p>\u039b\u03bf\u03b3\u03b9\u03c3\u03bc\u03b9\u03ba\u03cc: Arduino IDE, Arduino Web Editor, Tinkercad, Processing, KiCAD, AppInventor, Ardublock, S4A \u03ba.\u03bb\u03c0.<\/p>\n<p>\u03a0\u03bb\u03bf\u03cd\u03c3\u03b9\u03bf \u03c5\u03bb\u03b9\u03ba\u03cc (\u03b2\u03af\u03bd\u03c4\u03b5\u03bf, \u03c0\u03b7\u03b3\u03b1\u03af\u03bf\u03c2 \u03ba\u03ce\u03b4\u03b9\u03ba\u03b1\u03c2, \u03b1\u03c1\u03c7\u03b5\u03af\u03b1 \u03b5\u03c6\u03b1\u03c1\u03bc\u03bf\u03b3\u03ce\u03bd) \u03c0\u03bf\u03c5 \u03bc\u03c0\u03bf\u03c1\u03b5\u03af\u03c4\u03b5 \u03bd\u03b1 \u03ba\u03b1\u03c4\u03b5\u03b2\u03ac\u03c3\u03b5\u03c4\u03b5 \u03b1\u03c0\u03cc \u03c4\u03b7\u03bd \u03b9\u03c3\u03c4\u03bf\u03c3\u03b5\u03bb\u03af\u03b4\u03b1 \u03c4\u03bf\u03c5 \u03b2\u03b9\u03b2\u03bb\u03af\u03bf\u03c5 \u03ba\u03b1\u03b9 \u03c0\u03c1\u03cc\u03c3\u03b2\u03b1\u03c3\u03b7 \u03c3\u03b5 \u03b5\u03c0\u03b9\u03bb\u03b5\u03b3\u03bc\u03ad\u03bd\u03b1 \u03b2\u03af\u03bd\u03c4\u03b5\u03bf \u03bc\u03ad\u03c3\u03c9 QR code.<\/p>\n<p style=\"margin:0px 0px 30px;font-family:'Open Sans';font-size:14px;background-color:#ffffff;text-align:justify\">\u03a4\u03b9 \u03bd\u03ad\u03bf \u03c5\u03c0\u03ac\u03c1\u03c7\u03b5\u03b9 \u03c3\u03c4\u03b7\u03bd \u03c4\u03c1\u03af\u03c4\u03b7 \u03ad\u03ba\u03b4\u03bf\u03c3\u03b7<\/p>\n<p>\u039d\u03ad\u03b1 \u03b5\u03c1\u03b3\u03b1\u03bb\u03b5\u03af\u03b1 \u03bb\u03bf\u03b3\u03b9\u03c3\u03bc\u03b9\u03ba\u03bf\u03cd \u03b3\u03b9\u03b1 \u03c0\u03c1\u03bf\u03b3\u03c1\u03b1\u03bc\u03bc\u03b1\u03c4\u03b9\u03c3\u03bc\u03cc \u03ba\u03b1\u03b9 \u03c0\u03c1\u03bf\u03c3\u03bf\u03bc\u03bf\u03af\u03c9\u03c3\u03b7<\/p>\n<p>\u03a5\u03bb\u03bf\u03c0\u03bf\u03af\u03b7\u03c3\u03b7 Arduino \u03c3\u03b5 breadboard<\/p>\n<p>\u03a3\u03c7\u03b5\u03b4\u03af\u03b1\u03c3\u03b7 \u03c0\u03bb\u03b1\u03ba\u03ad\u03c4\u03b1\u03c2<\/p>\n<p>\u0395\u03bd\u03b7\u03bc\u03ad\u03c1\u03c9\u03c3\u03b7 \u03ba\u03b5\u03c6\u03b1\u03bb\u03b1\u03af\u03bf\u03c5 \u03c0\u03c1\u03b1\u03ba\u03c4\u03b9\u03ba\u03ae\u03c2 \u03c1\u03bf\u03bc\u03c0\u03bf\u03c4\u03b9\u03ba\u03ae\u03c2<\/p>\n<p>\u0395\u03c6\u03b1\u03c1\u03bc\u03bf\u03b3\u03ae \u03bc\u03b5 \u03c4\u03bf Arduino IoT Cloud \u03ba\u03b1\u03b9 \u03c4\u03bf Nano 33 IoT<\/p>\n<p>\u039a\u03ce\u03b4\u03b9\u03ba\u03b5\u03c2 QR \u03b3\u03b9\u03b1 \u03c0\u03c1\u03cc\u03c3\u03b2\u03b1\u03c3\u03b7 \u03c3\u03b5 \u03b5\u03c0\u03b9\u03bb\u03b5\u03b3\u03bc\u03ad\u03bd\u03b1 \u03b2\u03af\u03bd\u03c4\u03b5\u03bf<\/p>\n<p style=\"margin:0px 0px 30px;font-family:'Open Sans';font-size:14px;background-color:#ffffff;text-align:justify\">\u03a0\u03b5\u03c1\u03b9\u03ad\u03c7\u03b5\u03b9:\u00a0\u0395\u03b9\u03c3\u03b1\u03b3\u03c9\u03b3\u03ae, \u0395\u03c6\u03b1\u03c1\u03bc\u03bf\u03b3\u03ad\u03c2 \u03b3\u03b9\u03b1 \u0391\u03c1\u03c7\u03ac\u03c1\u03b9\u03bf\u03c5\u03c2, \u0392\u03b1\u03c3\u03b9\u03ba\u03ad\u03c2 \u0395\u03c6\u03b1\u03c1\u03bc\u03bf\u03b3\u03ad\u03c2, \u0395\u03c6\u03b1\u03c1\u03bc\u03bf\u03b3\u03ad\u03c2 \u03bc\u03b5 \u0391\u03b9\u03c3\u03b8\u03b7\u03c4\u03ae\u03c1\u03b5\u03c2, \u0391\u03c0\u03b5\u03b9\u03ba\u03cc\u03bd\u03b9\u03c3\u03b7 \u0394\u03b5\u03b4\u03bf\u03bc\u03ad\u03bd\u03c9\u03bd, \u0395\u03b9\u03c3\u03b1\u03b3\u03c9\u03b3\u03ae \u03c3\u03c4\u03b7\u03bd \u03a0\u03c1\u03b1\u03ba\u03c4\u03b9\u03ba\u03ae \u03a1\u03bf\u03bc\u03c0\u03bf\u03c4\u03b9\u03ba\u03ae, \u03a0\u03c1\u03bf\u03c7\u03c9\u03c1\u03b7\u03bc\u03ad\u03bd\u03b1 \u0398\u03ad\u03bc\u03b1\u03c4\u03b1, \u0395\u03c6\u03b1\u03c1\u03bc\u03bf\u03b3\u03ad\u03c2 \u0391\u03c0\u03bf\u03bc\u03b1\u03ba\u03c1\u03c5\u03c3\u03bc\u03ad\u03bd\u03bf\u03c5 \u0395\u03bb\u03ad\u03b3\u03c7\u03bf\u03c5, \u03a4\u03bf Arduino \u03c3\u03c4\u03bf \u03a3\u03c7\u03bf\u03bb\u03b5\u03af\u03bf (\u039f\u03c0\u03c4\u03b9\u03ba\u03cc\u03c2 \u03a0\u03c1\u03bf\u03b3\u03c1\u03b1\u03bc\u03bc\u03b1\u03c4\u03b9\u03c3\u03bc\u03cc\u03c2 \u03c4\u03bf\u03c5 Arduino), \u0394\u03c1\u03b1\u03c3\u03c4\u03b7\u03c1\u03b9\u03cc\u03c4\u03b7\u03c4\u03b5\u03c2-\u0395\u03c1\u03b3\u03b1\u03c3\u03c4\u03b7\u03c1\u03b9\u03b1\u03ba\u03ad\u03c2 \u0391\u03c3\u03ba\u03ae\u03c3\u03b5\u03b9\u03c2, \u0392\u03b9\u03b2\u03bb\u03b9\u03bf\u03b3\u03c1\u03b1\u03c6\u03af\u03b1, \u0395\u03c5\u03c1\u03b5\u03c4\u03ae\u03c1\u03b9\u03bf<\/p>\n<p style=\"margin:0px 0px 30px;font-family:'Open Sans';font-size:14px;background-color:#ffffff;text-align:justify\"><strong>ISBN<\/strong><span>: 9789604189373<\/span><br \/><strong>Eudoxus-k\u00f3d<\/strong><span>: 102071811<\/span><br \/><strong>Probl\u00e9ma<\/strong><span>: 3\u03b7 \u0388\u03ba\u03b4\u03bf\u03c3\u03b7<\/span><br \/><strong>Kiad\u00e1s \u00e9ve<\/strong><span>: 2021<\/span><br \/><strong>Oldalak<\/strong><span>: 704<\/span><br \/><strong>Nyomtat\u00e1s<\/strong><span>N\u00e9gysz\u00edn\u0171<\/span><br \/><strong>M\u00e9retek<\/strong><span>17 x 24<\/span><br \/><strong>Bor\u00edt\u00f3<\/strong><span>Neh\u00e9z<\/span><br \/><strong>Kiad\u00f3<\/strong><span>TZIOLA Kiadv\u00e1nyok<\/span><\/p>","protected":false},"excerpt":{"rendered":"<p><span style=\"font-family:'Open Sans';font-size:14px;text-align:justify;background-color:#ffffff\">A\u00a0<\/span><span lang=\"en-us\" style=\"font-family:'Open Sans';font-size:14px;text-align:justify;background-color:#ffffff\" xml:lang=\"en-us\">Arduino<\/span><span lang=\"en-us\" style=\"font-family:'Open Sans';font-size:14px;text-align:justify;background-color:#ffffff\" xml:lang=\"en-us\">\u00a0<\/span><span style=\"font-family:'Open Sans';font-size:14px;text-align:justify;background-color:#ffffff\">\u03b1\u03c0\u03bf\u03c4\u03b5\u03bb\u03b5\u03af \u03c4\u03b7 \u03b4\u03b7\u03bc\u03bf\u03c6\u03b9\u03bb\u03ad\u03c3\u03c4\u03b5\u03c1\u03b7 \u03c8\u03b7\u03c6\u03b9\u03b1\u03ba\u03ae \u03b1\u03bd\u03b1\u03c0\u03c4\u03c5\u03be\u03b9\u03b1\u03ba\u03ae \u03c0\u03bb\u03b1\u03c4\u03c6\u03cc\u03c1\u03bc\u03b1 \u03c3\u03c4\u03bf\u03bd \u03ba\u03cc\u03c3\u03bc\u03bf. \u03a4\u03bf \u03c3\u03c5\u03b3\u03ba\u03b5\u03ba\u03c1\u03b9\u03bc\u03ad\u03bd\u03bf \u03b2\u03b9\u03b2\u03bb\u03af\u03bf (\u03c4\u03bf \u03bf\u03c0\u03bf\u03af\u03bf \u03b5\u03af\u03bd\u03b1\u03b9 \u03ba\u03b1\u03b9 \u03c4\u03bf \u03c0\u03c1\u03ce\u03c4\u03bf \u03c0\u03bf\u03c5 \u03ba\u03c5\u03ba\u03bb\u03bf\u03c6\u03cc\u03c1\u03b7\u03c3\u03b5 \u03c3\u03c4\u03b7\u03bd \u0395\u03bb\u03bb\u03ac\u03b4\u03b1), \u03b1\u03c0\u03bf\u03bc\u03c5\u03b8\u03bf\u03c0\u03bf\u03b9\u03b5\u03af \u03ba\u03b1\u03b9 \u03c0\u03b1\u03c1\u03bf\u03c5\u03c3\u03b9\u03ac\u03b6\u03b5\u03b9 \u03bc\u03b5 \u03b1\u03c0\u03bb\u03ac \u03bb\u03cc\u03b3\u03b9\u03b1 \u03b1\u03c5\u03c4\u03ae \u03c4\u03b7\u03bd \u03c4\u03b5\u03c7\u03bd\u03bf\u03bb\u03bf\u03b3\u03af\u03b1, \u03c0\u03c1\u03bf\u03c3\u03c6\u03ad\u03c1\u03bf\u03bd\u03c4\u03b1\u03c2 \u03c4\u03b1 \u03b3\u03bd\u03c9\u03c3\u03b9\u03b1\u03ba\u03ac \u03b5\u03c1\u03b3\u03b1\u03bb\u03b5\u03af\u03b1, \u03ce\u03c3\u03c4\u03b5 \u03cc\u03bb\u03bf\u03b9 \u03bf\u03b9 \u03b5\u03bd\u03b4\u03b9\u03b1\u03c6\u03b5\u03c1\u03cc\u03bc\u03b5\u03bd\u03bf\u03b9 \u03bd\u03b1 \u03bc\u03c0\u03bf\u03c1\u03bf\u03cd\u03bd \u03bd\u03b1 \u03b1\u03bd\u03b1\u03c0\u03c4\u03cd\u03be\u03bf\u03c5\u03bd \u03c4\u03b9\u03c2 \u03b4\u03b9\u03ba\u03ad\u03c2 \u03c4\u03bf\u03c5\u03c2 \u03b5\u03c6\u03b1\u03c1\u03bc\u03bf\u03b3\u03ad\u03c2.\u00a0<\/span><\/p>","protected":false},"featured_media":5012,"comment_status":"open","ping_status":"closed","template":"","meta":{"site-sidebar-layout":"default","site-content-layout":"","ast-site-content-layout":"default","site-content-style":"default","site-sidebar-style":"default","ast-global-header-display":"","ast-banner-title-visibility":"","ast-main-header-display":"","ast-hfb-above-header-display":"","ast-hfb-below-header-display":"","ast-hfb-mobile-header-display":"","site-post-title":"","ast-breadcrumbs-content":"","ast-featured-img":"","footer-sml-layout":"","ast-disable-related-posts":"","theme-transparent-header-meta":"","adv-header-id-meta":"","stick-header-meta":"","header-above-stick-meta":"","header-main-stick-meta":"","header-below-stick-meta":"","astra-migrate-meta-layouts":"default","ast-page-background-enabled":"default","ast-page-background-meta":{"desktop":{"background-color":"var(--ast-global-color-5)","background-image":"","background-repeat":"repeat","background-position":"center center","background-size":"auto","background-attachment":"scroll","background-type":"","background-media":"","overlay-type":"","overlay-color":"","overlay-opacity":"","overlay-gradient":""},"tablet":{"background-color":"","background-image":"","background-repeat":"repeat","background-position":"center center","background-size":"auto","background-attachment":"scroll","background-type":"","background-media":"","overlay-type":"","overlay-color":"","overlay-opacity":"","overlay-gradient":""},"mobile":{"background-color":"","background-image":"","background-repeat":"repeat","background-position":"center center","background-size":"auto","background-attachment":"scroll","background-type":"","background-media":"","overlay-type":"","overlay-color":"","overlay-opacity":"","overlay-gradient":""}},"ast-content-background-meta":{"desktop":{"background-color":"var(--ast-global-color-4)","background-image":"","background-repeat":"repeat","background-position":"center center","background-size":"auto","background-attachment":"scroll","background-type":"","background-media":"","overlay-type":"","overlay-color":"","overlay-opacity":"","overlay-gradient":""},"tablet":{"background-color":"var(--ast-global-color-4)","background-image":"","background-repeat":"repeat","background-position":"center center","background-size":"auto","background-attachment":"scroll","background-type":"","background-media":"","overlay-type":"","overlay-color":"","overlay-opacity":"","overlay-gradient":""},"mobile":{"background-color":"var(--ast-global-color-4)","background-image":"","background-repeat":"repeat","background-position":"center center","background-size":"auto","background-attachment":"scroll","background-type":"","background-media":"","overlay-type":"","overlay-color":"","overlay-opacity":"","overlay-gradient":""}}},"product_brand":[110],"product_cat":[25],"product_tag":[],"class_list":{"0":"post-6861","1":"product","2":"type-product","3":"status-publish","4":"has-post-thumbnail","6":"product_brand-tziola","7":"product_cat--steam","8":"desktop-align-left","9":"tablet-align-left","10":"mobile-align-left","12":"first","13":"outofstock","14":"taxable","15":"shipping-taxable","16":"purchasable","17":"product-type-simple"},"_links":{"self":[{"href":"https:\/\/stem-eshop.gr\/hu\/wp-json\/wp\/v2\/product\/6861","targetHints":{"allow":["GET"]}}],"collection":[{"href":"https:\/\/stem-eshop.gr\/hu\/wp-json\/wp\/v2\/product"}],"about":[{"href":"https:\/\/stem-eshop.gr\/hu\/wp-json\/wp\/v2\/types\/product"}],"replies":[{"embeddable":true,"href":"https:\/\/stem-eshop.gr\/hu\/wp-json\/wp\/v2\/comments?post=6861"}],"wp:featuredmedia":[{"embeddable":true,"href":"https:\/\/stem-eshop.gr\/hu\/wp-json\/wp\/v2\/media\/5012"}],"wp:attachment":[{"href":"https:\/\/stem-eshop.gr\/hu\/wp-json\/wp\/v2\/media?parent=6861"}],"wp:term":[{"taxonomy":"product_brand","embeddable":true,"href":"https:\/\/stem-eshop.gr\/hu\/wp-json\/wp\/v2\/product_brand?post=6861"},{"taxonomy":"product_cat","embeddable":true,"href":"https:\/\/stem-eshop.gr\/hu\/wp-json\/wp\/v2\/product_cat?post=6861"},{"taxonomy":"product_tag","embeddable":true,"href":"https:\/\/stem-eshop.gr\/hu\/wp-json\/wp\/v2\/product_tag?post=6861"}],"curies":[{"name":"wp","href":"https:\/\/api.w.org\/{rel}","templated":true}]}}