{"id":6860,"date":"2025-05-19T08:54:44","date_gmt":"2025-05-19T08:54:44","guid":{"rendered":"https:\/\/stem-eshop.gr\/product\/%cf%81%ce%bf%ce%bc%cf%80%ce%bf%cf%84%ce%b9%ce%ba%ce%ac-%ce%bc%ce%b1%ce%b8%ce%b7%ce%bc%ce%b1%cf%84%ce%b9%ce%ba%ce%ac\/"},"modified":"2025-05-22T21:13:35","modified_gmt":"2025-05-22T18:13:35","slug":"%cf%81%ce%bf%ce%bc%cf%80%ce%bf%cf%84%ce%b9%ce%ba%ce%ac-%ce%bc%ce%b1%ce%b8%ce%b7%ce%bc%ce%b1%cf%84%ce%b9%ce%ba%ce%ac","status":"publish","type":"product","link":"https:\/\/stem-eshop.gr\/hu\/termek\/%cf%81%ce%bf%ce%bc%cf%80%ce%bf%cf%84%ce%b9%ce%ba%ce%ac-%ce%bc%ce%b1%ce%b8%ce%b7%ce%bc%ce%b1%cf%84%ce%b9%ce%ba%ce%ac\/","title":{"rendered":"Robotmatematika"},"content":{"rendered":"<p><span style=\"color:#212529;font-family:'-apple-system', 'system-ui', BlinkMacSystemFont, 'Segoe UI', Roboto, 'Helvetica Neue', Arial, sans-serif;font-size:17px;background-color:#ffffff\">Itt nagyobb hangs\u00falyt fektetnek a fiatal di\u00e1kok sz\u00e1m\u00e1ra sz\u00fcks\u00e9ges matematikai t\u00e1mogat\u00e1sra.<\/span><\/p>\n<p><span style=\"color:#212529;font-family:'-apple-system', 'system-ui', BlinkMacSystemFont, 'Segoe UI', Roboto, 'Helvetica Neue', Arial, sans-serif;font-size:17px;background-color:#ffffff\">Szerz\u0151i: <\/span><span style=\"background-color:#ffffff;font-family:'-apple-system', 'system-ui', BlinkMacSystemFont, 'Segoe UI', Roboto, 'Helvetica Neue', Arial, sans-serif;font-size:1.067rem\">Tsovolas Spyros<\/span><\/p>\n<p><span style=\"background-color:#ffffff;font-family:'-apple-system', 'system-ui', BlinkMacSystemFont, 'Segoe UI', Roboto, 'Helvetica Neue', Arial, sans-serif;font-size:1.067rem\">K\u00f6telez\u0151: <\/span><span style=\"background-color:#ffffff;font-family:'-apple-system', 'system-ui', BlinkMacSystemFont, 'Segoe UI', Roboto, 'Helvetica Neue', Arial, sans-serif;font-size:1.067rem\">Puhafedeles<\/span><\/p>\n<p><span style=\"background-color:#ffffff;font-family:'-apple-system', 'system-ui', BlinkMacSystemFont, 'Segoe UI', Roboto, 'Helvetica Neue', Arial, sans-serif;font-size:1.067rem\">M\u00e9retek: <\/span><span style=\"background-color:#ffffff;font-family:'-apple-system', 'system-ui', BlinkMacSystemFont, 'Segoe UI', Roboto, 'Helvetica Neue', Arial, sans-serif;font-size:1.067rem\">18x25 cm.<\/span><\/p>\n<p><span style=\"background-color:#ffffff;font-family:'-apple-system', 'system-ui', BlinkMacSystemFont, 'Segoe UI', Roboto, 'Helvetica Neue', Arial, sans-serif;font-size:1.067rem\">Megjelen\u00e9s \u00e9ve: 2018<\/span><\/p>\n<p><span style=\"background-color:#ffffff;font-family:'-apple-system', 'system-ui', BlinkMacSystemFont, 'Segoe UI', Roboto, 'Helvetica Neue', Arial, sans-serif;font-size:1.067rem\">Oldalak: 100<\/span><\/p>\n<p><span style=\"background-color:#ffffff;font-family:'-apple-system', 'system-ui', BlinkMacSystemFont, 'Segoe UI', Roboto, 'Helvetica Neue', Arial, sans-serif;font-size:1.067rem\"><span style=\"font-family:'-apple-system', 'system-ui', BlinkMacSystemFont, 'Segoe UI', Roboto, 'Helvetica Neue', Arial, sans-serif;font-size:17.072px\">ISBN:\u00a0<\/span><\/span><span style=\"font-family:'-apple-system', 'system-ui', BlinkMacSystemFont, 'Segoe UI', Roboto, 'Helvetica Neue', Arial, sans-serif\"><span style=\"font-size:17.072px\">9789605712983<\/span><\/span><\/p>","protected":false},"excerpt":{"rendered":"<p><span style=\"color:#212529;font-family:'-apple-system', 'system-ui', BlinkMacSystemFont, 'Segoe UI', Roboto, 'Helvetica Neue', Arial, sans-serif;font-size:17px;background-color:#ffffff\">Az oktat\u00e1si robotika a term\u00e9szettudom\u00e1nyok, a technol\u00f3gia, a m\u00e9rn\u00f6ki tudom\u00e1nyok \u00e9s a matematika, vagy ahogy ma nevezz\u00fck, a \u201eSTEM\u201d (tudom\u00e1ny, technol\u00f3gia, m\u00e9rn\u00f6ki tudom\u00e1nyok \u00e9s matematika) interdiszciplin\u00e1ris megk\u00f6zel\u00edt\u00e9s\u00e9nek reprezentat\u00edv v\u00e1ltozata.\u00a0<\/span><\/p>","protected":false},"featured_media":5010,"comment_status":"open","ping_status":"closed","template":"","meta":{"site-sidebar-layout":"default","site-content-layout":"","ast-site-content-layout":"default","site-content-style":"default","site-sidebar-style":"default","ast-global-header-display":"","ast-banner-title-visibility":"","ast-main-header-display":"","ast-hfb-above-header-display":"","ast-hfb-below-header-display":"","ast-hfb-mobile-header-display":"","site-post-title":"","ast-breadcrumbs-content":"","ast-featured-img":"","footer-sml-layout":"","ast-disable-related-posts":"","theme-transparent-header-meta":"","adv-header-id-meta":"","stick-header-meta":"","header-above-stick-meta":"","header-main-stick-meta":"","header-below-stick-meta":"","astra-migrate-meta-layouts":"default","ast-page-background-enabled":"default","ast-page-background-meta":{"desktop":{"background-color":"var(--ast-global-color-5)","background-image":"","background-repeat":"repeat","background-position":"center center","background-size":"auto","background-attachment":"scroll","background-type":"","background-media":"","overlay-type":"","overlay-color":"","overlay-opacity":"","overlay-gradient":""},"tablet":{"background-color":"","background-image":"","background-repeat":"repeat","background-position":"center center","background-size":"auto","background-attachment":"scroll","background-type":"","background-media":"","overlay-type":"","overlay-color":"","overlay-opacity":"","overlay-gradient":""},"mobile":{"background-color":"","background-image":"","background-repeat":"repeat","background-position":"center center","background-size":"auto","background-attachment":"scroll","background-type":"","background-media":"","overlay-type":"","overlay-color":"","overlay-opacity":"","overlay-gradient":""}},"ast-content-background-meta":{"desktop":{"background-color":"var(--ast-global-color-4)","background-image":"","background-repeat":"repeat","background-position":"center center","background-size":"auto","background-attachment":"scroll","background-type":"","background-media":"","overlay-type":"","overlay-color":"","overlay-opacity":"","overlay-gradient":""},"tablet":{"background-color":"var(--ast-global-color-4)","background-image":"","background-repeat":"repeat","background-position":"center center","background-size":"auto","background-attachment":"scroll","background-type":"","background-media":"","overlay-type":"","overlay-color":"","overlay-opacity":"","overlay-gradient":""},"mobile":{"background-color":"var(--ast-global-color-4)","background-image":"","background-repeat":"repeat","background-position":"center center","background-size":"auto","background-attachment":"scroll","background-type":"","background-media":"","overlay-type":"","overlay-color":"","overlay-opacity":"","overlay-gradient":""}}},"product_brand":[100],"product_cat":[25],"product_tag":[],"class_list":{"0":"post-6860","1":"product","2":"type-product","3":"status-publish","4":"has-post-thumbnail","6":"product_brand-bookstars","7":"product_cat--steam","8":"desktop-align-left","9":"tablet-align-left","10":"mobile-align-left","12":"first","13":"instock","14":"taxable","15":"shipping-taxable","16":"purchasable","17":"product-type-simple"},"_links":{"self":[{"href":"https:\/\/stem-eshop.gr\/hu\/wp-json\/wp\/v2\/product\/6860","targetHints":{"allow":["GET"]}}],"collection":[{"href":"https:\/\/stem-eshop.gr\/hu\/wp-json\/wp\/v2\/product"}],"about":[{"href":"https:\/\/stem-eshop.gr\/hu\/wp-json\/wp\/v2\/types\/product"}],"replies":[{"embeddable":true,"href":"https:\/\/stem-eshop.gr\/hu\/wp-json\/wp\/v2\/comments?post=6860"}],"wp:featuredmedia":[{"embeddable":true,"href":"https:\/\/stem-eshop.gr\/hu\/wp-json\/wp\/v2\/media\/5010"}],"wp:attachment":[{"href":"https:\/\/stem-eshop.gr\/hu\/wp-json\/wp\/v2\/media?parent=6860"}],"wp:term":[{"taxonomy":"product_brand","embeddable":true,"href":"https:\/\/stem-eshop.gr\/hu\/wp-json\/wp\/v2\/product_brand?post=6860"},{"taxonomy":"product_cat","embeddable":true,"href":"https:\/\/stem-eshop.gr\/hu\/wp-json\/wp\/v2\/product_cat?post=6860"},{"taxonomy":"product_tag","embeddable":true,"href":"https:\/\/stem-eshop.gr\/hu\/wp-json\/wp\/v2\/product_tag?post=6860"}],"curies":[{"name":"wp","href":"https:\/\/api.w.org\/{rel}","templated":true}]}}