{"id":6859,"date":"2025-05-19T08:54:44","date_gmt":"2025-05-19T08:54:44","guid":{"rendered":"https:\/\/stem-eshop.gr\/product\/steam-%ce%ad%ce%bd%ce%b1-%cf%87%cf%81%ce%bf%ce%bd%ce%b9%ce%ba%cf%8c-%cf%84%ce%ad%cf%87%ce%bd%ce%b7%cf%82-%ce%b5%cf%80%ce%b9%cf%83%cf%84%ce%ae%ce%bc%ce%b7%cf%82-%ce%ba%ce%b1%ce%b9-%ce%b2%ce%b9%cf%89\/"},"modified":"2025-05-22T21:13:35","modified_gmt":"2025-05-22T18:13:35","slug":"steam-%ce%ad%ce%bd%ce%b1-%cf%87%cf%81%ce%bf%ce%bd%ce%b9%ce%ba%cf%8c-%cf%84%ce%ad%cf%87%ce%bd%ce%b7%cf%82-%ce%b5%cf%80%ce%b9%cf%83%cf%84%ce%ae%ce%bc%ce%b7%cf%82-%ce%ba%ce%b1%ce%b9-%ce%b2%ce%b9%cf%89","status":"publish","type":"product","link":"https:\/\/stem-eshop.gr\/hu\/termek\/steam-%ce%ad%ce%bd%ce%b1-%cf%87%cf%81%ce%bf%ce%bd%ce%b9%ce%ba%cf%8c-%cf%84%ce%ad%cf%87%ce%bd%ce%b7%cf%82-%ce%b5%cf%80%ce%b9%cf%83%cf%84%ce%ae%ce%bc%ce%b7%cf%82-%ce%ba%ce%b1%ce%b9-%ce%b2%ce%b9%cf%89\/","title":{"rendered":"STEAM: A m\u0171v\u00e9szet, a tudom\u00e1ny \u00e9s a tapasztalati tanul\u00e1s kr\u00f3nik\u00e1ja az iskol\u00e1ban k\u00e9t felvon\u00e1sban"},"content":{"rendered":"<p><span style=\"color:#212529;font-family:'-apple-system', 'system-ui', BlinkMacSystemFont, 'Segoe UI', Roboto, 'Helvetica Neue', Arial, sans-serif;font-size:17px;background-color:#ffffff\">A k\u00f6nyv k\u00e9t r\u00e9szb\u0151l \u00e1ll:<\/span><br style=\"color:#212529;font-family:'-apple-system', 'system-ui', BlinkMacSystemFont, 'Segoe UI', Roboto, 'Helvetica Neue', Arial, sans-serif;font-size:17px;background-color:#ffffff\" \/><span style=\"color:#212529;font-family:'-apple-system', 'system-ui', BlinkMacSystemFont, 'Segoe UI', Roboto, 'Helvetica Neue', Arial, sans-serif;font-size:17px;background-color:#ffffff\">Az els\u0151 r\u00e9sz a STEAM alapelveinek elemz\u00e9s\u00e9t tartalmazza, \u00e1ttekint\u00e9st adva azokr\u00f3l az elemekr\u0151l, amelyek seg\u00edtik az iskolai tapasztalati tanul\u00e1s folyamat\u00e1t.<\/span><br style=\"color:#212529;font-family:'-apple-system', 'system-ui', BlinkMacSystemFont, 'Segoe UI', Roboto, 'Helvetica Neue', Arial, sans-serif;font-size:17px;background-color:#ffffff\" \/><span style=\"color:#212529;font-family:'-apple-system', 'system-ui', BlinkMacSystemFont, 'Segoe UI', Roboto, 'Helvetica Neue', Arial, sans-serif;font-size:17px;background-color:#ffffff\">A m\u00e1sodik r\u00e9szben \u00f6t, az \u00e1ltal\u00e1nos iskola k\u00fcl\u00f6nb\u00f6z\u0151 \u00e9vfolyamaira vonatkoz\u00f3an megval\u00f3s\u00edtott STEAM projekt p\u00e9ld\u00e1ja l\u00e1that\u00f3. A projektek minden esetben sz\u00ednh\u00e1zi el\u0151ad\u00e1s megrendez\u00e9s\u00e9vel z\u00e1rulnak. <\/span><\/p>\n<p><span style=\"color:#212529;font-family:'-apple-system', 'system-ui', BlinkMacSystemFont, 'Segoe UI', Roboto, 'Helvetica Neue', Arial, sans-serif;font-size:17px;background-color:#ffffff\">Szerz\u0151k: Blakou Theodora <\/span><\/p>\n<p><span style=\"color:#212529;font-family:'-apple-system', 'system-ui', BlinkMacSystemFont, 'Segoe UI', Roboto, 'Helvetica Neue', Arial, sans-serif;font-size:17px;background-color:#ffffff\">K\u00f6telez\u0151:<\/span><span style=\"font-weight:600;background-color:#ffffff;font-family:'-apple-system', 'system-ui', BlinkMacSystemFont, 'Segoe UI', Roboto, 'Helvetica Neue', Arial, sans-serif;font-size:1.067rem\">\u00a0<\/span><span style=\"background-color:#ffffff;font-family:'-apple-system', 'system-ui', BlinkMacSystemFont, 'Segoe UI', Roboto, 'Helvetica Neue', Arial, sans-serif;font-size:1.067rem\">Puhafedeles <\/span><\/p>\n<p><span style=\"background-color:#ffffff;font-family:'-apple-system', 'system-ui', BlinkMacSystemFont, 'Segoe UI', Roboto, 'Helvetica Neue', Arial, sans-serif;font-size:1.067rem\">M\u00e9retek: <\/span><span style=\"background-color:#ffffff;font-family:'-apple-system', 'system-ui', BlinkMacSystemFont, 'Segoe UI', Roboto, 'Helvetica Neue', Arial, sans-serif;font-size:1.067rem\">18x25 cm. <\/span><\/p>\n<p><span style=\"background-color:#ffffff;font-family:'-apple-system', 'system-ui', BlinkMacSystemFont, 'Segoe UI', Roboto, 'Helvetica Neue', Arial, sans-serif;font-size:1.067rem\">Megjelen\u00e9s \u00e9ve:<\/span><span style=\"font-weight:600;background-color:#ffffff;font-family:'-apple-system', 'system-ui', BlinkMacSystemFont, 'Segoe UI', Roboto, 'Helvetica Neue', Arial, sans-serif;font-size:1.067rem\">\u00a0<\/span><span style=\"background-color:#ffffff;font-family:'-apple-system', 'system-ui', BlinkMacSystemFont, 'Segoe UI', Roboto, 'Helvetica Neue', Arial, sans-serif;font-size:1.067rem\">2022 <\/span><\/p>\n<p><span style=\"background-color:#ffffff;font-family:'-apple-system', 'system-ui', BlinkMacSystemFont, 'Segoe UI', Roboto, 'Helvetica Neue', Arial, sans-serif;font-size:1.067rem\">Oldalak:<\/span><span style=\"font-weight:600;background-color:#ffffff;font-family:'-apple-system', 'system-ui', BlinkMacSystemFont, 'Segoe UI', Roboto, 'Helvetica Neue', Arial, sans-serif;font-size:1.067rem\">\u00a0<\/span><span style=\"background-color:#ffffff;font-family:'-apple-system', 'system-ui', BlinkMacSystemFont, 'Segoe UI', Roboto, 'Helvetica Neue', Arial, sans-serif;font-size:1.067rem\">166<\/span><\/p>\n<p><span style=\"background-color:#ffffff;font-family:'-apple-system', 'system-ui', BlinkMacSystemFont, 'Segoe UI', Roboto, 'Helvetica Neue', Arial, sans-serif;font-size:1.067rem\">ISBN: 9789605714765<\/span><\/p>","protected":false},"excerpt":{"rendered":"<p><span style=\"color:#212529;font-family:'-apple-system', 'system-ui', BlinkMacSystemFont, 'Segoe UI', Roboto, 'Helvetica Neue', Arial, sans-serif;font-size:17px;background-color:#ffffff\">Ez a k\u00f6nyv egy egyszer\u0171 \u00fatmutat\u00f3 k\u00edv\u00e1n lenni a STEM vil\u00e1g\u00e1nak a m\u0171v\u00e9szeten kereszt\u00fcli felfedez\u00e9s\u00e9hez, sz\u00f3rakoztat\u00f3 \u00e9s adapt\u00e1lhat\u00f3 gyakorlatok, valamint vonz\u00f3 javaslatok seg\u00edts\u00e9g\u00e9vel, amelyek arra \u00f6szt\u00f6nzik a di\u00e1kokat, hogy \u00faj ismereteket szerezzenek \u00e9s felfedezz\u00e9k kreativit\u00e1sukat.<\/span><br style=\"color:#212529;font-family:'-apple-system', 'system-ui', BlinkMacSystemFont, 'Segoe UI', Roboto, 'Helvetica Neue', Arial, sans-serif;font-size:17px;background-color:#ffffff\" \/><\/p>","protected":false},"featured_media":5008,"comment_status":"open","ping_status":"closed","template":"","meta":{"site-sidebar-layout":"default","site-content-layout":"","ast-site-content-layout":"default","site-content-style":"default","site-sidebar-style":"default","ast-global-header-display":"","ast-banner-title-visibility":"","ast-main-header-display":"","ast-hfb-above-header-display":"","ast-hfb-below-header-display":"","ast-hfb-mobile-header-display":"","site-post-title":"","ast-breadcrumbs-content":"","ast-featured-img":"","footer-sml-layout":"","ast-disable-related-posts":"","theme-transparent-header-meta":"","adv-header-id-meta":"","stick-header-meta":"","header-above-stick-meta":"","header-main-stick-meta":"","header-below-stick-meta":"","astra-migrate-meta-layouts":"default","ast-page-background-enabled":"default","ast-page-background-meta":{"desktop":{"background-color":"var(--ast-global-color-5)","background-image":"","background-repeat":"repeat","background-position":"center center","background-size":"auto","background-attachment":"scroll","background-type":"","background-media":"","overlay-type":"","overlay-color":"","overlay-opacity":"","overlay-gradient":""},"tablet":{"background-color":"","background-image":"","background-repeat":"repeat","background-position":"center center","background-size":"auto","background-attachment":"scroll","background-type":"","background-media":"","overlay-type":"","overlay-color":"","overlay-opacity":"","overlay-gradient":""},"mobile":{"background-color":"","background-image":"","background-repeat":"repeat","background-position":"center center","background-size":"auto","background-attachment":"scroll","background-type":"","background-media":"","overlay-type":"","overlay-color":"","overlay-opacity":"","overlay-gradient":""}},"ast-content-background-meta":{"desktop":{"background-color":"var(--ast-global-color-4)","background-image":"","background-repeat":"repeat","background-position":"center center","background-size":"auto","background-attachment":"scroll","background-type":"","background-media":"","overlay-type":"","overlay-color":"","overlay-opacity":"","overlay-gradient":""},"tablet":{"background-color":"var(--ast-global-color-4)","background-image":"","background-repeat":"repeat","background-position":"center center","background-size":"auto","background-attachment":"scroll","background-type":"","background-media":"","overlay-type":"","overlay-color":"","overlay-opacity":"","overlay-gradient":""},"mobile":{"background-color":"var(--ast-global-color-4)","background-image":"","background-repeat":"repeat","background-position":"center center","background-size":"auto","background-attachment":"scroll","background-type":"","background-media":"","overlay-type":"","overlay-color":"","overlay-opacity":"","overlay-gradient":""}}},"product_brand":[100],"product_cat":[25],"product_tag":[],"class_list":{"0":"post-6859","1":"product","2":"type-product","3":"status-publish","4":"has-post-thumbnail","6":"product_brand-bookstars","7":"product_cat--steam","8":"desktop-align-left","9":"tablet-align-left","10":"mobile-align-left","12":"first","13":"instock","14":"taxable","15":"shipping-taxable","16":"purchasable","17":"product-type-simple"},"_links":{"self":[{"href":"https:\/\/stem-eshop.gr\/hu\/wp-json\/wp\/v2\/product\/6859","targetHints":{"allow":["GET"]}}],"collection":[{"href":"https:\/\/stem-eshop.gr\/hu\/wp-json\/wp\/v2\/product"}],"about":[{"href":"https:\/\/stem-eshop.gr\/hu\/wp-json\/wp\/v2\/types\/product"}],"replies":[{"embeddable":true,"href":"https:\/\/stem-eshop.gr\/hu\/wp-json\/wp\/v2\/comments?post=6859"}],"wp:featuredmedia":[{"embeddable":true,"href":"https:\/\/stem-eshop.gr\/hu\/wp-json\/wp\/v2\/media\/5008"}],"wp:attachment":[{"href":"https:\/\/stem-eshop.gr\/hu\/wp-json\/wp\/v2\/media?parent=6859"}],"wp:term":[{"taxonomy":"product_brand","embeddable":true,"href":"https:\/\/stem-eshop.gr\/hu\/wp-json\/wp\/v2\/product_brand?post=6859"},{"taxonomy":"product_cat","embeddable":true,"href":"https:\/\/stem-eshop.gr\/hu\/wp-json\/wp\/v2\/product_cat?post=6859"},{"taxonomy":"product_tag","embeddable":true,"href":"https:\/\/stem-eshop.gr\/hu\/wp-json\/wp\/v2\/product_tag?post=6859"}],"curies":[{"name":"wp","href":"https:\/\/api.w.org\/{rel}","templated":true}]}}