{"id":6853,"date":"2025-05-19T08:54:33","date_gmt":"2025-05-19T08:54:33","guid":{"rendered":"https:\/\/stem-eshop.gr\/product\/gigo-easy-electric-circuits\/"},"modified":"2025-12-29T10:43:35","modified_gmt":"2025-12-29T07:43:35","slug":"gigo-easy-electric-circuits","status":"publish","type":"product","link":"https:\/\/stem-eshop.gr\/hu\/termek\/gigo-easy-electric-circuits\/","title":{"rendered":"Gigo Easy Electric Circuits"},"content":{"rendered":"<p><span style=\"color: #303030;font-family: Comfortaa, Arial, Helvetica, sans-serif;font-size: 14px;background-color: #ffffff\">Ismertesse a soros \u00e9s p\u00e1rhuzamosan m\u0171k\u00f6d\u0151 \u00e1ramk\u00f6r\u00f6k k\u00f6z\u00f6tti k\u00fcl\u00f6nbs\u00e9get.<\/span><\/p>\n<p><span style=\"color: #303030;font-family: Comfortaa, Arial, Helvetica, sans-serif;font-size: 14px;background-color: #ffffff\">\u00c9p\u00edts 5 modellt (oroszl\u00e1n, mad\u00e1r, aut\u00f3, zootrop \u00e9s ill\u00fazi\u00f3) \u00e9s v\u00e9gezz el 20 f\u00e9le k\u00eds\u00e9rletet.<\/span><\/p>\n<p><span style=\"color: #303030;font-family: Comfortaa, Arial, Helvetica, sans-serif;font-size: 14px;background-color: #ffffff\">A tudom\u00e1nyos k\u00eds\u00e9rletek sz\u00e1mos motor \u00e9s LED kombin\u00e1ci\u00f3j\u00e1t alkalmazz\u00e1k.<\/span><\/p>\n<p><span style=\"color: #303030;font-family: Comfortaa, Arial, Helvetica, sans-serif;font-size: 14px;background-color: #ffffff\">2 db AA\/LR06 elem sz\u00fcks\u00e9ges \u2013 nem tartoz\u00e9k.<\/span><\/p>\n<p>A Gigo Easy Electric Circuits alkalmas tantermi haszn\u00e1latra, iskola ut\u00e1ni tev\u00e9kenys\u00e9gekhez \u00e9s otthoni tanul\u00e1shoz. Ide\u00e1lis 8 \u00e9ves kort\u00f3l, \u00e9s kiv\u00e1l\u00f3 bevezet\u00e9st ny\u00fajt az elektromoss\u00e1g \u00e9s a fizika vil\u00e1g\u00e1ba.<\/p>","protected":false},"excerpt":{"rendered":"<p><span style=\"color: #303030;font-family: Comfortaa, Arial, Helvetica, sans-serif;font-size: 14px;background-color: #ffffff\">Fedezd fel az elektromos \u00e1ramk\u00f6r\u00f6k leny\u0171g\u00f6z\u0151 vil\u00e1g\u00e1t!<\/span><\/p>","protected":false},"featured_media":4958,"comment_status":"open","ping_status":"closed","template":"","meta":{"site-sidebar-layout":"default","site-content-layout":"","ast-site-content-layout":"default","site-content-style":"default","site-sidebar-style":"default","ast-global-header-display":"","ast-banner-title-visibility":"","ast-main-header-display":"","ast-hfb-above-header-display":"","ast-hfb-below-header-display":"","ast-hfb-mobile-header-display":"","site-post-title":"","ast-breadcrumbs-content":"","ast-featured-img":"","footer-sml-layout":"","ast-disable-related-posts":"","theme-transparent-header-meta":"default","adv-header-id-meta":"","stick-header-meta":"","header-above-stick-meta":"","header-main-stick-meta":"","header-below-stick-meta":"","astra-migrate-meta-layouts":"set","ast-page-background-enabled":"default","ast-page-background-meta":{"desktop":{"background-color":"var(--ast-global-color-5)","background-image":"","background-repeat":"repeat","background-position":"center center","background-size":"auto","background-attachment":"scroll","background-type":"","background-media":"","overlay-type":"","overlay-color":"","overlay-opacity":"","overlay-gradient":""},"tablet":{"background-color":"","background-image":"","background-repeat":"repeat","background-position":"center center","background-size":"auto","background-attachment":"scroll","background-type":"","background-media":"","overlay-type":"","overlay-color":"","overlay-opacity":"","overlay-gradient":""},"mobile":{"background-color":"","background-image":"","background-repeat":"repeat","background-position":"center center","background-size":"auto","background-attachment":"scroll","background-type":"","background-media":"","overlay-type":"","overlay-color":"","overlay-opacity":"","overlay-gradient":""}},"ast-content-background-meta":{"desktop":{"background-color":"var(--ast-global-color-4)","background-image":"","background-repeat":"repeat","background-position":"center center","background-size":"auto","background-attachment":"scroll","background-type":"","background-media":"","overlay-type":"","overlay-color":"","overlay-opacity":"","overlay-gradient":""},"tablet":{"background-color":"var(--ast-global-color-4)","background-image":"","background-repeat":"repeat","background-position":"center center","background-size":"auto","background-attachment":"scroll","background-type":"","background-media":"","overlay-type":"","overlay-color":"","overlay-opacity":"","overlay-gradient":""},"mobile":{"background-color":"var(--ast-global-color-4)","background-image":"","background-repeat":"repeat","background-position":"center center","background-size":"auto","background-attachment":"scroll","background-type":"","background-media":"","overlay-type":"","overlay-color":"","overlay-opacity":"","overlay-gradient":""}}},"product_brand":[104],"product_cat":[39,52,38,29,56,35,30,59,58],"product_tag":[],"class_list":{"0":"post-6853","1":"product","2":"type-product","3":"status-publish","4":"has-post-thumbnail","6":"product_brand-gigo","7":"product_cat-39","8":"product_cat-52","9":"product_cat-38","10":"product_cat-29","11":"product_cat-56","12":"product_cat--10-12-","13":"product_cat--6-9-","14":"product_cat-59","15":"product_cat-58","16":"desktop-align-left","17":"tablet-align-left","18":"mobile-align-left","20":"first","21":"outofstock","22":"taxable","23":"shipping-taxable","24":"purchasable","25":"product-type-simple"},"_links":{"self":[{"href":"https:\/\/stem-eshop.gr\/hu\/wp-json\/wp\/v2\/product\/6853","targetHints":{"allow":["GET"]}}],"collection":[{"href":"https:\/\/stem-eshop.gr\/hu\/wp-json\/wp\/v2\/product"}],"about":[{"href":"https:\/\/stem-eshop.gr\/hu\/wp-json\/wp\/v2\/types\/product"}],"replies":[{"embeddable":true,"href":"https:\/\/stem-eshop.gr\/hu\/wp-json\/wp\/v2\/comments?post=6853"}],"wp:featuredmedia":[{"embeddable":true,"href":"https:\/\/stem-eshop.gr\/hu\/wp-json\/wp\/v2\/media\/4958"}],"wp:attachment":[{"href":"https:\/\/stem-eshop.gr\/hu\/wp-json\/wp\/v2\/media?parent=6853"}],"wp:term":[{"taxonomy":"product_brand","embeddable":true,"href":"https:\/\/stem-eshop.gr\/hu\/wp-json\/wp\/v2\/product_brand?post=6853"},{"taxonomy":"product_cat","embeddable":true,"href":"https:\/\/stem-eshop.gr\/hu\/wp-json\/wp\/v2\/product_cat?post=6853"},{"taxonomy":"product_tag","embeddable":true,"href":"https:\/\/stem-eshop.gr\/hu\/wp-json\/wp\/v2\/product_tag?post=6853"}],"curies":[{"name":"wp","href":"https:\/\/api.w.org\/{rel}","templated":true}]}}