{"id":6850,"date":"2025-05-19T08:54:28","date_gmt":"2025-05-19T08:54:28","guid":{"rendered":"https:\/\/stem-eshop.gr\/product\/%ce%bc%ce%b1%ce%b8%ce%b1%ce%af%ce%bd%ce%bf%ce%bd%cf%84%ce%b1%cf%82-%ce%b3%ce%b9%ce%b1-%cf%84%ce%b9%cf%82-%ce%b8%ce%b1%ce%bb%ce%ac%cf%83%cf%83%ce%b9%ce%b5%cf%82-%cf%80%ce%b5%cf%81%ce%b9%cf%80%ce%ad\/"},"modified":"2025-05-22T21:13:28","modified_gmt":"2025-05-22T18:13:28","slug":"%ce%bc%ce%b1%ce%b8%ce%b1%ce%af%ce%bd%ce%bf%ce%bd%cf%84%ce%b1%cf%82-%ce%b3%ce%b9%ce%b1-%cf%84%ce%b9%cf%82-%ce%b8%ce%b1%ce%bb%ce%ac%cf%83%cf%83%ce%b9%ce%b5%cf%82-%cf%80%ce%b5%cf%81%ce%b9%cf%80%ce%ad","status":"publish","type":"product","link":"https:\/\/stem-eshop.gr\/hu\/termek\/%ce%bc%ce%b1%ce%b8%ce%b1%ce%af%ce%bd%ce%bf%ce%bd%cf%84%ce%b1%cf%82-%ce%b3%ce%b9%ce%b1-%cf%84%ce%b9%cf%82-%ce%b8%ce%b1%ce%bb%ce%ac%cf%83%cf%83%ce%b9%ce%b5%cf%82-%cf%80%ce%b5%cf%81%ce%b9%cf%80%ce%ad\/","title":{"rendered":"Ismerked\u00e9s a tengeri kalandokkal"},"content":{"rendered":"<p>A term\u00e9keket j\u00e1t\u00e9kk\u00f6nyvk\u00e9nt pozicion\u00e1lj\u00e1k, a dobozt a k\u00f6nyvvel kombin\u00e1lva, \u00e9s m\u0171anyag f\u00f3li\u00e1val egy\u00fctt csomagolj\u00e1k \u0151ket.<\/p>\n<p>Egy feln\u0151tt seg\u00edts\u00e9g\u00e9vel az \u00f3vod\u00e1sok \u00e9rdekes t\u00e9nyeket tudhatnak meg az egyes t\u00e9m\u00e1kr\u00f3l, mik\u00f6zben l\u00e9p\u00e9sr\u0151l l\u00e9p\u00e9sre k\u00f6vetik a modellj\u00fcket. Tov\u00e1bbi tev\u00e9kenys\u00e9gek k\u00f6vetkeznek, p\u00e9ld\u00e1ul k\u00e9pek sz\u00ednez\u00e9se, pontok \u00f6sszek\u00f6t\u00e9se, valamint sz\u00e1mok vagy bet\u0171k \u00e1trajzol\u00e1sa az \u00e1b\u00e9c\u00e9ben.<\/p>\n<p>Tov\u00e1bbi tev\u00e9kenys\u00e9geket is tartalmaz, amelyek seg\u00edtenek a gyerekeknek a form\u00e1k, sz\u00ednek \u00e9s a matematika megismer\u00e9s\u00e9ben! A k\u00f6nyvekhez egy ingyenes kiterjesztett val\u00f3s\u00e1g (AR) alkalmaz\u00e1s is tartozik, amely sokkal lebilincsel\u0151bb\u00e9 \u00e9s sz\u00f3rakoztat\u00f3bb\u00e1 teszi a tartalmat!<\/p>","protected":false},"excerpt":{"rendered":"<p>Az \u00faj, STEAM LABS JUNIOR\u2122 sorozatot \u00f3vod\u00e1skor\u00fa gyermekek, fi\u00fak \u00e9s l\u00e1nyok sz\u00e1m\u00e1ra fejlesztett\u00e9k ki.<\/p>\n<p>A c\u00e9l az alapvet\u0151 k\u00e9szs\u00e9gek elsaj\u00e1t\u00edt\u00e1sa a gyerekek sz\u00e1m\u00e1ra.<\/p>\n<p>A sorozat 4 k\u00fcl\u00f6nb\u00f6z\u0151 t\u00e9m\u00e1t \u00f6lel fel, amelyek az ebben a korban \u00e9l\u0151 gyerekek sz\u00e1m\u00e1ra \u00e9rdekesek.<\/p>","protected":false},"featured_media":4944,"comment_status":"open","ping_status":"closed","template":"","meta":{"site-sidebar-layout":"default","site-content-layout":"","ast-site-content-layout":"default","site-content-style":"default","site-sidebar-style":"default","ast-global-header-display":"","ast-banner-title-visibility":"","ast-main-header-display":"","ast-hfb-above-header-display":"","ast-hfb-below-header-display":"","ast-hfb-mobile-header-display":"","site-post-title":"","ast-breadcrumbs-content":"","ast-featured-img":"","footer-sml-layout":"","ast-disable-related-posts":"","theme-transparent-header-meta":"default","adv-header-id-meta":"","stick-header-meta":"","header-above-stick-meta":"","header-main-stick-meta":"","header-below-stick-meta":"","astra-migrate-meta-layouts":"set","ast-page-background-enabled":"default","ast-page-background-meta":{"desktop":{"background-color":"var(--ast-global-color-5)","background-image":"","background-repeat":"repeat","background-position":"center center","background-size":"auto","background-attachment":"scroll","background-type":"","background-media":"","overlay-type":"","overlay-color":"","overlay-opacity":"","overlay-gradient":""},"tablet":{"background-color":"","background-image":"","background-repeat":"repeat","background-position":"center center","background-size":"auto","background-attachment":"scroll","background-type":"","background-media":"","overlay-type":"","overlay-color":"","overlay-opacity":"","overlay-gradient":""},"mobile":{"background-color":"","background-image":"","background-repeat":"repeat","background-position":"center center","background-size":"auto","background-attachment":"scroll","background-type":"","background-media":"","overlay-type":"","overlay-color":"","overlay-opacity":"","overlay-gradient":""}},"ast-content-background-meta":{"desktop":{"background-color":"var(--ast-global-color-4)","background-image":"","background-repeat":"repeat","background-position":"center center","background-size":"auto","background-attachment":"scroll","background-type":"","background-media":"","overlay-type":"","overlay-color":"","overlay-opacity":"","overlay-gradient":""},"tablet":{"background-color":"var(--ast-global-color-4)","background-image":"","background-repeat":"repeat","background-position":"center center","background-size":"auto","background-attachment":"scroll","background-type":"","background-media":"","overlay-type":"","overlay-color":"","overlay-opacity":"","overlay-gradient":""},"mobile":{"background-color":"var(--ast-global-color-4)","background-image":"","background-repeat":"repeat","background-position":"center center","background-size":"auto","background-attachment":"scroll","background-type":"","background-media":"","overlay-type":"","overlay-color":"","overlay-opacity":"","overlay-gradient":""}}},"product_brand":[95],"product_cat":[43,44,39,38,54,26,58],"product_tag":[],"class_list":{"0":"post-6850","1":"product","2":"type-product","3":"status-publish","4":"has-post-thumbnail","6":"product_brand-engino","7":"product_cat-43","8":"product_cat-44","9":"product_cat-39","10":"product_cat-38","11":"product_cat-54","12":"product_cat-26","13":"product_cat-58","14":"desktop-align-left","15":"tablet-align-left","16":"mobile-align-left","18":"first","19":"instock","20":"taxable","21":"shipping-taxable","22":"purchasable","23":"product-type-simple"},"_links":{"self":[{"href":"https:\/\/stem-eshop.gr\/hu\/wp-json\/wp\/v2\/product\/6850","targetHints":{"allow":["GET"]}}],"collection":[{"href":"https:\/\/stem-eshop.gr\/hu\/wp-json\/wp\/v2\/product"}],"about":[{"href":"https:\/\/stem-eshop.gr\/hu\/wp-json\/wp\/v2\/types\/product"}],"replies":[{"embeddable":true,"href":"https:\/\/stem-eshop.gr\/hu\/wp-json\/wp\/v2\/comments?post=6850"}],"wp:featuredmedia":[{"embeddable":true,"href":"https:\/\/stem-eshop.gr\/hu\/wp-json\/wp\/v2\/media\/4944"}],"wp:attachment":[{"href":"https:\/\/stem-eshop.gr\/hu\/wp-json\/wp\/v2\/media?parent=6850"}],"wp:term":[{"taxonomy":"product_brand","embeddable":true,"href":"https:\/\/stem-eshop.gr\/hu\/wp-json\/wp\/v2\/product_brand?post=6850"},{"taxonomy":"product_cat","embeddable":true,"href":"https:\/\/stem-eshop.gr\/hu\/wp-json\/wp\/v2\/product_cat?post=6850"},{"taxonomy":"product_tag","embeddable":true,"href":"https:\/\/stem-eshop.gr\/hu\/wp-json\/wp\/v2\/product_tag?post=6850"}],"curies":[{"name":"wp","href":"https:\/\/api.w.org\/{rel}","templated":true}]}}