{"id":6848,"date":"2025-05-19T08:54:25","date_gmt":"2025-05-19T08:54:25","guid":{"rendered":"https:\/\/stem-eshop.gr\/product\/qboidz-%ce%b5%ce%bb%ce%ad%cf%86%ce%b1%ce%bd%cf%84%ce%b1%cf%82-%ce%bc%ce%b5-10-%ce%b5%cf%80%ce%b9%cf%80%ce%bb%ce%ad%ce%bf%ce%bd-%ce%bc%ce%bf%ce%bd%cf%84%ce%ad%ce%bb%ce%b1\/"},"modified":"2025-05-22T21:13:28","modified_gmt":"2025-05-22T18:13:28","slug":"qboidz-%ce%b5%ce%bb%ce%ad%cf%86%ce%b1%ce%bd%cf%84%ce%b1%cf%82-%ce%bc%ce%b5-10-%ce%b5%cf%80%ce%b9%cf%80%ce%bb%ce%ad%ce%bf%ce%bd-%ce%bc%ce%bf%ce%bd%cf%84%ce%ad%ce%bb%ce%b1","status":"publish","type":"product","link":"https:\/\/stem-eshop.gr\/hu\/termek\/qboidz-%ce%b5%ce%bb%ce%ad%cf%86%ce%b1%ce%bd%cf%84%ce%b1%cf%82-%ce%bc%ce%b5-10-%ce%b5%cf%80%ce%b9%cf%80%ce%bb%ce%ad%ce%bf%ce%bd-%ce%bc%ce%bf%ce%bd%cf%84%ce%ad%ce%bb%ce%b1\/","title":{"rendered":"Qboidz \u201eelef\u00e1nt\u201d tov\u00e1bbi 10 modellel"},"content":{"rendered":"<p>A Qboidz\u2122 fejleszt\u00e9se a STEM (tudom\u00e1ny, technol\u00f3gia, m\u00e9rn\u00f6ki tudom\u00e1nyok \u00e9s matematika) legmodernebb pedag\u00f3giai alapelvein alapul, azzal a c\u00e9llal, hogy mind a l\u00e1nyok, mind a fi\u00fak rendelkezzenek a sz\u00fcks\u00e9ges tapasztalatokkal, k\u00e9szs\u00e9gekkel \u00e9s ismeretekkel, hogy szemben\u00e9zhessenek a j\u00f6v\u0151 technol\u00f3giai fejl\u0151d\u00e9s\u00e9vel. Az alkatr\u00e9szek m\u00e1r 2 \u00e9ves kort\u00f3l alkalmasak, de egyes modellek \u00f6sszetetts\u00e9ge miatt 4-7 \u00e9ves korig aj\u00e1nlott.<\/p>","protected":false},"excerpt":{"rendered":"<p>Az \u00faj Qboidz\u2122 rendszer \u00f6tv\u00f6zi az Engino\u00ae rendszer d\u00edjnyertes bepattinthat\u00f3 csatlakoz\u00e1s\u00e1t az egym\u00e1sra rakhat\u00f3 kock\u00e1k egyszer\u0171 meg\u00e9p\u00edt\u00e9s\u00e9nek k\u00e9pess\u00e9g\u00e9vel! A rendszer arra \u00f6szt\u00f6nzi az \u00f3vod\u00e1sokat, hogy sz\u00f3rakoztat\u00f3 \u00e9s kreat\u00edv j\u00e1t\u00e9kon kereszt\u00fcl fejlessz\u00e9k kognit\u00edv, szoci\u00e1lis \u00e9s motoros k\u00e9szs\u00e9geiket.\u00a0<\/p>","protected":false},"featured_media":4924,"comment_status":"open","ping_status":"closed","template":"","meta":{"site-sidebar-layout":"default","site-content-layout":"","ast-site-content-layout":"default","site-content-style":"default","site-sidebar-style":"default","ast-global-header-display":"","ast-banner-title-visibility":"","ast-main-header-display":"","ast-hfb-above-header-display":"","ast-hfb-below-header-display":"","ast-hfb-mobile-header-display":"","site-post-title":"","ast-breadcrumbs-content":"","ast-featured-img":"","footer-sml-layout":"","ast-disable-related-posts":"","theme-transparent-header-meta":"","adv-header-id-meta":"","stick-header-meta":"","header-above-stick-meta":"","header-main-stick-meta":"","header-below-stick-meta":"","astra-migrate-meta-layouts":"default","ast-page-background-enabled":"default","ast-page-background-meta":{"desktop":{"background-color":"var(--ast-global-color-5)","background-image":"","background-repeat":"repeat","background-position":"center center","background-size":"auto","background-attachment":"scroll","background-type":"","background-media":"","overlay-type":"","overlay-color":"","overlay-opacity":"","overlay-gradient":""},"tablet":{"background-color":"","background-image":"","background-repeat":"repeat","background-position":"center center","background-size":"auto","background-attachment":"scroll","background-type":"","background-media":"","overlay-type":"","overlay-color":"","overlay-opacity":"","overlay-gradient":""},"mobile":{"background-color":"","background-image":"","background-repeat":"repeat","background-position":"center center","background-size":"auto","background-attachment":"scroll","background-type":"","background-media":"","overlay-type":"","overlay-color":"","overlay-opacity":"","overlay-gradient":""}},"ast-content-background-meta":{"desktop":{"background-color":"var(--ast-global-color-4)","background-image":"","background-repeat":"repeat","background-position":"center center","background-size":"auto","background-attachment":"scroll","background-type":"","background-media":"","overlay-type":"","overlay-color":"","overlay-opacity":"","overlay-gradient":""},"tablet":{"background-color":"var(--ast-global-color-4)","background-image":"","background-repeat":"repeat","background-position":"center center","background-size":"auto","background-attachment":"scroll","background-type":"","background-media":"","overlay-type":"","overlay-color":"","overlay-opacity":"","overlay-gradient":""},"mobile":{"background-color":"var(--ast-global-color-4)","background-image":"","background-repeat":"repeat","background-position":"center center","background-size":"auto","background-attachment":"scroll","background-type":"","background-media":"","overlay-type":"","overlay-color":"","overlay-opacity":"","overlay-gradient":""}}},"product_brand":[95],"product_cat":[126,43,38,29,30,26,58],"product_tag":[],"class_list":{"0":"post-6848","1":"product","2":"type-product","3":"status-publish","4":"has-post-thumbnail","6":"product_brand-engino","7":"product_cat-126","8":"product_cat-43","9":"product_cat-38","10":"product_cat-29","11":"product_cat--6-9-","12":"product_cat-26","13":"product_cat-58","14":"desktop-align-left","15":"tablet-align-left","16":"mobile-align-left","18":"first","19":"instock","20":"taxable","21":"shipping-taxable","22":"purchasable","23":"product-type-simple"},"_links":{"self":[{"href":"https:\/\/stem-eshop.gr\/hu\/wp-json\/wp\/v2\/product\/6848","targetHints":{"allow":["GET"]}}],"collection":[{"href":"https:\/\/stem-eshop.gr\/hu\/wp-json\/wp\/v2\/product"}],"about":[{"href":"https:\/\/stem-eshop.gr\/hu\/wp-json\/wp\/v2\/types\/product"}],"replies":[{"embeddable":true,"href":"https:\/\/stem-eshop.gr\/hu\/wp-json\/wp\/v2\/comments?post=6848"}],"wp:featuredmedia":[{"embeddable":true,"href":"https:\/\/stem-eshop.gr\/hu\/wp-json\/wp\/v2\/media\/4924"}],"wp:attachment":[{"href":"https:\/\/stem-eshop.gr\/hu\/wp-json\/wp\/v2\/media?parent=6848"}],"wp:term":[{"taxonomy":"product_brand","embeddable":true,"href":"https:\/\/stem-eshop.gr\/hu\/wp-json\/wp\/v2\/product_brand?post=6848"},{"taxonomy":"product_cat","embeddable":true,"href":"https:\/\/stem-eshop.gr\/hu\/wp-json\/wp\/v2\/product_cat?post=6848"},{"taxonomy":"product_tag","embeddable":true,"href":"https:\/\/stem-eshop.gr\/hu\/wp-json\/wp\/v2\/product_tag?post=6848"}],"curies":[{"name":"wp","href":"https:\/\/api.w.org\/{rel}","templated":true}]}}