{"id":6847,"date":"2025-05-19T08:54:24","date_gmt":"2025-05-19T08:54:24","guid":{"rendered":"https:\/\/stem-eshop.gr\/product\/qboidz-%ce%b1%ce%bb%ce%b9%ce%b3%ce%ac%cf%84%ce%bf%cf%81%ce%b1%cf%82-%ce%bc%ce%b5-5-%ce%bc%ce%bf%ce%bd%cf%84%ce%ad%ce%bb%ce%b1\/"},"modified":"2025-05-22T21:13:28","modified_gmt":"2025-05-22T18:13:28","slug":"qboidz-%ce%b1%ce%bb%ce%b9%ce%b3%ce%ac%cf%84%ce%bf%cf%81%ce%b1%cf%82-%ce%bc%ce%b5-5-%ce%bc%ce%bf%ce%bd%cf%84%ce%ad%ce%bb%ce%b1","status":"publish","type":"product","link":"https:\/\/stem-eshop.gr\/hu\/termek\/qboidz-%ce%b1%ce%bb%ce%b9%ce%b3%ce%ac%cf%84%ce%bf%cf%81%ce%b1%cf%82-%ce%bc%ce%b5-5-%ce%bc%ce%bf%ce%bd%cf%84%ce%ad%ce%bb%ce%b1\/","title":{"rendered":"Qboidz \u201ealig\u00e1tor\u201d 5 modellel"},"content":{"rendered":"<p>Az \u00faj Qboidz\u2122 rendszer \u00f6tv\u00f6zi az Engino\u00ae rendszer d\u00edjnyertes bepattinthat\u00f3 csatlakoz\u00e1s\u00e1t a kock\u00e1k egym\u00e1sra rak\u00e1s\u00e1nak egyszer\u0171 \u00e9p\u00edt\u00e9si folyamat\u00e1val! A rendszer arra \u00f6szt\u00f6nzi az \u00f3vod\u00e1sokat, hogy sz\u00f3rakoztat\u00f3 \u00e9s kreat\u00edv j\u00e1t\u00e9kon kereszt\u00fcl fejlessz\u00e9k kognit\u00edv, szoci\u00e1lis \u00e9s motoros k\u00e9szs\u00e9geiket. A Qboidz\u2122 fejleszt\u00e9se a leg\u00fajabb STEM (tudom\u00e1ny, technol\u00f3gia, m\u00e9rn\u00f6ki tudom\u00e1nyok \u00e9s matematika) pedag\u00f3giai elveken alapul, amelynek c\u00e9lja, hogy mind a l\u00e1nyok, mind a fi\u00fak megszerezz\u00e9k a sz\u00fcks\u00e9ges tapasztalatokat, k\u00e9szs\u00e9geket \u00e9s ismereteket, hogy reag\u00e1lni tudjanak a j\u00f6v\u0151 technol\u00f3giai fejleszt\u00e9seire. Az alkatr\u00e9szek m\u00e1r 2 \u00e9ves kort\u00f3l alkalmasak a gyermekek sz\u00e1m\u00e1ra, de egyes modellek \u00f6sszetetts\u00e9ge miatt 3 \u00e9ves kort\u00f3l aj\u00e1nlott.<\/p>","protected":false},"excerpt":{"rendered":"<p>A QBOIDZ \u201eAlig\u00e1tor\u201d egy \u00e9p\u00edt\u0151k\u00e9szlet, amely lehet\u0151v\u00e9 teszi a gyerekek sz\u00e1m\u00e1ra, hogy sz\u00ednes kock\u00e1kb\u00f3l \u00e9p\u00edtsenek egy alig\u00e1tormodellt, valamint 5 tov\u00e1bbi modellt. \u00c9l\u00e9nk sz\u00edneivel \u00e9s k\u00f6nnyen haszn\u00e1lhat\u00f3 kock\u00e1ival ez a k\u00e9szlet sz\u00f3rakoztat\u00f3 \u00e9s kreat\u00edv m\u00f3dot k\u00edn\u00e1l a gyerekeknek az \u00e9p\u00edt\u00e9s \u00e9s a kreativit\u00e1s elsaj\u00e1t\u00edt\u00e1s\u00e1ra.<\/p>","protected":false},"featured_media":4913,"comment_status":"open","ping_status":"closed","template":"","meta":{"site-sidebar-layout":"default","site-content-layout":"","ast-site-content-layout":"default","site-content-style":"default","site-sidebar-style":"default","ast-global-header-display":"","ast-banner-title-visibility":"","ast-main-header-display":"","ast-hfb-above-header-display":"","ast-hfb-below-header-display":"","ast-hfb-mobile-header-display":"","site-post-title":"","ast-breadcrumbs-content":"","ast-featured-img":"","footer-sml-layout":"","ast-disable-related-posts":"","theme-transparent-header-meta":"default","adv-header-id-meta":"","stick-header-meta":"","header-above-stick-meta":"","header-main-stick-meta":"","header-below-stick-meta":"","astra-migrate-meta-layouts":"set","ast-page-background-enabled":"default","ast-page-background-meta":{"desktop":{"background-color":"var(--ast-global-color-5)","background-image":"","background-repeat":"repeat","background-position":"center center","background-size":"auto","background-attachment":"scroll","background-type":"","background-media":"","overlay-type":"","overlay-color":"","overlay-opacity":"","overlay-gradient":""},"tablet":{"background-color":"","background-image":"","background-repeat":"repeat","background-position":"center center","background-size":"auto","background-attachment":"scroll","background-type":"","background-media":"","overlay-type":"","overlay-color":"","overlay-opacity":"","overlay-gradient":""},"mobile":{"background-color":"","background-image":"","background-repeat":"repeat","background-position":"center center","background-size":"auto","background-attachment":"scroll","background-type":"","background-media":"","overlay-type":"","overlay-color":"","overlay-opacity":"","overlay-gradient":""}},"ast-content-background-meta":{"desktop":{"background-color":"var(--ast-global-color-4)","background-image":"","background-repeat":"repeat","background-position":"center center","background-size":"auto","background-attachment":"scroll","background-type":"","background-media":"","overlay-type":"","overlay-color":"","overlay-opacity":"","overlay-gradient":""},"tablet":{"background-color":"var(--ast-global-color-4)","background-image":"","background-repeat":"repeat","background-position":"center center","background-size":"auto","background-attachment":"scroll","background-type":"","background-media":"","overlay-type":"","overlay-color":"","overlay-opacity":"","overlay-gradient":""},"mobile":{"background-color":"var(--ast-global-color-4)","background-image":"","background-repeat":"repeat","background-position":"center center","background-size":"auto","background-attachment":"scroll","background-type":"","background-media":"","overlay-type":"","overlay-color":"","overlay-opacity":"","overlay-gradient":""}}},"product_brand":[95],"product_cat":[126,43,38,29,26,58],"product_tag":[],"class_list":{"0":"post-6847","1":"product","2":"type-product","3":"status-publish","4":"has-post-thumbnail","6":"product_brand-engino","7":"product_cat-126","8":"product_cat-43","9":"product_cat-38","10":"product_cat-29","11":"product_cat-26","12":"product_cat-58","13":"desktop-align-left","14":"tablet-align-left","15":"mobile-align-left","17":"first","18":"instock","19":"taxable","20":"shipping-taxable","21":"purchasable","22":"product-type-simple"},"_links":{"self":[{"href":"https:\/\/stem-eshop.gr\/hu\/wp-json\/wp\/v2\/product\/6847","targetHints":{"allow":["GET"]}}],"collection":[{"href":"https:\/\/stem-eshop.gr\/hu\/wp-json\/wp\/v2\/product"}],"about":[{"href":"https:\/\/stem-eshop.gr\/hu\/wp-json\/wp\/v2\/types\/product"}],"replies":[{"embeddable":true,"href":"https:\/\/stem-eshop.gr\/hu\/wp-json\/wp\/v2\/comments?post=6847"}],"wp:featuredmedia":[{"embeddable":true,"href":"https:\/\/stem-eshop.gr\/hu\/wp-json\/wp\/v2\/media\/4913"}],"wp:attachment":[{"href":"https:\/\/stem-eshop.gr\/hu\/wp-json\/wp\/v2\/media?parent=6847"}],"wp:term":[{"taxonomy":"product_brand","embeddable":true,"href":"https:\/\/stem-eshop.gr\/hu\/wp-json\/wp\/v2\/product_brand?post=6847"},{"taxonomy":"product_cat","embeddable":true,"href":"https:\/\/stem-eshop.gr\/hu\/wp-json\/wp\/v2\/product_cat?post=6847"},{"taxonomy":"product_tag","embeddable":true,"href":"https:\/\/stem-eshop.gr\/hu\/wp-json\/wp\/v2\/product_tag?post=6847"}],"curies":[{"name":"wp","href":"https:\/\/api.w.org\/{rel}","templated":true}]}}