{"id":6846,"date":"2025-05-19T08:54:23","date_gmt":"2025-05-19T08:54:23","guid":{"rendered":"https:\/\/stem-eshop.gr\/product\/%ce%b5%ce%ba%cf%80%ce%b1%ce%b9%ce%b4%ce%b5%cf%85%cf%84%ce%b9%ce%ba%cf%8c-%cf%80%ce%b1%ce%b9%cf%87%ce%bd%ce%af%ce%b4%ce%b9-e%ce%be%ce%bf%ce%b9%ce%ba%ce%bf%ce%bd%cf%8c%ce%bc%ce%b7%cf%83%ce%b7-%ce%bd\/"},"modified":"2026-03-12T04:58:32","modified_gmt":"2026-03-12T01:58:32","slug":"%ce%b5%ce%ba%cf%80%ce%b1%ce%b9%ce%b4%ce%b5%cf%85%cf%84%ce%b9%ce%ba%cf%8c-%cf%80%ce%b1%ce%b9%cf%87%ce%bd%ce%af%ce%b4%ce%b9-e%ce%be%ce%bf%ce%b9%ce%ba%ce%bf%ce%bd%cf%8c%ce%bc%ce%b7%cf%83%ce%b7-%ce%bd","status":"publish","type":"product","link":"https:\/\/stem-eshop.gr\/hu\/termek\/%ce%b5%ce%ba%cf%80%ce%b1%ce%b9%ce%b4%ce%b5%cf%85%cf%84%ce%b9%ce%ba%cf%8c-%cf%80%ce%b1%ce%b9%cf%87%ce%bd%ce%af%ce%b4%ce%b9-e%ce%be%ce%bf%ce%b9%ce%ba%ce%bf%ce%bd%cf%8c%ce%bc%ce%b7%cf%83%ce%b7-%ce%bd\/","title":{"rendered":"Oktat\u00f3j\u00e1t\u00e9k - V\u00edzmegtakar\u00edt\u00e1s"},"content":{"rendered":"<p>A gyerekeket arra \u00f6szt\u00f6nzik, hogy azonos\u00edts\u00e1k a v\u00edzhaszn\u00e1lattal kapcsolatos helyes \u00e9s helytelen gyakorlatokat, \u00e9s tanulj\u00e1k meg, hogyan kezelj\u00e9k jobban. Interakt\u00edv tev\u00e9kenys\u00e9gek, p\u00e9ld\u00e1ul a helyes \u00e9s helytelen cselekedetek p\u00e1ros\u00edt\u00e1sa r\u00e9v\u00e9n a gyerekek meg\u00e9rtik a v\u00edzpazarl\u00e1s k\u00f6vetkezm\u00e9nyeit, \u00e9s azt, hogy hogyan j\u00e1rulhatnak hozz\u00e1 a k\u00f6rnyezet v\u00e9delm\u00e9hez egyszer\u0171 mindennapi szok\u00e1sokkal.<\/p>\n<p class=\"MsoNormal\">A k\u00e9szlet 30 db \u00f6njav\u00edt\u00f3 rendszerrel ell\u00e1tott, illusztr\u00e1lt k\u00e1rty\u00e1t (16,5 \u00d7 13,5 cm) tartalmaz. A mell\u00e9kelt f\u00e1jlok f\u00fcl\u00f6n let\u00f6ltheted a tev\u00e9kenys\u00e9gi \u00fatmutat\u00f3t \u00e9s a 6 g\u00f6r\u00f6g nyelv\u0171 t\u00f6rt\u00e9net sz\u00f6veg\u00e9t. Minden t\u00f6rt\u00e9net k\u00f6r\u00fclbel\u00fcl 20 percig tart.<\/p><\/p>","protected":false},"excerpt":{"rendered":"<p><span style=\"font-size:11pt;line-height:107%;font-family:Calibri, sans-serif\">Az AKROS Educational \u201eV\u00edztakar\u00e9koss\u00e1g\u201d c\u00edm\u0171 oktat\u00f3j\u00e1t\u00e9ka c\u00e9lja, hogy felh\u00edvja a gyerekek figyelm\u00e9t a v\u00edztakar\u00e9koss\u00e1g fontoss\u00e1g\u00e1ra \u00e9s ennek az \u00e9rt\u00e9kes er\u0151forr\u00e1snak az \u00e9sszer\u0171 haszn\u00e1lat\u00e1ra.<\/span><\/p>\n<p><span style=\"font-size:11pt;line-height:107%;font-family:Calibri, sans-serif\">Hasznos <\/span><span style=\"font-size:11pt;line-height:107%;font-family:Calibri, sans-serif\">A kiv\u00e1l\u00f3 min\u0151s\u00e9g\u0171 tananyagok a speci\u00e1lis oktat\u00e1sban is elengedhetetlenek.<\/span><\/p>\n<p><span style=\"font-size:11pt;line-height:107%;font-family:Calibri, sans-serif\"><span style=\"font-size:11pt\">6 sz\u00f3rakoztat\u00f3 t\u00f6rt\u00e9net, melyek k\u00e9t testv\u00e9r kalandjait mes\u00e9lik el, akik n\u00e9h\u00e1ny egyszer\u0171 v\u00edztakar\u00e9koss\u00e1gi m\u00f3dszert tanulnak. Minden t\u00f6rt\u00e9netet 5 illusztr\u00e1lt k\u00e1rtya illusztr\u00e1l, melyeket a t\u00f6rt\u00e9net le\u00edr\u00e1s\u00e1t k\u00f6vetve a megfelel\u0151 sorrendbe kell helyezni.<\/span>\u00a0<\/span><\/p>","protected":false},"featured_media":4908,"comment_status":"open","ping_status":"closed","template":"","meta":{"site-sidebar-layout":"default","site-content-layout":"","ast-site-content-layout":"default","site-content-style":"default","site-sidebar-style":"default","ast-global-header-display":"","ast-banner-title-visibility":"","ast-main-header-display":"","ast-hfb-above-header-display":"","ast-hfb-below-header-display":"","ast-hfb-mobile-header-display":"","site-post-title":"","ast-breadcrumbs-content":"","ast-featured-img":"","footer-sml-layout":"","ast-disable-related-posts":"","theme-transparent-header-meta":"","adv-header-id-meta":"","stick-header-meta":"","header-above-stick-meta":"","header-main-stick-meta":"","header-below-stick-meta":"","astra-migrate-meta-layouts":"default","ast-page-background-enabled":"default","ast-page-background-meta":{"desktop":{"background-color":"var(--ast-global-color-5)","background-image":"","background-repeat":"repeat","background-position":"center center","background-size":"auto","background-attachment":"scroll","background-type":"","background-media":"","overlay-type":"","overlay-color":"","overlay-opacity":"","overlay-gradient":""},"tablet":{"background-color":"","background-image":"","background-repeat":"repeat","background-position":"center center","background-size":"auto","background-attachment":"scroll","background-type":"","background-media":"","overlay-type":"","overlay-color":"","overlay-opacity":"","overlay-gradient":""},"mobile":{"background-color":"","background-image":"","background-repeat":"repeat","background-position":"center center","background-size":"auto","background-attachment":"scroll","background-type":"","background-media":"","overlay-type":"","overlay-color":"","overlay-opacity":"","overlay-gradient":""}},"ast-content-background-meta":{"desktop":{"background-color":"var(--ast-global-color-4)","background-image":"","background-repeat":"repeat","background-position":"center center","background-size":"auto","background-attachment":"scroll","background-type":"","background-media":"","overlay-type":"","overlay-color":"","overlay-opacity":"","overlay-gradient":""},"tablet":{"background-color":"var(--ast-global-color-4)","background-image":"","background-repeat":"repeat","background-position":"center center","background-size":"auto","background-attachment":"scroll","background-type":"","background-media":"","overlay-type":"","overlay-color":"","overlay-opacity":"","overlay-gradient":""},"mobile":{"background-color":"var(--ast-global-color-4)","background-image":"","background-repeat":"repeat","background-position":"center center","background-size":"auto","background-attachment":"scroll","background-type":"","background-media":"","overlay-type":"","overlay-color":"","overlay-opacity":"","overlay-gradient":""}}},"product_brand":[98],"product_cat":[39,38,56,30,54,26,58],"product_tag":[],"class_list":{"0":"post-6846","1":"product","2":"type-product","3":"status-publish","4":"has-post-thumbnail","6":"product_brand-akros","7":"product_cat-39","8":"product_cat-38","9":"product_cat-56","10":"product_cat--6-9-","11":"product_cat-54","12":"product_cat-26","13":"product_cat-58","14":"desktop-align-left","15":"tablet-align-left","16":"mobile-align-left","18":"first","19":"instock","20":"taxable","21":"shipping-taxable","22":"purchasable","23":"product-type-simple"},"_links":{"self":[{"href":"https:\/\/stem-eshop.gr\/hu\/wp-json\/wp\/v2\/product\/6846","targetHints":{"allow":["GET"]}}],"collection":[{"href":"https:\/\/stem-eshop.gr\/hu\/wp-json\/wp\/v2\/product"}],"about":[{"href":"https:\/\/stem-eshop.gr\/hu\/wp-json\/wp\/v2\/types\/product"}],"replies":[{"embeddable":true,"href":"https:\/\/stem-eshop.gr\/hu\/wp-json\/wp\/v2\/comments?post=6846"}],"wp:featuredmedia":[{"embeddable":true,"href":"https:\/\/stem-eshop.gr\/hu\/wp-json\/wp\/v2\/media\/4908"}],"wp:attachment":[{"href":"https:\/\/stem-eshop.gr\/hu\/wp-json\/wp\/v2\/media?parent=6846"}],"wp:term":[{"taxonomy":"product_brand","embeddable":true,"href":"https:\/\/stem-eshop.gr\/hu\/wp-json\/wp\/v2\/product_brand?post=6846"},{"taxonomy":"product_cat","embeddable":true,"href":"https:\/\/stem-eshop.gr\/hu\/wp-json\/wp\/v2\/product_cat?post=6846"},{"taxonomy":"product_tag","embeddable":true,"href":"https:\/\/stem-eshop.gr\/hu\/wp-json\/wp\/v2\/product_tag?post=6846"}],"curies":[{"name":"wp","href":"https:\/\/api.w.org\/{rel}","templated":true}]}}