{"id":6845,"date":"2025-05-19T08:54:21","date_gmt":"2025-05-19T08:54:21","guid":{"rendered":"https:\/\/stem-eshop.gr\/product\/ngs-%ce%ba%cf%8d%ce%ba%ce%bb%cf%89%ce%bc%ce%b1-%ce%bc%ce%b5-%ce%ba%ce%bf%cf%85%ce%bc%cf%80%cf%8e%ce%bc%ce%b1%cf%84%ce%b1\/"},"modified":"2025-11-06T11:25:36","modified_gmt":"2025-11-06T08:25:36","slug":"ngs-%ce%ba%cf%8d%ce%ba%ce%bb%cf%89%ce%bc%ce%b1-%ce%bc%ce%b5-%ce%ba%ce%bf%cf%85%ce%bc%cf%80%cf%8e%ce%bc%ce%b1%cf%84%ce%b1","status":"publish","type":"product","link":"https:\/\/stem-eshop.gr\/hu\/termek\/ngs-%ce%ba%cf%8d%ce%ba%ce%bb%cf%89%ce%bc%ce%b1-%ce%bc%ce%b5-%ce%ba%ce%bf%cf%85%ce%bc%cf%80%cf%8e%ce%bc%ce%b1%cf%84%ce%b1\/","title":{"rendered":"NGS \u00e1ramk\u00f6r pattan\u00e1sokkal"},"content":{"rendered":"<p>A Snap Circuits seg\u00edt a gyerekeknek \u00e9s a kezd\u0151knek meg\u00e9rteni:<\/p>\n<p>Mik azok az elektronikus \u00e1ramk\u00f6r\u00f6k \u00e9s hogyan m\u0171k\u00f6dnek?<\/p>\n<p>Alapvet\u0151 fizikai fogalmak, mint p\u00e9ld\u00e1ul az \u00e1ramer\u0151ss\u00e9g, az ellen\u00e1ll\u00e1s \u00e9s a fesz\u00fclts\u00e9g.<\/p>\n<p>K\u00fcl\u00f6nb\u00f6z\u0151 elektronikus alkatr\u00e9szek k\u00f6lcs\u00f6nhat\u00e1sa.<\/p>\n<p>K\u00f6nny\u0171 haszn\u00e1latuknak \u00e9s biztons\u00e1gos fel\u00e9p\u00edt\u00e9s\u00fcknek k\u00f6sz\u00f6nhet\u0151en a Snap Circuits sz\u00f3rakoztat\u00f3 \u00e9s praktikus m\u00f3dja annak, hogy a felhaszn\u00e1l\u00f3k \u00e1ram\u00fct\u00e9s vagy a berendez\u00e9s k\u00e1rosod\u00e1s\u00e1nak kock\u00e1zata n\u00e9lk\u00fcl tanuljanak az elektronik\u00e1val.<\/p>","protected":false},"excerpt":{"rendered":"<p>A Snap Circuits oktat\u00f3 elektronikus \u00e1ramk\u00f6ri k\u00e9szletek, amelyeket gyerekek \u00e9s kezd\u0151k sz\u00e1m\u00e1ra terveztek az elektronika \u00e9s az elektromoss\u00e1g alapfogalmainak elsaj\u00e1t\u00edt\u00e1s\u00e1hoz. Jellemz\u0151j\u00fck, hogy az alkatr\u00e9szek k\u00f6nnyen \u00f6sszekapcsolhat\u00f3k \u201epattint\u00e1sokkal\u201d, vezet\u00e9kek vagy forraszt\u00e1s n\u00e9lk\u00fcl.<\/p>","protected":false},"featured_media":4905,"comment_status":"open","ping_status":"closed","template":"","meta":{"site-sidebar-layout":"default","site-content-layout":"","ast-site-content-layout":"default","site-content-style":"default","site-sidebar-style":"default","ast-global-header-display":"","ast-banner-title-visibility":"","ast-main-header-display":"","ast-hfb-above-header-display":"","ast-hfb-below-header-display":"","ast-hfb-mobile-header-display":"","site-post-title":"","ast-breadcrumbs-content":"","ast-featured-img":"","footer-sml-layout":"","ast-disable-related-posts":"","theme-transparent-header-meta":"","adv-header-id-meta":"","stick-header-meta":"","header-above-stick-meta":"","header-main-stick-meta":"","header-below-stick-meta":"","astra-migrate-meta-layouts":"default","ast-page-background-enabled":"default","ast-page-background-meta":{"desktop":{"background-color":"var(--ast-global-color-5)","background-image":"","background-repeat":"repeat","background-position":"center center","background-size":"auto","background-attachment":"scroll","background-type":"","background-media":"","overlay-type":"","overlay-color":"","overlay-opacity":"","overlay-gradient":""},"tablet":{"background-color":"","background-image":"","background-repeat":"repeat","background-position":"center center","background-size":"auto","background-attachment":"scroll","background-type":"","background-media":"","overlay-type":"","overlay-color":"","overlay-opacity":"","overlay-gradient":""},"mobile":{"background-color":"","background-image":"","background-repeat":"repeat","background-position":"center center","background-size":"auto","background-attachment":"scroll","background-type":"","background-media":"","overlay-type":"","overlay-color":"","overlay-opacity":"","overlay-gradient":""}},"ast-content-background-meta":{"desktop":{"background-color":"var(--ast-global-color-4)","background-image":"","background-repeat":"repeat","background-position":"center center","background-size":"auto","background-attachment":"scroll","background-type":"","background-media":"","overlay-type":"","overlay-color":"","overlay-opacity":"","overlay-gradient":""},"tablet":{"background-color":"var(--ast-global-color-4)","background-image":"","background-repeat":"repeat","background-position":"center center","background-size":"auto","background-attachment":"scroll","background-type":"","background-media":"","overlay-type":"","overlay-color":"","overlay-opacity":"","overlay-gradient":""},"mobile":{"background-color":"var(--ast-global-color-4)","background-image":"","background-repeat":"repeat","background-position":"center center","background-size":"auto","background-attachment":"scroll","background-type":"","background-media":"","overlay-type":"","overlay-color":"","overlay-opacity":"","overlay-gradient":""}}},"product_brand":[107],"product_cat":[39,52,38,29,56,30,59,58],"product_tag":[],"class_list":{"0":"post-6845","1":"product","2":"type-product","3":"status-publish","4":"has-post-thumbnail","6":"product_brand-ngs","7":"product_cat-39","8":"product_cat-52","9":"product_cat-38","10":"product_cat-29","11":"product_cat-56","12":"product_cat--6-9-","13":"product_cat-59","14":"product_cat-58","15":"desktop-align-left","16":"tablet-align-left","17":"mobile-align-left","19":"first","20":"instock","21":"taxable","22":"shipping-taxable","23":"purchasable","24":"product-type-simple"},"_links":{"self":[{"href":"https:\/\/stem-eshop.gr\/hu\/wp-json\/wp\/v2\/product\/6845","targetHints":{"allow":["GET"]}}],"collection":[{"href":"https:\/\/stem-eshop.gr\/hu\/wp-json\/wp\/v2\/product"}],"about":[{"href":"https:\/\/stem-eshop.gr\/hu\/wp-json\/wp\/v2\/types\/product"}],"replies":[{"embeddable":true,"href":"https:\/\/stem-eshop.gr\/hu\/wp-json\/wp\/v2\/comments?post=6845"}],"wp:featuredmedia":[{"embeddable":true,"href":"https:\/\/stem-eshop.gr\/hu\/wp-json\/wp\/v2\/media\/4905"}],"wp:attachment":[{"href":"https:\/\/stem-eshop.gr\/hu\/wp-json\/wp\/v2\/media?parent=6845"}],"wp:term":[{"taxonomy":"product_brand","embeddable":true,"href":"https:\/\/stem-eshop.gr\/hu\/wp-json\/wp\/v2\/product_brand?post=6845"},{"taxonomy":"product_cat","embeddable":true,"href":"https:\/\/stem-eshop.gr\/hu\/wp-json\/wp\/v2\/product_cat?post=6845"},{"taxonomy":"product_tag","embeddable":true,"href":"https:\/\/stem-eshop.gr\/hu\/wp-json\/wp\/v2\/product_tag?post=6845"}],"curies":[{"name":"wp","href":"https:\/\/api.w.org\/{rel}","templated":true}]}}