{"id":6829,"date":"2025-05-19T08:53:00","date_gmt":"2025-05-19T08:53:00","guid":{"rendered":"https:\/\/stem-eshop.gr\/product\/ngs-%ce%ba%ce%b9%cf%84-%ce%b5%cf%80%ce%b9%cf%83%cf%84%ce%b7%ce%bc%ce%bf%ce%bd%ce%b9%ce%ba%ce%bf%cf%8d-%cf%80%ce%b5%ce%b9%cf%81%ce%ac%ce%bc%ce%b1%cf%84%ce%bf%cf%82-%cf%84%ce%b7%ce%bb%ce%b5%cf%83%ce%ba\/"},"modified":"2025-05-22T07:40:44","modified_gmt":"2025-05-22T07:40:44","slug":"ngs-%ce%ba%ce%b9%cf%84-%ce%b5%cf%80%ce%b9%cf%83%cf%84%ce%b7%ce%bc%ce%bf%ce%bd%ce%b9%ce%ba%ce%bf%cf%8d-%cf%80%ce%b5%ce%b9%cf%81%ce%ac%ce%bc%ce%b1%cf%84%ce%bf%cf%82-%cf%84%ce%b7%ce%bb%ce%b5%cf%83%ce%ba","status":"publish","type":"product","link":"https:\/\/stem-eshop.gr\/hu\/termek\/ngs-%ce%ba%ce%b9%cf%84-%ce%b5%cf%80%ce%b9%cf%83%cf%84%ce%b7%ce%bc%ce%bf%ce%bd%ce%b9%ce%ba%ce%bf%cf%8d-%cf%80%ce%b5%ce%b9%cf%81%ce%ac%ce%bc%ce%b1%cf%84%ce%bf%cf%82-%cf%84%ce%b7%ce%bb%ce%b5%cf%83%ce%ba\/","title":{"rendered":"NGS Teleszk\u00f3p Tudom\u00e1nyos K\u00eds\u00e9rleti K\u00e9szlet Gyerekeknek"},"content":{"rendered":"<p>A t\u00e1vcs\u0151 egy optikai eszk\u00f6z, amelyet t\u00e1voli objektumok megfigyel\u00e9s\u00e9re haszn\u00e1lnak. Egy lencse seg\u00edts\u00e9g\u00e9vel a f\u00e9ny egy kis lyukon kereszt\u00fcl f\u00f3kusz\u00e1l\u00f3dik, majd egy nagy\u00edt\u00f3lencs\u00e9n kereszt\u00fcl felnagy\u00edtj\u00e1k az optikai eszk\u00f6z k\u00e9p\u00e9t. A t\u00e1vcs\u00f6vek kiterjeszthetik az emberi szem l\u00e1t\u00f3ter\u00e9t, \u00edgy a t\u00e1voli objektumokat is l\u00e1thatj\u00e1k.<\/p>","protected":false},"excerpt":{"rendered":"<p>Tudom\u00e1nyos k\u00eds\u00e9rletez\u0151 teleszk\u00f3p k\u00e9szlet gyerekeknek.<\/p>","protected":false},"featured_media":7731,"comment_status":"open","ping_status":"closed","template":"","meta":{"site-sidebar-layout":"default","site-content-layout":"","ast-site-content-layout":"default","site-content-style":"default","site-sidebar-style":"default","ast-global-header-display":"","ast-banner-title-visibility":"","ast-main-header-display":"","ast-hfb-above-header-display":"","ast-hfb-below-header-display":"","ast-hfb-mobile-header-display":"","site-post-title":"","ast-breadcrumbs-content":"","ast-featured-img":"","footer-sml-layout":"","ast-disable-related-posts":"","theme-transparent-header-meta":"","adv-header-id-meta":"","stick-header-meta":"","header-above-stick-meta":"","header-main-stick-meta":"","header-below-stick-meta":"","astra-migrate-meta-layouts":"default","ast-page-background-enabled":"default","ast-page-background-meta":{"desktop":{"background-color":"var(--ast-global-color-5)","background-image":"","background-repeat":"repeat","background-position":"center center","background-size":"auto","background-attachment":"scroll","background-type":"","background-media":"","overlay-type":"","overlay-color":"","overlay-opacity":"","overlay-gradient":""},"tablet":{"background-color":"","background-image":"","background-repeat":"repeat","background-position":"center center","background-size":"auto","background-attachment":"scroll","background-type":"","background-media":"","overlay-type":"","overlay-color":"","overlay-opacity":"","overlay-gradient":""},"mobile":{"background-color":"","background-image":"","background-repeat":"repeat","background-position":"center center","background-size":"auto","background-attachment":"scroll","background-type":"","background-media":"","overlay-type":"","overlay-color":"","overlay-opacity":"","overlay-gradient":""}},"ast-content-background-meta":{"desktop":{"background-color":"var(--ast-global-color-4)","background-image":"","background-repeat":"repeat","background-position":"center center","background-size":"auto","background-attachment":"scroll","background-type":"","background-media":"","overlay-type":"","overlay-color":"","overlay-opacity":"","overlay-gradient":""},"tablet":{"background-color":"var(--ast-global-color-4)","background-image":"","background-repeat":"repeat","background-position":"center center","background-size":"auto","background-attachment":"scroll","background-type":"","background-media":"","overlay-type":"","overlay-color":"","overlay-opacity":"","overlay-gradient":""},"mobile":{"background-color":"var(--ast-global-color-4)","background-image":"","background-repeat":"repeat","background-position":"center center","background-size":"auto","background-attachment":"scroll","background-type":"","background-media":"","overlay-type":"","overlay-color":"","overlay-opacity":"","overlay-gradient":""}}},"product_brand":[107],"product_cat":[39,52,38,29,56,30,59,58],"product_tag":[],"class_list":{"0":"post-6829","1":"product","2":"type-product","3":"status-publish","4":"has-post-thumbnail","6":"product_brand-ngs","7":"product_cat-39","8":"product_cat-52","9":"product_cat-38","10":"product_cat-29","11":"product_cat-56","12":"product_cat--6-9-","13":"product_cat-59","14":"product_cat-58","15":"desktop-align-left","16":"tablet-align-left","17":"mobile-align-left","19":"first","20":"instock","21":"taxable","22":"shipping-taxable","23":"purchasable","24":"product-type-simple"},"_links":{"self":[{"href":"https:\/\/stem-eshop.gr\/hu\/wp-json\/wp\/v2\/product\/6829","targetHints":{"allow":["GET"]}}],"collection":[{"href":"https:\/\/stem-eshop.gr\/hu\/wp-json\/wp\/v2\/product"}],"about":[{"href":"https:\/\/stem-eshop.gr\/hu\/wp-json\/wp\/v2\/types\/product"}],"replies":[{"embeddable":true,"href":"https:\/\/stem-eshop.gr\/hu\/wp-json\/wp\/v2\/comments?post=6829"}],"wp:featuredmedia":[{"embeddable":true,"href":"https:\/\/stem-eshop.gr\/hu\/wp-json\/wp\/v2\/media\/7731"}],"wp:attachment":[{"href":"https:\/\/stem-eshop.gr\/hu\/wp-json\/wp\/v2\/media?parent=6829"}],"wp:term":[{"taxonomy":"product_brand","embeddable":true,"href":"https:\/\/stem-eshop.gr\/hu\/wp-json\/wp\/v2\/product_brand?post=6829"},{"taxonomy":"product_cat","embeddable":true,"href":"https:\/\/stem-eshop.gr\/hu\/wp-json\/wp\/v2\/product_cat?post=6829"},{"taxonomy":"product_tag","embeddable":true,"href":"https:\/\/stem-eshop.gr\/hu\/wp-json\/wp\/v2\/product_tag?post=6829"}],"curies":[{"name":"wp","href":"https:\/\/api.w.org\/{rel}","templated":true}]}}