{"id":6816,"date":"2025-05-19T08:52:03","date_gmt":"2025-05-19T08:52:03","guid":{"rendered":"https:\/\/stem-eshop.gr\/product\/%cf%83%ce%b5%cf%84-%cf%80%ce%b1%ce%b6%ce%bb-%ce%ba%ce%bb%ce%b5%ce%b9%ce%b4%ce%b1%cf%81%ce%b9%ce%ac%cf%82-%ce%ba%ce%bf%ce%bd%ce%b3%ce%ba%ce%bc%ce%b9%ce%bd%ce%b3%ce%ba-3-%cf%84%ce%b5%ce%bc%ce%ac%cf%87\/"},"modified":"2025-05-22T07:49:13","modified_gmt":"2025-05-22T07:49:13","slug":"%cf%83%ce%b5%cf%84-%cf%80%ce%b1%ce%b6%ce%bb-%ce%ba%ce%bb%ce%b5%ce%b9%ce%b4%ce%b1%cf%81%ce%b9%ce%ac%cf%82-%ce%ba%ce%bf%ce%bd%ce%b3%ce%ba%ce%bc%ce%b9%ce%bd%ce%b3%ce%ba-3-%cf%84%ce%b5%ce%bc%ce%ac%cf%87","status":"publish","type":"product","link":"https:\/\/stem-eshop.gr\/hu\/termek\/%cf%83%ce%b5%cf%84-%cf%80%ce%b1%ce%b6%ce%bb-%ce%ba%ce%bb%ce%b5%ce%b9%ce%b4%ce%b1%cf%81%ce%b9%ce%ac%cf%82-%ce%ba%ce%bf%ce%bd%ce%b3%ce%ba%ce%bc%ce%b9%ce%bd%ce%b3%ce%ba-3-%cf%84%ce%b5%ce%bc%ce%ac%cf%87\/","title":{"rendered":"Kongming lakat kirak\u00f3s szett 3 darabos"},"content":{"rendered":"<p>El\u0151ny\u00f6k<\/p>\n<p>Ment\u00e1lis k\u00e9szs\u00e9gek fejleszt\u00e9se: Fejleszti a logikus gondolkod\u00e1st, a kreativit\u00e1st \u00e9s a probl\u00e9mamegold\u00f3 k\u00e9szs\u00e9geket<\/p>\n<p>Pihen\u00e9s \u00e9s sz\u00f3rakoz\u00e1s: Egy sz\u00f3rakoztat\u00f3 m\u00f3dja annak, hogy kikapcsol\u00f3dj a mindennapokb\u00f3l, mik\u00f6zben akt\u00edvan tartod az elm\u00e9d<\/p>\n<p>Oktat\u00e1si \u00e9rt\u00e9k: Ide\u00e1lis gyermekek, tin\u00e9dzserek \u00e9s feln\u0151ttek sz\u00e1m\u00e1ra, akik fejleszteni szeretn\u00e9k t\u00fcrelm\u00fcket, figyelm\u00fcket \u00e9s kitart\u00e1sukat.<\/p>\n<p>Ide\u00e1lis a k\u00f6vetkez\u0151kh\u00f6z:<\/p>\n<p>Aj\u00e1nd\u00e9kok kirak\u00f3s j\u00e1t\u00e9kok \u00e9s k\u00e9zm\u0171vesked\u00e9s szerelmeseinek.<\/p>\n<p>Csal\u00e1di programok \u00e9s csoportos j\u00e1t\u00e9kok.<\/p>\n<p>Oktat\u00e1si c\u00e9l\u00fa felhaszn\u00e1l\u00e1s iskol\u00e1kban \u00e9s kreat\u00edv foglalkoztat\u00f3 k\u00f6zpontokban.<\/p>\n<p>A Kongming lakat kirak\u00f3s k\u00e9szlet a hagyom\u00e1ny, a technika \u00e9s a sz\u00f3rakoz\u00e1s egyed\u00fcl\u00e1ll\u00f3 kombin\u00e1ci\u00f3j\u00e1t k\u00edn\u00e1lja, \u00edgy minden koroszt\u00e1ly \u00e9s alkalom sz\u00e1m\u00e1ra ide\u00e1lis. Engedd szabadj\u00e1ra b\u00f6lcsess\u00e9gedet \u00e9s tal\u00e1l\u00e9konys\u00e1godat!<\/p>","protected":false},"excerpt":{"rendered":"<p>Fedezd fel az \u0151si fejt\u00f6r\u0151k m\u0171v\u00e9szet\u00e9t a Kongming Lakatos Kirak\u00f3k\u00e9szlettel, amely a hagyom\u00e1nyos k\u00ednai filoz\u00f3fia \u00e9s tal\u00e1l\u00e9konys\u00e1g ihlette fa kirak\u00f3k gy\u0171jtem\u00e9nye. Minden koroszt\u00e1ly sz\u00e1m\u00e1ra ide\u00e1lis, ez a k\u00e9szlet pr\u00f3b\u00e1ra teszi az elm\u00e9d, \u00e9s \u00f3r\u00e1kig tart\u00f3 sz\u00f3rakoz\u00e1st \u00e9s koncentr\u00e1ci\u00f3t biztos\u00edt.<\/p>","protected":false},"featured_media":4881,"comment_status":"open","ping_status":"closed","template":"","meta":{"site-sidebar-layout":"default","site-content-layout":"","ast-site-content-layout":"default","site-content-style":"default","site-sidebar-style":"default","ast-global-header-display":"","ast-banner-title-visibility":"","ast-main-header-display":"","ast-hfb-above-header-display":"","ast-hfb-below-header-display":"","ast-hfb-mobile-header-display":"","site-post-title":"","ast-breadcrumbs-content":"","ast-featured-img":"","footer-sml-layout":"","ast-disable-related-posts":"","theme-transparent-header-meta":"default","adv-header-id-meta":"","stick-header-meta":"","header-above-stick-meta":"","header-main-stick-meta":"","header-below-stick-meta":"","astra-migrate-meta-layouts":"set","ast-page-background-enabled":"default","ast-page-background-meta":{"desktop":{"background-color":"var(--ast-global-color-5)","background-image":"","background-repeat":"repeat","background-position":"center center","background-size":"auto","background-attachment":"scroll","background-type":"","background-media":"","overlay-type":"","overlay-color":"","overlay-opacity":"","overlay-gradient":""},"tablet":{"background-color":"","background-image":"","background-repeat":"repeat","background-position":"center center","background-size":"auto","background-attachment":"scroll","background-type":"","background-media":"","overlay-type":"","overlay-color":"","overlay-opacity":"","overlay-gradient":""},"mobile":{"background-color":"","background-image":"","background-repeat":"repeat","background-position":"center center","background-size":"auto","background-attachment":"scroll","background-type":"","background-media":"","overlay-type":"","overlay-color":"","overlay-opacity":"","overlay-gradient":""}},"ast-content-background-meta":{"desktop":{"background-color":"var(--ast-global-color-4)","background-image":"","background-repeat":"repeat","background-position":"center center","background-size":"auto","background-attachment":"scroll","background-type":"","background-media":"","overlay-type":"","overlay-color":"","overlay-opacity":"","overlay-gradient":""},"tablet":{"background-color":"var(--ast-global-color-4)","background-image":"","background-repeat":"repeat","background-position":"center center","background-size":"auto","background-attachment":"scroll","background-type":"","background-media":"","overlay-type":"","overlay-color":"","overlay-opacity":"","overlay-gradient":""},"mobile":{"background-color":"var(--ast-global-color-4)","background-image":"","background-repeat":"repeat","background-position":"center center","background-size":"auto","background-attachment":"scroll","background-type":"","background-media":"","overlay-type":"","overlay-color":"","overlay-opacity":"","overlay-gradient":""}}},"product_brand":[107],"product_cat":[43,56,47,35,40,30,55],"product_tag":[],"class_list":{"0":"post-6816","1":"product","2":"type-product","3":"status-publish","4":"has-post-thumbnail","6":"product_brand-ngs","7":"product_cat-43","8":"product_cat-56","9":"product_cat-47","10":"product_cat--10-12-","11":"product_cat--12-","12":"product_cat--6-9-","13":"product_cat-55","14":"desktop-align-left","15":"tablet-align-left","16":"mobile-align-left","18":"first","19":"instock","20":"taxable","21":"shipping-taxable","22":"purchasable","23":"product-type-simple"},"_links":{"self":[{"href":"https:\/\/stem-eshop.gr\/hu\/wp-json\/wp\/v2\/product\/6816","targetHints":{"allow":["GET"]}}],"collection":[{"href":"https:\/\/stem-eshop.gr\/hu\/wp-json\/wp\/v2\/product"}],"about":[{"href":"https:\/\/stem-eshop.gr\/hu\/wp-json\/wp\/v2\/types\/product"}],"replies":[{"embeddable":true,"href":"https:\/\/stem-eshop.gr\/hu\/wp-json\/wp\/v2\/comments?post=6816"}],"wp:featuredmedia":[{"embeddable":true,"href":"https:\/\/stem-eshop.gr\/hu\/wp-json\/wp\/v2\/media\/4881"}],"wp:attachment":[{"href":"https:\/\/stem-eshop.gr\/hu\/wp-json\/wp\/v2\/media?parent=6816"}],"wp:term":[{"taxonomy":"product_brand","embeddable":true,"href":"https:\/\/stem-eshop.gr\/hu\/wp-json\/wp\/v2\/product_brand?post=6816"},{"taxonomy":"product_cat","embeddable":true,"href":"https:\/\/stem-eshop.gr\/hu\/wp-json\/wp\/v2\/product_cat?post=6816"},{"taxonomy":"product_tag","embeddable":true,"href":"https:\/\/stem-eshop.gr\/hu\/wp-json\/wp\/v2\/product_tag?post=6816"}],"curies":[{"name":"wp","href":"https:\/\/api.w.org\/{rel}","templated":true}]}}