{"id":6813,"date":"2025-05-19T08:51:57","date_gmt":"2025-05-19T08:51:57","guid":{"rendered":"https:\/\/stem-eshop.gr\/product\/fidget-spinner-%ce%bc%ce%b5%cf%84%ce%b1%cf%83%cf%87%ce%b7%ce%bc%ce%b1%cf%84%ce%b9%ce%b6%cf%8c%ce%bc%ce%b5%ce%bd%ce%b7-%ce%b1%ce%bb%cf%85%cf%83%ce%af%ce%b4%ce%b1-%ce%bc%ce%b7%cf%87%ce%b1%ce%bd\/"},"modified":"2025-10-30T18:24:22","modified_gmt":"2025-10-30T15:24:22","slug":"fidget-spinner-%ce%bc%ce%b5%cf%84%ce%b1%cf%83%cf%87%ce%b7%ce%bc%ce%b1%cf%84%ce%b9%ce%b6%cf%8c%ce%bc%ce%b5%ce%bd%ce%b7-%ce%b1%ce%bb%cf%85%cf%83%ce%af%ce%b4%ce%b1-%ce%bc%ce%b7%cf%87%ce%b1%ce%bd","status":"publish","type":"product","link":"https:\/\/stem-eshop.gr\/hu\/termek\/fidget-spinner-%ce%bc%ce%b5%cf%84%ce%b1%cf%83%cf%87%ce%b7%ce%bc%ce%b1%cf%84%ce%b9%ce%b6%cf%8c%ce%bc%ce%b5%ce%bd%ce%b7-%ce%b1%ce%bb%cf%85%cf%83%ce%af%ce%b4%ce%b1-%ce%bc%ce%b7%cf%87%ce%b1%ce%bd\/","title":{"rendered":"Fidget Spinner \u2013 \u00c1talak\u00edthat\u00f3 L\u00e1ncos \u00e9s Mechanikus P\u00f6rg\u0151"},"content":{"rendered":"<p class=\"MsoNormal\">R\u00e9szletesen:<\/p>\n<p class=\"MsoNormal\">Egyedi diz\u00e1jn:<\/p>\n<p class=\"MsoNormal\">Csatlakoz\u00f3kat tartalmaz, amelyek lehet\u0151v\u00e9 teszik a forg\u00f3dob k\u00fcl\u00f6nb\u00f6z\u0151 form\u00e1kra alak\u00edt\u00e1s\u00e1t.<\/p>\n<p class=\"MsoNormal\">Lehet\u0151v\u00e9 teszi a szem\u00e9lyre szab\u00e1st \u00e9s az egy\u00e9ni st\u00edlus kialak\u00edt\u00e1s\u00e1t.<\/p>\n<p class=\"MsoNormal\">Mechanikus forgat\u00e1s:<\/p>\n<p class=\"MsoNormal\">Kiv\u00e1l\u00f3 min\u0151s\u00e9g\u0171 csap\u00e1gyakkal felszerelve a csendes \u00e9s sima forg\u00e1s \u00e9rdek\u00e9ben.<\/p>\n<p class=\"MsoNormal\">Mechanikusan mozg\u00f3 alkatr\u00e9szekkel rendelkezik, amelyek n\u00f6velik a haszn\u00e1lat \u00e9lvezet\u00e9t \u00e9s \u00e9lm\u00e9ny\u00e9t.<\/p>\n<p class=\"MsoNormal\">\u00c9p\u00edt\u0151anyagok:<\/p>\n<p class=\"MsoNormal\">Tart\u00f3s anyagok, mint p\u00e9ld\u00e1ul f\u00e9m\u00f6tv\u00f6zet vagy kiv\u00e1l\u00f3 min\u0151s\u00e9g\u0171 m\u0171anyag a hossz\u00fa \u00e9lettartam \u00e9rdek\u00e9ben.<\/p>\n<p class=\"MsoNormal\">Sima \u00e9s biztons\u00e1gos \u00e9lek a k\u00e9nyelmes \u00e9s biztons\u00e1gos haszn\u00e1lat\u00e9rt.<\/p>\n<p class=\"MsoNormal\">Polimorfikus felhaszn\u00e1l\u00e1s:<\/p>\n<p class=\"MsoNormal\">Haszn\u00e1lhat\u00f3 klasszikus fidget spinnerk\u00e9nt, vagy \u00e9p\u00edt\u0151j\u00e1t\u00e9kk\u00e9nt az \u00e1talak\u00edt\u00f3 l\u00e1ncokkal.<\/p>\n<p class=\"MsoNormal\">Ide\u00e1lis azok sz\u00e1m\u00e1ra, akik szeretnek k\u00eds\u00e9rletezni a m\u00e9rn\u00f6ki tudom\u00e1nyokkal \u00e9s a kreativit\u00e1ssal.<\/p>\n<p class=\"MsoNormal\">El\u0151ny\u00f6k:<\/p>\n<p class=\"MsoNormal\">Seg\u00edt a relax\u00e1ci\u00f3ban, cs\u00f6kkenti a stresszt \u00e9s fokozza a koncentr\u00e1ci\u00f3t.<\/p>\n<p class=\"MsoNormal\">\u00d6szt\u00f6nzi a k\u00e9pzel\u0151er\u0151t \u00e9s a k\u00e9zm\u0171vess\u00e9get, a sz\u00f3rakoz\u00e1s \u00e9s a k\u00e9szs\u00e9gfejleszt\u00e9s egyed\u00fcl\u00e1ll\u00f3 kombin\u00e1ci\u00f3j\u00e1t k\u00edn\u00e1lva.<\/p>\n<p class=\"MsoNormal\">Hordozhat\u00f3 \u00e9s k\u00f6nny\u0171:<\/p>\n<p class=\"MsoNormal\">Kompakt m\u00e9ret\u00e9nek k\u00f6sz\u00f6nhet\u0151en k\u00f6nnyen hordozhat\u00f3 zsebben vagy t\u00e1sk\u00e1ban.<\/p>\n<p><span style=\"font-size: 11pt; line-height: 107%; font-family: Calibri, sans-serif;\">A Fidget Spinner ide\u00e1lis v\u00e1laszt\u00e1s azok sz\u00e1m\u00e1ra, akik az innov\u00e1ci\u00f3, a kreativit\u00e1s \u00e9s az \u00e9lvezet kombin\u00e1ci\u00f3j\u00e1t keresik.<\/span><\/p>","protected":false},"excerpt":{"rendered":"<p>A Fidget Spinner \u2013 \u00c1talak\u00edthat\u00f3 L\u00e1ncos \u00e9s Mechanikus P\u00f6rg\u0151 egy innovat\u00edv j\u00e1t\u00e9k, amely \u00f6tv\u00f6zi a kreativit\u00e1st, a funkcionalit\u00e1st \u00e9s a sz\u00f3rakoz\u00e1st.<\/p>","protected":false},"featured_media":4863,"comment_status":"open","ping_status":"closed","template":"","meta":{"site-sidebar-layout":"default","site-content-layout":"","ast-site-content-layout":"default","site-content-style":"default","site-sidebar-style":"default","ast-global-header-display":"","ast-banner-title-visibility":"","ast-main-header-display":"","ast-hfb-above-header-display":"","ast-hfb-below-header-display":"","ast-hfb-mobile-header-display":"","site-post-title":"","ast-breadcrumbs-content":"","ast-featured-img":"","footer-sml-layout":"","ast-disable-related-posts":"","theme-transparent-header-meta":"default","adv-header-id-meta":"","stick-header-meta":"","header-above-stick-meta":"","header-main-stick-meta":"","header-below-stick-meta":"","astra-migrate-meta-layouts":"set","ast-page-background-enabled":"default","ast-page-background-meta":{"desktop":{"background-color":"var(--ast-global-color-5)","background-image":"","background-repeat":"repeat","background-position":"center center","background-size":"auto","background-attachment":"scroll","background-type":"","background-media":"","overlay-type":"","overlay-color":"","overlay-opacity":"","overlay-gradient":""},"tablet":{"background-color":"","background-image":"","background-repeat":"repeat","background-position":"center center","background-size":"auto","background-attachment":"scroll","background-type":"","background-media":"","overlay-type":"","overlay-color":"","overlay-opacity":"","overlay-gradient":""},"mobile":{"background-color":"","background-image":"","background-repeat":"repeat","background-position":"center center","background-size":"auto","background-attachment":"scroll","background-type":"","background-media":"","overlay-type":"","overlay-color":"","overlay-opacity":"","overlay-gradient":""}},"ast-content-background-meta":{"desktop":{"background-color":"var(--ast-global-color-4)","background-image":"","background-repeat":"repeat","background-position":"center center","background-size":"auto","background-attachment":"scroll","background-type":"","background-media":"","overlay-type":"","overlay-color":"","overlay-opacity":"","overlay-gradient":""},"tablet":{"background-color":"var(--ast-global-color-4)","background-image":"","background-repeat":"repeat","background-position":"center center","background-size":"auto","background-attachment":"scroll","background-type":"","background-media":"","overlay-type":"","overlay-color":"","overlay-opacity":"","overlay-gradient":""},"mobile":{"background-color":"var(--ast-global-color-4)","background-image":"","background-repeat":"repeat","background-position":"center center","background-size":"auto","background-attachment":"scroll","background-type":"","background-media":"","overlay-type":"","overlay-color":"","overlay-opacity":"","overlay-gradient":""}}},"product_brand":[107],"product_cat":[126,50,56,47,37,35,40,30,55],"product_tag":[],"class_list":{"0":"post-6813","1":"product","2":"type-product","3":"status-publish","4":"has-post-thumbnail","6":"product_brand-ngs","7":"product_cat-126","8":"product_cat-50","9":"product_cat-56","10":"product_cat-47","11":"product_cat-37","12":"product_cat--10-12-","13":"product_cat--12-","14":"product_cat--6-9-","15":"product_cat-55","16":"desktop-align-left","17":"tablet-align-left","18":"mobile-align-left","20":"first","21":"instock","22":"taxable","23":"shipping-taxable","24":"purchasable","25":"product-type-simple"},"_links":{"self":[{"href":"https:\/\/stem-eshop.gr\/hu\/wp-json\/wp\/v2\/product\/6813","targetHints":{"allow":["GET"]}}],"collection":[{"href":"https:\/\/stem-eshop.gr\/hu\/wp-json\/wp\/v2\/product"}],"about":[{"href":"https:\/\/stem-eshop.gr\/hu\/wp-json\/wp\/v2\/types\/product"}],"replies":[{"embeddable":true,"href":"https:\/\/stem-eshop.gr\/hu\/wp-json\/wp\/v2\/comments?post=6813"}],"wp:featuredmedia":[{"embeddable":true,"href":"https:\/\/stem-eshop.gr\/hu\/wp-json\/wp\/v2\/media\/4863"}],"wp:attachment":[{"href":"https:\/\/stem-eshop.gr\/hu\/wp-json\/wp\/v2\/media?parent=6813"}],"wp:term":[{"taxonomy":"product_brand","embeddable":true,"href":"https:\/\/stem-eshop.gr\/hu\/wp-json\/wp\/v2\/product_brand?post=6813"},{"taxonomy":"product_cat","embeddable":true,"href":"https:\/\/stem-eshop.gr\/hu\/wp-json\/wp\/v2\/product_cat?post=6813"},{"taxonomy":"product_tag","embeddable":true,"href":"https:\/\/stem-eshop.gr\/hu\/wp-json\/wp\/v2\/product_tag?post=6813"}],"curies":[{"name":"wp","href":"https:\/\/api.w.org\/{rel}","templated":true}]}}