{"id":6812,"date":"2025-05-19T08:51:55","date_gmt":"2025-05-19T08:51:55","guid":{"rendered":"https:\/\/stem-eshop.gr\/product\/3d-fidget-spinner\/"},"modified":"2025-12-31T09:06:27","modified_gmt":"2025-12-31T06:06:27","slug":"3d-fidget-spinner","status":"publish","type":"product","link":"https:\/\/stem-eshop.gr\/hu\/termek\/3d-fidget-spinner\/","title":{"rendered":"3D Fidget Spinner"},"content":{"rendered":"<p class=\"MsoNormal\">A le\u00edr\u00e1s a k\u00f6vetkez\u0151:<\/p>\n<p class=\"MsoNormal\">Forradalmi diz\u00e1jn:<\/p>\n<p class=\"MsoNormal\">Geometrikus 3D v\u00e9gtelen kialak\u00edt\u00e1ssal k\u00e9sz\u00fclt, leny\u0171g\u00f6z\u0151 vizu\u00e1lis mozg\u00e1st biztos\u00edtva forgat\u00e1s k\u00f6zben.<\/p>\n<p class=\"MsoNormal\">Ide\u00e1lis azok sz\u00e1m\u00e1ra, akik szeretik a modern, futurisztikus eszt\u00e9tik\u00e1j\u00fa k\u00fcty\u00fcket.<\/p>\n<p class=\"MsoNormal\">Kiv\u00e1l\u00f3 min\u0151s\u00e9g\u0171 anyagok:<\/p>\n<p class=\"MsoNormal\">Tart\u00f3s f\u00e9mb\u0151l vagy kiv\u00e1l\u00f3 min\u0151s\u00e9g\u0171 m\u0171anyagb\u00f3l k\u00e9sz\u00fclt a tart\u00f3ss\u00e1g \u00e9s a sima m\u0171k\u00f6d\u00e9s \u00e9rdek\u00e9ben.<\/p>\n<p class=\"MsoNormal\">Sima \u00e9s biztons\u00e1gos \u00e9lek a k\u00e9nyelmes haszn\u00e1lat\u00e9rt.<\/p>\n<p class=\"MsoNormal\">Nagy teljes\u00edtm\u00e9ny:<\/p>\n<p class=\"MsoNormal\">Prec\u00edzi\u00f3s mechanizmussal \u00e9s kiv\u00e1l\u00f3 min\u0151s\u00e9g\u0171 csap\u00e1gyakkal felszerelve a gyors, csendes \u00e9s sima forg\u00e1s \u00e9rdek\u00e9ben.<\/p>\n<p class=\"MsoNormal\">Meghosszabb\u00edtott forg\u00e1si id\u0151 a maxim\u00e1lis \u00e9lvezet \u00e9rdek\u00e9ben.<\/p>\n<p class=\"MsoNormal\">Hordozhat\u00f3 \u00e9s k\u00f6nny\u0171:<\/p>\n<p class=\"MsoNormal\">Kompakt m\u00e9ret \u00e9s k\u00f6nny\u0171 konstrukci\u00f3, ide\u00e1lis t\u00e1sk\u00e1ban vagy zsebben val\u00f3 hordoz\u00e1shoz.<\/p>\n<p class=\"MsoNormal\">B\u00e1rhol haszn\u00e1lhat\u00f3, az irod\u00e1t\u00f3l kezdve a mindennapi \u00e9letig.<\/p>\n<p class=\"MsoNormal\">El\u0151ny\u00f6k:<\/p>\n<p class=\"MsoNormal\">Oldja a stresszt \u00e9s seg\u00edt a relax\u00e1ci\u00f3ban.<\/p>\n<p class=\"MsoNormal\">Jav\u00edtja a koncentr\u00e1ci\u00f3t \u00e9s a figyelmet tanul\u00e1s vagy munka k\u00f6zben.<\/p>\n<p class=\"MsoNormal\">Kiv\u00e1l\u00f3 eszk\u00f6z sz\u00f3rakoz\u00e1sra \u00e9s munkav\u00e9gz\u00e9sre.<\/p>\n<p class=\"MsoNormal\">A 3D Fidget Spinner egyed\u00fcl\u00e1ll\u00f3 v\u00e1laszt\u00e1s aj\u00e1nd\u00e9knak vagy szem\u00e9lyes haszn\u00e1latra, \u00f6tv\u00f6zve a sz\u00f3rakoz\u00e1st, a st\u00edlust \u00e9s a funkcionalit\u00e1st!<\/p>","protected":false},"excerpt":{"rendered":"<p>A 3D Fidget Spinner egy innovat\u00edv \u00e9s modern relax\u00e1ci\u00f3s j\u00e1t\u00e9k, amelyet \u00fagy terveztek, hogy egyed\u00fcl\u00e1ll\u00f3 sz\u00f3rakoz\u00e1si \u00e9s nyugalmi \u00e9lm\u00e9nyt ny\u00fajtson.<\/p>","protected":false},"featured_media":4858,"comment_status":"open","ping_status":"closed","template":"","meta":{"site-sidebar-layout":"default","site-content-layout":"","ast-site-content-layout":"default","site-content-style":"default","site-sidebar-style":"default","ast-global-header-display":"","ast-banner-title-visibility":"","ast-main-header-display":"","ast-hfb-above-header-display":"","ast-hfb-below-header-display":"","ast-hfb-mobile-header-display":"","site-post-title":"","ast-breadcrumbs-content":"","ast-featured-img":"","footer-sml-layout":"","ast-disable-related-posts":"","theme-transparent-header-meta":"default","adv-header-id-meta":"","stick-header-meta":"","header-above-stick-meta":"","header-main-stick-meta":"","header-below-stick-meta":"","astra-migrate-meta-layouts":"set","ast-page-background-enabled":"default","ast-page-background-meta":{"desktop":{"background-color":"var(--ast-global-color-5)","background-image":"","background-repeat":"repeat","background-position":"center center","background-size":"auto","background-attachment":"scroll","background-type":"","background-media":"","overlay-type":"","overlay-color":"","overlay-opacity":"","overlay-gradient":""},"tablet":{"background-color":"","background-image":"","background-repeat":"repeat","background-position":"center center","background-size":"auto","background-attachment":"scroll","background-type":"","background-media":"","overlay-type":"","overlay-color":"","overlay-opacity":"","overlay-gradient":""},"mobile":{"background-color":"","background-image":"","background-repeat":"repeat","background-position":"center center","background-size":"auto","background-attachment":"scroll","background-type":"","background-media":"","overlay-type":"","overlay-color":"","overlay-opacity":"","overlay-gradient":""}},"ast-content-background-meta":{"desktop":{"background-color":"var(--ast-global-color-4)","background-image":"","background-repeat":"repeat","background-position":"center center","background-size":"auto","background-attachment":"scroll","background-type":"","background-media":"","overlay-type":"","overlay-color":"","overlay-opacity":"","overlay-gradient":""},"tablet":{"background-color":"var(--ast-global-color-4)","background-image":"","background-repeat":"repeat","background-position":"center center","background-size":"auto","background-attachment":"scroll","background-type":"","background-media":"","overlay-type":"","overlay-color":"","overlay-opacity":"","overlay-gradient":""},"mobile":{"background-color":"var(--ast-global-color-4)","background-image":"","background-repeat":"repeat","background-position":"center center","background-size":"auto","background-attachment":"scroll","background-type":"","background-media":"","overlay-type":"","overlay-color":"","overlay-opacity":"","overlay-gradient":""}}},"product_brand":[107],"product_cat":[126,50,56,47,37,35,40,30,55],"product_tag":[],"class_list":{"0":"post-6812","1":"product","2":"type-product","3":"status-publish","4":"has-post-thumbnail","6":"product_brand-ngs","7":"product_cat-126","8":"product_cat-50","9":"product_cat-56","10":"product_cat-47","11":"product_cat-37","12":"product_cat--10-12-","13":"product_cat--12-","14":"product_cat--6-9-","15":"product_cat-55","16":"desktop-align-left","17":"tablet-align-left","18":"mobile-align-left","20":"first","21":"outofstock","22":"taxable","23":"shipping-taxable","24":"purchasable","25":"product-type-simple"},"_links":{"self":[{"href":"https:\/\/stem-eshop.gr\/hu\/wp-json\/wp\/v2\/product\/6812","targetHints":{"allow":["GET"]}}],"collection":[{"href":"https:\/\/stem-eshop.gr\/hu\/wp-json\/wp\/v2\/product"}],"about":[{"href":"https:\/\/stem-eshop.gr\/hu\/wp-json\/wp\/v2\/types\/product"}],"replies":[{"embeddable":true,"href":"https:\/\/stem-eshop.gr\/hu\/wp-json\/wp\/v2\/comments?post=6812"}],"wp:featuredmedia":[{"embeddable":true,"href":"https:\/\/stem-eshop.gr\/hu\/wp-json\/wp\/v2\/media\/4858"}],"wp:attachment":[{"href":"https:\/\/stem-eshop.gr\/hu\/wp-json\/wp\/v2\/media?parent=6812"}],"wp:term":[{"taxonomy":"product_brand","embeddable":true,"href":"https:\/\/stem-eshop.gr\/hu\/wp-json\/wp\/v2\/product_brand?post=6812"},{"taxonomy":"product_cat","embeddable":true,"href":"https:\/\/stem-eshop.gr\/hu\/wp-json\/wp\/v2\/product_cat?post=6812"},{"taxonomy":"product_tag","embeddable":true,"href":"https:\/\/stem-eshop.gr\/hu\/wp-json\/wp\/v2\/product_tag?post=6812"}],"curies":[{"name":"wp","href":"https:\/\/api.w.org\/{rel}","templated":true}]}}