{"id":6811,"date":"2025-05-19T08:51:54","date_gmt":"2025-05-19T08:51:54","guid":{"rendered":"https:\/\/stem-eshop.gr\/product\/2-%cf%83%ce%b5-1-%cf%80%ce%b1%ce%b9%cf%87%ce%bd%ce%af%ce%b4%ce%b9-%ce%b3%cf%81%ce%ae%ce%b3%ce%bf%cf%81%ce%bf%cf%85-%cf%80%ce%b1%ce%b6%ce%bb-spinner-1x3x3-%ce%bc%ce%b1%ce%b3%ce%b9%ce%ba%cf%8c%cf%82\/"},"modified":"2026-04-23T10:45:45","modified_gmt":"2026-04-23T07:45:45","slug":"2-%cf%83%ce%b5-1-%cf%80%ce%b1%ce%b9%cf%87%ce%bd%ce%af%ce%b4%ce%b9-%ce%b3%cf%81%ce%ae%ce%b3%ce%bf%cf%81%ce%bf%cf%85-%cf%80%ce%b1%ce%b6%ce%bb-spinner-1x3x3-%ce%bc%ce%b1%ce%b3%ce%b9%ce%ba%cf%8c%cf%82","status":"publish","type":"product","link":"https:\/\/stem-eshop.gr\/hu\/termek\/2-%cf%83%ce%b5-1-%cf%80%ce%b1%ce%b9%cf%87%ce%bd%ce%af%ce%b4%ce%b9-%ce%b3%cf%81%ce%ae%ce%b3%ce%bf%cf%81%ce%bf%cf%85-%cf%80%ce%b1%ce%b6%ce%bb-spinner-1x3x3-%ce%bc%ce%b1%ce%b3%ce%b9%ce%ba%cf%8c%cf%82\/","title":{"rendered":"2 az 1-ben sebess\u00e9ges p\u00f6rg\u0151 kirak\u00f3s j\u00e1t\u00e9k, 1x3x3 b\u0171v\u00f6s kocka"},"content":{"rendered":"<p class=\"MsoNormal\">R\u00e9szletes jellemz\u0151k:<\/p>\n<p class=\"MsoNormal\">Kett\u0151s funkci\u00f3j\u00fa kialak\u00edt\u00e1s:<\/p>\n<p class=\"MsoNormal\">Var\u00e1zskocka (1x3x3): \u00dagy n\u00e9z ki, mint egy mini kirak\u00f3s kocka, h\u00e1rom forgathat\u00f3 sorral, gyors, de \u00e9rdekes megold\u00e1si kih\u00edv\u00e1st k\u00edn\u00e1lva.<\/p>\n<p class=\"MsoNormal\">Forg\u00f3: K\u00f6z\u00e9pen egy forg\u00f3 mechanizmus tal\u00e1lhat\u00f3, amely lehet\u0151v\u00e9 teszi, hogy izgulni tudjon forg\u00f3k\u00e9nt m\u0171k\u00f6dni a kikapcsol\u00f3d\u00e1s \u00e9s a sz\u00f3rakoz\u00e1s \u00e9rdek\u00e9ben.<\/p>\n<p class=\"MsoNormal\">Anyagok: Kiv\u00e1l\u00f3 min\u0151s\u00e9g\u0171 m\u0171anyagb\u00f3l k\u00e9sz\u00fclt, kop\u00e1s\u00e1ll\u00f3, sima \u00e9lekkel a biztons\u00e1gos haszn\u00e1lat \u00e9rdek\u00e9ben.<\/p>\n<p class=\"MsoNormal\">Ergon\u00f3mia: K\u00f6nny\u0171 \u00e9s kis m\u00e9ret\u0171, \u00edgy k\u00e9nyelmesen elf\u00e9r a tenyeredben \u00e9s k\u00f6nnyen hordozhat\u00f3.<\/p>\n<p class=\"MsoNormal\">T\u00f6bbc\u00e9l\u00fa haszn\u00e1lat: Ide\u00e1lis azok sz\u00e1m\u00e1ra, akik gyakorolni szeretn\u00e9k a rejtv\u00e9nyeket, de a forg\u00f3 seg\u00edts\u00e9g\u00e9vel a stresszt is szeretn\u00e9nek oldani.<\/p>\n<p class=\"MsoNormal\">Sz\u00ednek: \u00c9l\u00e9nk sz\u00edneket tartalmaz, amelyek fokozz\u00e1k a vizu\u00e1lis vonzer\u0151t \u00e9s seg\u00edtenek a kocka megold\u00e1s\u00e1ban.<\/p>\n<p class=\"MsoNormal\">Alkalmaz\u00e1sok: Kiv\u00e1l\u00f3 gyermekek \u00e9s feln\u0151ttek sz\u00e1m\u00e1ra, sz\u00f3rakoz\u00e1sra, kikapcsol\u00f3d\u00e1sra \u00e9s a koncentr\u00e1ci\u00f3 jav\u00edt\u00e1s\u00e1ra.<\/p>\n<p class=\"MsoNormal\">A term\u00e9k \u00f6tv\u00f6zi a gyors temp\u00f3j\u00fa kirak\u00f3s j\u00e1t\u00e9k \u00f6r\u00f6m\u00e9t a fidget spinner ny\u00fajtotta nyugalommal, \u00edgy t\u00f6k\u00e9letes aj\u00e1nd\u00e9knak vagy mindennapi haszn\u00e1latra.<\/p>","protected":false},"excerpt":{"rendered":"<p>A 2 az 1-ben sebess\u00e9ges p\u00f6rg\u0151s kirak\u00f3s j\u00e1t\u00e9k, az 1x3x3-as b\u0171v\u00f6s kocka k\u00e9t sz\u00f3rakoztat\u00f3 j\u00e1t\u00e9k kombin\u00e1ci\u00f3ja egyetlen egyedi eszk\u00f6zben, ide\u00e1lis sz\u00f3rakoz\u00e1shoz \u00e9s kih\u00edv\u00e1shoz.<\/p>","protected":false},"featured_media":4854,"comment_status":"open","ping_status":"closed","template":"","meta":{"site-sidebar-layout":"default","site-content-layout":"","ast-site-content-layout":"default","site-content-style":"default","site-sidebar-style":"default","ast-global-header-display":"","ast-banner-title-visibility":"","ast-main-header-display":"","ast-hfb-above-header-display":"","ast-hfb-below-header-display":"","ast-hfb-mobile-header-display":"","site-post-title":"","ast-breadcrumbs-content":"","ast-featured-img":"","footer-sml-layout":"","ast-disable-related-posts":"","theme-transparent-header-meta":"default","adv-header-id-meta":"","stick-header-meta":"","header-above-stick-meta":"","header-main-stick-meta":"","header-below-stick-meta":"","astra-migrate-meta-layouts":"set","ast-page-background-enabled":"default","ast-page-background-meta":{"desktop":{"background-color":"var(--ast-global-color-5)","background-image":"","background-repeat":"repeat","background-position":"center center","background-size":"auto","background-attachment":"scroll","background-type":"","background-media":"","overlay-type":"","overlay-color":"","overlay-opacity":"","overlay-gradient":""},"tablet":{"background-color":"","background-image":"","background-repeat":"repeat","background-position":"center center","background-size":"auto","background-attachment":"scroll","background-type":"","background-media":"","overlay-type":"","overlay-color":"","overlay-opacity":"","overlay-gradient":""},"mobile":{"background-color":"","background-image":"","background-repeat":"repeat","background-position":"center center","background-size":"auto","background-attachment":"scroll","background-type":"","background-media":"","overlay-type":"","overlay-color":"","overlay-opacity":"","overlay-gradient":""}},"ast-content-background-meta":{"desktop":{"background-color":"var(--ast-global-color-4)","background-image":"","background-repeat":"repeat","background-position":"center center","background-size":"auto","background-attachment":"scroll","background-type":"","background-media":"","overlay-type":"","overlay-color":"","overlay-opacity":"","overlay-gradient":""},"tablet":{"background-color":"var(--ast-global-color-4)","background-image":"","background-repeat":"repeat","background-position":"center center","background-size":"auto","background-attachment":"scroll","background-type":"","background-media":"","overlay-type":"","overlay-color":"","overlay-opacity":"","overlay-gradient":""},"mobile":{"background-color":"var(--ast-global-color-4)","background-image":"","background-repeat":"repeat","background-position":"center center","background-size":"auto","background-attachment":"scroll","background-type":"","background-media":"","overlay-type":"","overlay-color":"","overlay-opacity":"","overlay-gradient":""}}},"product_brand":[107],"product_cat":[126,50,56,47,37,30,55,26],"product_tag":[],"class_list":{"0":"post-6811","1":"product","2":"type-product","3":"status-publish","4":"has-post-thumbnail","6":"product_brand-ngs","7":"product_cat-126","8":"product_cat-50","9":"product_cat-56","10":"product_cat-47","11":"product_cat-37","12":"product_cat--6-9-","13":"product_cat-55","14":"product_cat-26","15":"desktop-align-left","16":"tablet-align-left","17":"mobile-align-left","19":"first","20":"instock","21":"taxable","22":"shipping-taxable","23":"purchasable","24":"product-type-simple"},"_links":{"self":[{"href":"https:\/\/stem-eshop.gr\/hu\/wp-json\/wp\/v2\/product\/6811","targetHints":{"allow":["GET"]}}],"collection":[{"href":"https:\/\/stem-eshop.gr\/hu\/wp-json\/wp\/v2\/product"}],"about":[{"href":"https:\/\/stem-eshop.gr\/hu\/wp-json\/wp\/v2\/types\/product"}],"replies":[{"embeddable":true,"href":"https:\/\/stem-eshop.gr\/hu\/wp-json\/wp\/v2\/comments?post=6811"}],"wp:featuredmedia":[{"embeddable":true,"href":"https:\/\/stem-eshop.gr\/hu\/wp-json\/wp\/v2\/media\/4854"}],"wp:attachment":[{"href":"https:\/\/stem-eshop.gr\/hu\/wp-json\/wp\/v2\/media?parent=6811"}],"wp:term":[{"taxonomy":"product_brand","embeddable":true,"href":"https:\/\/stem-eshop.gr\/hu\/wp-json\/wp\/v2\/product_brand?post=6811"},{"taxonomy":"product_cat","embeddable":true,"href":"https:\/\/stem-eshop.gr\/hu\/wp-json\/wp\/v2\/product_cat?post=6811"},{"taxonomy":"product_tag","embeddable":true,"href":"https:\/\/stem-eshop.gr\/hu\/wp-json\/wp\/v2\/product_tag?post=6811"}],"curies":[{"name":"wp","href":"https:\/\/api.w.org\/{rel}","templated":true}]}}